{"id":96,"date":"2018-02-26T15:41:01","date_gmt":"2018-02-26T18:41:01","guid":{"rendered":"http:\/\/rotasturisticas.jundiai.sp.gov.br\/vinho\/?page_id=96"},"modified":"2023-06-01T16:50:42","modified_gmt":"2023-06-01T19:50:42","slug":"adega-villaggio-brunelli","status":"publish","type":"page","link":"https:\/\/rotasturisticas.jundiai.sp.gov.br\/vinho\/o-que-visitar\/adega-villaggio-brunelli\/","title":{"rendered":"Adega Villaggio Brunelli"},"content":{"rendered":"\n<p><strong>Endere\u00e7o:&nbsp;<\/strong>Av. da Uva, 3350 &#8211;&nbsp;Bairro do Poste<br><strong>Telefone:<\/strong> (11) 98693-2310<br><strong>E-mail:<\/strong>&nbsp;villagiobrunelli@gmail.com<br><strong>Facebook:<\/strong>&nbsp;<a href=\"https:\/\/www.facebook.com\/adegavillaggiobrunelli\/\" target=\"_blank\" rel=\"noopener noreferrer\">Adega Villaggio Brunelli<\/a><br><strong>Hor\u00e1rio de funcionamento:<\/strong>&nbsp;Ter\u00e7a a domingo das 9h \u00e0s 18h.<br><strong>Formas de pagamento:<\/strong>&nbsp;Dinheiro ou cart\u00e3o<br><strong>Tipos de vinhos produzidos:<\/strong> Bord\u00f4, M\u00e1ximo IAC-138, Niagara, Cabernet, Moscato, Merlot.<br><strong>Outros produtos comercializados:<\/strong> Salames, queijos, geleias, por\u00e7\u00f5es de bolinhos, pimentas, licores, sucos, cacha\u00e7a.<\/p>\n\n\n\n<p>A propriedade oferece degusta\u00e7\u00e3o de vinhos.<\/p>\n\n\n\n<p>A Fam\u00edlia Brunelli sempre teve seu foco na produ\u00e7\u00e3o de frutas como: Uva, morango, acerola e Ponc\u00e3. Sendo uma das fam\u00edlias que mais produziam uvas na regi\u00e3o. A produ\u00e7\u00e3o de vinho come\u00e7ou para o consumo da pr\u00f3pria fam\u00edlia antes mesmo de ter o s\u00edtio, mais com o passar do tempo as pessoas de fora da fam\u00edlia come\u00e7aram a querer comprar o vinho onde aumentamos a produ\u00e7\u00e3o e a demanda.<\/p>\n\n\n\n<figure class=\"wp-block-gallery has-nested-images columns-default is-cropped wp-block-gallery-1 is-layout-flex wp-block-gallery-is-layout-flex\">\n<figure class=\"wp-block-image size-large\"><a href=\"https:\/\/rotasturisticas.jundiai.sp.gov.br\/vinho\/wp-content\/uploads\/sites\/7\/2023\/06\/Villagio-Brunelli-7.jpg\"><img loading=\"lazy\" decoding=\"async\" width=\"598\" height=\"588\" data-id=\"1506\" src=\"https:\/\/rotasturisticas.jundiai.sp.gov.br\/vinho\/wp-content\/uploads\/sites\/7\/2023\/06\/Villagio-Brunelli-7.jpg\" alt=\"\" class=\"wp-image-1506\" \/><\/a><\/figure>\n\n\n\n<figure class=\"wp-block-image size-large\"><a href=\"https:\/\/rotasturisticas.jundiai.sp.gov.br\/vinho\/wp-content\/uploads\/sites\/7\/2023\/06\/Villagio-Brunelli-8.jpg\"><img loading=\"lazy\" decoding=\"async\" width=\"960\" height=\"540\" data-id=\"1507\" src=\"https:\/\/rotasturisticas.jundiai.sp.gov.br\/vinho\/wp-content\/uploads\/sites\/7\/2023\/06\/Villagio-Brunelli-8.jpg\" alt=\"\" class=\"wp-image-1507\" srcset=\"https:\/\/rotasturisticas.jundiai.sp.gov.br\/vinho\/wp-content\/uploads\/sites\/7\/2023\/06\/Villagio-Brunelli-8.jpg 960w, https:\/\/rotasturisticas.jundiai.sp.gov.br\/vinho\/wp-content\/uploads\/sites\/7\/2023\/06\/Villagio-Brunelli-8-768x432.jpg 768w\" sizes=\"auto, (max-width: 960px) 100vw, 960px\" \/><\/a><\/figure>\n\n\n\n<figure class=\"wp-block-image size-large\"><a href=\"https:\/\/rotasturisticas.jundiai.sp.gov.br\/vinho\/wp-content\/uploads\/sites\/7\/2023\/06\/Villagio-Brunelli-9.jpg\"><img loading=\"lazy\" decoding=\"async\" width=\"534\" height=\"950\" data-id=\"1504\" src=\"https:\/\/rotasturisticas.jundiai.sp.gov.br\/vinho\/wp-content\/uploads\/sites\/7\/2023\/06\/Villagio-Brunelli-9-534x950.jpg\" alt=\"\" class=\"wp-image-1504\" srcset=\"https:\/\/rotasturisticas.jundiai.sp.gov.br\/vinho\/wp-content\/uploads\/sites\/7\/2023\/06\/Villagio-Brunelli-9-534x950.jpg 534w, https:\/\/rotasturisticas.jundiai.sp.gov.br\/vinho\/wp-content\/uploads\/sites\/7\/2023\/06\/Villagio-Brunelli-9.jpg 540w\" sizes=\"auto, (max-width: 534px) 100vw, 534px\" \/><\/a><\/figure>\n\n\n\n<figure class=\"wp-block-image size-large\"><a href=\"https:\/\/rotasturisticas.jundiai.sp.gov.br\/vinho\/wp-content\/uploads\/sites\/7\/2023\/06\/Villagio-Brunelli-1.jpg\"><img loading=\"lazy\" decoding=\"async\" width=\"603\" height=\"529\" data-id=\"1508\" src=\"https:\/\/rotasturisticas.jundiai.sp.gov.br\/vinho\/wp-content\/uploads\/sites\/7\/2023\/06\/Villagio-Brunelli-1.jpg\" alt=\"\" class=\"wp-image-1508\" \/><\/a><\/figure>\n\n\n\n<figure class=\"wp-block-image size-large\"><a href=\"https:\/\/rotasturisticas.jundiai.sp.gov.br\/vinho\/wp-content\/uploads\/sites\/7\/2023\/06\/Villagio-Brunelli-2.jpg\"><img loading=\"lazy\" decoding=\"async\" width=\"603\" height=\"538\" data-id=\"1512\" src=\"https:\/\/rotasturisticas.jundiai.sp.gov.br\/vinho\/wp-content\/uploads\/sites\/7\/2023\/06\/Villagio-Brunelli-2.jpg\" alt=\"\" class=\"wp-image-1512\" \/><\/a><\/figure>\n\n\n\n<figure class=\"wp-block-image size-large\"><a href=\"https:\/\/rotasturisticas.jundiai.sp.gov.br\/vinho\/wp-content\/uploads\/sites\/7\/2023\/06\/Villagio-Brunelli-3.jpg\"><img loading=\"lazy\" decoding=\"async\" width=\"300\" height=\"300\" data-id=\"1505\" src=\"https:\/\/rotasturisticas.jundiai.sp.gov.br\/vinho\/wp-content\/uploads\/sites\/7\/2023\/06\/Villagio-Brunelli-3.jpg\" alt=\"\" class=\"wp-image-1505\" srcset=\"https:\/\/rotasturisticas.jundiai.sp.gov.br\/vinho\/wp-content\/uploads\/sites\/7\/2023\/06\/Villagio-Brunelli-3.jpg 300w, https:\/\/rotasturisticas.jundiai.sp.gov.br\/vinho\/wp-content\/uploads\/sites\/7\/2023\/06\/Villagio-Brunelli-3-100x100.jpg 100w\" sizes=\"auto, (max-width: 300px) 100vw, 300px\" \/><\/a><\/figure>\n\n\n\n<figure class=\"wp-block-image size-large\"><a href=\"https:\/\/rotasturisticas.jundiai.sp.gov.br\/vinho\/wp-content\/uploads\/sites\/7\/2023\/06\/Villagio-Brunelli-4.jpg\"><img loading=\"lazy\" decoding=\"async\" width=\"597\" height=\"591\" data-id=\"1511\" src=\"https:\/\/rotasturisticas.jundiai.sp.gov.br\/vinho\/wp-content\/uploads\/sites\/7\/2023\/06\/Villagio-Brunelli-4.jpg\" alt=\"\" class=\"wp-image-1511\" srcset=\"https:\/\/rotasturisticas.jundiai.sp.gov.br\/vinho\/wp-content\/uploads\/sites\/7\/2023\/06\/Villagio-Brunelli-4.jpg 597w, https:\/\/rotasturisticas.jundiai.sp.gov.br\/vinho\/wp-content\/uploads\/sites\/7\/2023\/06\/Villagio-Brunelli-4-100x100.jpg 100w\" sizes=\"auto, (max-width: 597px) 100vw, 597px\" \/><\/a><\/figure>\n\n\n\n<figure class=\"wp-block-image size-large\"><a href=\"https:\/\/rotasturisticas.jundiai.sp.gov.br\/vinho\/wp-content\/uploads\/sites\/7\/2023\/06\/Villagio-Brunelli-5.jpg\"><img loading=\"lazy\" decoding=\"async\" width=\"300\" height=\"200\" data-id=\"1509\" src=\"https:\/\/rotasturisticas.jundiai.sp.gov.br\/vinho\/wp-content\/uploads\/sites\/7\/2023\/06\/Villagio-Brunelli-5.jpg\" alt=\"\" class=\"wp-image-1509\" \/><\/a><\/figure>\n\n\n\n<figure class=\"wp-block-image size-large\"><a href=\"https:\/\/rotasturisticas.jundiai.sp.gov.br\/vinho\/wp-content\/uploads\/sites\/7\/2023\/06\/Villagio-Brunelli-6.jpg\"><img loading=\"lazy\" decoding=\"async\" width=\"599\" height=\"585\" data-id=\"1510\" src=\"https:\/\/rotasturisticas.jundiai.sp.gov.br\/vinho\/wp-content\/uploads\/sites\/7\/2023\/06\/Villagio-Brunelli-6.jpg\" alt=\"\" class=\"wp-image-1510\" \/><\/a><\/figure>\n<\/figure>\n","protected":false},"excerpt":{"rendered":"<p>Endere\u00e7o:&nbsp;Av. da Uva, 3350 &#8211;&nbsp;Bairro do PosteTelefone: (11) 98693-2310E-mail:&nbsp;villagiobrunelli@gmail.comFacebook:&nbsp;Adega Villaggio BrunelliHor\u00e1rio de funcionamento:&nbsp;Ter\u00e7a a domingo das 9h \u00e0s 18h.Formas de pagamento:&nbsp;Dinheiro ou cart\u00e3oTipos de vinhos produzidos: Bord\u00f4, M\u00e1ximo IAC-138, Niagara, Cabernet, Moscato, Merlot.Outros produtos comercializados: Salames, queijos, geleias, por\u00e7\u00f5es de bolinhos, pimentas, licores, sucos, cacha\u00e7a. A propriedade oferece degusta\u00e7\u00e3o de vinhos. A Fam\u00edlia Brunelli sempre [&hellip;]<\/p>\n","protected":false},"author":11,"featured_media":0,"parent":14,"menu_order":0,"comment_status":"closed","ping_status":"closed","template":"","meta":{"footnotes":""},"class_list":["post-96","page","type-page","status-publish","hentry"],"_links":{"self":[{"href":"https:\/\/rotasturisticas.jundiai.sp.gov.br\/vinho\/wp-json\/wp\/v2\/pages\/96","targetHints":{"allow":["GET"]}}],"collection":[{"href":"https:\/\/rotasturisticas.jundiai.sp.gov.br\/vinho\/wp-json\/wp\/v2\/pages"}],"about":[{"href":"https:\/\/rotasturisticas.jundiai.sp.gov.br\/vinho\/wp-json\/wp\/v2\/types\/page"}],"author":[{"embeddable":true,"href":"https:\/\/rotasturisticas.jundiai.sp.gov.br\/vinho\/wp-json\/wp\/v2\/users\/11"}],"replies":[{"embeddable":true,"href":"https:\/\/rotasturisticas.jundiai.sp.gov.br\/vinho\/wp-json\/wp\/v2\/comments?post=96"}],"version-history":[{"count":3,"href":"https:\/\/rotasturisticas.jundiai.sp.gov.br\/vinho\/wp-json\/wp\/v2\/pages\/96\/revisions"}],"predecessor-version":[{"id":1513,"href":"https:\/\/rotasturisticas.jundiai.sp.gov.br\/vinho\/wp-json\/wp\/v2\/pages\/96\/revisions\/1513"}],"up":[{"embeddable":true,"href":"https:\/\/rotasturisticas.jundiai.sp.gov.br\/vinho\/wp-json\/wp\/v2\/pages\/14"}],"wp:attachment":[{"href":"https:\/\/rotasturisticas.jundiai.sp.gov.br\/vinho\/wp-json\/wp\/v2\/media?parent=96"}],"curies":[{"name":"wp","href":"https:\/\/api.w.org\/{rel}","templated":true}]}}