{"id":92,"date":"2018-02-26T12:02:40","date_gmt":"2018-02-26T15:02:40","guid":{"rendered":"http:\/\/rotasturisticas.jundiai.sp.gov.br\/vinho\/?page_id=92"},"modified":"2023-09-19T16:19:52","modified_gmt":"2023-09-19T19:19:52","slug":"adega-sibinel","status":"publish","type":"page","link":"https:\/\/rotasturisticas.jundiai.sp.gov.br\/vinho\/o-que-visitar\/adega-sibinel\/","title":{"rendered":"Adega Sibinel"},"content":{"rendered":"<p><strong>Endere\u00e7o:<\/strong><span class=\"Apple-converted-space\">\u00a0<\/span>Av. Humberto Cereser, 3500 &#8211; Caxambu<br \/>\n<strong>Telefone:<\/strong><span class=\"Apple-converted-space\">\u00a0<\/span>(11) 4584-1150<br \/>\n<strong>E-mail:<\/strong> adegasibinel@yahoo.com<br \/>\n<strong>Facebook: <a href=\"https:\/\/www.facebook.com\/Adega-Sibinel-153447622017632\/\" target=\"_blank\" rel=\"noopener noreferrer\">Adega Sibinel<\/a> <\/strong><br \/>\n<strong>Hor\u00e1rio de funcionamento:<\/strong><span class=\"Apple-converted-space\"> <span data-sheets-value=\"{&quot;1&quot;:2,&quot;2&quot;:&quot;Segunda a s\u00e1bado das 8h \u00e0s 17h. Domingo e feriado das 8h \u00e0s 15h.&quot;}\" data-sheets-userformat=\"{&quot;2&quot;:13185,&quot;3&quot;:{&quot;1&quot;:0},&quot;10&quot;:1,&quot;11&quot;:4,&quot;12&quot;:0,&quot;15&quot;:&quot;Arial&quot;,&quot;16&quot;:10}\">Segunda a s\u00e1bado das 8h \u00e0s 17h. Domingo e feriado das 8h \u00e0s 15h.<\/span><\/span><br \/>\n<strong>Formas de pagamento:<\/strong> Dinheiro, cart\u00f5es de d\u00e9bito e cr\u00e9dito.<br \/>\n<strong>Tipos de vinhos produzidos:<\/strong> Tinto (seco e suave), Bord\u00f4 (seco e suave), Branco (seco e suave), Moscato (seco, suave e demi sec), Rosado (suave), Espumante, Carbenet Sauvingnon, Merlot.<br \/>\n<strong>Outros produtos comercializados:<\/strong>\u00a0Suco de uva, vinagre, mel<\/p>\n<p>A propriedade oferece degusta\u00e7\u00e3o de vinhos.<\/p>\n<p>A adega \u00e9 administrada pelo Sr. Raphael Sibinel, que \u00e9 a terceira gera\u00e7\u00e3o da fam\u00edlia. Ele v\u00eam mantendo a tradi\u00e7\u00e3o de produzir vinho desde 1931.<\/p>\n<p>Os av\u00f3s do Sr. Rafael vieram de Treviso na It\u00e1lia, e seu pai o Sr. Santo Sibinel, nasceu em 1904, j\u00e1 no bairro Caxambu em Jundia\u00ed.<\/p>\n<p>O Sr. Raphael conta que, desde pequeno, j\u00e1 ajudava o pai na produ\u00e7\u00e3o de vinho, que era produzido no mesmo local que hoje ele ainda faz seu vinho.<\/p>\n<p>Segundo ele, a fam\u00edlia chegou a produzir cerca de 25.000 litros de vinho que eram colocados em barris e vendidos na cidade S\u00e3o Paulo.<\/p>\n<p>A fam\u00edlia ainda planta uvas, na propriedade no bairro Caxambu e produz diferentes tipos de vinhos que podem ser encontrados na adega.<\/p>\n<p><img loading=\"lazy\" decoding=\"async\" class=\"size-medium wp-image-180 alignleft\" src=\"http:\/\/rotasturisticas.jundiai.sp.gov.br\/vinho\/wp-content\/uploads\/sites\/7\/2018\/03\/20170628_152040-300x169.jpg\" alt=\"\" width=\"300\" height=\"169\" srcset=\"https:\/\/rotasturisticas.jundiai.sp.gov.br\/vinho\/wp-content\/uploads\/sites\/7\/2018\/03\/20170628_152040-300x169.jpg 300w, https:\/\/rotasturisticas.jundiai.sp.gov.br\/vinho\/wp-content\/uploads\/sites\/7\/2018\/03\/20170628_152040-768x432.jpg 768w, https:\/\/rotasturisticas.jundiai.sp.gov.br\/vinho\/wp-content\/uploads\/sites\/7\/2018\/03\/20170628_152040-920x518.jpg 920w, https:\/\/rotasturisticas.jundiai.sp.gov.br\/vinho\/wp-content\/uploads\/sites\/7\/2018\/03\/20170628_152040.jpg 1280w\" sizes=\"auto, (max-width: 300px) 100vw, 300px\" \/><\/p>\n<p><img loading=\"lazy\" decoding=\"async\" class=\"size-medium wp-image-181 alignright\" src=\"http:\/\/rotasturisticas.jundiai.sp.gov.br\/vinho\/wp-content\/uploads\/sites\/7\/2018\/03\/DSCF0197-300x225.jpg\" alt=\"\" width=\"300\" height=\"225\" srcset=\"https:\/\/rotasturisticas.jundiai.sp.gov.br\/vinho\/wp-content\/uploads\/sites\/7\/2018\/03\/DSCF0197-300x225.jpg 300w, https:\/\/rotasturisticas.jundiai.sp.gov.br\/vinho\/wp-content\/uploads\/sites\/7\/2018\/03\/DSCF0197-768x576.jpg 768w, https:\/\/rotasturisticas.jundiai.sp.gov.br\/vinho\/wp-content\/uploads\/sites\/7\/2018\/03\/DSCF0197-920x690.jpg 920w, https:\/\/rotasturisticas.jundiai.sp.gov.br\/vinho\/wp-content\/uploads\/sites\/7\/2018\/03\/DSCF0197.jpg 1280w\" sizes=\"auto, (max-width: 300px) 100vw, 300px\" \/><a class=\"fancybox image\" href=\"http:\/\/turismo.jundiai.sp.gov.br\/wp-content\/uploads\/2014\/04\/Adega-Sibinel-1.jpg\"><img loading=\"lazy\" decoding=\"async\" class=\"wp-image-6263 size-medium aligncenter\" src=\"http:\/\/turismo.jundiai.sp.gov.br\/wp-content\/uploads\/2014\/04\/Adega-Sibinel-1-300x199.jpg\" alt=\"Vinhos\" width=\"300\" height=\"199\" \/><\/a><\/p>\n<p><a class=\"fancybox image\" href=\"http:\/\/turismo.jundiai.sp.gov.br\/wp-content\/uploads\/2014\/04\/Adega-Sibinel-Foto-da-Fam%C3%ADlia.jpg\"><img loading=\"lazy\" decoding=\"async\" class=\"wp-image-2807 size-medium alignleft\" src=\"http:\/\/turismo.jundiai.sp.gov.br\/wp-content\/uploads\/2014\/04\/Adega-Sibinel-Foto-da-Fam%C3%ADlia-300x220.jpg\" alt=\"Foto da Fam\u00edlia Sibinel\" width=\"300\" height=\"220\" \/><\/a><\/p>\n<p><a class=\"fancybox image\" href=\"http:\/\/turismo.jundiai.sp.gov.br\/wp-content\/uploads\/2014\/04\/Adega-Sibinel-Uva-Niagara-Rosada.jpg\"><img loading=\"lazy\" decoding=\"async\" class=\"wp-image-2808 size-medium alignright\" src=\"http:\/\/turismo.jundiai.sp.gov.br\/wp-content\/uploads\/2014\/04\/Adega-Sibinel-Uva-Niagara-Rosada-300x220.jpg\" alt=\"\" width=\"300\" height=\"220\" \/><\/a><\/p>\n","protected":false},"excerpt":{"rendered":"<p>Endere\u00e7o:\u00a0Av. Humberto Cereser, 3500 &#8211; Caxambu Telefone:\u00a0(11) 4584-1150 E-mail: adegasibinel@yahoo.com Facebook: Adega Sibinel Hor\u00e1rio de funcionamento: Segunda a s\u00e1bado das 8h \u00e0s 17h. Domingo e feriado das 8h \u00e0s 15h. Formas de pagamento: Dinheiro, cart\u00f5es de d\u00e9bito e cr\u00e9dito. Tipos de vinhos produzidos: Tinto (seco e suave), Bord\u00f4 (seco e suave), Branco (seco e suave), [&hellip;]<\/p>\n","protected":false},"author":11,"featured_media":0,"parent":14,"menu_order":0,"comment_status":"closed","ping_status":"closed","template":"","meta":{"footnotes":""},"class_list":["post-92","page","type-page","status-publish","hentry"],"_links":{"self":[{"href":"https:\/\/rotasturisticas.jundiai.sp.gov.br\/vinho\/wp-json\/wp\/v2\/pages\/92","targetHints":{"allow":["GET"]}}],"collection":[{"href":"https:\/\/rotasturisticas.jundiai.sp.gov.br\/vinho\/wp-json\/wp\/v2\/pages"}],"about":[{"href":"https:\/\/rotasturisticas.jundiai.sp.gov.br\/vinho\/wp-json\/wp\/v2\/types\/page"}],"author":[{"embeddable":true,"href":"https:\/\/rotasturisticas.jundiai.sp.gov.br\/vinho\/wp-json\/wp\/v2\/users\/11"}],"replies":[{"embeddable":true,"href":"https:\/\/rotasturisticas.jundiai.sp.gov.br\/vinho\/wp-json\/wp\/v2\/comments?post=92"}],"version-history":[{"count":4,"href":"https:\/\/rotasturisticas.jundiai.sp.gov.br\/vinho\/wp-json\/wp\/v2\/pages\/92\/revisions"}],"predecessor-version":[{"id":1635,"href":"https:\/\/rotasturisticas.jundiai.sp.gov.br\/vinho\/wp-json\/wp\/v2\/pages\/92\/revisions\/1635"}],"up":[{"embeddable":true,"href":"https:\/\/rotasturisticas.jundiai.sp.gov.br\/vinho\/wp-json\/wp\/v2\/pages\/14"}],"wp:attachment":[{"href":"https:\/\/rotasturisticas.jundiai.sp.gov.br\/vinho\/wp-json\/wp\/v2\/media?parent=92"}],"curies":[{"name":"wp","href":"https:\/\/api.w.org\/{rel}","templated":true}]}}