{"id":85,"date":"2018-02-26T11:11:22","date_gmt":"2018-02-26T14:11:22","guid":{"rendered":"http:\/\/rotasturisticas.jundiai.sp.gov.br\/vinho\/?page_id=85"},"modified":"2020-03-27T09:45:44","modified_gmt":"2020-03-27T12:45:44","slug":"adega-santa-cecilia","status":"publish","type":"page","link":"https:\/\/rotasturisticas.jundiai.sp.gov.br\/vinho\/o-que-visitar\/adega-santa-cecilia\/","title":{"rendered":"Adega Santa Cec\u00edlia"},"content":{"rendered":"<p><strong>Endere\u00e7o:\u00a0<\/strong>Av. Comendador Ant\u00f4nio Carbonari, 3384 &#8211; Travi\u00fa<br \/>\n<strong>Telefone:\u00a0<\/strong>(11) 4582-6891<br \/>\n<strong>E-mail: <\/strong>marcio@adegasantacecilia.com.br<br \/>\n<strong>Site: <\/strong><a href=\"http:\/\/www.adegasantacecilia.com.br\/\" target=\"_blank\" rel=\"noopener noreferrer\">www.adegasantacecilia.com.br<\/a><br \/>\n<strong>Facebook: <\/strong><a href=\"https:\/\/www.facebook.com\/adegasantacecilia\/\" target=\"_blank\" rel=\"noopener noreferrer\">Adega e Vin\u00edcola Santa Cec\u00edlia<\/a><br \/>\n<strong>Instagram:<\/strong> <a href=\"https:\/\/www.instagram.com\/p\/BwZ7QcKnxwf\/\" target=\"_blank\" rel=\"noopener noreferrer\">adegasantaceciliaoficial<\/a><br \/>\n<strong>Hor\u00e1rio de funcionamento:<\/strong> Quarta a s\u00e1bado das 8h \u00e0s 18h. Domingo das 9h \u00e0s 17h.<br \/>\n<strong>Formas de pagamento:<\/strong>\u00a0Dinheiro ou cart\u00e3o<br \/>\n<strong>Tipos de vinhos produzidos:<\/strong> Isabel (seco e suave), Bord\u00f4 (seco e suave), Moscatel (seco e suave), Cabernet (seco), Merlot (seco), Tannat (seco), Madalena (seco), Syrah (seco), Rainha (seco), e Moscatel, Espumante de Niagara (Branco e Rose \/ Demi-sec e Brut), Vinho M\u00e1ximo, Bord\u00f4 Isabel (Demi-sec), Isabel Demi-sec, Suco de Uva Branca, Suco de Uva Tinto.<br \/>\n<strong>Outros produtos comercializados:<\/strong>\u00a0Doces, geleias, pimentas, queijos, macarr\u00e3o, salame, palmito, molhos de tomate, p\u00e3o caseiro, licores, cacha\u00e7a, grapa<\/p>\n<p>A propriedade oferece degusta\u00e7\u00e3o de vinhos.<\/p>\n<p>O s\u00edtio Santa Cec\u00edlia foi comprado pelo Sr. Hercules Tancredi, em 1974 como hobby, onde come\u00e7aram a plantar mais p\u00e9s de uva Niagara e a produzir vinhos somente para consumo. Em 1978 junto com seu filho Marcio, foi adquirido mais um s\u00edtio ao lado, onde foi plantado mais p\u00e9s de uva. Esse hobby com o tempo virou um neg\u00f3cio e hoje est\u00e3o com 85 mil p\u00e9s de uva em produ\u00e7\u00e3o.<\/p>\n<p>H\u00e1 alguns anos tiveram a vontade de fabricar vinhos com t\u00e9cnicas mais elaboradas, ent\u00e3o o Sr. Marcio come\u00e7ou em 2014 a montar a cantina de vinho artesanal e a fazer cursos sobre vinho. Em abril de 2016 montaram a lojinha para venda de vinho na propriedade.<\/p>\n<p>Hoje contam com um espa\u00e7o aconchegante com a Lojinha, a Fabriquinha de Vinho, a Capela Santa Cec\u00edlia, lagos, planta\u00e7\u00e3o de uva, pomar e em breve o caf\u00e9 colonial.<\/p>\n<p><img loading=\"lazy\" decoding=\"async\" class=\"size-medium wp-image-89 alignleft\" src=\"http:\/\/rotasturisticas.jundiai.sp.gov.br\/vinho\/wp-content\/uploads\/sites\/7\/2018\/02\/IMG-20180225-WA0034-300x225.jpg\" alt=\"\" width=\"300\" height=\"225\" srcset=\"https:\/\/rotasturisticas.jundiai.sp.gov.br\/vinho\/wp-content\/uploads\/sites\/7\/2018\/02\/IMG-20180225-WA0034-300x225.jpg 300w, https:\/\/rotasturisticas.jundiai.sp.gov.br\/vinho\/wp-content\/uploads\/sites\/7\/2018\/02\/IMG-20180225-WA0034-768x576.jpg 768w, https:\/\/rotasturisticas.jundiai.sp.gov.br\/vinho\/wp-content\/uploads\/sites\/7\/2018\/02\/IMG-20180225-WA0034-920x690.jpg 920w, https:\/\/rotasturisticas.jundiai.sp.gov.br\/vinho\/wp-content\/uploads\/sites\/7\/2018\/02\/IMG-20180225-WA0034.jpg 1158w\" sizes=\"auto, (max-width: 300px) 100vw, 300px\" \/><\/p>\n<p><img loading=\"lazy\" decoding=\"async\" class=\"size-medium wp-image-90 alignright\" src=\"http:\/\/rotasturisticas.jundiai.sp.gov.br\/vinho\/wp-content\/uploads\/sites\/7\/2018\/02\/IMG-20180225-WA0041-300x295.jpg\" alt=\"\" width=\"300\" height=\"295\" srcset=\"https:\/\/rotasturisticas.jundiai.sp.gov.br\/vinho\/wp-content\/uploads\/sites\/7\/2018\/02\/IMG-20180225-WA0041-300x295.jpg 300w, https:\/\/rotasturisticas.jundiai.sp.gov.br\/vinho\/wp-content\/uploads\/sites\/7\/2018\/02\/IMG-20180225-WA0041-768x755.jpg 768w, https:\/\/rotasturisticas.jundiai.sp.gov.br\/vinho\/wp-content\/uploads\/sites\/7\/2018\/02\/IMG-20180225-WA0041-920x905.jpg 920w, https:\/\/rotasturisticas.jundiai.sp.gov.br\/vinho\/wp-content\/uploads\/sites\/7\/2018\/02\/IMG-20180225-WA0041.jpg 1280w\" sizes=\"auto, (max-width: 300px) 100vw, 300px\" \/><\/p>\n<p><img loading=\"lazy\" decoding=\"async\" class=\"size-medium wp-image-87 alignleft\" src=\"http:\/\/rotasturisticas.jundiai.sp.gov.br\/vinho\/wp-content\/uploads\/sites\/7\/2018\/02\/IMG-20180225-WA0028-300x225.jpg\" alt=\"\" width=\"300\" height=\"225\" srcset=\"https:\/\/rotasturisticas.jundiai.sp.gov.br\/vinho\/wp-content\/uploads\/sites\/7\/2018\/02\/IMG-20180225-WA0028-300x225.jpg 300w, https:\/\/rotasturisticas.jundiai.sp.gov.br\/vinho\/wp-content\/uploads\/sites\/7\/2018\/02\/IMG-20180225-WA0028-768x576.jpg 768w, https:\/\/rotasturisticas.jundiai.sp.gov.br\/vinho\/wp-content\/uploads\/sites\/7\/2018\/02\/IMG-20180225-WA0028-920x690.jpg 920w, https:\/\/rotasturisticas.jundiai.sp.gov.br\/vinho\/wp-content\/uploads\/sites\/7\/2018\/02\/IMG-20180225-WA0028.jpg 1158w\" sizes=\"auto, (max-width: 300px) 100vw, 300px\" \/><\/p>\n<p><img loading=\"lazy\" decoding=\"async\" class=\" wp-image-88 alignright\" src=\"http:\/\/rotasturisticas.jundiai.sp.gov.br\/vinho\/wp-content\/uploads\/sites\/7\/2018\/02\/IMG-20180225-WA0030-300x225.jpg\" alt=\"\" width=\"296\" height=\"222\" srcset=\"https:\/\/rotasturisticas.jundiai.sp.gov.br\/vinho\/wp-content\/uploads\/sites\/7\/2018\/02\/IMG-20180225-WA0030-300x225.jpg 300w, https:\/\/rotasturisticas.jundiai.sp.gov.br\/vinho\/wp-content\/uploads\/sites\/7\/2018\/02\/IMG-20180225-WA0030-768x576.jpg 768w, https:\/\/rotasturisticas.jundiai.sp.gov.br\/vinho\/wp-content\/uploads\/sites\/7\/2018\/02\/IMG-20180225-WA0030-920x690.jpg 920w, https:\/\/rotasturisticas.jundiai.sp.gov.br\/vinho\/wp-content\/uploads\/sites\/7\/2018\/02\/IMG-20180225-WA0030.jpg 1158w\" sizes=\"auto, (max-width: 296px) 100vw, 296px\" \/><\/p>\n<p><img loading=\"lazy\" decoding=\"async\" class=\"size-medium wp-image-86 aligncenter\" src=\"http:\/\/rotasturisticas.jundiai.sp.gov.br\/vinho\/wp-content\/uploads\/sites\/7\/2018\/02\/DSC_1870-281x500.jpg\" alt=\"\" width=\"169\" height=\"300\" srcset=\"https:\/\/rotasturisticas.jundiai.sp.gov.br\/vinho\/wp-content\/uploads\/sites\/7\/2018\/02\/DSC_1870-281x500.jpg 281w, https:\/\/rotasturisticas.jundiai.sp.gov.br\/vinho\/wp-content\/uploads\/sites\/7\/2018\/02\/DSC_1870-768x1366.jpg 768w, https:\/\/rotasturisticas.jundiai.sp.gov.br\/vinho\/wp-content\/uploads\/sites\/7\/2018\/02\/DSC_1870-540x960.jpg 540w, https:\/\/rotasturisticas.jundiai.sp.gov.br\/vinho\/wp-content\/uploads\/sites\/7\/2018\/02\/DSC_1870.jpg 1280w\" sizes=\"auto, (max-width: 169px) 100vw, 169px\" \/><\/p>\n<div align=\"justify\">\n<p>&nbsp;<\/p>\n<\/div>\n<p>&nbsp;<\/p>\n<div align=\"justify\">\n<p>&nbsp;<\/p>\n<\/div>\n","protected":false},"excerpt":{"rendered":"<p>Endere\u00e7o:\u00a0Av. Comendador Ant\u00f4nio Carbonari, 3384 &#8211; Travi\u00fa Telefone:\u00a0(11) 4582-6891 E-mail: marcio@adegasantacecilia.com.br Site: www.adegasantacecilia.com.br Facebook: Adega e Vin\u00edcola Santa Cec\u00edlia Instagram: adegasantaceciliaoficial Hor\u00e1rio de funcionamento: Quarta a s\u00e1bado das 8h \u00e0s 18h. Domingo das 9h \u00e0s 17h. Formas de pagamento:\u00a0Dinheiro ou cart\u00e3o Tipos de vinhos produzidos: Isabel (seco e suave), Bord\u00f4 (seco e suave), Moscatel (seco [&hellip;]<\/p>\n","protected":false},"author":11,"featured_media":0,"parent":14,"menu_order":0,"comment_status":"closed","ping_status":"closed","template":"","meta":{"footnotes":""},"class_list":["post-85","page","type-page","status-publish","hentry"],"_links":{"self":[{"href":"https:\/\/rotasturisticas.jundiai.sp.gov.br\/vinho\/wp-json\/wp\/v2\/pages\/85","targetHints":{"allow":["GET"]}}],"collection":[{"href":"https:\/\/rotasturisticas.jundiai.sp.gov.br\/vinho\/wp-json\/wp\/v2\/pages"}],"about":[{"href":"https:\/\/rotasturisticas.jundiai.sp.gov.br\/vinho\/wp-json\/wp\/v2\/types\/page"}],"author":[{"embeddable":true,"href":"https:\/\/rotasturisticas.jundiai.sp.gov.br\/vinho\/wp-json\/wp\/v2\/users\/11"}],"replies":[{"embeddable":true,"href":"https:\/\/rotasturisticas.jundiai.sp.gov.br\/vinho\/wp-json\/wp\/v2\/comments?post=85"}],"version-history":[{"count":5,"href":"https:\/\/rotasturisticas.jundiai.sp.gov.br\/vinho\/wp-json\/wp\/v2\/pages\/85\/revisions"}],"predecessor-version":[{"id":1389,"href":"https:\/\/rotasturisticas.jundiai.sp.gov.br\/vinho\/wp-json\/wp\/v2\/pages\/85\/revisions\/1389"}],"up":[{"embeddable":true,"href":"https:\/\/rotasturisticas.jundiai.sp.gov.br\/vinho\/wp-json\/wp\/v2\/pages\/14"}],"wp:attachment":[{"href":"https:\/\/rotasturisticas.jundiai.sp.gov.br\/vinho\/wp-json\/wp\/v2\/media?parent=85"}],"curies":[{"name":"wp","href":"https:\/\/api.w.org\/{rel}","templated":true}]}}