{"id":45,"date":"2018-02-22T10:25:25","date_gmt":"2018-02-22T13:25:25","guid":{"rendered":"http:\/\/rotasturisticas.jundiai.sp.gov.br\/vinho\/?page_id=45"},"modified":"2023-03-13T10:55:42","modified_gmt":"2023-03-13T13:55:42","slug":"adega-casa-de-pizzo","status":"publish","type":"page","link":"https:\/\/rotasturisticas.jundiai.sp.gov.br\/vinho\/o-que-visitar\/adega-casa-de-pizzo\/","title":{"rendered":"Casa de Pizzo"},"content":{"rendered":"\n<p><strong>Tipos de vinhos produzidos:<\/strong> Secos: Tinto, Ros\u00e9 e Branco; Espumante Branco e Ros\u00e9<br><strong>Outros produtos comercializados:<\/strong>\u00a0Doce, geleia, licor de frutas da propriedade, frutas e ervas desidratadas<\/p>\n\n\n\n<p>A propriedade oferece degusta\u00e7\u00e3o de vinhos.<\/p>\n\n\n\n<p>Antiga propriedade de uvas Niagara, foi fundada em 1968 e transformada em 2005 para produzir uvas finas e vinhos.<br>Temos pomar com grande variedade de frutas, ervas arom\u00e1ticas e medicinais, bosque e animais de cria\u00e7\u00e3o.<br>Oferecemos visita\u00e7\u00e3o e degusta\u00e7\u00e3o orientada de vinhos, sucos, licores, doces e geleias.<\/p>\n\n\n\n<figure class=\"wp-block-gallery has-nested-images columns-default is-cropped wp-block-gallery-1 is-layout-flex wp-block-gallery-is-layout-flex\">\n<figure class=\"wp-block-image size-large\"><a href=\"https:\/\/turismo.jundiai.sp.gov.br\/wp-content\/uploads\/2023\/03\/Casa-de-Pizzo-13-1.jpg\"><img decoding=\"async\" data-id=\"25000\" src=\"https:\/\/turismo.jundiai.sp.gov.br\/wp-content\/uploads\/2023\/03\/Casa-de-Pizzo-13-1-535x950.jpg\" alt=\"\" class=\"wp-image-25000\" \/><\/a><\/figure>\n\n\n\n<figure class=\"wp-block-image size-large\"><a href=\"https:\/\/turismo.jundiai.sp.gov.br\/wp-content\/uploads\/2023\/03\/Casa-de-Pizzo-14-1.jpg\"><img decoding=\"async\" data-id=\"25005\" src=\"https:\/\/turismo.jundiai.sp.gov.br\/wp-content\/uploads\/2023\/03\/Casa-de-Pizzo-14-1-842x950.jpg\" alt=\"\" class=\"wp-image-25005\" \/><\/a><\/figure>\n\n\n\n<figure class=\"wp-block-image size-large\"><a href=\"https:\/\/turismo.jundiai.sp.gov.br\/wp-content\/uploads\/2023\/03\/Casa-de-Pizzo-1-1.jpg\"><img decoding=\"async\" data-id=\"24997\" src=\"https:\/\/turismo.jundiai.sp.gov.br\/wp-content\/uploads\/2023\/03\/Casa-de-Pizzo-1-1-950x950.jpg\" alt=\"\" class=\"wp-image-24997\" \/><\/a><\/figure>\n\n\n\n<figure class=\"wp-block-image size-large\"><a href=\"https:\/\/turismo.jundiai.sp.gov.br\/wp-content\/uploads\/2023\/03\/Casa-de-Pizzo-2-1.jpg\"><img decoding=\"async\" data-id=\"25002\" src=\"https:\/\/turismo.jundiai.sp.gov.br\/wp-content\/uploads\/2023\/03\/Casa-de-Pizzo-2-1-950x950.jpg\" alt=\"\" class=\"wp-image-25002\" \/><\/a><\/figure>\n\n\n\n<figure class=\"wp-block-image size-large\"><a href=\"https:\/\/turismo.jundiai.sp.gov.br\/wp-content\/uploads\/2023\/03\/Casa-de-Pizzo-3-1.jpg\"><img decoding=\"async\" data-id=\"25003\" src=\"https:\/\/turismo.jundiai.sp.gov.br\/wp-content\/uploads\/2023\/03\/Casa-de-Pizzo-3-1-950x950.jpg\" alt=\"\" class=\"wp-image-25003\" \/><\/a><\/figure>\n\n\n\n<figure class=\"wp-block-image size-large\"><a href=\"https:\/\/turismo.jundiai.sp.gov.br\/wp-content\/uploads\/2023\/03\/Casa-de-Pizzo-4-1.jpg\"><img decoding=\"async\" data-id=\"25001\" src=\"https:\/\/turismo.jundiai.sp.gov.br\/wp-content\/uploads\/2023\/03\/Casa-de-Pizzo-4-1-950x950.jpg\" alt=\"\" class=\"wp-image-25001\" \/><\/a><\/figure>\n\n\n\n<figure class=\"wp-block-image size-large\"><a href=\"https:\/\/turismo.jundiai.sp.gov.br\/wp-content\/uploads\/2023\/03\/Casa-de-Pizzo-6-1.jpg\"><img decoding=\"async\" data-id=\"24998\" src=\"https:\/\/turismo.jundiai.sp.gov.br\/wp-content\/uploads\/2023\/03\/Casa-de-Pizzo-6-1-950x950.jpg\" alt=\"\" class=\"wp-image-24998\" \/><\/a><\/figure>\n\n\n\n<figure class=\"wp-block-image size-large\"><a href=\"https:\/\/turismo.jundiai.sp.gov.br\/wp-content\/uploads\/2023\/03\/Casa-de-Pizzo-8-1.jpg\"><img decoding=\"async\" data-id=\"25007\" src=\"https:\/\/turismo.jundiai.sp.gov.br\/wp-content\/uploads\/2023\/03\/Casa-de-Pizzo-8-1-950x950.jpg\" alt=\"\" class=\"wp-image-25007\" \/><\/a><\/figure>\n\n\n\n<figure class=\"wp-block-image size-large\"><a href=\"https:\/\/turismo.jundiai.sp.gov.br\/wp-content\/uploads\/2023\/03\/Casa-de-Pizzo-12-1.jpg\"><img decoding=\"async\" data-id=\"24994\" src=\"https:\/\/turismo.jundiai.sp.gov.br\/wp-content\/uploads\/2023\/03\/Casa-de-Pizzo-12-1.jpg\" alt=\"\" class=\"wp-image-24994\" \/><\/a><\/figure>\n<\/figure>\n","protected":false},"excerpt":{"rendered":"<p>Tipos de vinhos produzidos: Secos: Tinto, Ros\u00e9 e Branco; Espumante Branco e Ros\u00e9Outros produtos comercializados:\u00a0Doce, geleia, licor de frutas da propriedade, frutas e ervas desidratadas A propriedade oferece degusta\u00e7\u00e3o de vinhos. Antiga propriedade de uvas Niagara, foi fundada em 1968 e transformada em 2005 para produzir uvas finas e vinhos.Temos pomar com grande variedade de [&hellip;]<\/p>\n","protected":false},"author":11,"featured_media":0,"parent":14,"menu_order":0,"comment_status":"closed","ping_status":"closed","template":"page-local.php","meta":{"footnotes":""},"class_list":["post-45","page","type-page","status-publish","hentry"],"_links":{"self":[{"href":"https:\/\/rotasturisticas.jundiai.sp.gov.br\/vinho\/wp-json\/wp\/v2\/pages\/45","targetHints":{"allow":["GET"]}}],"collection":[{"href":"https:\/\/rotasturisticas.jundiai.sp.gov.br\/vinho\/wp-json\/wp\/v2\/pages"}],"about":[{"href":"https:\/\/rotasturisticas.jundiai.sp.gov.br\/vinho\/wp-json\/wp\/v2\/types\/page"}],"author":[{"embeddable":true,"href":"https:\/\/rotasturisticas.jundiai.sp.gov.br\/vinho\/wp-json\/wp\/v2\/users\/11"}],"replies":[{"embeddable":true,"href":"https:\/\/rotasturisticas.jundiai.sp.gov.br\/vinho\/wp-json\/wp\/v2\/comments?post=45"}],"version-history":[{"count":8,"href":"https:\/\/rotasturisticas.jundiai.sp.gov.br\/vinho\/wp-json\/wp\/v2\/pages\/45\/revisions"}],"predecessor-version":[{"id":1395,"href":"https:\/\/rotasturisticas.jundiai.sp.gov.br\/vinho\/wp-json\/wp\/v2\/pages\/45\/revisions\/1395"}],"up":[{"embeddable":true,"href":"https:\/\/rotasturisticas.jundiai.sp.gov.br\/vinho\/wp-json\/wp\/v2\/pages\/14"}],"wp:attachment":[{"href":"https:\/\/rotasturisticas.jundiai.sp.gov.br\/vinho\/wp-json\/wp\/v2\/media?parent=45"}],"curies":[{"name":"wp","href":"https:\/\/api.w.org\/{rel}","templated":true}]}}