{"id":39,"date":"2018-02-20T17:02:35","date_gmt":"2018-02-20T20:02:35","guid":{"rendered":"http:\/\/rotasturisticas.jundiai.sp.gov.br\/vinho\/?page_id=39"},"modified":"2024-09-06T13:54:33","modified_gmt":"2024-09-06T16:54:33","slug":"adega-brunholi","status":"publish","type":"page","link":"https:\/\/rotasturisticas.jundiai.sp.gov.br\/vinho\/o-que-visitar\/adega-brunholi\/","title":{"rendered":"Adega Brunholi"},"content":{"rendered":"\n<p><\/p>\n\n\n\n<p>A Fam\u00edlia Brunholi teve origem no Brasil, quando o senhor Ant\u00f4nio Brunholi, fugindo da guerra chegou na cidade de Itatiba e come\u00e7ou a trabalhar nas lavouras de caf\u00e9. Depois de alguns anos conseguiu comprar um peda\u00e7o de terra em Jundia\u00ed (S\u00edtio Pinhanduva) onde come\u00e7ou com a sua planta\u00e7\u00e3o de uva. Foram v\u00e1rios anos e at\u00e9 hoje 4 gera\u00e7\u00f5es que deram continuidade ao seu sonho.<\/p>\n\n\n\n<p>Hoje o complexo Villa Brunholi, possui a F\u00e1brica de Vinhos, a Adega, o Restaurante, o Museu do Vinho e uma mini fazenda. Recebe por volta de 2000 pessoas em um final de semana passando por suas diversas atividades.<\/p>\n\n\n\n<p>A propriedade oferece degusta\u00e7\u00e3o de vinhos.<\/p>\n\n\n\n<p><strong>Tipos de vinhos produzidos:<\/strong> Tinto seco e suave (Bordo e Isabel), Branco seco e suave (Niagara), Rosado suave (Niagara), Mostaco suave (Moscatel), Moscato frizante (Moscatel), Cabernet Sauvignon e Merlot.<br><strong>Outros produtos comercializados:<\/strong> Caipirinha Brunholi, licores Brunholi, massas, molhos, antepastos, temperos, caf\u00e9, fub\u00e1.<br><strong>Outros tipos de servi\u00e7os:<\/strong>&nbsp;Caf\u00e9 da manh\u00e3, almo\u00e7o e caf\u00e9 da tarde.<\/p>\n\n\n\n<figure class=\"wp-block-gallery has-nested-images columns-default is-cropped wp-block-gallery-1 is-layout-flex wp-block-gallery-is-layout-flex\">\n<figure class=\"wp-block-image size-large\"><img decoding=\"async\" data-id=\"25681\" src=\"https:\/\/turismo.jundiai.sp.gov.br\/wp-content\/uploads\/2023\/05\/Jundiai-Nova-Adega-Brunholi-3-Arquivo-Pessoal.jpg\" alt=\"\" class=\"wp-image-25681\" \/><\/figure>\n\n\n\n<figure class=\"wp-block-image size-large\"><img decoding=\"async\" data-id=\"25683\" src=\"https:\/\/turismo.jundiai.sp.gov.br\/wp-content\/uploads\/2023\/05\/Adega-Brunholi-1.jpg\" alt=\"\" class=\"wp-image-25683\" \/><\/figure>\n\n\n\n<figure class=\"wp-block-image size-large\"><img decoding=\"async\" data-id=\"25682\" src=\"https:\/\/turismo.jundiai.sp.gov.br\/wp-content\/uploads\/2023\/05\/Jundiai-Nova-Adega-Brunholi-1-Arquivo-Pessoal.jpg\" alt=\"\" class=\"wp-image-25682\" \/><\/figure>\n\n\n\n<figure class=\"wp-block-image size-large\"><img decoding=\"async\" data-id=\"25680\" src=\"https:\/\/turismo.jundiai.sp.gov.br\/wp-content\/uploads\/2023\/05\/Brunholi-5-300x201-1.jpg\" alt=\"\" class=\"wp-image-25680\" \/><\/figure>\n<\/figure>\n","protected":false},"excerpt":{"rendered":"<p>A Fam\u00edlia Brunholi teve origem no Brasil, quando o senhor Ant\u00f4nio Brunholi, fugindo da guerra chegou na cidade de Itatiba e come\u00e7ou a trabalhar nas lavouras de caf\u00e9. Depois de alguns anos conseguiu comprar um peda\u00e7o de terra em Jundia\u00ed (S\u00edtio Pinhanduva) onde come\u00e7ou com a sua planta\u00e7\u00e3o de uva. Foram v\u00e1rios anos e at\u00e9 [&hellip;]<\/p>\n","protected":false},"author":11,"featured_media":1684,"parent":14,"menu_order":0,"comment_status":"closed","ping_status":"closed","template":"page-local.php","meta":{"footnotes":""},"class_list":["post-39","page","type-page","status-publish","has-post-thumbnail","hentry"],"_links":{"self":[{"href":"https:\/\/rotasturisticas.jundiai.sp.gov.br\/vinho\/wp-json\/wp\/v2\/pages\/39","targetHints":{"allow":["GET"]}}],"collection":[{"href":"https:\/\/rotasturisticas.jundiai.sp.gov.br\/vinho\/wp-json\/wp\/v2\/pages"}],"about":[{"href":"https:\/\/rotasturisticas.jundiai.sp.gov.br\/vinho\/wp-json\/wp\/v2\/types\/page"}],"author":[{"embeddable":true,"href":"https:\/\/rotasturisticas.jundiai.sp.gov.br\/vinho\/wp-json\/wp\/v2\/users\/11"}],"replies":[{"embeddable":true,"href":"https:\/\/rotasturisticas.jundiai.sp.gov.br\/vinho\/wp-json\/wp\/v2\/comments?post=39"}],"version-history":[{"count":10,"href":"https:\/\/rotasturisticas.jundiai.sp.gov.br\/vinho\/wp-json\/wp\/v2\/pages\/39\/revisions"}],"predecessor-version":[{"id":1685,"href":"https:\/\/rotasturisticas.jundiai.sp.gov.br\/vinho\/wp-json\/wp\/v2\/pages\/39\/revisions\/1685"}],"up":[{"embeddable":true,"href":"https:\/\/rotasturisticas.jundiai.sp.gov.br\/vinho\/wp-json\/wp\/v2\/pages\/14"}],"wp:featuredmedia":[{"embeddable":true,"href":"https:\/\/rotasturisticas.jundiai.sp.gov.br\/vinho\/wp-json\/wp\/v2\/media\/1684"}],"wp:attachment":[{"href":"https:\/\/rotasturisticas.jundiai.sp.gov.br\/vinho\/wp-json\/wp\/v2\/media?parent=39"}],"curies":[{"name":"wp","href":"https:\/\/api.w.org\/{rel}","templated":true}]}}