{"id":1636,"date":"2024-05-27T10:46:59","date_gmt":"2024-05-27T13:46:59","guid":{"rendered":"https:\/\/rotasturisticas.jundiai.sp.gov.br\/vinho\/?page_id=1636"},"modified":"2025-06-10T11:09:39","modified_gmt":"2025-06-10T14:09:39","slug":"diadovinho2024","status":"publish","type":"page","link":"https:\/\/rotasturisticas.jundiai.sp.gov.br\/vinho\/diadovinho2024\/","title":{"rendered":"Dia do Vinho 2024"},"content":{"rendered":"\n<p><\/p>\n\n\n\n<h2 class=\"wp-block-heading has-white-color has-text-color has-background\" style=\"background-color:#6b1b65\"><strong>Dia do Vinho 2024 <\/strong>&#8211; <strong>de 30 de maio a 02 de junho de 2024 <\/strong><\/h2>\n\n\n\n<div class=\"wp-block-media-text alignwide is-stacked-on-mobile\" style=\"grid-template-columns:37% auto\"><figure class=\"wp-block-media-text__media\"><img loading=\"lazy\" decoding=\"async\" width=\"534\" height=\"950\" src=\"https:\/\/rotasturisticas.jundiai.sp.gov.br\/vinho\/wp-content\/uploads\/sites\/7\/2024\/05\/vertical-entrada--534x950.jpg\" alt=\"\" class=\"wp-image-1671 size-full\" srcset=\"https:\/\/rotasturisticas.jundiai.sp.gov.br\/vinho\/wp-content\/uploads\/sites\/7\/2024\/05\/vertical-entrada--534x950.jpg 534w, https:\/\/rotasturisticas.jundiai.sp.gov.br\/vinho\/wp-content\/uploads\/sites\/7\/2024\/05\/vertical-entrada--768x1365.jpg 768w, https:\/\/rotasturisticas.jundiai.sp.gov.br\/vinho\/wp-content\/uploads\/sites\/7\/2024\/05\/vertical-entrada--864x1536.jpg 864w, https:\/\/rotasturisticas.jundiai.sp.gov.br\/vinho\/wp-content\/uploads\/sites\/7\/2024\/05\/vertical-entrada-.jpg 1080w\" sizes=\"auto, (max-width: 534px) 100vw, 534px\" \/><\/figure><div class=\"wp-block-media-text__content\">\n<p><\/p>\n\n\n\n<p><\/p>\n\n\n\n<h2 class=\"wp-block-heading has-text-color\" style=\"color:#6b1b65\">De 30 de maio a 02 de junho, no Espa\u00e7o Expressa, onze Vin\u00edcolas se re\u00fanem para celebrar o Dia do Vinho 2024.<\/h2>\n\n\n\n<h2 class=\"wp-block-heading has-text-color\" style=\"color:#6b1b65\">A partir das 11h teremos muito vinho, food trucks variados e o artesanato do Jundia\u00ed Feito \u00e0 M\u00e3o.<\/h2>\n\n\n\n<h2 class=\"wp-block-heading has-text-color\" style=\"color:#6b1b65\">A programa\u00e7\u00e3o conta com o j\u00e1 tradicional Brinde do Vinho, que este ano ser\u00e1 realizado todos os dias do evento, sempre \u00e0s 17h.<\/h2>\n\n\n\n<h2 class=\"wp-block-heading has-text-color\" style=\"color:#6b1b65\">Al\u00e9m disso, preparamos uma programa\u00e7\u00e3o musical para agradar aos apreciadores do vinho jundiaiense.<\/h2>\n\n\n\n<h2 class=\"wp-block-heading has-text-color\" style=\"color:#6b1b65\">Esperamos por voc\u00eas!!<\/h2>\n\n\n\n<p class=\"has-text-color\" style=\"color:#6b1b65\"><\/p>\n\n\n\n<p><\/p>\n<\/div><\/div>\n\n\n\n<h2 class=\"wp-block-heading has-text-align-center has-text-color\" style=\"color:#6b1b65\"><strong>Programa\u00e7\u00e3o:<\/strong><\/h2>\n\n\n\n<div class=\"wp-block-media-text alignwide has-media-on-the-right is-stacked-on-mobile\" style=\"grid-template-columns:auto 30%\"><div class=\"wp-block-media-text__content\">\n<h2 class=\"wp-block-heading has-white-color has-text-color has-background\" style=\"background-color:#6b1b65\"><strong>30 de maio &#8211; quinta-feira (feriado)<\/strong>*<\/h2>\n\n\n\n<h2 class=\"wp-block-heading has-text-color has-link-color wp-elements-11e4304a586bc4e613c214a4772fea70\" style=\"color:#6b1b65\"><strong>13h30 \u2022 <\/strong>Dj Kdosh <strong>(Palco)<br>14h00 \u2022 <\/strong>Conta\u00e7\u00e3o de Hist\u00f3rias <strong>(Jardim)<br>17h00 \u2022 Brinde ao P\u00f4r do Sol \u2022 <\/strong>Violinista Jo\u00e3o Paulo <strong>(Palco)<br>19h30 \u2022 <\/strong>Banda Aranhas Amplificadas<strong> \u2022 Rock Nacional anos 80<\/strong> <strong>(Palco)<\/strong><\/h2>\n<\/div><figure class=\"wp-block-media-text__media\"><img loading=\"lazy\" decoding=\"async\" width=\"1280\" height=\"854\" src=\"http:\/\/rotasturisticas.jundiai.sp.gov.br\/vinho\/wp-content\/uploads\/sites\/7\/2024\/05\/dia_do_vinho_espaco_expressa_pa-48-1280x854-1.jpg\" alt=\"\" class=\"wp-image-1647 size-full\" srcset=\"https:\/\/rotasturisticas.jundiai.sp.gov.br\/vinho\/wp-content\/uploads\/sites\/7\/2024\/05\/dia_do_vinho_espaco_expressa_pa-48-1280x854-1.jpg 1280w, https:\/\/rotasturisticas.jundiai.sp.gov.br\/vinho\/wp-content\/uploads\/sites\/7\/2024\/05\/dia_do_vinho_espaco_expressa_pa-48-1280x854-1-768x512.jpg 768w\" sizes=\"auto, (max-width: 1280px) 100vw, 1280px\" \/><\/figure><\/div>\n\n\n\n<div class=\"wp-block-media-text alignwide is-stacked-on-mobile\" style=\"grid-template-columns:30% auto\"><figure class=\"wp-block-media-text__media\"><img loading=\"lazy\" decoding=\"async\" width=\"720\" height=\"421\" src=\"http:\/\/rotasturisticas.jundiai.sp.gov.br\/vinho\/wp-content\/uploads\/sites\/7\/2023\/06\/19AA594C-0C0F-41A2-A05C-C8DD40A793D9-Angela-Coelho-Moniz-1.jpeg\" alt=\"\" class=\"wp-image-1437 size-large\" \/><\/figure><div class=\"wp-block-media-text__content\">\n<h2 class=\"wp-block-heading has-white-color has-text-color has-background\" style=\"background-color:#6b1b65\"><strong>31 de maio &#8211; sexta-feira<\/strong>*<\/h2>\n\n\n\n<h2 class=\"wp-block-heading has-text-color\" style=\"color:#6b1b65\"><strong>13h30<\/strong> \u2022 Dj Kdosh <strong>(Palco)<\/strong><br><strong>14h00<\/strong> \u2022 Conta\u00e7\u00e3o de Hist\u00f3rias <strong>(Jardim)<\/strong><br><strong>17h00 <\/strong>\u2022 <strong>Brinde ao P\u00f4r do Sol<\/strong> \u2022 Violinista Jo\u00e3o Paulo <strong>(Palco)<\/strong><br><strong>19h30 <\/strong>\u2022 Banda Radio X \u2022 <strong>Cover Jota Quest<\/strong> <strong>(Palco)<\/strong><\/h2>\n<\/div><\/div>\n\n\n\n<div class=\"wp-block-media-text alignwide has-media-on-the-right is-stacked-on-mobile\" style=\"grid-template-columns:auto 31%\"><div class=\"wp-block-media-text__content\">\n<h2 class=\"wp-block-heading has-white-color has-text-color has-background\" style=\"background-color:#6b1b65\"><strong>01 de junho &#8211; s\u00e1bado<\/strong>*<\/h2>\n\n\n\n<h2 class=\"wp-block-heading has-text-color\" style=\"color:#6b1b65\"><strong>13h30<\/strong> \u2022 Heloisa Westin<strong> <\/strong>\u2022 <strong>Voz e Viol\u00e3o<\/strong> <strong>(Palco)<\/strong><br><strong>14h00 <\/strong>\u2022 Conta\u00e7\u00e3o de Hist\u00f3rias <strong>(Jardim)<\/strong><br><strong>17h00<\/strong> \u2022 <strong>Brinde ao P\u00f4r do Sol<\/strong> \u2022 Violinista Jo\u00e3o Paulo <strong>(Palco)<\/strong><br><strong>19h30 <\/strong>\u2022 Banda Alcohollica \u2022 <strong>Cover Metallica<\/strong> <strong>(Palco)<\/strong><\/h2>\n<\/div><figure class=\"wp-block-media-text__media\"><img loading=\"lazy\" decoding=\"async\" width=\"920\" height=\"614\" src=\"http:\/\/rotasturisticas.jundiai.sp.gov.br\/vinho\/wp-content\/uploads\/sites\/7\/2022\/06\/IMG-20220407-WA0021-Patricia-Marcelino-Tancredi-1-920x614.jpg\" alt=\"\" class=\"wp-image-1330 size-full\" srcset=\"https:\/\/rotasturisticas.jundiai.sp.gov.br\/vinho\/wp-content\/uploads\/sites\/7\/2022\/06\/IMG-20220407-WA0021-Patricia-Marcelino-Tancredi-1-920x614.jpg 920w, https:\/\/rotasturisticas.jundiai.sp.gov.br\/vinho\/wp-content\/uploads\/sites\/7\/2022\/06\/IMG-20220407-WA0021-Patricia-Marcelino-Tancredi-1-300x200.jpg 300w, https:\/\/rotasturisticas.jundiai.sp.gov.br\/vinho\/wp-content\/uploads\/sites\/7\/2022\/06\/IMG-20220407-WA0021-Patricia-Marcelino-Tancredi-1-768x512.jpg 768w, https:\/\/rotasturisticas.jundiai.sp.gov.br\/vinho\/wp-content\/uploads\/sites\/7\/2022\/06\/IMG-20220407-WA0021-Patricia-Marcelino-Tancredi-1.jpg 1241w\" sizes=\"auto, (max-width: 920px) 100vw, 920px\" \/><\/figure><\/div>\n\n\n\n<div class=\"wp-block-media-text alignwide is-stacked-on-mobile\" style=\"grid-template-columns:32% auto\"><figure class=\"wp-block-media-text__media\"><img loading=\"lazy\" decoding=\"async\" width=\"920\" height=\"614\" src=\"http:\/\/rotasturisticas.jundiai.sp.gov.br\/vinho\/wp-content\/uploads\/sites\/7\/2022\/06\/MG_6387-920x614.jpg\" alt=\"\" class=\"wp-image-1357 size-full\" srcset=\"https:\/\/rotasturisticas.jundiai.sp.gov.br\/vinho\/wp-content\/uploads\/sites\/7\/2022\/06\/MG_6387-920x614.jpg 920w, https:\/\/rotasturisticas.jundiai.sp.gov.br\/vinho\/wp-content\/uploads\/sites\/7\/2022\/06\/MG_6387-300x200.jpg 300w, https:\/\/rotasturisticas.jundiai.sp.gov.br\/vinho\/wp-content\/uploads\/sites\/7\/2022\/06\/MG_6387-768x512.jpg 768w, https:\/\/rotasturisticas.jundiai.sp.gov.br\/vinho\/wp-content\/uploads\/sites\/7\/2022\/06\/MG_6387.jpg 1280w\" sizes=\"auto, (max-width: 920px) 100vw, 920px\" \/><\/figure><div class=\"wp-block-media-text__content\">\n<h2 class=\"wp-block-heading has-white-color has-text-color has-background\" style=\"background-color:#6b1b65\"><strong>02 de junho &#8211; domingo<\/strong>*<\/h2>\n\n\n\n<h2 class=\"wp-block-heading has-text-color\" style=\"color:#6b1b65\">13h30 \u2022 Rodolfo de Neguinho<strong> <\/strong>\u2022 <strong>Voz e Viol\u00e3o<\/strong> <strong>(Palco)<\/strong><br><strong>14h00 <\/strong>\u2022 Conta\u00e7\u00e3o de Hist\u00f3rias <strong>(Jardim)<\/strong><br><strong>17h00<\/strong> \u2022 <strong>Brinde ao P\u00f4r do Sol<\/strong> \u2022 Violinista Jo\u00e3o Paulo <strong>(Palco)<\/strong><br><strong>19h30 <\/strong>\u2022 Geisa Mel e Banda<strong> <\/strong>\u2022 <strong>Rock Internacional Anos 80<\/strong> <strong>(Palco)<\/strong><\/h2>\n<\/div><\/div>\n\n\n\n<p><strong>* Programa\u00e7\u00e3o sujeita a altera\u00e7\u00e3o<\/strong><\/p>\n\n\n\n<h2 class=\"wp-block-heading has-white-color has-text-color has-background\" style=\"background-color:#6b1b65\">A\u00e7\u00e3o Solid\u00e1ria Rio Grande do Sul<\/h2>\n\n\n\n<h2 class=\"wp-block-heading has-text-color has-link-color wp-elements-1330a4df106b66a63400090ce0ec9de9\" style=\"color:#6b1b65\">O evento contar\u00e1 com um ponto de coleta de doa\u00e7\u00f5es que ser\u00e3o destinadas ao Rio Grande do Sul, por meio do Fundo Social de Solidariedade.<\/h2>\n\n\n\n<h2 class=\"wp-block-heading has-text-color has-link-color wp-elements-183801ed75848be5f2367729a94e0948\" style=\"color:#6b1b65\"><br><strong>O QUE DOAR:<\/strong><\/h2>\n\n\n\n<ul class=\"wp-block-list\">\n<li class=\"has-medium-font-size\">\u00c1gua<\/li>\n\n\n\n<li class=\"has-medium-font-size\">Alimentos n\u00e3o perec\u00edveis<\/li>\n\n\n\n<li class=\"has-medium-font-size\">Itens de Higiene Pessoal<\/li>\n\n\n\n<li class=\"has-medium-font-size\">Mantas e cobertores<\/li>\n<\/ul>\n\n\n\n<hr class=\"wp-block-separator has-alpha-channel-opacity\" \/>\n\n\n\n<h2 class=\"wp-block-heading has-text-color has-link-color wp-elements-f7d71fab697fa7eba00a5c642c619c5c\" style=\"color:#6b1b65\"><strong>DIA DO VINHO 2024<br>Espa\u00e7o Expressa<br>Av. Uni\u00e3o dos Ferrovi\u00e1rios, 1760, Centro \u2013 Jundia\u00ed<br>De 30\/05 a 02\/06 \u2013 das 11h \u00e0s 22h.<\/strong><\/h2>\n\n\n\n<h2 class=\"wp-block-heading has-text-color has-link-color wp-elements-779208747703fedbf66a641c9ec9dffc\" style=\"color:#6b1b65\"><strong>Estacionamento e Entrada Gratuitos<\/strong><br><\/h2>\n","protected":false},"excerpt":{"rendered":"<p>Dia do Vinho 2024 &#8211; de 30 de maio a 02 de junho de 2024 De 30 de maio a 02 de junho, no Espa\u00e7o Expressa, onze Vin\u00edcolas se re\u00fanem para celebrar o Dia do Vinho 2024. A partir das 11h teremos muito vinho, food trucks variados e o artesanato do Jundia\u00ed Feito \u00e0 M\u00e3o. [&hellip;]<\/p>\n","protected":false},"author":16,"featured_media":0,"parent":0,"menu_order":0,"comment_status":"closed","ping_status":"closed","template":"","meta":{"footnotes":"[]"},"class_list":["post-1636","page","type-page","status-publish","hentry"],"_links":{"self":[{"href":"https:\/\/rotasturisticas.jundiai.sp.gov.br\/vinho\/wp-json\/wp\/v2\/pages\/1636","targetHints":{"allow":["GET"]}}],"collection":[{"href":"https:\/\/rotasturisticas.jundiai.sp.gov.br\/vinho\/wp-json\/wp\/v2\/pages"}],"about":[{"href":"https:\/\/rotasturisticas.jundiai.sp.gov.br\/vinho\/wp-json\/wp\/v2\/types\/page"}],"author":[{"embeddable":true,"href":"https:\/\/rotasturisticas.jundiai.sp.gov.br\/vinho\/wp-json\/wp\/v2\/users\/16"}],"replies":[{"embeddable":true,"href":"https:\/\/rotasturisticas.jundiai.sp.gov.br\/vinho\/wp-json\/wp\/v2\/comments?post=1636"}],"version-history":[{"count":28,"href":"https:\/\/rotasturisticas.jundiai.sp.gov.br\/vinho\/wp-json\/wp\/v2\/pages\/1636\/revisions"}],"predecessor-version":[{"id":1678,"href":"https:\/\/rotasturisticas.jundiai.sp.gov.br\/vinho\/wp-json\/wp\/v2\/pages\/1636\/revisions\/1678"}],"wp:attachment":[{"href":"https:\/\/rotasturisticas.jundiai.sp.gov.br\/vinho\/wp-json\/wp\/v2\/media?parent=1636"}],"curies":[{"name":"wp","href":"https:\/\/api.w.org\/{rel}","templated":true}]}}