{"id":1418,"date":"2023-06-01T15:51:52","date_gmt":"2023-06-01T18:51:52","guid":{"rendered":"https:\/\/rotasturisticas.jundiai.sp.gov.br\/vinho\/?page_id=1418"},"modified":"2023-06-02T12:42:03","modified_gmt":"2023-06-02T15:42:03","slug":"programacaoadegasvinho2023","status":"publish","type":"page","link":"https:\/\/rotasturisticas.jundiai.sp.gov.br\/vinho\/diadovinho2023\/programacaoadegasvinho2023\/","title":{"rendered":"Programa\u00e7\u00e3o nas Adegas e Vin\u00edcolas"},"content":{"rendered":"<div class=\"wp-block-image\">\n<figure class=\"aligncenter size-full is-resized\"><img loading=\"lazy\" decoding=\"async\" src=\"https:\/\/rotasturisticas.jundiai.sp.gov.br\/vinho\/wp-content\/uploads\/sites\/7\/2023\/06\/Design-sem-nome-6.png\" alt=\"\" class=\"wp-image-1567\" width=\"640\" height=\"474\" srcset=\"https:\/\/rotasturisticas.jundiai.sp.gov.br\/vinho\/wp-content\/uploads\/sites\/7\/2023\/06\/Design-sem-nome-6.png 1280w, https:\/\/rotasturisticas.jundiai.sp.gov.br\/vinho\/wp-content\/uploads\/sites\/7\/2023\/06\/Design-sem-nome-6-768x569.png 768w\" sizes=\"auto, (max-width: 640px) 100vw, 640px\" \/><\/figure>\n<\/div>\n\n\n<p class=\"has-white-color has-text-color has-background\" style=\"background-color:#6b1b65\"><strong>Adega Fontebasso<\/strong><\/p>\n\n\n\n<div class=\"wp-block-media-text alignwide is-stacked-on-mobile\" style=\"grid-template-columns:37% auto\"><figure class=\"wp-block-media-text__media\"><img loading=\"lazy\" decoding=\"async\" width=\"971\" height=\"950\" src=\"https:\/\/rotasturisticas.jundiai.sp.gov.br\/vinho\/wp-content\/uploads\/sites\/7\/2023\/06\/Screenshot_20230601_191314_OneDrive-Gabriel-Fontebasso-971x950.jpg\" alt=\"\" class=\"wp-image-1575 size-full\" srcset=\"https:\/\/rotasturisticas.jundiai.sp.gov.br\/vinho\/wp-content\/uploads\/sites\/7\/2023\/06\/Screenshot_20230601_191314_OneDrive-Gabriel-Fontebasso-971x950.jpg 971w, https:\/\/rotasturisticas.jundiai.sp.gov.br\/vinho\/wp-content\/uploads\/sites\/7\/2023\/06\/Screenshot_20230601_191314_OneDrive-Gabriel-Fontebasso-768x752.jpg 768w, https:\/\/rotasturisticas.jundiai.sp.gov.br\/vinho\/wp-content\/uploads\/sites\/7\/2023\/06\/Screenshot_20230601_191314_OneDrive-Gabriel-Fontebasso.jpg 1080w\" sizes=\"auto, (max-width: 971px) 100vw, 971px\" \/><\/figure><div class=\"wp-block-media-text__content\">\n<h2 class=\"wp-block-heading\"><strong>Visita Agroturismo<\/strong> <\/h2>\n\n\n\n<p>Quatro hor\u00e1rios de agendamento di\u00e1rio.<\/p>\n\n\n\n<p><strong>Mais informa\u00e7\u00f5es e agendamentos:<\/strong><\/p>\n\n\n\n<p><strong>Telefone:<\/strong> (11) 45843789 <\/p>\n\n\n\n<p><strong>WhatsApp:<\/strong> <a rel=\"noreferrer noopener\" href=\"https:\/\/wa.me\/5511998554465\" target=\"_blank\">(11) 998554465 <\/a><\/p>\n<\/div><\/div>\n\n\n\n<p class=\"has-white-color has-text-color has-background\" style=\"background-color:#6b1b65\"><strong>Adega e Vin\u00edcola Oliveira<\/strong><\/p>\n\n\n\n<div class=\"wp-block-media-text alignwide is-stacked-on-mobile\" style=\"grid-template-columns:37% auto\"><figure class=\"wp-block-media-text__media\"><img loading=\"lazy\" decoding=\"async\" width=\"1280\" height=\"853\" src=\"https:\/\/rotasturisticas.jundiai.sp.gov.br\/vinho\/wp-content\/uploads\/sites\/7\/2023\/06\/Adega-Olivera-44-Mirian-Oliveira.jpg\" alt=\"\" class=\"wp-image-1572 size-full\" srcset=\"https:\/\/rotasturisticas.jundiai.sp.gov.br\/vinho\/wp-content\/uploads\/sites\/7\/2023\/06\/Adega-Olivera-44-Mirian-Oliveira.jpg 1280w, https:\/\/rotasturisticas.jundiai.sp.gov.br\/vinho\/wp-content\/uploads\/sites\/7\/2023\/06\/Adega-Olivera-44-Mirian-Oliveira-768x512.jpg 768w\" sizes=\"auto, (max-width: 1280px) 100vw, 1280px\" \/><\/figure><div class=\"wp-block-media-text__content\">\n<h2 class=\"wp-block-heading\"><strong>Degusta\u00e7\u00e3o sob a sombra do antigo Jatob\u00e1<\/strong><\/h2>\n\n\n\n<p>Degusta\u00e7\u00e3o de t\u00e1bua de p\u00e3es e frios, com vinhos e espumantes, al\u00e9m das geleias artesanais de vinhos. <\/p>\n\n\n\n<p>Aos s\u00e1bados e domingos, com agendamento  pr\u00e9vio.<\/p>\n\n\n\n<p><strong>Mais informa\u00e7\u00f5es e agendamentos:<\/strong><\/p>\n\n\n\n<p><strong>WhatsApp:<\/strong> (<a rel=\"noreferrer noopener\" href=\"https:\/\/wa.me\/5511972010667\" target=\"_blank\">11) 97201-0667<\/a><\/p>\n<\/div><\/div>\n\n\n\n<p class=\"has-white-color has-text-color has-background\" style=\"background-color:#6b1b65\"><strong>Vin\u00edcola Castanho<\/strong><\/p>\n\n\n\n<div class=\"wp-block-media-text alignwide is-stacked-on-mobile\" style=\"grid-template-columns:39% auto\"><figure class=\"wp-block-media-text__media\"><img loading=\"lazy\" decoding=\"async\" width=\"1280\" height=\"853\" src=\"https:\/\/rotasturisticas.jundiai.sp.gov.br\/vinho\/wp-content\/uploads\/sites\/7\/2023\/06\/Vinicola-Castanho-2-1.jpg\" alt=\"\" class=\"wp-image-1578 size-full\" srcset=\"https:\/\/rotasturisticas.jundiai.sp.gov.br\/vinho\/wp-content\/uploads\/sites\/7\/2023\/06\/Vinicola-Castanho-2-1.jpg 1280w, https:\/\/rotasturisticas.jundiai.sp.gov.br\/vinho\/wp-content\/uploads\/sites\/7\/2023\/06\/Vinicola-Castanho-2-1-768x512.jpg 768w\" sizes=\"auto, (max-width: 1280px) 100vw, 1280px\" \/><\/figure><div class=\"wp-block-media-text__content\">\n<h2 class=\"wp-block-heading\"><strong>Tour do Vinho<\/strong><\/h2>\n\n\n\n<p>No Tour do vinho em Jundia\u00ed voc\u00ea vivencia um momento \u00fanico, com visita especial aos vinhedos.<\/p>\n\n\n\n<p>Aos s\u00e1bados 9h30, 10h30, 11h30, 13h, 14h, 15h e 16h<br>Aos domingos 9h30, 10h30 e 11h30<\/p>\n\n\n\n<p><strong>Mais informa\u00e7\u00f5es e agendamentos: <\/strong><\/p>\n\n\n\n<p><strong>WhatsApp:<\/strong> <a href=\"https:\/\/wa.me\/551145371502\" target=\"_blank\" rel=\"noreferrer noopener\">(11) 4537-1502<\/a><\/p>\n<\/div><\/div>\n\n\n\n<p class=\"has-white-color has-text-color has-background\" style=\"background-color:#6b1b65\"><strong>Vin\u00edcola do Portugu\u00eas<\/strong><\/p>\n\n\n\n<div class=\"wp-block-media-text alignwide is-stacked-on-mobile\" style=\"grid-template-columns:30% auto\"><figure class=\"wp-block-media-text__media\"><img loading=\"lazy\" decoding=\"async\" width=\"678\" height=\"950\" src=\"https:\/\/rotasturisticas.jundiai.sp.gov.br\/vinho\/wp-content\/uploads\/sites\/7\/2023\/06\/5D5DE2B1-C1DC-4D08-B8BD-CD7A8932548F-Angela-Coelho-Moniz-1-678x950.jpeg\" alt=\"\" class=\"wp-image-1523 size-full\" srcset=\"https:\/\/rotasturisticas.jundiai.sp.gov.br\/vinho\/wp-content\/uploads\/sites\/7\/2023\/06\/5D5DE2B1-C1DC-4D08-B8BD-CD7A8932548F-Angela-Coelho-Moniz-1-678x950.jpeg 678w, https:\/\/rotasturisticas.jundiai.sp.gov.br\/vinho\/wp-content\/uploads\/sites\/7\/2023\/06\/5D5DE2B1-C1DC-4D08-B8BD-CD7A8932548F-Angela-Coelho-Moniz-1-768x1076.jpeg 768w, https:\/\/rotasturisticas.jundiai.sp.gov.br\/vinho\/wp-content\/uploads\/sites\/7\/2023\/06\/5D5DE2B1-C1DC-4D08-B8BD-CD7A8932548F-Angela-Coelho-Moniz-1-1097x1536.jpeg 1097w, https:\/\/rotasturisticas.jundiai.sp.gov.br\/vinho\/wp-content\/uploads\/sites\/7\/2023\/06\/5D5DE2B1-C1DC-4D08-B8BD-CD7A8932548F-Angela-Coelho-Moniz-1.jpeg 1220w\" sizes=\"auto, (max-width: 678px) 100vw, 678px\" \/><\/figure><div class=\"wp-block-media-text__content\">\n<h2 class=\"wp-block-heading\"><strong>Aulas de Ta\u00e7as<\/strong> <\/h2>\n\n\n\n<h2 class=\"wp-block-heading\"><strong>Degusta\u00e7\u00e3o usando os Cinco Sentidos<\/strong><\/h2>\n\n\n\n<h2 class=\"wp-block-heading\"><strong>Drinks com vinhos<\/strong><\/h2>\n\n\n\n<p>Todas as atividades necessitam agendamento pr\u00e9vio.<\/p>\n\n\n\n<p><strong>Mais informa\u00e7\u00f5es e agendamentos: <\/strong><\/p>\n\n\n\n<p><strong>WhatsApp:<\/strong> <a rel=\"noreferrer noopener\" href=\"https:\/\/wa.me\/551197656188\" target=\"_blank\">(11) 97657-6188 <\/a><\/p>\n<\/div><\/div>\n\n\n\n<p class=\"has-white-color has-text-color has-background\" style=\"background-color:#6b1b65\"><strong>Vin\u00edcola Saccomani<\/strong><\/p>\n\n\n\n<div class=\"wp-block-media-text alignwide is-stacked-on-mobile\" style=\"grid-template-columns:34% auto\"><figure class=\"wp-block-media-text__media\"><img loading=\"lazy\" decoding=\"async\" width=\"630\" height=\"630\" src=\"https:\/\/rotasturisticas.jundiai.sp.gov.br\/vinho\/wp-content\/uploads\/sites\/7\/2023\/06\/IMG-20230329-WA0003-Vinico-Saccomani.jpg\" alt=\"\" class=\"wp-image-1583 size-full\" srcset=\"https:\/\/rotasturisticas.jundiai.sp.gov.br\/vinho\/wp-content\/uploads\/sites\/7\/2023\/06\/IMG-20230329-WA0003-Vinico-Saccomani.jpg 630w, https:\/\/rotasturisticas.jundiai.sp.gov.br\/vinho\/wp-content\/uploads\/sites\/7\/2023\/06\/IMG-20230329-WA0003-Vinico-Saccomani-100x100.jpg 100w\" sizes=\"auto, (max-width: 630px) 100vw, 630px\" \/><\/figure><div class=\"wp-block-media-text__content\">\n<h2 class=\"wp-block-heading\"><strong>Visita guiada<\/strong> <\/h2>\n\n\n\n<p>Visita a produ\u00e7\u00e3o de uva, processo de vinifica\u00e7\u00e3o e degusta\u00e7\u00e3o de vinhos de mesa da casa. <br>De ter\u00e7a a domingo \u00e0s 10h, 11h, 14h e 15h. Necess\u00e1rio Agendamento pr\u00e9vio. <\/p>\n\n\n\n<h2 class=\"wp-block-heading\"><strong>Almo\u00e7o Caipira <\/strong><\/h2>\n\n\n\n<p>Self-service no fog\u00e3o a lenha: Arroz, Feij\u00e3o, Mandioca frita, Bolinho de arroz frito, Couve, Farofa, Torresmo, Lingui\u00e7a (frita) Frango (frito), Pernil assado e Salada. <br>Aos finais de semana, das 12h30 \u00e0s 14h30. Somente com reserva.<\/p>\n\n\n\n<p><strong>Mais informa\u00e7\u00f5es e agendamentos: <\/strong><\/p>\n\n\n\n<p><strong>WhatsApp:<\/strong> <a rel=\"noreferrer noopener\" href=\"https:\/\/wa.me\/5511994006253\" target=\"_blank\">(11) 99400-6253<\/a><\/p>\n\n\n\n<p><br><\/p>\n<\/div><\/div>\n","protected":false},"excerpt":{"rendered":"<p>Adega Fontebasso Visita Agroturismo Quatro hor\u00e1rios de agendamento di\u00e1rio. Mais informa\u00e7\u00f5es e agendamentos: Telefone: (11) 45843789 WhatsApp: (11) 998554465 Adega e Vin\u00edcola Oliveira Degusta\u00e7\u00e3o sob a sombra do antigo Jatob\u00e1 Degusta\u00e7\u00e3o de t\u00e1bua de p\u00e3es e frios, com vinhos e espumantes, al\u00e9m das geleias artesanais de vinhos. Aos s\u00e1bados e domingos, com agendamento pr\u00e9vio. Mais [&hellip;]<\/p>\n","protected":false},"author":16,"featured_media":0,"parent":1400,"menu_order":0,"comment_status":"closed","ping_status":"closed","template":"","meta":{"footnotes":""},"class_list":["post-1418","page","type-page","status-publish","hentry"],"_links":{"self":[{"href":"https:\/\/rotasturisticas.jundiai.sp.gov.br\/vinho\/wp-json\/wp\/v2\/pages\/1418","targetHints":{"allow":["GET"]}}],"collection":[{"href":"https:\/\/rotasturisticas.jundiai.sp.gov.br\/vinho\/wp-json\/wp\/v2\/pages"}],"about":[{"href":"https:\/\/rotasturisticas.jundiai.sp.gov.br\/vinho\/wp-json\/wp\/v2\/types\/page"}],"author":[{"embeddable":true,"href":"https:\/\/rotasturisticas.jundiai.sp.gov.br\/vinho\/wp-json\/wp\/v2\/users\/16"}],"replies":[{"embeddable":true,"href":"https:\/\/rotasturisticas.jundiai.sp.gov.br\/vinho\/wp-json\/wp\/v2\/comments?post=1418"}],"version-history":[{"count":23,"href":"https:\/\/rotasturisticas.jundiai.sp.gov.br\/vinho\/wp-json\/wp\/v2\/pages\/1418\/revisions"}],"predecessor-version":[{"id":1591,"href":"https:\/\/rotasturisticas.jundiai.sp.gov.br\/vinho\/wp-json\/wp\/v2\/pages\/1418\/revisions\/1591"}],"up":[{"embeddable":true,"href":"https:\/\/rotasturisticas.jundiai.sp.gov.br\/vinho\/wp-json\/wp\/v2\/pages\/1400"}],"wp:attachment":[{"href":"https:\/\/rotasturisticas.jundiai.sp.gov.br\/vinho\/wp-json\/wp\/v2\/media?parent=1418"}],"curies":[{"name":"wp","href":"https:\/\/api.w.org\/{rel}","templated":true}]}}