{"id":1400,"date":"2023-05-31T09:16:30","date_gmt":"2023-05-31T12:16:30","guid":{"rendered":"https:\/\/rotasturisticas.jundiai.sp.gov.br\/vinho\/?page_id=1400"},"modified":"2023-06-07T12:29:54","modified_gmt":"2023-06-07T15:29:54","slug":"diadovinho2023","status":"publish","type":"page","link":"https:\/\/rotasturisticas.jundiai.sp.gov.br\/vinho\/diadovinho2023\/","title":{"rendered":"Dia do Vinho 2023"},"content":{"rendered":"<div class=\"wp-block-image\">\n<figure class=\"aligncenter size-full is-resized\"><img loading=\"lazy\" decoding=\"async\" src=\"http:\/\/rotasturisticas.jundiai.sp.gov.br\/vinho\/wp-content\/uploads\/sites\/7\/2023\/06\/Design-sem-nome-6.png\" alt=\"\" class=\"wp-image-1567\" width=\"627\" height=\"464\" srcset=\"https:\/\/rotasturisticas.jundiai.sp.gov.br\/vinho\/wp-content\/uploads\/sites\/7\/2023\/06\/Design-sem-nome-6.png 1280w, https:\/\/rotasturisticas.jundiai.sp.gov.br\/vinho\/wp-content\/uploads\/sites\/7\/2023\/06\/Design-sem-nome-6-768x569.png 768w\" sizes=\"auto, (max-width: 627px) 100vw, 627px\" \/><\/figure>\n<\/div>\n\n\n<h2 class=\"wp-block-heading has-text-color\" style=\"color:#6b1b65\">Todos os anos celebramos neste per\u00edodo o Dia do Vinho, que \u00e9 comemorado, em n\u00edvel nacional, sempre no primeiro domingo de junho. A partir de 8 de junho teremos diversas atividades para comemorarmos este momento especial com voc\u00eas!<\/h2>\n\n\n\n<h2 class=\"wp-block-heading has-white-color has-text-color has-background\" style=\"background-color:#6b1b65\"><strong>Dia do Vinho 2023 &#8211; Espa\u00e7o Expressa<\/strong><\/h2>\n\n\n\n<div class=\"wp-block-media-text alignwide is-stacked-on-mobile\" style=\"grid-template-columns:38% auto\"><figure class=\"wp-block-media-text__media\"><img loading=\"lazy\" decoding=\"async\" width=\"950\" height=\"950\" src=\"http:\/\/rotasturisticas.jundiai.sp.gov.br\/vinho\/wp-content\/uploads\/sites\/7\/2023\/06\/Dia-do-Vinho-Logo-8-1-950x950.png\" alt=\"\" class=\"wp-image-1556 size-full\" srcset=\"https:\/\/rotasturisticas.jundiai.sp.gov.br\/vinho\/wp-content\/uploads\/sites\/7\/2023\/06\/Dia-do-Vinho-Logo-8-1-950x950.png 950w, https:\/\/rotasturisticas.jundiai.sp.gov.br\/vinho\/wp-content\/uploads\/sites\/7\/2023\/06\/Dia-do-Vinho-Logo-8-1-100x100.png 100w, https:\/\/rotasturisticas.jundiai.sp.gov.br\/vinho\/wp-content\/uploads\/sites\/7\/2023\/06\/Dia-do-Vinho-Logo-8-1-768x768.png 768w, https:\/\/rotasturisticas.jundiai.sp.gov.br\/vinho\/wp-content\/uploads\/sites\/7\/2023\/06\/Dia-do-Vinho-Logo-8-1.png 1000w\" sizes=\"auto, (max-width: 950px) 100vw, 950px\" \/><\/figure><div class=\"wp-block-media-text__content\">\n<p><\/p>\n\n\n\n<p><\/p>\n\n\n\n<p class=\"has-text-color\" style=\"color:#6b1b65\">De 8 a 11 de junho, no Espa\u00e7o Expressa, nove Vin\u00edcolas se re\u00fanem para celebrar o Dia do Vinho 2023.<\/p>\n\n\n\n<p class=\"has-text-color\" style=\"color:#6b1b65\">A partir das 12h teremos muito vinho, food trucks variados e o artesanato do Jundia\u00ed Feito \u00e0 M\u00e3o.<\/p>\n\n\n\n<p class=\"has-text-color\" style=\"color:#6b1b65\">A programa\u00e7\u00e3o conta com o j\u00e1 tradicional Brinde do Vinho, que este ano ser\u00e1 realizado todos os dias do evento, sempre \u00e0s 17h30.<\/p>\n\n\n\n<p class=\"has-text-color\" style=\"color:#6b1b65\">Al\u00e9m disso, todas as noites, \u00e0s 18h30, preparamos uma programa\u00e7\u00e3o musical para agradar aos apreciadores do vinho jundiaiense. <\/p>\n\n\n\n<p class=\"has-text-color\" style=\"color:#6b1b65\">Esperamos por voc\u00eas!!<\/p>\n\n\n\n<p class=\"has-text-color\" style=\"color:#6b1b65\"><\/p>\n\n\n\n<p> <\/p>\n<\/div><\/div>\n\n\n\n<h2 class=\"wp-block-heading has-text-align-center has-text-color\" style=\"color:#6b1b65\"><strong>Programa\u00e7\u00e3o:<\/strong><\/h2>\n\n\n\n<div class=\"wp-block-media-text alignwide has-media-on-the-right is-stacked-on-mobile\" style=\"grid-template-columns:auto 31%\"><div class=\"wp-block-media-text__content\">\n<h2 class=\"wp-block-heading has-white-color has-text-color has-background\" style=\"background-color:#6b1b65\"><strong>08 de junho &#8211; quinta-feira (feriado)<\/strong><\/h2>\n\n\n\n<h2 class=\"wp-block-heading has-text-color\" style=\"color:#6b1b65\">17h30 \u2022 <strong>Brinde do Vinho<\/strong> &#8211; Violinista Bentivi<\/h2>\n\n\n\n<h2 class=\"wp-block-heading has-text-color\" style=\"color:#6b1b65\">18h30 \u2022 <strong>We Will Rock You<\/strong> &#8211; Tributo ao Queen<\/h2>\n<\/div><figure class=\"wp-block-media-text__media\"><img loading=\"lazy\" decoding=\"async\" width=\"1280\" height=\"818\" src=\"https:\/\/rotasturisticas.jundiai.sp.gov.br\/vinho\/wp-content\/uploads\/sites\/7\/2023\/06\/WhatsApp-Image-2023-06-06-at-13.12.35.jpeg\" alt=\"\" class=\"wp-image-1593 size-full\" srcset=\"https:\/\/rotasturisticas.jundiai.sp.gov.br\/vinho\/wp-content\/uploads\/sites\/7\/2023\/06\/WhatsApp-Image-2023-06-06-at-13.12.35.jpeg 1280w, https:\/\/rotasturisticas.jundiai.sp.gov.br\/vinho\/wp-content\/uploads\/sites\/7\/2023\/06\/WhatsApp-Image-2023-06-06-at-13.12.35-768x491.jpeg 768w\" sizes=\"auto, (max-width: 1280px) 100vw, 1280px\" \/><\/figure><\/div>\n\n\n\n<div class=\"wp-block-media-text alignwide is-stacked-on-mobile\" style=\"grid-template-columns:24% auto\"><figure class=\"wp-block-media-text__media\"><img loading=\"lazy\" decoding=\"async\" width=\"629\" height=\"950\" src=\"https:\/\/rotasturisticas.jundiai.sp.gov.br\/vinho\/wp-content\/uploads\/sites\/7\/2023\/06\/WhatsApp-Image-2023-06-06-at-13.12.35-1-629x950.jpeg\" alt=\"\" class=\"wp-image-1595 size-large\" srcset=\"https:\/\/rotasturisticas.jundiai.sp.gov.br\/vinho\/wp-content\/uploads\/sites\/7\/2023\/06\/WhatsApp-Image-2023-06-06-at-13.12.35-1-629x950.jpeg 629w, https:\/\/rotasturisticas.jundiai.sp.gov.br\/vinho\/wp-content\/uploads\/sites\/7\/2023\/06\/WhatsApp-Image-2023-06-06-at-13.12.35-1.jpeg 678w\" sizes=\"auto, (max-width: 629px) 100vw, 629px\" \/><\/figure><div class=\"wp-block-media-text__content\">\n<h2 class=\"wp-block-heading has-white-color has-text-color has-background\" style=\"background-color:#6b1b65\"><strong>09 de junho &#8211; sexta-feira<\/strong><\/h2>\n\n\n\n<h2 class=\"wp-block-heading has-text-color\" style=\"color:#6b1b65\">17h30 \u2022 <strong>Brinde do Vinh<\/strong>o &#8211; Violinista Glaucia Chignolli<\/h2>\n\n\n\n<h2 class=\"wp-block-heading has-text-color\" style=\"color:#6b1b65\">18h30 \u2022 <strong>Yuri Apsy<\/strong> &#8211; Blues<\/h2>\n<\/div><\/div>\n\n\n\n<div class=\"wp-block-media-text alignwide has-media-on-the-right is-stacked-on-mobile\" style=\"grid-template-columns:auto 31%\"><div class=\"wp-block-media-text__content\">\n<h2 class=\"wp-block-heading has-white-color has-text-color has-background\" style=\"background-color:#6b1b65\"><strong>10 de junho &#8211; s\u00e1bado<\/strong><\/h2>\n\n\n\n<h2 class=\"wp-block-heading has-text-color\" style=\"color:#6b1b65\">17h30 \u2022 <strong>Brinde do Vinho &#8211; <\/strong>Violinista Glaucia Chignolli<\/h2>\n\n\n\n<h2 class=\"wp-block-heading has-text-color\" style=\"color:#6b1b65\">18h30 \u2022 Ted Nicotina e os Alcatr\u00f5es &#8211; Rock n&#8217; Roll<\/h2>\n<\/div><figure class=\"wp-block-media-text__media\"><img loading=\"lazy\" decoding=\"async\" width=\"640\" height=\"640\" src=\"https:\/\/rotasturisticas.jundiai.sp.gov.br\/vinho\/wp-content\/uploads\/sites\/7\/2023\/06\/ab67616d0000b27317fea27593686b963bde2b90.jpg\" alt=\"\" class=\"wp-image-1620 size-full\" srcset=\"https:\/\/rotasturisticas.jundiai.sp.gov.br\/vinho\/wp-content\/uploads\/sites\/7\/2023\/06\/ab67616d0000b27317fea27593686b963bde2b90.jpg 640w, https:\/\/rotasturisticas.jundiai.sp.gov.br\/vinho\/wp-content\/uploads\/sites\/7\/2023\/06\/ab67616d0000b27317fea27593686b963bde2b90-100x100.jpg 100w\" sizes=\"auto, (max-width: 640px) 100vw, 640px\" \/><\/figure><\/div>\n\n\n\n<div class=\"wp-block-media-text alignwide is-stacked-on-mobile\" style=\"grid-template-columns:32% auto\"><figure class=\"wp-block-media-text__media\"><img loading=\"lazy\" decoding=\"async\" width=\"1280\" height=\"853\" src=\"https:\/\/rotasturisticas.jundiai.sp.gov.br\/vinho\/wp-content\/uploads\/sites\/7\/2023\/06\/WhatsApp-Image-2023-06-06-at-13.12.35-2.jpeg\" alt=\"\" class=\"wp-image-1601 size-full\" srcset=\"https:\/\/rotasturisticas.jundiai.sp.gov.br\/vinho\/wp-content\/uploads\/sites\/7\/2023\/06\/WhatsApp-Image-2023-06-06-at-13.12.35-2.jpeg 1280w, https:\/\/rotasturisticas.jundiai.sp.gov.br\/vinho\/wp-content\/uploads\/sites\/7\/2023\/06\/WhatsApp-Image-2023-06-06-at-13.12.35-2-768x512.jpeg 768w\" sizes=\"auto, (max-width: 1280px) 100vw, 1280px\" \/><\/figure><div class=\"wp-block-media-text__content\">\n<h2 class=\"wp-block-heading has-white-color has-text-color has-background\" style=\"background-color:#6b1b65\"><strong>11 de junho &#8211; domingo<\/strong><\/h2>\n\n\n\n<h2 class=\"wp-block-heading has-text-color\" style=\"color:#6b1b65\">17h30 \u2022 <strong>Brinde do Vinh<\/strong>o &#8211; Violinista Glaucia Chignolli<\/h2>\n\n\n\n<h2 class=\"wp-block-heading has-text-color\" style=\"color:#6b1b65\">18h30 \u2022 <strong>Still Folk &#8211; Folk Rock<\/strong><\/h2>\n<\/div><\/div>\n\n\n\n<h2 class=\"wp-block-heading has-white-color has-text-color has-background\" style=\"background-color:#6b1b65\"><strong>Dia do Vinho 2023 &#8211; Programa\u00e7\u00e3o nas Adegas e Vin\u00edcolas<\/strong><\/h2>\n\n\n\n<p>Para comemorar em grande estilo nossas Vin\u00edcolas e Adegas prepararam uma programa\u00e7\u00e3o especial!<\/p>\n","protected":false},"excerpt":{"rendered":"<p>Todos os anos celebramos neste per\u00edodo o Dia do Vinho, que \u00e9 comemorado, em n\u00edvel nacional, sempre no primeiro domingo de junho. A partir de 8 de junho teremos diversas atividades para comemorarmos este momento especial com voc\u00eas! Dia do Vinho 2023 &#8211; Espa\u00e7o Expressa De 8 a 11 de junho, no Espa\u00e7o Expressa, nove [&hellip;]<\/p>\n","protected":false},"author":16,"featured_media":0,"parent":0,"menu_order":0,"comment_status":"closed","ping_status":"closed","template":"","meta":{"footnotes":""},"class_list":["post-1400","page","type-page","status-publish","hentry"],"_links":{"self":[{"href":"https:\/\/rotasturisticas.jundiai.sp.gov.br\/vinho\/wp-json\/wp\/v2\/pages\/1400","targetHints":{"allow":["GET"]}}],"collection":[{"href":"https:\/\/rotasturisticas.jundiai.sp.gov.br\/vinho\/wp-json\/wp\/v2\/pages"}],"about":[{"href":"https:\/\/rotasturisticas.jundiai.sp.gov.br\/vinho\/wp-json\/wp\/v2\/types\/page"}],"author":[{"embeddable":true,"href":"https:\/\/rotasturisticas.jundiai.sp.gov.br\/vinho\/wp-json\/wp\/v2\/users\/16"}],"replies":[{"embeddable":true,"href":"https:\/\/rotasturisticas.jundiai.sp.gov.br\/vinho\/wp-json\/wp\/v2\/comments?post=1400"}],"version-history":[{"count":40,"href":"https:\/\/rotasturisticas.jundiai.sp.gov.br\/vinho\/wp-json\/wp\/v2\/pages\/1400\/revisions"}],"predecessor-version":[{"id":1623,"href":"https:\/\/rotasturisticas.jundiai.sp.gov.br\/vinho\/wp-json\/wp\/v2\/pages\/1400\/revisions\/1623"}],"wp:attachment":[{"href":"https:\/\/rotasturisticas.jundiai.sp.gov.br\/vinho\/wp-json\/wp\/v2\/media?parent=1400"}],"curies":[{"name":"wp","href":"https:\/\/api.w.org\/{rel}","templated":true}]}}