{"id":1282,"date":"2022-06-01T11:41:44","date_gmt":"2022-06-01T14:41:44","guid":{"rendered":"https:\/\/rotasturisticas.jundiai.sp.gov.br\/vinho\/?page_id=1282"},"modified":"2022-06-02T10:13:25","modified_gmt":"2022-06-02T13:13:25","slug":"programacao-dia-do-vinho-2022","status":"publish","type":"page","link":"https:\/\/rotasturisticas.jundiai.sp.gov.br\/vinho\/diadovinho\/programacao-dia-do-vinho-2022\/","title":{"rendered":"Programa\u00e7\u00e3o nas Adegas e Vin\u00edcolas"},"content":{"rendered":"<div class=\"wp-block-image\">\n<figure class=\"aligncenter size-full\"><img loading=\"lazy\" decoding=\"async\" width=\"491\" height=\"277\" src=\"http:\/\/rotasturisticas.jundiai.sp.gov.br\/vinho\/wp-content\/uploads\/sites\/7\/2022\/06\/WhatsApp-Image-2022-06-01-at-17.25.39-1.jpeg\" alt=\"\" class=\"wp-image-1321\" srcset=\"https:\/\/rotasturisticas.jundiai.sp.gov.br\/vinho\/wp-content\/uploads\/sites\/7\/2022\/06\/WhatsApp-Image-2022-06-01-at-17.25.39-1.jpeg 491w, https:\/\/rotasturisticas.jundiai.sp.gov.br\/vinho\/wp-content\/uploads\/sites\/7\/2022\/06\/WhatsApp-Image-2022-06-01-at-17.25.39-1-300x169.jpeg 300w\" sizes=\"auto, (max-width: 491px) 100vw, 491px\" \/><\/figure>\n<\/div>\n\n\n<h3 class=\"wp-block-heading\">Confira a programa\u00e7\u00e3o em nossas Adegas e Vin\u00edcolas<\/h3>\n\n\n\n<h2 class=\"wp-block-heading\"><a rel=\"noreferrer noopener\" href=\"https:\/\/rotasturisticas.jundiai.sp.gov.br\/vinho\/o-que-visitar\/adega-fontebasso\/\" target=\"_blank\">Adega Fontebasso<\/a><\/h2>\n\n\n\n<div class=\"wp-block-media-text alignwide is-stacked-on-mobile is-image-fill\" style=\"grid-template-columns:26% auto\"><figure class=\"wp-block-media-text__media\" style=\"background-image:url(https:\/\/rotasturisticas.jundiai.sp.gov.br\/vinho\/wp-content\/uploads\/sites\/7\/2022\/06\/IMG-20171229-WA0006-Rodinei-Fontebasso-720x960.jpg);background-position:50% 50%\"><img loading=\"lazy\" decoding=\"async\" width=\"720\" height=\"960\" src=\"https:\/\/rotasturisticas.jundiai.sp.gov.br\/vinho\/wp-content\/uploads\/sites\/7\/2022\/06\/IMG-20171229-WA0006-Rodinei-Fontebasso-720x960.jpg\" alt=\"\" class=\"wp-image-1338 size-full\" srcset=\"https:\/\/rotasturisticas.jundiai.sp.gov.br\/vinho\/wp-content\/uploads\/sites\/7\/2022\/06\/IMG-20171229-WA0006-Rodinei-Fontebasso-720x960.jpg 720w, https:\/\/rotasturisticas.jundiai.sp.gov.br\/vinho\/wp-content\/uploads\/sites\/7\/2022\/06\/IMG-20171229-WA0006-Rodinei-Fontebasso-300x400.jpg 300w, https:\/\/rotasturisticas.jundiai.sp.gov.br\/vinho\/wp-content\/uploads\/sites\/7\/2022\/06\/IMG-20171229-WA0006-Rodinei-Fontebasso.jpg 768w\" sizes=\"auto, (max-width: 720px) 100vw, 720px\" \/><\/figure><div class=\"wp-block-media-text__content\">\n<p><strong>Visita a planta\u00e7\u00e3o e vin\u00edcola<\/strong><\/p>\n\n\n\n<p>Aos finais de semana. Necess\u00e1rio agendamento antecipado. <\/p>\n\n\n\n<p>Mais informa\u00e7\u00f5es e agendamentos: (11) 99855-4465<\/p>\n<\/div><\/div>\n\n\n\n<h2 class=\"wp-block-heading\"><br><a rel=\"noreferrer noopener\" href=\"https:\/\/rotasturisticas.jundiai.sp.gov.br\/vinho\/o-que-visitar\/adega-marquesin\/\" target=\"_blank\">Adega Marquesim<\/a><\/h2>\n\n\n\n<div class=\"wp-block-media-text alignwide is-stacked-on-mobile is-image-fill\" style=\"grid-template-columns:28% auto\"><figure class=\"wp-block-media-text__media\" style=\"background-image:url(https:\/\/rotasturisticas.jundiai.sp.gov.br\/vinho\/wp-content\/uploads\/sites\/7\/2022\/06\/1-1-Evandro-Marquesim-920x850.jpg);background-position:50% 50%\"><img loading=\"lazy\" decoding=\"async\" width=\"920\" height=\"850\" src=\"https:\/\/rotasturisticas.jundiai.sp.gov.br\/vinho\/wp-content\/uploads\/sites\/7\/2022\/06\/1-1-Evandro-Marquesim-920x850.jpg\" alt=\"\" class=\"wp-image-1328 size-full\" srcset=\"https:\/\/rotasturisticas.jundiai.sp.gov.br\/vinho\/wp-content\/uploads\/sites\/7\/2022\/06\/1-1-Evandro-Marquesim-920x850.jpg 920w, https:\/\/rotasturisticas.jundiai.sp.gov.br\/vinho\/wp-content\/uploads\/sites\/7\/2022\/06\/1-1-Evandro-Marquesim-300x277.jpg 300w, https:\/\/rotasturisticas.jundiai.sp.gov.br\/vinho\/wp-content\/uploads\/sites\/7\/2022\/06\/1-1-Evandro-Marquesim-768x709.jpg 768w, https:\/\/rotasturisticas.jundiai.sp.gov.br\/vinho\/wp-content\/uploads\/sites\/7\/2022\/06\/1-1-Evandro-Marquesim.jpg 1280w\" sizes=\"auto, (max-width: 920px) 100vw, 920px\" \/><\/figure><div class=\"wp-block-media-text__content\">\n<p><strong>Degusta\u00e7\u00e3o de vinhos e licores<\/strong><\/p>\n\n\n\n<p>N\u00e3o \u00e9 necess\u00e1rio agendamento pr\u00e9vio.<\/p>\n\n\n\n<p>Mais informa\u00e7\u00f5es: (11) 4584-6622 \/ 97157-0034<\/p>\n<\/div><\/div>\n\n\n\n<h2 class=\"wp-block-heading\"><a rel=\"noreferrer noopener\" href=\"https:\/\/rotasturisticas.jundiai.sp.gov.br\/vinho\/o-que-visitar\/adega-maziero\/\" target=\"_blank\">Adega Maziero<\/a><\/h2>\n\n\n\n<div class=\"wp-block-media-text alignwide is-stacked-on-mobile is-image-fill\" style=\"grid-template-columns:27% auto\"><figure class=\"wp-block-media-text__media\" style=\"background-image:url(https:\/\/rotasturisticas.jundiai.sp.gov.br\/vinho\/wp-content\/uploads\/sites\/7\/2022\/06\/155EC22F-73BA-4A0C-AD28-56FCF8C45252-Rafaela-Eduarda-720x960.jpeg);background-position:50% 50%\"><img loading=\"lazy\" decoding=\"async\" width=\"720\" height=\"960\" src=\"https:\/\/rotasturisticas.jundiai.sp.gov.br\/vinho\/wp-content\/uploads\/sites\/7\/2022\/06\/155EC22F-73BA-4A0C-AD28-56FCF8C45252-Rafaela-Eduarda-720x960.jpeg\" alt=\"\" class=\"wp-image-1335 size-full\" srcset=\"https:\/\/rotasturisticas.jundiai.sp.gov.br\/vinho\/wp-content\/uploads\/sites\/7\/2022\/06\/155EC22F-73BA-4A0C-AD28-56FCF8C45252-Rafaela-Eduarda-720x960.jpeg 720w, https:\/\/rotasturisticas.jundiai.sp.gov.br\/vinho\/wp-content\/uploads\/sites\/7\/2022\/06\/155EC22F-73BA-4A0C-AD28-56FCF8C45252-Rafaela-Eduarda-300x400.jpeg 300w, https:\/\/rotasturisticas.jundiai.sp.gov.br\/vinho\/wp-content\/uploads\/sites\/7\/2022\/06\/155EC22F-73BA-4A0C-AD28-56FCF8C45252-Rafaela-Eduarda-768x1024.jpeg 768w, https:\/\/rotasturisticas.jundiai.sp.gov.br\/vinho\/wp-content\/uploads\/sites\/7\/2022\/06\/155EC22F-73BA-4A0C-AD28-56FCF8C45252-Rafaela-Eduarda-1152x1536.jpeg 1152w, https:\/\/rotasturisticas.jundiai.sp.gov.br\/vinho\/wp-content\/uploads\/sites\/7\/2022\/06\/155EC22F-73BA-4A0C-AD28-56FCF8C45252-Rafaela-Eduarda.jpeg 1280w\" sizes=\"auto, (max-width: 720px) 100vw, 720px\" \/><\/figure><div class=\"wp-block-media-text__content\">\n<p><strong>Degusta\u00e7\u00e3o de vinhos<\/strong><\/p>\n\n\n\n<p>N\u00e3o \u00e9 necess\u00e1rio agendamento pr\u00e9vio.<\/p>\n\n\n\n<p>Mais informa\u00e7\u00f5es: (11) 4584-1810<\/p>\n<\/div><\/div>\n\n\n\n<h2 class=\"wp-block-heading\"><a rel=\"noreferrer noopener\" href=\"https:\/\/rotasturisticas.jundiai.sp.gov.br\/vinho\/o-que-visitar\/adega-oliveira\/\" target=\"_blank\">Adega Oliveira<\/a><\/h2>\n\n\n\n<div class=\"wp-block-media-text alignwide is-stacked-on-mobile is-image-fill\" style=\"grid-template-columns:24% auto\"><figure class=\"wp-block-media-text__media\" style=\"background-image:url(https:\/\/rotasturisticas.jundiai.sp.gov.br\/vinho\/wp-content\/uploads\/sites\/7\/2022\/06\/20220409_115942-Mirian-Oliveira-1-467x960.jpg);background-position:50% 50%\"><img loading=\"lazy\" decoding=\"async\" width=\"467\" height=\"960\" src=\"https:\/\/rotasturisticas.jundiai.sp.gov.br\/vinho\/wp-content\/uploads\/sites\/7\/2022\/06\/20220409_115942-Mirian-Oliveira-1-467x960.jpg\" alt=\"\" class=\"wp-image-1337 size-full\" srcset=\"https:\/\/rotasturisticas.jundiai.sp.gov.br\/vinho\/wp-content\/uploads\/sites\/7\/2022\/06\/20220409_115942-Mirian-Oliveira-1-467x960.jpg 467w, https:\/\/rotasturisticas.jundiai.sp.gov.br\/vinho\/wp-content\/uploads\/sites\/7\/2022\/06\/20220409_115942-Mirian-Oliveira-1-243x500.jpg 243w, https:\/\/rotasturisticas.jundiai.sp.gov.br\/vinho\/wp-content\/uploads\/sites\/7\/2022\/06\/20220409_115942-Mirian-Oliveira-1-768x1580.jpg 768w, https:\/\/rotasturisticas.jundiai.sp.gov.br\/vinho\/wp-content\/uploads\/sites\/7\/2022\/06\/20220409_115942-Mirian-Oliveira-1-995x2048.jpg 995w, https:\/\/rotasturisticas.jundiai.sp.gov.br\/vinho\/wp-content\/uploads\/sites\/7\/2022\/06\/20220409_115942-Mirian-Oliveira-1-scaled.jpg 1244w\" sizes=\"auto, (max-width: 467px) 100vw, 467px\" \/><\/figure><div class=\"wp-block-media-text__content\">\n<p><strong>Degusta\u00e7\u00e3o de vinhos e espumantes, com t\u00e1bua de queijos e p\u00e3es, \u00e0 sombra de um Jatob\u00e1<\/strong><\/p>\n\n\n\n<p>Aos s\u00e1bados e domingos, com hor\u00e1rios pr\u00e9-agendados. <\/p>\n\n\n\n<p>Necess\u00e1rio agendamento antecipado. <\/p>\n\n\n\n<p>Mais informa\u00e7\u00f5es e agendamentos: (11) 97201-0667<\/p>\n<\/div><\/div>\n\n\n\n<h2 class=\"wp-block-heading\"><a rel=\"noreferrer noopener\" href=\"https:\/\/rotasturisticas.jundiai.sp.gov.br\/vinho\/o-que-visitar\/adega-santa-cecilia\/\" target=\"_blank\">Adega Santa Cec\u00edlia<\/a><\/h2>\n\n\n\n<div class=\"wp-block-media-text alignwide is-stacked-on-mobile is-image-fill\" style=\"grid-template-columns:28% auto\"><figure class=\"wp-block-media-text__media\" style=\"background-image:url(https:\/\/rotasturisticas.jundiai.sp.gov.br\/vinho\/wp-content\/uploads\/sites\/7\/2022\/06\/IMG-20220407-WA0021-Patricia-Marcelino-Tancredi-1-920x614.jpg);background-position:50% 50%\"><img loading=\"lazy\" decoding=\"async\" width=\"920\" height=\"614\" src=\"https:\/\/rotasturisticas.jundiai.sp.gov.br\/vinho\/wp-content\/uploads\/sites\/7\/2022\/06\/IMG-20220407-WA0021-Patricia-Marcelino-Tancredi-1-920x614.jpg\" alt=\"\" class=\"wp-image-1330 size-full\" srcset=\"https:\/\/rotasturisticas.jundiai.sp.gov.br\/vinho\/wp-content\/uploads\/sites\/7\/2022\/06\/IMG-20220407-WA0021-Patricia-Marcelino-Tancredi-1-920x614.jpg 920w, https:\/\/rotasturisticas.jundiai.sp.gov.br\/vinho\/wp-content\/uploads\/sites\/7\/2022\/06\/IMG-20220407-WA0021-Patricia-Marcelino-Tancredi-1-300x200.jpg 300w, https:\/\/rotasturisticas.jundiai.sp.gov.br\/vinho\/wp-content\/uploads\/sites\/7\/2022\/06\/IMG-20220407-WA0021-Patricia-Marcelino-Tancredi-1-768x512.jpg 768w, https:\/\/rotasturisticas.jundiai.sp.gov.br\/vinho\/wp-content\/uploads\/sites\/7\/2022\/06\/IMG-20220407-WA0021-Patricia-Marcelino-Tancredi-1.jpg 1241w\" sizes=\"auto, (max-width: 920px) 100vw, 920px\" \/><\/figure><div class=\"wp-block-media-text__content\">\n<p><strong>Degusta\u00e7\u00e3o Premium<\/strong><\/p>\n\n\n\n<p>Aos finais de semana, das 10h \u00e0s 16h.<\/p>\n\n\n\n<p>Necess\u00e1rio agendamento antecipado. <\/p>\n\n\n\n<p>Mais informa\u00e7\u00f5es e agendamentos: <br>(11) 99652-8548 ou pelo e-mail paty.t24@outlook.com<\/p>\n<\/div><\/div>\n\n\n\n<h2 class=\"wp-block-heading\"><a rel=\"noreferrer noopener\" href=\"https:\/\/rotasturisticas.jundiai.sp.gov.br\/vinho\/o-que-visitar\/adega-vendramin\/\" target=\"_blank\">Adega Vendramin<\/a><\/h2>\n\n\n\n<div class=\"wp-block-media-text alignwide is-stacked-on-mobile is-image-fill\" style=\"grid-template-columns:28% auto\"><figure class=\"wp-block-media-text__media\" style=\"background-image:url(https:\/\/rotasturisticas.jundiai.sp.gov.br\/vinho\/wp-content\/uploads\/sites\/7\/2022\/06\/IMG-20220306-WA0006-Vera-Vendramin.jpg);background-position:50% 50%\"><img loading=\"lazy\" decoding=\"async\" width=\"839\" height=\"839\" src=\"https:\/\/rotasturisticas.jundiai.sp.gov.br\/vinho\/wp-content\/uploads\/sites\/7\/2022\/06\/IMG-20220306-WA0006-Vera-Vendramin.jpg\" alt=\"\" class=\"wp-image-1334 size-full\" srcset=\"https:\/\/rotasturisticas.jundiai.sp.gov.br\/vinho\/wp-content\/uploads\/sites\/7\/2022\/06\/IMG-20220306-WA0006-Vera-Vendramin.jpg 839w, https:\/\/rotasturisticas.jundiai.sp.gov.br\/vinho\/wp-content\/uploads\/sites\/7\/2022\/06\/IMG-20220306-WA0006-Vera-Vendramin-300x300.jpg 300w, https:\/\/rotasturisticas.jundiai.sp.gov.br\/vinho\/wp-content\/uploads\/sites\/7\/2022\/06\/IMG-20220306-WA0006-Vera-Vendramin-150x150.jpg 150w, https:\/\/rotasturisticas.jundiai.sp.gov.br\/vinho\/wp-content\/uploads\/sites\/7\/2022\/06\/IMG-20220306-WA0006-Vera-Vendramin-768x768.jpg 768w\" sizes=\"auto, (max-width: 839px) 100vw, 839px\" \/><\/figure><div class=\"wp-block-media-text__content\">\n<p><strong>Caf\u00e9 da Manh\u00e3<\/strong> <\/p>\n\n\n\n<p>Dias 11 e 12 de junho, das 8h \u00e0s 11h. <\/p>\n\n\n\n<p>Necess\u00e1rio agendamento antecipado at\u00e9 dia 09 de junho.<\/p>\n\n\n\n<p>Mais informa\u00e7\u00f5es e agendamentos: <br>(11) 97102-8708<\/p>\n<\/div><\/div>\n\n\n\n<h2 class=\"wp-block-heading\"><a href=\"https:\/\/rotasturisticas.jundiai.sp.gov.br\/vinho\/o-que-visitar\/adega-martins-vinhos-don-marte\/\" target=\"_blank\" rel=\"noreferrer noopener\">Casa Martins<\/a><\/h2>\n\n\n\n<div class=\"wp-block-media-text alignwide is-stacked-on-mobile is-image-fill\" style=\"grid-template-columns:28% auto\"><figure class=\"wp-block-media-text__media\" style=\"background-image:url(https:\/\/rotasturisticas.jundiai.sp.gov.br\/vinho\/wp-content\/uploads\/sites\/7\/2022\/06\/20220424_101335-Silvia-e-Amarildo-Martins-920x690.jpg);background-position:50% 50%\"><img loading=\"lazy\" decoding=\"async\" width=\"920\" height=\"690\" src=\"https:\/\/rotasturisticas.jundiai.sp.gov.br\/vinho\/wp-content\/uploads\/sites\/7\/2022\/06\/20220424_101335-Silvia-e-Amarildo-Martins-920x690.jpg\" alt=\"\" class=\"wp-image-1332 size-full\" srcset=\"https:\/\/rotasturisticas.jundiai.sp.gov.br\/vinho\/wp-content\/uploads\/sites\/7\/2022\/06\/20220424_101335-Silvia-e-Amarildo-Martins-920x690.jpg 920w, https:\/\/rotasturisticas.jundiai.sp.gov.br\/vinho\/wp-content\/uploads\/sites\/7\/2022\/06\/20220424_101335-Silvia-e-Amarildo-Martins-300x225.jpg 300w, https:\/\/rotasturisticas.jundiai.sp.gov.br\/vinho\/wp-content\/uploads\/sites\/7\/2022\/06\/20220424_101335-Silvia-e-Amarildo-Martins-768x576.jpg 768w, https:\/\/rotasturisticas.jundiai.sp.gov.br\/vinho\/wp-content\/uploads\/sites\/7\/2022\/06\/20220424_101335-Silvia-e-Amarildo-Martins.jpg 1280w\" sizes=\"auto, (max-width: 920px) 100vw, 920px\" \/><\/figure><div class=\"wp-block-media-text__content\">\n<p><strong>Atendimento aos finais de semana<\/strong><\/p>\n\n\n\n<p>Necess\u00e1rio agendamento antecipado.<\/p>\n\n\n\n<p>Mais informa\u00e7\u00f5es e agendamentos: <br>(11) 99919-5743<\/p>\n<\/div><\/div>\n\n\n\n<h2 class=\"wp-block-heading\"><a href=\"https:\/\/rotasturisticas.jundiai.sp.gov.br\/vinho\/o-que-visitar\/adega-casa-de-pizzo\/\" target=\"_blank\" rel=\"noreferrer noopener\">Casa de Pizzo<\/a><\/h2>\n\n\n\n<div class=\"wp-block-media-text alignwide is-stacked-on-mobile is-image-fill\" style=\"grid-template-columns:29% auto\"><figure class=\"wp-block-media-text__media\" style=\"background-image:url(https:\/\/rotasturisticas.jundiai.sp.gov.br\/vinho\/wp-content\/uploads\/sites\/7\/2022\/06\/IMG_20220427_113851_842-Elizabeth-Pizzolante-920x920.jpg);background-position:50% 50%\"><img loading=\"lazy\" decoding=\"async\" width=\"920\" height=\"920\" src=\"https:\/\/rotasturisticas.jundiai.sp.gov.br\/vinho\/wp-content\/uploads\/sites\/7\/2022\/06\/IMG_20220427_113851_842-Elizabeth-Pizzolante-920x920.jpg\" alt=\"\" class=\"wp-image-1333 size-full\" srcset=\"https:\/\/rotasturisticas.jundiai.sp.gov.br\/vinho\/wp-content\/uploads\/sites\/7\/2022\/06\/IMG_20220427_113851_842-Elizabeth-Pizzolante-920x920.jpg 920w, https:\/\/rotasturisticas.jundiai.sp.gov.br\/vinho\/wp-content\/uploads\/sites\/7\/2022\/06\/IMG_20220427_113851_842-Elizabeth-Pizzolante-300x300.jpg 300w, https:\/\/rotasturisticas.jundiai.sp.gov.br\/vinho\/wp-content\/uploads\/sites\/7\/2022\/06\/IMG_20220427_113851_842-Elizabeth-Pizzolante-150x150.jpg 150w, https:\/\/rotasturisticas.jundiai.sp.gov.br\/vinho\/wp-content\/uploads\/sites\/7\/2022\/06\/IMG_20220427_113851_842-Elizabeth-Pizzolante-768x768.jpg 768w, https:\/\/rotasturisticas.jundiai.sp.gov.br\/vinho\/wp-content\/uploads\/sites\/7\/2022\/06\/IMG_20220427_113851_842-Elizabeth-Pizzolante.jpg 1280w\" sizes=\"auto, (max-width: 920px) 100vw, 920px\" \/><\/figure><div class=\"wp-block-media-text__content\">\n<p><strong>Degusta\u00e7\u00e3o harmonizada<\/strong><\/p>\n\n\n\n<p>Degusta\u00e7\u00e3o com dura\u00e7\u00e3o de 2 horas. Primeiro hor\u00e1rio: \u00e0s 10h. Segundo hor\u00e1rio: \u00e0s 15h<\/p>\n\n\n\n<p>Necess\u00e1rio agendamento antecipado. <\/p>\n\n\n\n<p>Mais informa\u00e7\u00f5es e agendamentos: <br>(11) 97110-0990 \/ 97152-0208<\/p>\n<\/div><\/div>\n\n\n\n<h2 class=\"wp-block-heading\"><a href=\"https:\/\/rotasturisticas.jundiai.sp.gov.br\/vinho\/o-que-visitar\/adega-do-portugues\/\" target=\"_blank\" rel=\"noreferrer noopener\">S\u00edtio do Portugu\u00eas<\/a><\/h2>\n\n\n\n<div class=\"wp-block-media-text alignwide is-stacked-on-mobile is-image-fill\" style=\"grid-template-columns:29% auto\"><figure class=\"wp-block-media-text__media\" style=\"background-image:url(https:\/\/rotasturisticas.jundiai.sp.gov.br\/vinho\/wp-content\/uploads\/sites\/7\/2022\/06\/9E10BEF9-B6B6-4CCB-AC20-DD5366B369B2-acmoniz@terra.com_.br_.jpeg);background-position:50% 50%\"><img loading=\"lazy\" decoding=\"async\" width=\"640\" height=\"640\" src=\"https:\/\/rotasturisticas.jundiai.sp.gov.br\/vinho\/wp-content\/uploads\/sites\/7\/2022\/06\/9E10BEF9-B6B6-4CCB-AC20-DD5366B369B2-acmoniz@terra.com_.br_.jpeg\" alt=\"\" class=\"wp-image-1331 size-full\" srcset=\"https:\/\/rotasturisticas.jundiai.sp.gov.br\/vinho\/wp-content\/uploads\/sites\/7\/2022\/06\/9E10BEF9-B6B6-4CCB-AC20-DD5366B369B2-acmoniz@terra.com_.br_.jpeg 640w, https:\/\/rotasturisticas.jundiai.sp.gov.br\/vinho\/wp-content\/uploads\/sites\/7\/2022\/06\/9E10BEF9-B6B6-4CCB-AC20-DD5366B369B2-acmoniz@terra.com_.br_-300x300.jpeg 300w, https:\/\/rotasturisticas.jundiai.sp.gov.br\/vinho\/wp-content\/uploads\/sites\/7\/2022\/06\/9E10BEF9-B6B6-4CCB-AC20-DD5366B369B2-acmoniz@terra.com_.br_-150x150.jpeg 150w\" sizes=\"auto, (max-width: 640px) 100vw, 640px\" \/><\/figure><div class=\"wp-block-media-text__content\">\n<p><strong>Visita\u00e7\u00e3o, degusta\u00e7\u00e3o, apresenta\u00e7\u00e3o do vinho e os 5 sentidos<\/strong>.<\/p>\n\n\n\n<p>N\u00e3o \u00e9 necess\u00e1rio agendamento pr\u00e9vio.<\/p>\n\n\n\n<p>Mais informa\u00e7\u00f5es e agendamentos: <\/p>\n\n\n\n<p>(11) 99206-9150<\/p>\n<\/div><\/div>\n\n\n\n<h2 class=\"wp-block-heading\"><a href=\"https:\/\/rotasturisticas.jundiai.sp.gov.br\/vinho\/o-que-visitar\/adega-saccomani\/\" target=\"_blank\" rel=\"noreferrer noopener\">Vin\u00edcola Saccomani<\/a><\/h2>\n\n\n\n<div class=\"wp-block-media-text alignwide is-stacked-on-mobile\" style=\"grid-template-columns:29% auto\"><figure class=\"wp-block-media-text__media\"><img loading=\"lazy\" decoding=\"async\" width=\"526\" height=\"526\" src=\"https:\/\/rotasturisticas.jundiai.sp.gov.br\/vinho\/wp-content\/uploads\/sites\/7\/2022\/06\/saccomani.jpg\" alt=\"\" class=\"wp-image-1342 size-full\" srcset=\"https:\/\/rotasturisticas.jundiai.sp.gov.br\/vinho\/wp-content\/uploads\/sites\/7\/2022\/06\/saccomani.jpg 526w, https:\/\/rotasturisticas.jundiai.sp.gov.br\/vinho\/wp-content\/uploads\/sites\/7\/2022\/06\/saccomani-300x300.jpg 300w, https:\/\/rotasturisticas.jundiai.sp.gov.br\/vinho\/wp-content\/uploads\/sites\/7\/2022\/06\/saccomani-150x150.jpg 150w\" sizes=\"auto, (max-width: 526px) 100vw, 526px\" \/><\/figure><div class=\"wp-block-media-text__content\">\n<p><strong>Noite do Vinho e Harmoniza\u00e7\u00e3o<\/strong><\/p>\n\n\n\n<p>Em comemora\u00e7\u00e3o ao dia Nacional do Vinho, teremos uma Noite Especial.<br>Nesta noite especial vamos harmonizar Vinho, Espumante e Grapa (a cacha\u00e7a da uva) com petiscos caipira requintados. ap\u00f3s a harmoniza\u00e7\u00e3o vamos saborear o famoso Pernil Saccomani com p\u00e3o e vinagrete.<br><br>04 de junho, das 19h as 22h.<br>Necess\u00e1rio agendamento antecipado. <br><br>Mais informa\u00e7\u00f5es e agendamento: (11)99400-6253<\/p>\n<\/div><\/div>\n\n\n\n<p><\/p>\n\n\n\n<p><strong>Noite de Caldos Caipira<\/strong><\/p>\n\n\n\n<p>Em comemora\u00e7\u00e3o ao dia Nacional do Vinho, teremos uma Noite Especial.<br>Nesta noite especial que antecede o dia dos Namorados vamos tornar o clima mais especial, com 5 op\u00e7\u00f5es de caldos caipira.<br>11 de junho, das 19h as 22h.<br>Necess\u00e1rio agendamento antecipado.<br>Mais informa\u00e7\u00f5es e agendamento: (11)99400-6253<\/p>\n","protected":false},"excerpt":{"rendered":"<p>Confira a programa\u00e7\u00e3o em nossas Adegas e Vin\u00edcolas Adega Fontebasso Visita a planta\u00e7\u00e3o e vin\u00edcola Aos finais de semana. Necess\u00e1rio agendamento antecipado. Mais informa\u00e7\u00f5es e agendamentos: (11) 99855-4465 Adega Marquesim Degusta\u00e7\u00e3o de vinhos e licores N\u00e3o \u00e9 necess\u00e1rio agendamento pr\u00e9vio. Mais informa\u00e7\u00f5es: (11) 4584-6622 \/ 97157-0034 Adega Maziero Degusta\u00e7\u00e3o de vinhos N\u00e3o \u00e9 necess\u00e1rio agendamento [&hellip;]<\/p>\n","protected":false},"author":16,"featured_media":0,"parent":1174,"menu_order":0,"comment_status":"closed","ping_status":"closed","template":"","meta":{"footnotes":""},"class_list":["post-1282","page","type-page","status-publish","hentry"],"_links":{"self":[{"href":"https:\/\/rotasturisticas.jundiai.sp.gov.br\/vinho\/wp-json\/wp\/v2\/pages\/1282","targetHints":{"allow":["GET"]}}],"collection":[{"href":"https:\/\/rotasturisticas.jundiai.sp.gov.br\/vinho\/wp-json\/wp\/v2\/pages"}],"about":[{"href":"https:\/\/rotasturisticas.jundiai.sp.gov.br\/vinho\/wp-json\/wp\/v2\/types\/page"}],"author":[{"embeddable":true,"href":"https:\/\/rotasturisticas.jundiai.sp.gov.br\/vinho\/wp-json\/wp\/v2\/users\/16"}],"replies":[{"embeddable":true,"href":"https:\/\/rotasturisticas.jundiai.sp.gov.br\/vinho\/wp-json\/wp\/v2\/comments?post=1282"}],"version-history":[{"count":23,"href":"https:\/\/rotasturisticas.jundiai.sp.gov.br\/vinho\/wp-json\/wp\/v2\/pages\/1282\/revisions"}],"predecessor-version":[{"id":1347,"href":"https:\/\/rotasturisticas.jundiai.sp.gov.br\/vinho\/wp-json\/wp\/v2\/pages\/1282\/revisions\/1347"}],"up":[{"embeddable":true,"href":"https:\/\/rotasturisticas.jundiai.sp.gov.br\/vinho\/wp-json\/wp\/v2\/pages\/1174"}],"wp:attachment":[{"href":"https:\/\/rotasturisticas.jundiai.sp.gov.br\/vinho\/wp-json\/wp\/v2\/media?parent=1282"}],"curies":[{"name":"wp","href":"https:\/\/api.w.org\/{rel}","templated":true}]}}