{"id":126,"date":"2018-02-27T16:39:29","date_gmt":"2018-02-27T19:39:29","guid":{"rendered":"http:\/\/rotasturisticas.jundiai.sp.gov.br\/vinho\/?page_id=126"},"modified":"2023-06-01T16:58:37","modified_gmt":"2023-06-01T19:58:37","slug":"vinicola-castanho","status":"publish","type":"page","link":"https:\/\/rotasturisticas.jundiai.sp.gov.br\/vinho\/o-que-visitar\/vinicola-castanho\/","title":{"rendered":"Vin\u00edcola Castanho"},"content":{"rendered":"\n<p><strong>Endere\u00e7o<\/strong>:\u00a0Travessa dos Patos, 1050 \u2013 Bairro Castanho (Km 55,5 da Rodovia Tancredo Neves\u00a0\u2013 Estrada Velha para S\u00e3o Paulo)<br><strong>Telefone<\/strong>:\u00a0(11) 4537-1502<br><strong>E-mail<\/strong>:\u00a0contato@vinicolacastanho.com.br<br><strong>Site<\/strong>:\u00a0<a rel=\"noopener noreferrer\" href=\"http:\/\/www.vinicolacastanho.com.br\/\" target=\"_blank\">www.vinicolacastanho.com.br<\/a><br><strong>Facebook:<\/strong>\u00a0<a rel=\"noopener noreferrer\" href=\"https:\/\/www.facebook.com\/VinicolaCastanho\/\" target=\"_blank\">Vin\u00edcola Castanho<\/a><br><strong>Instagram: <\/strong><a rel=\"noopener noreferrer\" href=\"https:\/\/www.instagram.com\/vinicolacastanho\/\" target=\"_blank\">vinicolacastanho<\/a><br><strong>Hor\u00e1rio de funcionamento:<\/strong> Segunda a s\u00e1bado das 8h \u00e0s 17h30. Domingo e feriado das 9h \u00e0s 13h.<br><strong>Formas de pagamento:<\/strong> Dinheiro,\u00a0 d\u00e9bito e cr\u00e9dito<br><\/p>\n\n\n\n<p>A Vin\u00edcola Castanho, fundada por Aristides Leme da Silva, iniciou suas atividades em 1968 produzindo cacha\u00e7as e vinhos. Com uma produ\u00e7\u00e3o pequena e comercializa\u00e7\u00e3o somente no local, visando o turismo e o bom atendimento.<\/p>\n\n\n\n<p><strong>Tipos de vinhos produzidos:\u00a0<\/strong>Vinhos de Mesa &#8211; Tinto, Branco e Rosado (seco e suave), Vinhos Finos &#8211; Tinto e Branco, Espumantes, Coolers<br><strong>Outros produtos comercializados:<\/strong> Licor, cacha\u00e7a, suco de uva, queijos, embutidos, crustole, doces, conservas, geleias, pimentas. Passeio especial &#8211; Tour do Vinho mediante a agendamento.<\/p>\n\n\n\n<figure class=\"wp-block-gallery has-nested-images columns-default is-cropped wp-block-gallery-1 is-layout-flex wp-block-gallery-is-layout-flex\">\n<figure class=\"wp-block-image size-large\"><a href=\"https:\/\/rotasturisticas.jundiai.sp.gov.br\/vinho\/wp-content\/uploads\/sites\/7\/2023\/06\/Vinicola-Castanho-25.jpg\"><img loading=\"lazy\" decoding=\"async\" width=\"1280\" height=\"837\" data-id=\"1537\" src=\"https:\/\/rotasturisticas.jundiai.sp.gov.br\/vinho\/wp-content\/uploads\/sites\/7\/2023\/06\/Vinicola-Castanho-25.jpg\" alt=\"\" class=\"wp-image-1537\" srcset=\"https:\/\/rotasturisticas.jundiai.sp.gov.br\/vinho\/wp-content\/uploads\/sites\/7\/2023\/06\/Vinicola-Castanho-25.jpg 1280w, https:\/\/rotasturisticas.jundiai.sp.gov.br\/vinho\/wp-content\/uploads\/sites\/7\/2023\/06\/Vinicola-Castanho-25-768x502.jpg 768w\" sizes=\"auto, (max-width: 1280px) 100vw, 1280px\" \/><\/a><\/figure>\n\n\n\n<figure class=\"wp-block-image size-large\"><a href=\"https:\/\/rotasturisticas.jundiai.sp.gov.br\/vinho\/wp-content\/uploads\/sites\/7\/2023\/06\/Vinicola-Castanho-26.jpg\"><img loading=\"lazy\" decoding=\"async\" width=\"1280\" height=\"853\" data-id=\"1542\" src=\"https:\/\/rotasturisticas.jundiai.sp.gov.br\/vinho\/wp-content\/uploads\/sites\/7\/2023\/06\/Vinicola-Castanho-26.jpg\" alt=\"\" class=\"wp-image-1542\" srcset=\"https:\/\/rotasturisticas.jundiai.sp.gov.br\/vinho\/wp-content\/uploads\/sites\/7\/2023\/06\/Vinicola-Castanho-26.jpg 1280w, https:\/\/rotasturisticas.jundiai.sp.gov.br\/vinho\/wp-content\/uploads\/sites\/7\/2023\/06\/Vinicola-Castanho-26-768x512.jpg 768w\" sizes=\"auto, (max-width: 1280px) 100vw, 1280px\" \/><\/a><\/figure>\n\n\n\n<figure class=\"wp-block-image size-large\"><a href=\"https:\/\/rotasturisticas.jundiai.sp.gov.br\/vinho\/wp-content\/uploads\/sites\/7\/2023\/06\/10.png\"><img loading=\"lazy\" decoding=\"async\" width=\"400\" height=\"400\" data-id=\"1525\" src=\"https:\/\/rotasturisticas.jundiai.sp.gov.br\/vinho\/wp-content\/uploads\/sites\/7\/2023\/06\/10.png\" alt=\"\" class=\"wp-image-1525\" srcset=\"https:\/\/rotasturisticas.jundiai.sp.gov.br\/vinho\/wp-content\/uploads\/sites\/7\/2023\/06\/10.png 400w, https:\/\/rotasturisticas.jundiai.sp.gov.br\/vinho\/wp-content\/uploads\/sites\/7\/2023\/06\/10-100x100.png 100w\" sizes=\"auto, (max-width: 400px) 100vw, 400px\" \/><\/a><\/figure>\n\n\n\n<figure class=\"wp-block-image size-large\"><a href=\"https:\/\/rotasturisticas.jundiai.sp.gov.br\/vinho\/wp-content\/uploads\/sites\/7\/2023\/06\/image1.jpg\"><img loading=\"lazy\" decoding=\"async\" width=\"1267\" height=\"950\" data-id=\"1534\" src=\"https:\/\/rotasturisticas.jundiai.sp.gov.br\/vinho\/wp-content\/uploads\/sites\/7\/2023\/06\/image1-1267x950.jpg\" alt=\"\" class=\"wp-image-1534\" srcset=\"https:\/\/rotasturisticas.jundiai.sp.gov.br\/vinho\/wp-content\/uploads\/sites\/7\/2023\/06\/image1-1267x950.jpg 1267w, https:\/\/rotasturisticas.jundiai.sp.gov.br\/vinho\/wp-content\/uploads\/sites\/7\/2023\/06\/image1-300x225.jpg 300w, https:\/\/rotasturisticas.jundiai.sp.gov.br\/vinho\/wp-content\/uploads\/sites\/7\/2023\/06\/image1-768x576.jpg 768w, https:\/\/rotasturisticas.jundiai.sp.gov.br\/vinho\/wp-content\/uploads\/sites\/7\/2023\/06\/image1.jpg 1280w\" sizes=\"auto, (max-width: 1267px) 100vw, 1267px\" \/><\/a><\/figure>\n\n\n\n<figure class=\"wp-block-image size-large\"><a href=\"https:\/\/rotasturisticas.jundiai.sp.gov.br\/vinho\/wp-content\/uploads\/sites\/7\/2023\/06\/Vinicola-Castanho-1-1.jpg\"><img loading=\"lazy\" decoding=\"async\" width=\"960\" height=\"720\" data-id=\"1528\" src=\"https:\/\/rotasturisticas.jundiai.sp.gov.br\/vinho\/wp-content\/uploads\/sites\/7\/2023\/06\/Vinicola-Castanho-1-1.jpg\" alt=\"\" class=\"wp-image-1528\" srcset=\"https:\/\/rotasturisticas.jundiai.sp.gov.br\/vinho\/wp-content\/uploads\/sites\/7\/2023\/06\/Vinicola-Castanho-1-1.jpg 960w, https:\/\/rotasturisticas.jundiai.sp.gov.br\/vinho\/wp-content\/uploads\/sites\/7\/2023\/06\/Vinicola-Castanho-1-1-300x225.jpg 300w, https:\/\/rotasturisticas.jundiai.sp.gov.br\/vinho\/wp-content\/uploads\/sites\/7\/2023\/06\/Vinicola-Castanho-1-1-768x576.jpg 768w\" sizes=\"auto, (max-width: 960px) 100vw, 960px\" \/><\/a><\/figure>\n\n\n\n<figure class=\"wp-block-image size-large\"><a href=\"https:\/\/rotasturisticas.jundiai.sp.gov.br\/vinho\/wp-content\/uploads\/sites\/7\/2023\/06\/Vinicola-Castanho-1.png\"><img loading=\"lazy\" decoding=\"async\" width=\"1280\" height=\"886\" data-id=\"1547\" src=\"https:\/\/rotasturisticas.jundiai.sp.gov.br\/vinho\/wp-content\/uploads\/sites\/7\/2023\/06\/Vinicola-Castanho-1-1280x886.png\" alt=\"\" class=\"wp-image-1547\" srcset=\"https:\/\/rotasturisticas.jundiai.sp.gov.br\/vinho\/wp-content\/uploads\/sites\/7\/2023\/06\/Vinicola-Castanho-1-1280x886.png 1280w, https:\/\/rotasturisticas.jundiai.sp.gov.br\/vinho\/wp-content\/uploads\/sites\/7\/2023\/06\/Vinicola-Castanho-1-768x532.png 768w, https:\/\/rotasturisticas.jundiai.sp.gov.br\/vinho\/wp-content\/uploads\/sites\/7\/2023\/06\/Vinicola-Castanho-1.png 1366w\" sizes=\"auto, (max-width: 1280px) 100vw, 1280px\" \/><\/a><\/figure>\n\n\n\n<figure class=\"wp-block-image size-large\"><a href=\"https:\/\/rotasturisticas.jundiai.sp.gov.br\/vinho\/wp-content\/uploads\/sites\/7\/2023\/06\/Vinicola-Castanho-2.jpg\"><img loading=\"lazy\" decoding=\"async\" width=\"1280\" height=\"853\" data-id=\"1529\" src=\"https:\/\/rotasturisticas.jundiai.sp.gov.br\/vinho\/wp-content\/uploads\/sites\/7\/2023\/06\/Vinicola-Castanho-2.jpg\" alt=\"\" class=\"wp-image-1529\" srcset=\"https:\/\/rotasturisticas.jundiai.sp.gov.br\/vinho\/wp-content\/uploads\/sites\/7\/2023\/06\/Vinicola-Castanho-2.jpg 1280w, https:\/\/rotasturisticas.jundiai.sp.gov.br\/vinho\/wp-content\/uploads\/sites\/7\/2023\/06\/Vinicola-Castanho-2-768x512.jpg 768w\" sizes=\"auto, (max-width: 1280px) 100vw, 1280px\" \/><\/a><\/figure>\n\n\n\n<figure class=\"wp-block-image size-large\"><a href=\"https:\/\/rotasturisticas.jundiai.sp.gov.br\/vinho\/wp-content\/uploads\/sites\/7\/2023\/06\/Vinicola-Castanho-3.jpg\"><img loading=\"lazy\" decoding=\"async\" width=\"1280\" height=\"853\" data-id=\"1533\" src=\"https:\/\/rotasturisticas.jundiai.sp.gov.br\/vinho\/wp-content\/uploads\/sites\/7\/2023\/06\/Vinicola-Castanho-3.jpg\" alt=\"\" class=\"wp-image-1533\" srcset=\"https:\/\/rotasturisticas.jundiai.sp.gov.br\/vinho\/wp-content\/uploads\/sites\/7\/2023\/06\/Vinicola-Castanho-3.jpg 1280w, https:\/\/rotasturisticas.jundiai.sp.gov.br\/vinho\/wp-content\/uploads\/sites\/7\/2023\/06\/Vinicola-Castanho-3-768x512.jpg 768w\" sizes=\"auto, (max-width: 1280px) 100vw, 1280px\" \/><\/a><\/figure>\n\n\n\n<figure class=\"wp-block-image size-large\"><a href=\"https:\/\/rotasturisticas.jundiai.sp.gov.br\/vinho\/wp-content\/uploads\/sites\/7\/2023\/06\/Vinicola-Castanho-5.jpg\"><img loading=\"lazy\" decoding=\"async\" width=\"1267\" height=\"950\" data-id=\"1532\" src=\"https:\/\/rotasturisticas.jundiai.sp.gov.br\/vinho\/wp-content\/uploads\/sites\/7\/2023\/06\/Vinicola-Castanho-5-1267x950.jpg\" alt=\"\" class=\"wp-image-1532\" srcset=\"https:\/\/rotasturisticas.jundiai.sp.gov.br\/vinho\/wp-content\/uploads\/sites\/7\/2023\/06\/Vinicola-Castanho-5-1267x950.jpg 1267w, https:\/\/rotasturisticas.jundiai.sp.gov.br\/vinho\/wp-content\/uploads\/sites\/7\/2023\/06\/Vinicola-Castanho-5-300x225.jpg 300w, https:\/\/rotasturisticas.jundiai.sp.gov.br\/vinho\/wp-content\/uploads\/sites\/7\/2023\/06\/Vinicola-Castanho-5-768x576.jpg 768w, https:\/\/rotasturisticas.jundiai.sp.gov.br\/vinho\/wp-content\/uploads\/sites\/7\/2023\/06\/Vinicola-Castanho-5.jpg 1280w\" sizes=\"auto, (max-width: 1267px) 100vw, 1267px\" \/><\/a><\/figure>\n<\/figure>\n","protected":false},"excerpt":{"rendered":"<p>Endere\u00e7o:\u00a0Travessa dos Patos, 1050 \u2013 Bairro Castanho (Km 55,5 da Rodovia Tancredo Neves\u00a0\u2013 Estrada Velha para S\u00e3o Paulo)Telefone:\u00a0(11) 4537-1502E-mail:\u00a0contato@vinicolacastanho.com.brSite:\u00a0www.vinicolacastanho.com.brFacebook:\u00a0Vin\u00edcola CastanhoInstagram: vinicolacastanhoHor\u00e1rio de funcionamento: Segunda a s\u00e1bado das 8h \u00e0s 17h30. Domingo e feriado das 9h \u00e0s 13h.Formas de pagamento: Dinheiro,\u00a0 d\u00e9bito e cr\u00e9dito A Vin\u00edcola Castanho, fundada por Aristides Leme da Silva, iniciou suas atividades [&hellip;]<\/p>\n","protected":false},"author":11,"featured_media":0,"parent":14,"menu_order":0,"comment_status":"closed","ping_status":"closed","template":"","meta":{"footnotes":""},"class_list":["post-126","page","type-page","status-publish","hentry"],"_links":{"self":[{"href":"https:\/\/rotasturisticas.jundiai.sp.gov.br\/vinho\/wp-json\/wp\/v2\/pages\/126","targetHints":{"allow":["GET"]}}],"collection":[{"href":"https:\/\/rotasturisticas.jundiai.sp.gov.br\/vinho\/wp-json\/wp\/v2\/pages"}],"about":[{"href":"https:\/\/rotasturisticas.jundiai.sp.gov.br\/vinho\/wp-json\/wp\/v2\/types\/page"}],"author":[{"embeddable":true,"href":"https:\/\/rotasturisticas.jundiai.sp.gov.br\/vinho\/wp-json\/wp\/v2\/users\/11"}],"replies":[{"embeddable":true,"href":"https:\/\/rotasturisticas.jundiai.sp.gov.br\/vinho\/wp-json\/wp\/v2\/comments?post=126"}],"version-history":[{"count":6,"href":"https:\/\/rotasturisticas.jundiai.sp.gov.br\/vinho\/wp-json\/wp\/v2\/pages\/126\/revisions"}],"predecessor-version":[{"id":1550,"href":"https:\/\/rotasturisticas.jundiai.sp.gov.br\/vinho\/wp-json\/wp\/v2\/pages\/126\/revisions\/1550"}],"up":[{"embeddable":true,"href":"https:\/\/rotasturisticas.jundiai.sp.gov.br\/vinho\/wp-json\/wp\/v2\/pages\/14"}],"wp:attachment":[{"href":"https:\/\/rotasturisticas.jundiai.sp.gov.br\/vinho\/wp-json\/wp\/v2\/media?parent=126"}],"curies":[{"name":"wp","href":"https:\/\/api.w.org\/{rel}","templated":true}]}}