{"id":1158,"date":"2019-06-17T17:43:32","date_gmt":"2019-06-17T20:43:32","guid":{"rendered":"http:\/\/rotasturisticas.jundiai.sp.gov.br\/vinho\/?page_id=1158"},"modified":"2019-06-17T17:43:32","modified_gmt":"2019-06-17T20:43:32","slug":"spa-e-restaurante-gourmet-vegetariano-vegano","status":"publish","type":"page","link":"https:\/\/rotasturisticas.jundiai.sp.gov.br\/vinho\/onde-comer\/spa-e-restaurante-gourmet-vegetariano-vegano\/","title":{"rendered":"Spa e Restaurante Gourmet Vegetariano\/Vegano"},"content":{"rendered":"<div id=\"pagina-12363\" class=\"pagina\">\n<p><strong>Endere\u00e7o:<\/strong> Travessa Julios Pauli, 65 &#8211; Caxambu<br \/>\n<strong>Telefone:<\/strong> (11) 4584-6654 \/ 4584-2154<br \/>\n<strong>Email:<\/strong>\u00a0atendimento@spa-matchpoint.com.br<br \/>\n<strong>Site: <\/strong><a href=\"https:\/\/spa-matchpoint.com.br\/atmosferaverde\/\" target=\"_blank\" rel=\"noopener noreferrer\">www.spa-matchpoint.com.br<\/a><br \/>\n<strong>Facebook:<\/strong> <a href=\"https:\/\/www.facebook.com\/spamatchpoint\/\" target=\"_blank\" rel=\"noopener noreferrer\">Match Point Spa<\/a><br \/>\n<strong>Instagram:<\/strong> <a href=\"https:\/\/www.instagram.com\/spamatchpoint\/\" target=\"_blank\" rel=\"noopener noreferrer\">spamatchpoint<\/a><br \/>\n<strong>Hor\u00e1rio de funcionamento:<\/strong> Domingo a sexta, e feriado das 9h \u00e0s 17h (mediante reserva).<\/p>\n<p>O Match Point SPA e Restaurante \u00e9 especializado em pratos vegetarianos e veganos que surpreendem os n\u00e3o adeptos. Atendem pessoas com intoler\u00e2ncia a lactose e intoler\u00e2ncia ao gl\u00faten, priorizando sempre alimentos in natura, org\u00e2nicos e da esta\u00e7\u00e3o. Os p\u00e3es, molhos, gelatos e sorbetos s\u00e3o preparados artesanalmente.<\/p>\n<p><img loading=\"lazy\" decoding=\"async\" class=\"size-medium wp-image-13537 alignleft\" src=\"http:\/\/turismo.jundiai.sp.gov.br\/wp-content\/uploads\/2017\/04\/Kiosque4-300x200-300x200.jpg\" alt=\"\" width=\"300\" height=\"200\" \/><\/p>\n<p><img loading=\"lazy\" decoding=\"async\" class=\"size-medium wp-image-13538 alignleft\" src=\"http:\/\/turismo.jundiai.sp.gov.br\/wp-content\/uploads\/2017\/04\/Feijoada-Vegana-300x200-300x200.jpg\" alt=\"\" width=\"300\" height=\"200\" \/><\/p>\n<p><img loading=\"lazy\" decoding=\"async\" class=\"size-medium wp-image-13539 alignright\" src=\"http:\/\/turismo.jundiai.sp.gov.br\/wp-content\/uploads\/2017\/04\/Veggie-Burguer-de-cogumelos-e-lentilhas-300x300.jpg\" alt=\"\" width=\"300\" height=\"300\" \/><img loading=\"lazy\" decoding=\"async\" class=\"size-medium wp-image-18693 alignright\" src=\"http:\/\/turismo.jundiai.sp.gov.br\/wp-content\/uploads\/2019\/06\/spa-300x225.jpg\" alt=\"\" width=\"300\" height=\"225\" \/><\/p>\n<\/div>\n<div id=\"sidebar\"><\/div>\n","protected":false},"excerpt":{"rendered":"<p>Endere\u00e7o: Travessa Julios Pauli, 65 &#8211; Caxambu Telefone: (11) 4584-6654 \/ 4584-2154 Email:\u00a0atendimento@spa-matchpoint.com.br Site: www.spa-matchpoint.com.br Facebook: Match Point Spa Instagram: spamatchpoint Hor\u00e1rio de funcionamento: Domingo a sexta, e feriado das 9h \u00e0s 17h (mediante reserva). O Match Point SPA e Restaurante \u00e9 especializado em pratos vegetarianos e veganos que surpreendem os n\u00e3o adeptos. Atendem pessoas [&hellip;]<\/p>\n","protected":false},"author":16,"featured_media":0,"parent":1109,"menu_order":0,"comment_status":"closed","ping_status":"closed","template":"","meta":{"footnotes":""},"class_list":["post-1158","page","type-page","status-publish","hentry"],"_links":{"self":[{"href":"https:\/\/rotasturisticas.jundiai.sp.gov.br\/vinho\/wp-json\/wp\/v2\/pages\/1158","targetHints":{"allow":["GET"]}}],"collection":[{"href":"https:\/\/rotasturisticas.jundiai.sp.gov.br\/vinho\/wp-json\/wp\/v2\/pages"}],"about":[{"href":"https:\/\/rotasturisticas.jundiai.sp.gov.br\/vinho\/wp-json\/wp\/v2\/types\/page"}],"author":[{"embeddable":true,"href":"https:\/\/rotasturisticas.jundiai.sp.gov.br\/vinho\/wp-json\/wp\/v2\/users\/16"}],"replies":[{"embeddable":true,"href":"https:\/\/rotasturisticas.jundiai.sp.gov.br\/vinho\/wp-json\/wp\/v2\/comments?post=1158"}],"version-history":[{"count":1,"href":"https:\/\/rotasturisticas.jundiai.sp.gov.br\/vinho\/wp-json\/wp\/v2\/pages\/1158\/revisions"}],"predecessor-version":[{"id":1159,"href":"https:\/\/rotasturisticas.jundiai.sp.gov.br\/vinho\/wp-json\/wp\/v2\/pages\/1158\/revisions\/1159"}],"up":[{"embeddable":true,"href":"https:\/\/rotasturisticas.jundiai.sp.gov.br\/vinho\/wp-json\/wp\/v2\/pages\/1109"}],"wp:attachment":[{"href":"https:\/\/rotasturisticas.jundiai.sp.gov.br\/vinho\/wp-json\/wp\/v2\/media?parent=1158"}],"curies":[{"name":"wp","href":"https:\/\/api.w.org\/{rel}","templated":true}]}}