{"id":92,"date":"2016-03-28T16:22:03","date_gmt":"2016-03-28T19:22:03","guid":{"rendered":"http:\/\/rotasturisticas.jundiai.sp.gov.br\/uva\/?page_id=92"},"modified":"2025-04-09T15:39:27","modified_gmt":"2025-04-09T18:39:27","slug":"bar-do-celso","status":"publish","type":"page","link":"https:\/\/rotasturisticas.jundiai.sp.gov.br\/uva\/onde-comer\/bar-do-celso\/","title":{"rendered":"Bar do Celso"},"content":{"rendered":"\n<p><br>O Bar do Celso foi fundado em 2001 e serve 25 tipos de por\u00e7\u00f5es diariamente. Aos domingos, os almo\u00e7os s\u00e3o servidos no estilo <em>self-service<\/em>, e uma vez ao m\u00eas tem um diferencial que \u00e9 a Noite da Picanha e o dia da culin\u00e1ria mineira.<\/p>\n\n\n\n<figure class=\"wp-block-gallery has-nested-images columns-default is-cropped wp-block-gallery-1 is-layout-flex wp-block-gallery-is-layout-flex\">\n<figure class=\"wp-block-image size-large\"><img loading=\"lazy\" decoding=\"async\" width=\"712\" height=\"950\" data-id=\"619\" src=\"https:\/\/rotasturisticas.jundiai.sp.gov.br\/uva\/wp-content\/uploads\/sites\/2\/2025\/04\/405701573_833591502105209_8280803676077506791_n-1-712x950.jpg\" alt=\"\" class=\"wp-image-619\" srcset=\"https:\/\/rotasturisticas.jundiai.sp.gov.br\/uva\/wp-content\/uploads\/sites\/2\/2025\/04\/405701573_833591502105209_8280803676077506791_n-1-712x950.jpg 712w, https:\/\/rotasturisticas.jundiai.sp.gov.br\/uva\/wp-content\/uploads\/sites\/2\/2025\/04\/405701573_833591502105209_8280803676077506791_n-1-768x1024.jpg 768w, https:\/\/rotasturisticas.jundiai.sp.gov.br\/uva\/wp-content\/uploads\/sites\/2\/2025\/04\/405701573_833591502105209_8280803676077506791_n-1-1152x1536.jpg 1152w, https:\/\/rotasturisticas.jundiai.sp.gov.br\/uva\/wp-content\/uploads\/sites\/2\/2025\/04\/405701573_833591502105209_8280803676077506791_n-1.jpg 1280w\" sizes=\"auto, (max-width: 712px) 100vw, 712px\" \/><\/figure>\n\n\n\n<figure class=\"wp-block-image size-large\"><img loading=\"lazy\" decoding=\"async\" width=\"1280\" height=\"853\" data-id=\"621\" src=\"https:\/\/rotasturisticas.jundiai.sp.gov.br\/uva\/wp-content\/uploads\/sites\/2\/2025\/04\/Bar-do-Celso_c_1.jpg\" alt=\"\" class=\"wp-image-621\" srcset=\"https:\/\/rotasturisticas.jundiai.sp.gov.br\/uva\/wp-content\/uploads\/sites\/2\/2025\/04\/Bar-do-Celso_c_1.jpg 1280w, https:\/\/rotasturisticas.jundiai.sp.gov.br\/uva\/wp-content\/uploads\/sites\/2\/2025\/04\/Bar-do-Celso_c_1-768x512.jpg 768w\" sizes=\"auto, (max-width: 1280px) 100vw, 1280px\" \/><\/figure>\n\n\n\n<figure class=\"wp-block-image size-large\"><img loading=\"lazy\" decoding=\"async\" width=\"300\" height=\"400\" data-id=\"617\" src=\"https:\/\/rotasturisticas.jundiai.sp.gov.br\/uva\/wp-content\/uploads\/sites\/2\/2025\/04\/Bar-do-Celso-1-300x400-1.jpg\" alt=\"\" class=\"wp-image-617\" \/><\/figure>\n\n\n\n<figure class=\"wp-block-image size-large\"><img loading=\"lazy\" decoding=\"async\" width=\"300\" height=\"225\" data-id=\"618\" src=\"https:\/\/rotasturisticas.jundiai.sp.gov.br\/uva\/wp-content\/uploads\/sites\/2\/2025\/04\/Bar-do-Celso-2-300x225-1.jpg\" alt=\"\" class=\"wp-image-618\" \/><\/figure>\n\n\n\n<figure class=\"wp-block-image size-large\"><img loading=\"lazy\" decoding=\"async\" width=\"300\" height=\"225\" data-id=\"620\" src=\"https:\/\/rotasturisticas.jundiai.sp.gov.br\/uva\/wp-content\/uploads\/sites\/2\/2025\/04\/Bar-do-Celso-300x225-1.jpg\" alt=\"\" class=\"wp-image-620\" \/><\/figure>\n<\/figure>\n\n\n\n<p>&nbsp;<\/p>\n\n\n\n<p>&nbsp;<\/p>\n\n\n\n<p>&nbsp;<\/p>\n\n\n\n<p>&nbsp;<\/p>\n\n\n\n<p>&nbsp;<\/p>\n\n\n\n<p>&nbsp;<\/p>\n\n\n\n<p>&nbsp;<\/p>\n\n\n\n<p>&nbsp;<\/p>\n\n\n\n<p>&nbsp;<\/p>\n\n\n\n<p>&nbsp;<\/p>\n\n\n\n<p>&nbsp;<\/p>\n\n\n\n<p>&nbsp;<\/p>\n\n\n\n<p>&nbsp;<\/p>\n","protected":false},"excerpt":{"rendered":"<p>O Bar do Celso foi fundado em 2001 e serve 25 tipos de por\u00e7\u00f5es diariamente. Aos domingos, os almo\u00e7os s\u00e3o servidos no estilo self-service, e uma vez ao m\u00eas tem um diferencial que \u00e9 a Noite da Picanha e o dia da culin\u00e1ria mineira. &nbsp; &nbsp; &nbsp; &nbsp; &nbsp; &nbsp; &nbsp; &nbsp; &nbsp; &nbsp; &nbsp; [&hellip;]<\/p>\n","protected":false},"author":4,"featured_media":0,"parent":14,"menu_order":0,"comment_status":"closed","ping_status":"closed","template":"page-local.php","meta":{"footnotes":""},"class_list":["post-92","page","type-page","status-publish","hentry"],"_links":{"self":[{"href":"https:\/\/rotasturisticas.jundiai.sp.gov.br\/uva\/wp-json\/wp\/v2\/pages\/92","targetHints":{"allow":["GET"]}}],"collection":[{"href":"https:\/\/rotasturisticas.jundiai.sp.gov.br\/uva\/wp-json\/wp\/v2\/pages"}],"about":[{"href":"https:\/\/rotasturisticas.jundiai.sp.gov.br\/uva\/wp-json\/wp\/v2\/types\/page"}],"author":[{"embeddable":true,"href":"https:\/\/rotasturisticas.jundiai.sp.gov.br\/uva\/wp-json\/wp\/v2\/users\/4"}],"replies":[{"embeddable":true,"href":"https:\/\/rotasturisticas.jundiai.sp.gov.br\/uva\/wp-json\/wp\/v2\/comments?post=92"}],"version-history":[{"count":3,"href":"https:\/\/rotasturisticas.jundiai.sp.gov.br\/uva\/wp-json\/wp\/v2\/pages\/92\/revisions"}],"predecessor-version":[{"id":622,"href":"https:\/\/rotasturisticas.jundiai.sp.gov.br\/uva\/wp-json\/wp\/v2\/pages\/92\/revisions\/622"}],"up":[{"embeddable":true,"href":"https:\/\/rotasturisticas.jundiai.sp.gov.br\/uva\/wp-json\/wp\/v2\/pages\/14"}],"wp:attachment":[{"href":"https:\/\/rotasturisticas.jundiai.sp.gov.br\/uva\/wp-json\/wp\/v2\/media?parent=92"}],"curies":[{"name":"wp","href":"https:\/\/api.w.org\/{rel}","templated":true}]}}