{"id":69,"date":"2016-03-18T18:03:50","date_gmt":"2016-03-18T21:03:50","guid":{"rendered":"http:\/\/rotasturisticas.jundiai.sp.gov.br\/uva\/?page_id=69"},"modified":"2016-03-18T18:03:50","modified_gmt":"2016-03-18T21:03:50","slug":"adega-vendramin","status":"publish","type":"page","link":"https:\/\/rotasturisticas.jundiai.sp.gov.br\/uva\/o-que-visitar\/adega-vendramin\/","title":{"rendered":"Adega Vendramin"},"content":{"rendered":"<p><strong>Endere\u00e7o:<\/strong><span class=\"Apple-converted-space\">\u00a0<\/span>Av. Comendador Antonio Borin, 5189 \u2013 Caxambu<br \/>\n<strong>Telefone:<\/strong><span class=\"Apple-converted-space\">\u00a0<\/span>(11) 4584-0441 \/ (11) 97102-8708<br \/>\n<strong>Email:<\/strong><span class=\"Apple-converted-space\">\u00a0<\/span><a href=\"http:\/\/familia.vendramin@hotmail.com\/\">familia.vendramin@hotmail.com<\/a><br \/>\n<strong>Hor\u00e1rio de funcionamento:<\/strong>\u00a0Diariamente das 8h \u00e0s 18h.<\/p>\n<p style=\"text-align: justify\">Propriedade altamente produtiva, com cria\u00e7\u00e3o de su\u00ednos e bovinos e produ\u00e7\u00e3o diversificada de frutas como goiaba, p\u00eassego, banana, entre outras.<br \/>\nVenda de vinho artesanal, lingui\u00e7a caseira, gel\u00e9ias, frutas,vinagre e muito mais.<\/p>\n<div style=\"width: 310px\" class=\"wp-caption alignleft\"><a href=\"http:\/\/turismo.jundiai.sp.gov.br\/wp-content\/uploads\/2014\/06\/Adega-Vendramin-1-300x199.jpg\"><img loading=\"lazy\" decoding=\"async\" src=\"http:\/\/turismo.jundiai.sp.gov.br\/wp-content\/uploads\/2014\/06\/Adega-Vendramin-1-300x199.jpg\" alt=\"Produtos Variados\" width=\"300\" height=\"199\" \/><\/a><p class=\"wp-caption-text\">Produtos Variados<\/p><\/div>\n<div style=\"width: 310px\" class=\"wp-caption alignright\"><a href=\"http:\/\/turismo.jundiai.sp.gov.br\/wp-content\/uploads\/2014\/04\/unnamed-8-300x225.jpg\"><img loading=\"lazy\" decoding=\"async\" src=\"http:\/\/turismo.jundiai.sp.gov.br\/wp-content\/uploads\/2014\/04\/unnamed-8-300x225.jpg\" alt=\"Propriedade da Fam\u00edlia Vendramin\" width=\"300\" height=\"225\" \/><\/a><p class=\"wp-caption-text\">Propriedade da Fam\u00edlia Vendramin<\/p><\/div>\n<p>&nbsp;<\/p>\n<p>&nbsp;<\/p>\n<p>&nbsp;<\/p>\n<p>&nbsp;<\/p>\n<p>&nbsp;<\/p>\n<p>&nbsp;<\/p>\n<p>&nbsp;<\/p>\n<p>&nbsp;<\/p>\n<div style=\"width: 310px\" class=\"wp-caption alignleft\"><a href=\"http:\/\/turismo.jundiai.sp.gov.br\/wp-content\/uploads\/2014\/06\/Adega-Vendramin-10-300x199.jpg\"><img loading=\"lazy\" decoding=\"async\" src=\"http:\/\/turismo.jundiai.sp.gov.br\/wp-content\/uploads\/2014\/06\/Adega-Vendramin-10-300x199.jpg\" alt=\"Porquinhos da propriedade Vendramin\" width=\"300\" height=\"199\" \/><\/a><p class=\"wp-caption-text\">Porquinhos da propriedade Vendramin<\/p><\/div>\n<div style=\"width: 310px\" class=\"wp-caption alignright\"><a href=\"http:\/\/turismo.jundiai.sp.gov.br\/wp-content\/uploads\/2014\/04\/unnamed-10-300x225.jpg\"><img loading=\"lazy\" decoding=\"async\" src=\"http:\/\/turismo.jundiai.sp.gov.br\/wp-content\/uploads\/2014\/04\/unnamed-10-300x225.jpg\" alt=\"Vinhos da Adega Vendramin\" width=\"300\" height=\"225\" \/><\/a><p class=\"wp-caption-text\">Vinhos da Adega Vendramin<\/p><\/div>\n","protected":false},"excerpt":{"rendered":"<p>Endere\u00e7o:\u00a0Av. Comendador Antonio Borin, 5189 \u2013 Caxambu Telefone:\u00a0(11) 4584-0441 \/ (11) 97102-8708 Email:\u00a0familia.vendramin@hotmail.com Hor\u00e1rio de funcionamento:\u00a0Diariamente das 8h \u00e0s 18h. Propriedade altamente produtiva, com cria\u00e7\u00e3o de su\u00ednos e bovinos e produ\u00e7\u00e3o diversificada de frutas como goiaba, p\u00eassego, banana, entre outras. Venda de vinho artesanal, lingui\u00e7a caseira, gel\u00e9ias, frutas,vinagre e muito mais. &nbsp; &nbsp; &nbsp; &nbsp; [&hellip;]<\/p>\n","protected":false},"author":4,"featured_media":0,"parent":12,"menu_order":0,"comment_status":"closed","ping_status":"closed","template":"","meta":{"footnotes":""},"class_list":["post-69","page","type-page","status-publish","hentry"],"_links":{"self":[{"href":"https:\/\/rotasturisticas.jundiai.sp.gov.br\/uva\/wp-json\/wp\/v2\/pages\/69","targetHints":{"allow":["GET"]}}],"collection":[{"href":"https:\/\/rotasturisticas.jundiai.sp.gov.br\/uva\/wp-json\/wp\/v2\/pages"}],"about":[{"href":"https:\/\/rotasturisticas.jundiai.sp.gov.br\/uva\/wp-json\/wp\/v2\/types\/page"}],"author":[{"embeddable":true,"href":"https:\/\/rotasturisticas.jundiai.sp.gov.br\/uva\/wp-json\/wp\/v2\/users\/4"}],"replies":[{"embeddable":true,"href":"https:\/\/rotasturisticas.jundiai.sp.gov.br\/uva\/wp-json\/wp\/v2\/comments?post=69"}],"version-history":[{"count":1,"href":"https:\/\/rotasturisticas.jundiai.sp.gov.br\/uva\/wp-json\/wp\/v2\/pages\/69\/revisions"}],"predecessor-version":[{"id":70,"href":"https:\/\/rotasturisticas.jundiai.sp.gov.br\/uva\/wp-json\/wp\/v2\/pages\/69\/revisions\/70"}],"up":[{"embeddable":true,"href":"https:\/\/rotasturisticas.jundiai.sp.gov.br\/uva\/wp-json\/wp\/v2\/pages\/12"}],"wp:attachment":[{"href":"https:\/\/rotasturisticas.jundiai.sp.gov.br\/uva\/wp-json\/wp\/v2\/media?parent=69"}],"curies":[{"name":"wp","href":"https:\/\/api.w.org\/{rel}","templated":true}]}}