{"id":67,"date":"2016-03-18T18:00:52","date_gmt":"2016-03-18T21:00:52","guid":{"rendered":"http:\/\/rotasturisticas.jundiai.sp.gov.br\/uva\/?page_id=67"},"modified":"2023-09-19T16:19:38","modified_gmt":"2023-09-19T19:19:38","slug":"adega-sibinel","status":"publish","type":"page","link":"https:\/\/rotasturisticas.jundiai.sp.gov.br\/uva\/o-que-visitar\/adega-sibinel\/","title":{"rendered":"Adega Sibinel"},"content":{"rendered":"<p><strong>Endere\u00e7o:<\/strong><span class=\"Apple-converted-space\">\u00a0<\/span>Av. Humberto Cereser, 3500 \u2013 Caxambu<br \/>\n<strong>Telefone:<\/strong><span class=\"Apple-converted-space\">\u00a0<\/span>(11) 4584-1150<br \/>\n<strong>Hor\u00e1rio de funcionamento:<\/strong><span class=\"Apple-converted-space\"> <span data-sheets-value=\"{&quot;1&quot;:2,&quot;2&quot;:&quot;Segunda a s\u00e1bado das 8h \u00e0s 17h. Domingo e feriado das 8h \u00e0s 15h.&quot;}\" data-sheets-userformat=\"{&quot;2&quot;:13185,&quot;3&quot;:{&quot;1&quot;:0},&quot;10&quot;:1,&quot;11&quot;:4,&quot;12&quot;:0,&quot;15&quot;:&quot;Arial&quot;,&quot;16&quot;:10}\">Segunda a s\u00e1bado das 8h \u00e0s 17h. Domingo e feriado das 8h \u00e0s 15h.<\/span><\/span><\/p>\n<p style=\"text-align: justify\">A adega \u00e9 administrada pelo Sr. Raphael Sibinel, que \u00e9 a terceira gera\u00e7\u00e3o da fam\u00edlia. Ele v\u00eam mantendo a tradi\u00e7\u00e3o de produzir vinho desde 1931.<\/p>\n<p style=\"text-align: justify\">Os av\u00f3s do Sr. Rafael vieram de Treviso na It\u00e1lia, e seu pai o Sr. Santo Sibinel, nasceu em 1904, j\u00e1 no bairro Caxambu em Jundia\u00ed.<\/p>\n<p style=\"text-align: justify\">O Sr. Raphael conta que, desde pequeno, j\u00e1 ajudava o pai na produ\u00e7\u00e3o de vinho, que era produzido no mesmo local que hoje ele ainda faz seu vinho.<\/p>\n<p style=\"text-align: justify\">Segundo ele, a fam\u00edlia chegou a produzir cerca de 25.000 litros de vinho que eram colocados em barris e vendidos na cidade S\u00e3o Paulo.<\/p>\n<p style=\"text-align: justify\">A fam\u00edlia ainda planta uvas, na propriedade no bairro Caxambu e produz diferentes tipos de vinhos que podem ser encontrados na adega.<\/p>\n<div style=\"width: 310px\" class=\"wp-caption alignleft\"><a href=\"http:\/\/turismo.jundiai.sp.gov.br\/wp-content\/uploads\/2014\/04\/Adega-Sibinel-11-300x450.jpg\"><img loading=\"lazy\" decoding=\"async\" src=\"http:\/\/turismo.jundiai.sp.gov.br\/wp-content\/uploads\/2014\/04\/Adega-Sibinel-11-300x450.jpg\" alt=\"Adega Sibinel\" width=\"300\" height=\"450\" \/><\/a><p class=\"wp-caption-text\">Adega Sibinel<\/p><\/div>\n<div style=\"width: 310px\" class=\"wp-caption alignright\"><a href=\"http:\/\/turismo.jundiai.sp.gov.br\/wp-content\/uploads\/2014\/04\/Adega-Sibinel-1-300x199.jpg\"><img loading=\"lazy\" decoding=\"async\" src=\"http:\/\/turismo.jundiai.sp.gov.br\/wp-content\/uploads\/2014\/04\/Adega-Sibinel-1-300x199.jpg\" alt=\"Vinhos\" width=\"300\" height=\"199\" \/><\/a><p class=\"wp-caption-text\">Vinhos<\/p><\/div>\n<div style=\"width: 310px\" class=\"wp-caption alignright\"><a href=\"http:\/\/turismo.jundiai.sp.gov.br\/wp-content\/uploads\/2014\/04\/Adega-Sibinel-Foto-da-Fam%C3%ADlia-300x220.jpg\"><img loading=\"lazy\" decoding=\"async\" src=\"http:\/\/turismo.jundiai.sp.gov.br\/wp-content\/uploads\/2014\/04\/Adega-Sibinel-Foto-da-Fam%C3%ADlia-300x220.jpg\" alt=\"Foto da Fam\u00edlia Sibinel\" width=\"300\" height=\"220\" \/><\/a><p class=\"wp-caption-text\">Foto da Fam\u00edlia Sibinel<\/p><\/div>\n<div style=\"width: 310px\" class=\"wp-caption alignleft\"><a href=\"http:\/\/turismo.jundiai.sp.gov.br\/wp-content\/uploads\/2014\/04\/Adega-Sibinel-Uva-Niagara-Rosada-300x220.jpg\"><img loading=\"lazy\" decoding=\"async\" src=\"http:\/\/turismo.jundiai.sp.gov.br\/wp-content\/uploads\/2014\/04\/Adega-Sibinel-Uva-Niagara-Rosada-300x220.jpg\" alt=\"Uva Niag\u00e1ra Rosada produzida na propriedade da Fam\u00edlia Sibinel\" width=\"300\" height=\"220\" \/><\/a><p class=\"wp-caption-text\">Uva Niag\u00e1ra Rosada produzida na propriedade da Fam\u00edlia Sibinel<\/p><\/div>\n","protected":false},"excerpt":{"rendered":"<p>Endere\u00e7o:\u00a0Av. Humberto Cereser, 3500 \u2013 Caxambu Telefone:\u00a0(11) 4584-1150 Hor\u00e1rio de funcionamento: Segunda a s\u00e1bado das 8h \u00e0s 17h. Domingo e feriado das 8h \u00e0s 15h. A adega \u00e9 administrada pelo Sr. Raphael Sibinel, que \u00e9 a terceira gera\u00e7\u00e3o da fam\u00edlia. Ele v\u00eam mantendo a tradi\u00e7\u00e3o de produzir vinho desde 1931. Os av\u00f3s do Sr. Rafael [&hellip;]<\/p>\n","protected":false},"author":4,"featured_media":0,"parent":12,"menu_order":0,"comment_status":"closed","ping_status":"closed","template":"","meta":{"footnotes":""},"class_list":["post-67","page","type-page","status-publish","hentry"],"_links":{"self":[{"href":"https:\/\/rotasturisticas.jundiai.sp.gov.br\/uva\/wp-json\/wp\/v2\/pages\/67","targetHints":{"allow":["GET"]}}],"collection":[{"href":"https:\/\/rotasturisticas.jundiai.sp.gov.br\/uva\/wp-json\/wp\/v2\/pages"}],"about":[{"href":"https:\/\/rotasturisticas.jundiai.sp.gov.br\/uva\/wp-json\/wp\/v2\/types\/page"}],"author":[{"embeddable":true,"href":"https:\/\/rotasturisticas.jundiai.sp.gov.br\/uva\/wp-json\/wp\/v2\/users\/4"}],"replies":[{"embeddable":true,"href":"https:\/\/rotasturisticas.jundiai.sp.gov.br\/uva\/wp-json\/wp\/v2\/comments?post=67"}],"version-history":[{"count":2,"href":"https:\/\/rotasturisticas.jundiai.sp.gov.br\/uva\/wp-json\/wp\/v2\/pages\/67\/revisions"}],"predecessor-version":[{"id":583,"href":"https:\/\/rotasturisticas.jundiai.sp.gov.br\/uva\/wp-json\/wp\/v2\/pages\/67\/revisions\/583"}],"up":[{"embeddable":true,"href":"https:\/\/rotasturisticas.jundiai.sp.gov.br\/uva\/wp-json\/wp\/v2\/pages\/12"}],"wp:attachment":[{"href":"https:\/\/rotasturisticas.jundiai.sp.gov.br\/uva\/wp-json\/wp\/v2\/media?parent=67"}],"curies":[{"name":"wp","href":"https:\/\/api.w.org\/{rel}","templated":true}]}}