{"id":660,"date":"2025-12-02T08:40:44","date_gmt":"2025-12-02T11:40:44","guid":{"rendered":"https:\/\/rotasturisticas.jundiai.sp.gov.br\/uva\/?page_id=660"},"modified":"2025-12-02T08:40:45","modified_gmt":"2025-12-02T11:40:45","slug":"maziero-paes","status":"publish","type":"page","link":"https:\/\/rotasturisticas.jundiai.sp.gov.br\/uva\/lojas-especiais\/maziero-paes\/","title":{"rendered":"Maziero P\u00e3es"},"content":{"rendered":"\n<p>Na Maziero P\u00e3es voc\u00ea encontra produtos artesanais feitos com muito cuidado e amor. Cada produto carrega uma hist\u00f3ria que valoriza nossa tradi\u00e7\u00e3o, como o P\u00e3o de Uva e o Crustoli que cada mordida voc\u00ea uma explos\u00e3o de sabor.<br>Al\u00e9m dessas del\u00edcias tamb\u00e9m produzimos p\u00e3es caseiros, roscas artesanais doces, p\u00e3o de vinho, bolachas artesanais e p\u00e3o de morango.<\/p>\n\n\n\n<figure class=\"wp-block-gallery has-nested-images columns-default is-cropped wp-block-gallery-1 is-layout-flex wp-block-gallery-is-layout-flex\">\n<figure class=\"wp-block-image size-large\"><img loading=\"lazy\" decoding=\"async\" width=\"712\" height=\"950\" data-id=\"661\" src=\"https:\/\/rotasturisticas.jundiai.sp.gov.br\/uva\/wp-content\/uploads\/sites\/2\/2025\/12\/IMG_5598-Izabela-Aparecida-Maziero-Denise-712x950.jpeg\" alt=\"\" class=\"wp-image-661\" srcset=\"https:\/\/rotasturisticas.jundiai.sp.gov.br\/uva\/wp-content\/uploads\/sites\/2\/2025\/12\/IMG_5598-Izabela-Aparecida-Maziero-Denise-712x950.jpeg 712w, https:\/\/rotasturisticas.jundiai.sp.gov.br\/uva\/wp-content\/uploads\/sites\/2\/2025\/12\/IMG_5598-Izabela-Aparecida-Maziero-Denise-768x1024.jpeg 768w, https:\/\/rotasturisticas.jundiai.sp.gov.br\/uva\/wp-content\/uploads\/sites\/2\/2025\/12\/IMG_5598-Izabela-Aparecida-Maziero-Denise-1152x1536.jpeg 1152w, https:\/\/rotasturisticas.jundiai.sp.gov.br\/uva\/wp-content\/uploads\/sites\/2\/2025\/12\/IMG_5598-Izabela-Aparecida-Maziero-Denise.jpeg 1280w\" sizes=\"auto, (max-width: 712px) 100vw, 712px\" \/><\/figure>\n\n\n\n<figure class=\"wp-block-image size-large\"><img loading=\"lazy\" decoding=\"async\" width=\"712\" height=\"950\" data-id=\"662\" src=\"https:\/\/rotasturisticas.jundiai.sp.gov.br\/uva\/wp-content\/uploads\/sites\/2\/2025\/12\/IMG_5730-Izabela-Aparecida-Maziero-Denise-712x950.jpeg\" alt=\"\" class=\"wp-image-662\" srcset=\"https:\/\/rotasturisticas.jundiai.sp.gov.br\/uva\/wp-content\/uploads\/sites\/2\/2025\/12\/IMG_5730-Izabela-Aparecida-Maziero-Denise-712x950.jpeg 712w, https:\/\/rotasturisticas.jundiai.sp.gov.br\/uva\/wp-content\/uploads\/sites\/2\/2025\/12\/IMG_5730-Izabela-Aparecida-Maziero-Denise-768x1024.jpeg 768w, https:\/\/rotasturisticas.jundiai.sp.gov.br\/uva\/wp-content\/uploads\/sites\/2\/2025\/12\/IMG_5730-Izabela-Aparecida-Maziero-Denise-1152x1536.jpeg 1152w, https:\/\/rotasturisticas.jundiai.sp.gov.br\/uva\/wp-content\/uploads\/sites\/2\/2025\/12\/IMG_5730-Izabela-Aparecida-Maziero-Denise.jpeg 1280w\" sizes=\"auto, (max-width: 712px) 100vw, 712px\" \/><\/figure>\n\n\n\n<figure class=\"wp-block-image size-large\"><img loading=\"lazy\" decoding=\"async\" width=\"712\" height=\"950\" data-id=\"664\" src=\"https:\/\/rotasturisticas.jundiai.sp.gov.br\/uva\/wp-content\/uploads\/sites\/2\/2025\/12\/IMG_9012-Izabela-Aparecida-Maziero-Denise-712x950.jpeg\" alt=\"\" class=\"wp-image-664\" srcset=\"https:\/\/rotasturisticas.jundiai.sp.gov.br\/uva\/wp-content\/uploads\/sites\/2\/2025\/12\/IMG_9012-Izabela-Aparecida-Maziero-Denise-712x950.jpeg 712w, https:\/\/rotasturisticas.jundiai.sp.gov.br\/uva\/wp-content\/uploads\/sites\/2\/2025\/12\/IMG_9012-Izabela-Aparecida-Maziero-Denise-768x1024.jpeg 768w, https:\/\/rotasturisticas.jundiai.sp.gov.br\/uva\/wp-content\/uploads\/sites\/2\/2025\/12\/IMG_9012-Izabela-Aparecida-Maziero-Denise-1152x1536.jpeg 1152w, https:\/\/rotasturisticas.jundiai.sp.gov.br\/uva\/wp-content\/uploads\/sites\/2\/2025\/12\/IMG_9012-Izabela-Aparecida-Maziero-Denise.jpeg 1280w\" sizes=\"auto, (max-width: 712px) 100vw, 712px\" \/><\/figure>\n\n\n\n<figure class=\"wp-block-image size-large\"><img loading=\"lazy\" decoding=\"async\" width=\"712\" height=\"950\" data-id=\"665\" src=\"https:\/\/rotasturisticas.jundiai.sp.gov.br\/uva\/wp-content\/uploads\/sites\/2\/2025\/12\/IMG_9016-Izabela-Aparecida-Maziero-Denise-712x950.jpeg\" alt=\"\" class=\"wp-image-665\" srcset=\"https:\/\/rotasturisticas.jundiai.sp.gov.br\/uva\/wp-content\/uploads\/sites\/2\/2025\/12\/IMG_9016-Izabela-Aparecida-Maziero-Denise-712x950.jpeg 712w, https:\/\/rotasturisticas.jundiai.sp.gov.br\/uva\/wp-content\/uploads\/sites\/2\/2025\/12\/IMG_9016-Izabela-Aparecida-Maziero-Denise-768x1024.jpeg 768w, https:\/\/rotasturisticas.jundiai.sp.gov.br\/uva\/wp-content\/uploads\/sites\/2\/2025\/12\/IMG_9016-Izabela-Aparecida-Maziero-Denise-1152x1536.jpeg 1152w, https:\/\/rotasturisticas.jundiai.sp.gov.br\/uva\/wp-content\/uploads\/sites\/2\/2025\/12\/IMG_9016-Izabela-Aparecida-Maziero-Denise.jpeg 1280w\" sizes=\"auto, (max-width: 712px) 100vw, 712px\" \/><\/figure>\n\n\n\n<figure class=\"wp-block-image size-large\"><img loading=\"lazy\" decoding=\"async\" width=\"712\" height=\"950\" data-id=\"663\" src=\"https:\/\/rotasturisticas.jundiai.sp.gov.br\/uva\/wp-content\/uploads\/sites\/2\/2025\/12\/IMG_9026-Izabela-Aparecida-Maziero-Denise-712x950.jpeg\" alt=\"\" class=\"wp-image-663\" srcset=\"https:\/\/rotasturisticas.jundiai.sp.gov.br\/uva\/wp-content\/uploads\/sites\/2\/2025\/12\/IMG_9026-Izabela-Aparecida-Maziero-Denise-712x950.jpeg 712w, https:\/\/rotasturisticas.jundiai.sp.gov.br\/uva\/wp-content\/uploads\/sites\/2\/2025\/12\/IMG_9026-Izabela-Aparecida-Maziero-Denise-768x1024.jpeg 768w, https:\/\/rotasturisticas.jundiai.sp.gov.br\/uva\/wp-content\/uploads\/sites\/2\/2025\/12\/IMG_9026-Izabela-Aparecida-Maziero-Denise-1152x1536.jpeg 1152w, https:\/\/rotasturisticas.jundiai.sp.gov.br\/uva\/wp-content\/uploads\/sites\/2\/2025\/12\/IMG_9026-Izabela-Aparecida-Maziero-Denise.jpeg 1280w\" sizes=\"auto, (max-width: 712px) 100vw, 712px\" \/><\/figure>\n<\/figure>\n","protected":false},"excerpt":{"rendered":"<p>Na Maziero P\u00e3es voc\u00ea encontra produtos artesanais feitos com muito cuidado e amor. Cada produto carrega uma hist\u00f3ria que valoriza nossa tradi\u00e7\u00e3o, como o P\u00e3o de Uva e o Crustoli que cada mordida voc\u00ea uma explos\u00e3o de sabor.Al\u00e9m dessas del\u00edcias tamb\u00e9m produzimos p\u00e3es caseiros, roscas artesanais doces, p\u00e3o de vinho, bolachas artesanais e p\u00e3o de [&hellip;]<\/p>\n","protected":false},"author":23,"featured_media":0,"parent":75,"menu_order":0,"comment_status":"closed","ping_status":"closed","template":"page-local.php","meta":{"footnotes":""},"class_list":["post-660","page","type-page","status-publish","hentry"],"_links":{"self":[{"href":"https:\/\/rotasturisticas.jundiai.sp.gov.br\/uva\/wp-json\/wp\/v2\/pages\/660","targetHints":{"allow":["GET"]}}],"collection":[{"href":"https:\/\/rotasturisticas.jundiai.sp.gov.br\/uva\/wp-json\/wp\/v2\/pages"}],"about":[{"href":"https:\/\/rotasturisticas.jundiai.sp.gov.br\/uva\/wp-json\/wp\/v2\/types\/page"}],"author":[{"embeddable":true,"href":"https:\/\/rotasturisticas.jundiai.sp.gov.br\/uva\/wp-json\/wp\/v2\/users\/23"}],"replies":[{"embeddable":true,"href":"https:\/\/rotasturisticas.jundiai.sp.gov.br\/uva\/wp-json\/wp\/v2\/comments?post=660"}],"version-history":[{"count":1,"href":"https:\/\/rotasturisticas.jundiai.sp.gov.br\/uva\/wp-json\/wp\/v2\/pages\/660\/revisions"}],"predecessor-version":[{"id":666,"href":"https:\/\/rotasturisticas.jundiai.sp.gov.br\/uva\/wp-json\/wp\/v2\/pages\/660\/revisions\/666"}],"up":[{"embeddable":true,"href":"https:\/\/rotasturisticas.jundiai.sp.gov.br\/uva\/wp-json\/wp\/v2\/pages\/75"}],"wp:attachment":[{"href":"https:\/\/rotasturisticas.jundiai.sp.gov.br\/uva\/wp-json\/wp\/v2\/media?parent=660"}],"curies":[{"name":"wp","href":"https:\/\/api.w.org\/{rel}","templated":true}]}}