{"id":649,"date":"2025-11-18T13:59:13","date_gmt":"2025-11-18T16:59:13","guid":{"rendered":"https:\/\/rotasturisticas.jundiai.sp.gov.br\/uva\/?page_id=649"},"modified":"2025-11-18T13:59:13","modified_gmt":"2025-11-18T16:59:13","slug":"loja-de-artesanato-atelie-enfim-art","status":"publish","type":"page","link":"https:\/\/rotasturisticas.jundiai.sp.gov.br\/uva\/lojas-especiais\/loja-de-artesanato-atelie-enfim-art\/","title":{"rendered":"Loja de Artesanato Atelie Enfim Art"},"content":{"rendered":"\n<p>Ateli\u00ea Enfim Art \u2013 Onde a Arte Ganha Vida.<\/p>\n\n\n\n<p>O Ateli\u00ea Enfim Art, localizado no charmoso bairro Caxambu, em Jundia\u00ed, \u00e9 um espa\u00e7o dedicado \u00e0 arte, \u00e0 criatividade e ao aprendizado. Sob a dire\u00e7\u00e3o de Sandra Carmignolli, Artista Pl\u00e1stica com forma\u00e7\u00e3o acad\u00eamica em Artes Pl\u00e1sticas, o ateli\u00ea tem como miss\u00e3o valorizar o artesanato e a express\u00e3o art\u00edstica em suas mais variadas formas.<\/p>\n\n\n\n<p>Sandra Carmignolli tem anos de experi\u00eancia no universo das artes, ela traz para o Ateli\u00ea Enfim Art um olhar sens\u00edvel, t\u00e9cnico e apaixonado. Sua trajet\u00f3ria combina o conhecimento adquirido nas artes pl\u00e1sticas com o amor pelo artesanato, resultando em aulas e projetos que inspiram alunos e encantam clientes.<\/p>\n\n\n\n<p>No Ateli\u00ea Enfim Art, cada cria\u00e7\u00e3o \u00e9 \u00fanica. S\u00e3o oferecidas aulas presenciais em diversas t\u00e9cnicas \u2014 como costura criativa, pintura em madeira, arte sacra, confec\u00e7\u00e3o de bonecas, croch\u00ea, bordado, amigurumi, biscuit, saboaria, workshops especiais e muito mais \u2014 que proporcionam momentos de aprendizado, conviv\u00eancia e bem-estar, uma verdadeira arte terapia trazendo paz e harmionia.<\/p>\n\n\n\n<p>Mais do que um espa\u00e7o de ensino, o Ateli\u00ea Enfim Art \u00e9 um ponto de encontro da cultura artesanal de Jundia\u00ed, promovendo a valoriza\u00e7\u00e3o do trabalho manual e o desenvolvimento art\u00edstico de cada participante.<br>Aqui os alunos al\u00e9m de aprender t\u00e9cnicas incr\u00edveis, tamb\u00e9m desfrutam de um ambiente acolhedor e cheio de harmonia, tamb\u00e9m n\u00e3o falta aquela pausa divertida e com um bom papo e muitos risos para os alunos tomarem aquele cafezinho al\u00e9m de sairem do Ateli\u00ea com aquela tranquilidade e soriso no rosto . Venha conhecer este lugar cheio de encanto e afeto.<\/p>\n\n\n\n<figure class=\"wp-block-gallery has-nested-images columns-default is-cropped wp-block-gallery-1 is-layout-flex wp-block-gallery-is-layout-flex\">\n<figure class=\"wp-block-image size-large\"><img loading=\"lazy\" decoding=\"async\" width=\"534\" height=\"950\" data-id=\"650\" src=\"https:\/\/rotasturisticas.jundiai.sp.gov.br\/uva\/wp-content\/uploads\/sites\/2\/2025\/11\/ATELIE-Atelie-Enfim-Art-Artesanato-534x950.jpg\" alt=\"\" class=\"wp-image-650\" srcset=\"https:\/\/rotasturisticas.jundiai.sp.gov.br\/uva\/wp-content\/uploads\/sites\/2\/2025\/11\/ATELIE-Atelie-Enfim-Art-Artesanato-534x950.jpg 534w, https:\/\/rotasturisticas.jundiai.sp.gov.br\/uva\/wp-content\/uploads\/sites\/2\/2025\/11\/ATELIE-Atelie-Enfim-Art-Artesanato-768x1366.jpg 768w, https:\/\/rotasturisticas.jundiai.sp.gov.br\/uva\/wp-content\/uploads\/sites\/2\/2025\/11\/ATELIE-Atelie-Enfim-Art-Artesanato-864x1536.jpg 864w, https:\/\/rotasturisticas.jundiai.sp.gov.br\/uva\/wp-content\/uploads\/sites\/2\/2025\/11\/ATELIE-Atelie-Enfim-Art-Artesanato.jpg 899w\" sizes=\"auto, (max-width: 534px) 100vw, 534px\" \/><\/figure>\n\n\n\n<figure class=\"wp-block-image size-large\"><img loading=\"lazy\" decoding=\"async\" width=\"713\" height=\"950\" data-id=\"651\" src=\"https:\/\/rotasturisticas.jundiai.sp.gov.br\/uva\/wp-content\/uploads\/sites\/2\/2025\/11\/ATELIE-DENTRO-Atelie-Enfim-Art-Artesanato-713x950.jpg\" alt=\"\" class=\"wp-image-651\" srcset=\"https:\/\/rotasturisticas.jundiai.sp.gov.br\/uva\/wp-content\/uploads\/sites\/2\/2025\/11\/ATELIE-DENTRO-Atelie-Enfim-Art-Artesanato-713x950.jpg 713w, https:\/\/rotasturisticas.jundiai.sp.gov.br\/uva\/wp-content\/uploads\/sites\/2\/2025\/11\/ATELIE-DENTRO-Atelie-Enfim-Art-Artesanato-768x1024.jpg 768w, https:\/\/rotasturisticas.jundiai.sp.gov.br\/uva\/wp-content\/uploads\/sites\/2\/2025\/11\/ATELIE-DENTRO-Atelie-Enfim-Art-Artesanato-1152x1536.jpg 1152w, https:\/\/rotasturisticas.jundiai.sp.gov.br\/uva\/wp-content\/uploads\/sites\/2\/2025\/11\/ATELIE-DENTRO-Atelie-Enfim-Art-Artesanato.jpg 1200w\" sizes=\"auto, (max-width: 713px) 100vw, 713px\" \/><\/figure>\n\n\n\n<figure class=\"wp-block-image size-large\"><img loading=\"lazy\" decoding=\"async\" width=\"713\" height=\"950\" data-id=\"652\" src=\"https:\/\/rotasturisticas.jundiai.sp.gov.br\/uva\/wp-content\/uploads\/sites\/2\/2025\/11\/ATELIE-DENTRO-1-Atelie-Enfim-Art-Artesanato-713x950.jpg\" alt=\"\" class=\"wp-image-652\" srcset=\"https:\/\/rotasturisticas.jundiai.sp.gov.br\/uva\/wp-content\/uploads\/sites\/2\/2025\/11\/ATELIE-DENTRO-1-Atelie-Enfim-Art-Artesanato-713x950.jpg 713w, https:\/\/rotasturisticas.jundiai.sp.gov.br\/uva\/wp-content\/uploads\/sites\/2\/2025\/11\/ATELIE-DENTRO-1-Atelie-Enfim-Art-Artesanato-768x1024.jpg 768w, https:\/\/rotasturisticas.jundiai.sp.gov.br\/uva\/wp-content\/uploads\/sites\/2\/2025\/11\/ATELIE-DENTRO-1-Atelie-Enfim-Art-Artesanato-1152x1536.jpg 1152w, https:\/\/rotasturisticas.jundiai.sp.gov.br\/uva\/wp-content\/uploads\/sites\/2\/2025\/11\/ATELIE-DENTRO-1-Atelie-Enfim-Art-Artesanato.jpg 1200w\" sizes=\"auto, (max-width: 713px) 100vw, 713px\" \/><\/figure>\n\n\n\n<figure class=\"wp-block-image size-large\"><img loading=\"lazy\" decoding=\"async\" width=\"713\" height=\"950\" data-id=\"653\" src=\"https:\/\/rotasturisticas.jundiai.sp.gov.br\/uva\/wp-content\/uploads\/sites\/2\/2025\/11\/ATELIE1-Atelie-Enfim-Art-Artesanato-713x950.jpg\" alt=\"\" class=\"wp-image-653\" srcset=\"https:\/\/rotasturisticas.jundiai.sp.gov.br\/uva\/wp-content\/uploads\/sites\/2\/2025\/11\/ATELIE1-Atelie-Enfim-Art-Artesanato-713x950.jpg 713w, https:\/\/rotasturisticas.jundiai.sp.gov.br\/uva\/wp-content\/uploads\/sites\/2\/2025\/11\/ATELIE1-Atelie-Enfim-Art-Artesanato-768x1024.jpg 768w, https:\/\/rotasturisticas.jundiai.sp.gov.br\/uva\/wp-content\/uploads\/sites\/2\/2025\/11\/ATELIE1-Atelie-Enfim-Art-Artesanato-1152x1536.jpg 1152w, https:\/\/rotasturisticas.jundiai.sp.gov.br\/uva\/wp-content\/uploads\/sites\/2\/2025\/11\/ATELIE1-Atelie-Enfim-Art-Artesanato.jpg 1200w\" sizes=\"auto, (max-width: 713px) 100vw, 713px\" \/><\/figure>\n\n\n\n<figure class=\"wp-block-image size-large\"><img loading=\"lazy\" decoding=\"async\" width=\"713\" height=\"950\" data-id=\"654\" src=\"https:\/\/rotasturisticas.jundiai.sp.gov.br\/uva\/wp-content\/uploads\/sites\/2\/2025\/11\/ATELIE2-Atelie-Enfim-Art-Artesanato-713x950.jpg\" alt=\"\" class=\"wp-image-654\" srcset=\"https:\/\/rotasturisticas.jundiai.sp.gov.br\/uva\/wp-content\/uploads\/sites\/2\/2025\/11\/ATELIE2-Atelie-Enfim-Art-Artesanato-713x950.jpg 713w, https:\/\/rotasturisticas.jundiai.sp.gov.br\/uva\/wp-content\/uploads\/sites\/2\/2025\/11\/ATELIE2-Atelie-Enfim-Art-Artesanato-768x1024.jpg 768w, https:\/\/rotasturisticas.jundiai.sp.gov.br\/uva\/wp-content\/uploads\/sites\/2\/2025\/11\/ATELIE2-Atelie-Enfim-Art-Artesanato-1152x1536.jpg 1152w, https:\/\/rotasturisticas.jundiai.sp.gov.br\/uva\/wp-content\/uploads\/sites\/2\/2025\/11\/ATELIE2-Atelie-Enfim-Art-Artesanato.jpg 1200w\" sizes=\"auto, (max-width: 713px) 100vw, 713px\" \/><\/figure>\n\n\n\n<figure class=\"wp-block-image size-large\"><img loading=\"lazy\" decoding=\"async\" width=\"713\" height=\"950\" data-id=\"656\" src=\"https:\/\/rotasturisticas.jundiai.sp.gov.br\/uva\/wp-content\/uploads\/sites\/2\/2025\/11\/ATELIE3-Atelie-Enfim-Art-Artesanato-713x950.jpg\" alt=\"\" class=\"wp-image-656\" srcset=\"https:\/\/rotasturisticas.jundiai.sp.gov.br\/uva\/wp-content\/uploads\/sites\/2\/2025\/11\/ATELIE3-Atelie-Enfim-Art-Artesanato-713x950.jpg 713w, https:\/\/rotasturisticas.jundiai.sp.gov.br\/uva\/wp-content\/uploads\/sites\/2\/2025\/11\/ATELIE3-Atelie-Enfim-Art-Artesanato-768x1024.jpg 768w, https:\/\/rotasturisticas.jundiai.sp.gov.br\/uva\/wp-content\/uploads\/sites\/2\/2025\/11\/ATELIE3-Atelie-Enfim-Art-Artesanato-1152x1536.jpg 1152w, https:\/\/rotasturisticas.jundiai.sp.gov.br\/uva\/wp-content\/uploads\/sites\/2\/2025\/11\/ATELIE3-Atelie-Enfim-Art-Artesanato.jpg 1200w\" sizes=\"auto, (max-width: 713px) 100vw, 713px\" \/><\/figure>\n\n\n\n<figure class=\"wp-block-image size-large\"><img loading=\"lazy\" decoding=\"async\" width=\"713\" height=\"950\" data-id=\"655\" src=\"https:\/\/rotasturisticas.jundiai.sp.gov.br\/uva\/wp-content\/uploads\/sites\/2\/2025\/11\/ATELIE4-Atelie-Enfim-Art-Artesanato-713x950.jpg\" alt=\"\" class=\"wp-image-655\" srcset=\"https:\/\/rotasturisticas.jundiai.sp.gov.br\/uva\/wp-content\/uploads\/sites\/2\/2025\/11\/ATELIE4-Atelie-Enfim-Art-Artesanato-713x950.jpg 713w, https:\/\/rotasturisticas.jundiai.sp.gov.br\/uva\/wp-content\/uploads\/sites\/2\/2025\/11\/ATELIE4-Atelie-Enfim-Art-Artesanato-768x1024.jpg 768w, https:\/\/rotasturisticas.jundiai.sp.gov.br\/uva\/wp-content\/uploads\/sites\/2\/2025\/11\/ATELIE4-Atelie-Enfim-Art-Artesanato-1152x1536.jpg 1152w, https:\/\/rotasturisticas.jundiai.sp.gov.br\/uva\/wp-content\/uploads\/sites\/2\/2025\/11\/ATELIE4-Atelie-Enfim-Art-Artesanato.jpg 1200w\" sizes=\"auto, (max-width: 713px) 100vw, 713px\" \/><\/figure>\n\n\n\n<figure class=\"wp-block-image size-large\"><img loading=\"lazy\" decoding=\"async\" width=\"1263\" height=\"950\" data-id=\"657\" src=\"https:\/\/rotasturisticas.jundiai.sp.gov.br\/uva\/wp-content\/uploads\/sites\/2\/2025\/11\/foto-loja-Atelie-Enfim-Art-Artesanato-1263x950.jpg\" alt=\"\" class=\"wp-image-657\" srcset=\"https:\/\/rotasturisticas.jundiai.sp.gov.br\/uva\/wp-content\/uploads\/sites\/2\/2025\/11\/foto-loja-Atelie-Enfim-Art-Artesanato-1263x950.jpg 1263w, https:\/\/rotasturisticas.jundiai.sp.gov.br\/uva\/wp-content\/uploads\/sites\/2\/2025\/11\/foto-loja-Atelie-Enfim-Art-Artesanato-300x225.jpg 300w, https:\/\/rotasturisticas.jundiai.sp.gov.br\/uva\/wp-content\/uploads\/sites\/2\/2025\/11\/foto-loja-Atelie-Enfim-Art-Artesanato-768x578.jpg 768w, https:\/\/rotasturisticas.jundiai.sp.gov.br\/uva\/wp-content\/uploads\/sites\/2\/2025\/11\/foto-loja-Atelie-Enfim-Art-Artesanato.jpg 1280w\" sizes=\"auto, (max-width: 1263px) 100vw, 1263px\" \/><\/figure>\n\n\n\n<figure class=\"wp-block-image size-large\"><img loading=\"lazy\" decoding=\"async\" width=\"1280\" height=\"720\" data-id=\"658\" src=\"https:\/\/rotasturisticas.jundiai.sp.gov.br\/uva\/wp-content\/uploads\/sites\/2\/2025\/11\/Imagem-do-WhatsApp-de-2025-10-22-as-12.34.45_fab06f0b-Atelie-Enfim-Art-Artesanato.jpg\" alt=\"\" class=\"wp-image-658\" srcset=\"https:\/\/rotasturisticas.jundiai.sp.gov.br\/uva\/wp-content\/uploads\/sites\/2\/2025\/11\/Imagem-do-WhatsApp-de-2025-10-22-as-12.34.45_fab06f0b-Atelie-Enfim-Art-Artesanato.jpg 1280w, https:\/\/rotasturisticas.jundiai.sp.gov.br\/uva\/wp-content\/uploads\/sites\/2\/2025\/11\/Imagem-do-WhatsApp-de-2025-10-22-as-12.34.45_fab06f0b-Atelie-Enfim-Art-Artesanato-768x432.jpg 768w\" sizes=\"auto, (max-width: 1280px) 100vw, 1280px\" \/><\/figure>\n<\/figure>\n","protected":false},"excerpt":{"rendered":"<p>Ateli\u00ea Enfim Art \u2013 Onde a Arte Ganha Vida. O Ateli\u00ea Enfim Art, localizado no charmoso bairro Caxambu, em Jundia\u00ed, \u00e9 um espa\u00e7o dedicado \u00e0 arte, \u00e0 criatividade e ao aprendizado. Sob a dire\u00e7\u00e3o de Sandra Carmignolli, Artista Pl\u00e1stica com forma\u00e7\u00e3o acad\u00eamica em Artes Pl\u00e1sticas, o ateli\u00ea tem como miss\u00e3o valorizar o artesanato e a [&hellip;]<\/p>\n","protected":false},"author":23,"featured_media":0,"parent":75,"menu_order":0,"comment_status":"closed","ping_status":"closed","template":"page-local.php","meta":{"footnotes":""},"class_list":["post-649","page","type-page","status-publish","hentry"],"_links":{"self":[{"href":"https:\/\/rotasturisticas.jundiai.sp.gov.br\/uva\/wp-json\/wp\/v2\/pages\/649","targetHints":{"allow":["GET"]}}],"collection":[{"href":"https:\/\/rotasturisticas.jundiai.sp.gov.br\/uva\/wp-json\/wp\/v2\/pages"}],"about":[{"href":"https:\/\/rotasturisticas.jundiai.sp.gov.br\/uva\/wp-json\/wp\/v2\/types\/page"}],"author":[{"embeddable":true,"href":"https:\/\/rotasturisticas.jundiai.sp.gov.br\/uva\/wp-json\/wp\/v2\/users\/23"}],"replies":[{"embeddable":true,"href":"https:\/\/rotasturisticas.jundiai.sp.gov.br\/uva\/wp-json\/wp\/v2\/comments?post=649"}],"version-history":[{"count":1,"href":"https:\/\/rotasturisticas.jundiai.sp.gov.br\/uva\/wp-json\/wp\/v2\/pages\/649\/revisions"}],"predecessor-version":[{"id":659,"href":"https:\/\/rotasturisticas.jundiai.sp.gov.br\/uva\/wp-json\/wp\/v2\/pages\/649\/revisions\/659"}],"up":[{"embeddable":true,"href":"https:\/\/rotasturisticas.jundiai.sp.gov.br\/uva\/wp-json\/wp\/v2\/pages\/75"}],"wp:attachment":[{"href":"https:\/\/rotasturisticas.jundiai.sp.gov.br\/uva\/wp-json\/wp\/v2\/media?parent=649"}],"curies":[{"name":"wp","href":"https:\/\/api.w.org\/{rel}","templated":true}]}}