{"id":636,"date":"2025-10-07T13:25:44","date_gmt":"2025-10-07T16:25:44","guid":{"rendered":"https:\/\/rotasturisticas.jundiai.sp.gov.br\/uva\/?page_id=636"},"modified":"2025-10-07T13:25:44","modified_gmt":"2025-10-07T16:25:44","slug":"degust-rust","status":"publish","type":"page","link":"https:\/\/rotasturisticas.jundiai.sp.gov.br\/uva\/lojas-especiais\/degust-rust\/","title":{"rendered":"Degust Rust"},"content":{"rendered":"\n<p>Somos uma empresa familiar desde 2008 , que carrega consigo a tradi\u00e7\u00e3o de receitas passadas atrav\u00e9s de gera\u00e7\u00f5es. Nosso trabalho \u00e9 voltado \u00e0 produ\u00e7\u00e3o de p\u00e3es artesanais de longa fermenta\u00e7\u00e3o, elaborados com carinho e dedica\u00e7\u00e3o sem a adi\u00e7\u00e3o de conservantes e corantes .Cada produto reflete nosso compromisso com a qualidade e o sabor aut\u00eantico, oferecendo aos clientes uma experi\u00eancia que une tradi\u00e7\u00e3o, sabor e qualidade em cada fornada.<\/p>\n\n\n\n<figure class=\"wp-block-gallery has-nested-images columns-default is-cropped wp-block-gallery-1 is-layout-flex wp-block-gallery-is-layout-flex\">\n<figure class=\"wp-block-image size-large\"><img loading=\"lazy\" decoding=\"async\" width=\"1261\" height=\"950\" data-id=\"642\" src=\"https:\/\/rotasturisticas.jundiai.sp.gov.br\/uva\/wp-content\/uploads\/sites\/2\/2025\/10\/IMG_20250705_120633-Gabriela-Costa-Maziero-1261x950.jpg\" alt=\"\" class=\"wp-image-642\" srcset=\"https:\/\/rotasturisticas.jundiai.sp.gov.br\/uva\/wp-content\/uploads\/sites\/2\/2025\/10\/IMG_20250705_120633-Gabriela-Costa-Maziero-1261x950.jpg 1261w, https:\/\/rotasturisticas.jundiai.sp.gov.br\/uva\/wp-content\/uploads\/sites\/2\/2025\/10\/IMG_20250705_120633-Gabriela-Costa-Maziero-300x225.jpg 300w, https:\/\/rotasturisticas.jundiai.sp.gov.br\/uva\/wp-content\/uploads\/sites\/2\/2025\/10\/IMG_20250705_120633-Gabriela-Costa-Maziero-768x578.jpg 768w, https:\/\/rotasturisticas.jundiai.sp.gov.br\/uva\/wp-content\/uploads\/sites\/2\/2025\/10\/IMG_20250705_120633-Gabriela-Costa-Maziero.jpg 1280w\" sizes=\"auto, (max-width: 1261px) 100vw, 1261px\" \/><\/figure>\n\n\n\n<figure class=\"wp-block-image size-large\"><img loading=\"lazy\" decoding=\"async\" width=\"713\" height=\"950\" data-id=\"638\" src=\"https:\/\/rotasturisticas.jundiai.sp.gov.br\/uva\/wp-content\/uploads\/sites\/2\/2025\/10\/IMG-20250908-WA0147-Gabriela-Costa-Maziero-713x950.jpg\" alt=\"\" class=\"wp-image-638\" srcset=\"https:\/\/rotasturisticas.jundiai.sp.gov.br\/uva\/wp-content\/uploads\/sites\/2\/2025\/10\/IMG-20250908-WA0147-Gabriela-Costa-Maziero-713x950.jpg 713w, https:\/\/rotasturisticas.jundiai.sp.gov.br\/uva\/wp-content\/uploads\/sites\/2\/2025\/10\/IMG-20250908-WA0147-Gabriela-Costa-Maziero-768x1024.jpg 768w, https:\/\/rotasturisticas.jundiai.sp.gov.br\/uva\/wp-content\/uploads\/sites\/2\/2025\/10\/IMG-20250908-WA0147-Gabriela-Costa-Maziero-1152x1536.jpg 1152w, https:\/\/rotasturisticas.jundiai.sp.gov.br\/uva\/wp-content\/uploads\/sites\/2\/2025\/10\/IMG-20250908-WA0147-Gabriela-Costa-Maziero.jpg 1200w\" sizes=\"auto, (max-width: 713px) 100vw, 713px\" \/><\/figure>\n\n\n\n<figure class=\"wp-block-image size-large\"><img loading=\"lazy\" decoding=\"async\" width=\"534\" height=\"950\" data-id=\"639\" src=\"https:\/\/rotasturisticas.jundiai.sp.gov.br\/uva\/wp-content\/uploads\/sites\/2\/2025\/10\/IMG-20250917-WA0077-Gabriela-Costa-Maziero-534x950.jpg\" alt=\"\" class=\"wp-image-639\" srcset=\"https:\/\/rotasturisticas.jundiai.sp.gov.br\/uva\/wp-content\/uploads\/sites\/2\/2025\/10\/IMG-20250917-WA0077-Gabriela-Costa-Maziero-534x950.jpg 534w, https:\/\/rotasturisticas.jundiai.sp.gov.br\/uva\/wp-content\/uploads\/sites\/2\/2025\/10\/IMG-20250917-WA0077-Gabriela-Costa-Maziero.jpg 720w\" sizes=\"auto, (max-width: 534px) 100vw, 534px\" \/><\/figure>\n\n\n\n<figure class=\"wp-block-image size-large\"><img loading=\"lazy\" decoding=\"async\" width=\"1267\" height=\"950\" data-id=\"640\" src=\"https:\/\/rotasturisticas.jundiai.sp.gov.br\/uva\/wp-content\/uploads\/sites\/2\/2025\/10\/IMG-20250924-WA0101-Gabriela-Costa-Maziero-1267x950.jpg\" alt=\"\" class=\"wp-image-640\" srcset=\"https:\/\/rotasturisticas.jundiai.sp.gov.br\/uva\/wp-content\/uploads\/sites\/2\/2025\/10\/IMG-20250924-WA0101-Gabriela-Costa-Maziero-1267x950.jpg 1267w, https:\/\/rotasturisticas.jundiai.sp.gov.br\/uva\/wp-content\/uploads\/sites\/2\/2025\/10\/IMG-20250924-WA0101-Gabriela-Costa-Maziero-300x225.jpg 300w, https:\/\/rotasturisticas.jundiai.sp.gov.br\/uva\/wp-content\/uploads\/sites\/2\/2025\/10\/IMG-20250924-WA0101-Gabriela-Costa-Maziero-768x576.jpg 768w, https:\/\/rotasturisticas.jundiai.sp.gov.br\/uva\/wp-content\/uploads\/sites\/2\/2025\/10\/IMG-20250924-WA0101-Gabriela-Costa-Maziero.jpg 1280w\" sizes=\"auto, (max-width: 1267px) 100vw, 1267px\" \/><\/figure>\n\n\n\n<figure class=\"wp-block-image size-large\"><img loading=\"lazy\" decoding=\"async\" width=\"713\" height=\"950\" data-id=\"641\" src=\"https:\/\/rotasturisticas.jundiai.sp.gov.br\/uva\/wp-content\/uploads\/sites\/2\/2025\/10\/IMG-20250924-WA0107-Gabriela-Costa-Maziero-713x950.jpg\" alt=\"\" class=\"wp-image-641\" srcset=\"https:\/\/rotasturisticas.jundiai.sp.gov.br\/uva\/wp-content\/uploads\/sites\/2\/2025\/10\/IMG-20250924-WA0107-Gabriela-Costa-Maziero-713x950.jpg 713w, https:\/\/rotasturisticas.jundiai.sp.gov.br\/uva\/wp-content\/uploads\/sites\/2\/2025\/10\/IMG-20250924-WA0107-Gabriela-Costa-Maziero-768x1024.jpg 768w, https:\/\/rotasturisticas.jundiai.sp.gov.br\/uva\/wp-content\/uploads\/sites\/2\/2025\/10\/IMG-20250924-WA0107-Gabriela-Costa-Maziero.jpg 960w\" sizes=\"auto, (max-width: 713px) 100vw, 713px\" \/><\/figure>\n\n\n\n<figure class=\"wp-block-image size-large\"><img loading=\"lazy\" decoding=\"async\" width=\"720\" height=\"709\" data-id=\"637\" src=\"https:\/\/rotasturisticas.jundiai.sp.gov.br\/uva\/wp-content\/uploads\/sites\/2\/2025\/10\/IMG-20250924-WA0120-Gabriela-Costa-Maziero.jpg\" alt=\"\" class=\"wp-image-637\" \/><\/figure>\n\n\n\n<figure class=\"wp-block-image size-large\"><img loading=\"lazy\" decoding=\"async\" width=\"713\" height=\"950\" data-id=\"643\" src=\"https:\/\/rotasturisticas.jundiai.sp.gov.br\/uva\/wp-content\/uploads\/sites\/2\/2025\/10\/IMG-20250924-WA0121-Gabriela-Costa-Maziero-713x950.jpg\" alt=\"\" class=\"wp-image-643\" srcset=\"https:\/\/rotasturisticas.jundiai.sp.gov.br\/uva\/wp-content\/uploads\/sites\/2\/2025\/10\/IMG-20250924-WA0121-Gabriela-Costa-Maziero-713x950.jpg 713w, https:\/\/rotasturisticas.jundiai.sp.gov.br\/uva\/wp-content\/uploads\/sites\/2\/2025\/10\/IMG-20250924-WA0121-Gabriela-Costa-Maziero-768x1024.jpg 768w, https:\/\/rotasturisticas.jundiai.sp.gov.br\/uva\/wp-content\/uploads\/sites\/2\/2025\/10\/IMG-20250924-WA0121-Gabriela-Costa-Maziero-1152x1536.jpg 1152w, https:\/\/rotasturisticas.jundiai.sp.gov.br\/uva\/wp-content\/uploads\/sites\/2\/2025\/10\/IMG-20250924-WA0121-Gabriela-Costa-Maziero.jpg 1200w\" sizes=\"auto, (max-width: 713px) 100vw, 713px\" \/><\/figure>\n\n\n\n<figure class=\"wp-block-image size-large\"><img loading=\"lazy\" decoding=\"async\" width=\"1267\" height=\"950\" data-id=\"644\" src=\"https:\/\/rotasturisticas.jundiai.sp.gov.br\/uva\/wp-content\/uploads\/sites\/2\/2025\/10\/IMG-20250924-WA0123-Gabriela-Costa-Maziero-1267x950.jpg\" alt=\"\" class=\"wp-image-644\" srcset=\"https:\/\/rotasturisticas.jundiai.sp.gov.br\/uva\/wp-content\/uploads\/sites\/2\/2025\/10\/IMG-20250924-WA0123-Gabriela-Costa-Maziero-1267x950.jpg 1267w, https:\/\/rotasturisticas.jundiai.sp.gov.br\/uva\/wp-content\/uploads\/sites\/2\/2025\/10\/IMG-20250924-WA0123-Gabriela-Costa-Maziero-300x225.jpg 300w, https:\/\/rotasturisticas.jundiai.sp.gov.br\/uva\/wp-content\/uploads\/sites\/2\/2025\/10\/IMG-20250924-WA0123-Gabriela-Costa-Maziero-768x576.jpg 768w, https:\/\/rotasturisticas.jundiai.sp.gov.br\/uva\/wp-content\/uploads\/sites\/2\/2025\/10\/IMG-20250924-WA0123-Gabriela-Costa-Maziero.jpg 1280w\" sizes=\"auto, (max-width: 1267px) 100vw, 1267px\" \/><\/figure>\n\n\n\n<figure class=\"wp-block-image size-large\"><img loading=\"lazy\" decoding=\"async\" width=\"1267\" height=\"950\" data-id=\"645\" src=\"https:\/\/rotasturisticas.jundiai.sp.gov.br\/uva\/wp-content\/uploads\/sites\/2\/2025\/10\/IMG-20250924-WA0124-Gabriela-Costa-Maziero-1267x950.jpg\" alt=\"\" class=\"wp-image-645\" srcset=\"https:\/\/rotasturisticas.jundiai.sp.gov.br\/uva\/wp-content\/uploads\/sites\/2\/2025\/10\/IMG-20250924-WA0124-Gabriela-Costa-Maziero-1267x950.jpg 1267w, https:\/\/rotasturisticas.jundiai.sp.gov.br\/uva\/wp-content\/uploads\/sites\/2\/2025\/10\/IMG-20250924-WA0124-Gabriela-Costa-Maziero-300x225.jpg 300w, https:\/\/rotasturisticas.jundiai.sp.gov.br\/uva\/wp-content\/uploads\/sites\/2\/2025\/10\/IMG-20250924-WA0124-Gabriela-Costa-Maziero-768x576.jpg 768w, https:\/\/rotasturisticas.jundiai.sp.gov.br\/uva\/wp-content\/uploads\/sites\/2\/2025\/10\/IMG-20250924-WA0124-Gabriela-Costa-Maziero.jpg 1280w\" sizes=\"auto, (max-width: 1267px) 100vw, 1267px\" \/><\/figure>\n\n\n\n<figure class=\"wp-block-image size-large\"><img loading=\"lazy\" decoding=\"async\" width=\"1265\" height=\"950\" data-id=\"646\" src=\"https:\/\/rotasturisticas.jundiai.sp.gov.br\/uva\/wp-content\/uploads\/sites\/2\/2025\/10\/IMG-20250924-WA0125-Gabriela-Costa-Maziero-1265x950.jpg\" alt=\"\" class=\"wp-image-646\" srcset=\"https:\/\/rotasturisticas.jundiai.sp.gov.br\/uva\/wp-content\/uploads\/sites\/2\/2025\/10\/IMG-20250924-WA0125-Gabriela-Costa-Maziero-1265x950.jpg 1265w, https:\/\/rotasturisticas.jundiai.sp.gov.br\/uva\/wp-content\/uploads\/sites\/2\/2025\/10\/IMG-20250924-WA0125-Gabriela-Costa-Maziero-300x225.jpg 300w, https:\/\/rotasturisticas.jundiai.sp.gov.br\/uva\/wp-content\/uploads\/sites\/2\/2025\/10\/IMG-20250924-WA0125-Gabriela-Costa-Maziero-768x577.jpg 768w, https:\/\/rotasturisticas.jundiai.sp.gov.br\/uva\/wp-content\/uploads\/sites\/2\/2025\/10\/IMG-20250924-WA0125-Gabriela-Costa-Maziero.jpg 1280w\" sizes=\"auto, (max-width: 1265px) 100vw, 1265px\" \/><\/figure>\n<\/figure>\n","protected":false},"excerpt":{"rendered":"<p>Somos uma empresa familiar desde 2008 , que carrega consigo a tradi\u00e7\u00e3o de receitas passadas atrav\u00e9s de gera\u00e7\u00f5es. Nosso trabalho \u00e9 voltado \u00e0 produ\u00e7\u00e3o de p\u00e3es artesanais de longa fermenta\u00e7\u00e3o, elaborados com carinho e dedica\u00e7\u00e3o sem a adi\u00e7\u00e3o de conservantes e corantes .Cada produto reflete nosso compromisso com a qualidade e o sabor aut\u00eantico, oferecendo [&hellip;]<\/p>\n","protected":false},"author":23,"featured_media":0,"parent":75,"menu_order":0,"comment_status":"closed","ping_status":"closed","template":"page-local.php","meta":{"footnotes":""},"class_list":["post-636","page","type-page","status-publish","hentry"],"_links":{"self":[{"href":"https:\/\/rotasturisticas.jundiai.sp.gov.br\/uva\/wp-json\/wp\/v2\/pages\/636","targetHints":{"allow":["GET"]}}],"collection":[{"href":"https:\/\/rotasturisticas.jundiai.sp.gov.br\/uva\/wp-json\/wp\/v2\/pages"}],"about":[{"href":"https:\/\/rotasturisticas.jundiai.sp.gov.br\/uva\/wp-json\/wp\/v2\/types\/page"}],"author":[{"embeddable":true,"href":"https:\/\/rotasturisticas.jundiai.sp.gov.br\/uva\/wp-json\/wp\/v2\/users\/23"}],"replies":[{"embeddable":true,"href":"https:\/\/rotasturisticas.jundiai.sp.gov.br\/uva\/wp-json\/wp\/v2\/comments?post=636"}],"version-history":[{"count":1,"href":"https:\/\/rotasturisticas.jundiai.sp.gov.br\/uva\/wp-json\/wp\/v2\/pages\/636\/revisions"}],"predecessor-version":[{"id":647,"href":"https:\/\/rotasturisticas.jundiai.sp.gov.br\/uva\/wp-json\/wp\/v2\/pages\/636\/revisions\/647"}],"up":[{"embeddable":true,"href":"https:\/\/rotasturisticas.jundiai.sp.gov.br\/uva\/wp-json\/wp\/v2\/pages\/75"}],"wp:attachment":[{"href":"https:\/\/rotasturisticas.jundiai.sp.gov.br\/uva\/wp-json\/wp\/v2\/media?parent=636"}],"curies":[{"name":"wp","href":"https:\/\/api.w.org\/{rel}","templated":true}]}}