{"id":61,"date":"2016-03-18T17:44:59","date_gmt":"2016-03-18T20:44:59","guid":{"rendered":"http:\/\/rotasturisticas.jundiai.sp.gov.br\/uva\/?page_id=61"},"modified":"2022-09-09T09:36:30","modified_gmt":"2022-09-09T12:36:30","slug":"adega-mingotti","status":"publish","type":"page","link":"https:\/\/rotasturisticas.jundiai.sp.gov.br\/uva\/o-que-visitar\/adega-mingotti\/","title":{"rendered":"Adega Mingoti"},"content":{"rendered":"<p><strong>Endere\u00e7o<\/strong>: Av.\u00a0Jo\u00e3o Batista Spiandorello, 2585 \u2013 Roseira<br \/>\n<strong>Telefone<\/strong>: (11) 4584-2506 \/ 4584-2890<br \/>\n<b>Hor\u00e1rio de Funcionamento<\/b>:\u00a0Diariamente das 8h \u00e0s 18h<\/p>\n<p style=\"text-align: justify\">A fam\u00edlia Mingoti possui muitos anos de trabalho na lavoura, cultivando uvas e produzindo vinhos. A propriedade j\u00e1 chegou a plantar 9 mil p\u00e9s de uva. Atualmente tem apenas mil videiras em suas terras que produzem anualmente 2 mil litros de vinho.<\/p>\n<p style=\"text-align: justify\">\n<div style=\"width: 310px\" class=\"wp-caption alignleft\"><a href=\"http:\/\/turismo.jundiai.sp.gov.br\/wp-content\/uploads\/2014\/06\/Adega-Mingotti-4-300x450.jpg\"><img loading=\"lazy\" decoding=\"async\" src=\"http:\/\/turismo.jundiai.sp.gov.br\/wp-content\/uploads\/2014\/06\/Adega-Mingotti-4-300x450.jpg\" alt=\"Vinhos\" width=\"300\" height=\"450\" \/><\/a><p class=\"wp-caption-text\">Vinhos<\/p><\/div>\n<div style=\"width: 310px\" class=\"wp-caption alignright\"><a href=\"http:\/\/turismo.jundiai.sp.gov.br\/wp-content\/uploads\/2014\/06\/Adega-Mingotti-31-300x300.jpg\"><img loading=\"lazy\" decoding=\"async\" src=\"http:\/\/turismo.jundiai.sp.gov.br\/wp-content\/uploads\/2014\/06\/Adega-Mingotti-31-300x300.jpg\" alt=\"Adega Mingotti\" width=\"300\" height=\"300\" \/><\/a><p class=\"wp-caption-text\">Adega Mingotti<\/p><\/div>\n<div style=\"width: 310px\" class=\"wp-caption alignleft\"><a href=\"http:\/\/turismo.jundiai.sp.gov.br\/wp-content\/uploads\/2014\/06\/Adega-Mingotti-1-300x300.jpg\"><img loading=\"lazy\" decoding=\"async\" src=\"http:\/\/turismo.jundiai.sp.gov.br\/wp-content\/uploads\/2014\/06\/Adega-Mingotti-1-300x300.jpg\" alt=\"Adega Mingotti\" width=\"300\" height=\"300\" \/><\/a><p class=\"wp-caption-text\">Adega Mingotti<\/p><\/div>\n<div style=\"width: 310px\" class=\"wp-caption alignright\"><a href=\"http:\/\/turismo.jundiai.sp.gov.br\/wp-content\/uploads\/2014\/06\/Adega-Mingotti-11-300x199.jpg\"><img loading=\"lazy\" decoding=\"async\" src=\"http:\/\/turismo.jundiai.sp.gov.br\/wp-content\/uploads\/2014\/06\/Adega-Mingotti-11-300x199.jpg\" alt=\"Vinhos Armazenados na Adega Mingotti\" width=\"300\" height=\"199\" \/><\/a><p class=\"wp-caption-text\">Vinhos Armazenados na Adega Mingotti<\/p><\/div>\n","protected":false},"excerpt":{"rendered":"<p>Endere\u00e7o: Av.\u00a0Jo\u00e3o Batista Spiandorello, 2585 \u2013 Roseira Telefone: (11) 4584-2506 \/ 4584-2890 Hor\u00e1rio de Funcionamento:\u00a0Diariamente das 8h \u00e0s 18h A fam\u00edlia Mingoti possui muitos anos de trabalho na lavoura, cultivando uvas e produzindo vinhos. A propriedade j\u00e1 chegou a plantar 9 mil p\u00e9s de uva. Atualmente tem apenas mil videiras em suas terras que produzem [&hellip;]<\/p>\n","protected":false},"author":4,"featured_media":0,"parent":12,"menu_order":0,"comment_status":"closed","ping_status":"closed","template":"","meta":{"footnotes":""},"class_list":["post-61","page","type-page","status-publish","hentry"],"_links":{"self":[{"href":"https:\/\/rotasturisticas.jundiai.sp.gov.br\/uva\/wp-json\/wp\/v2\/pages\/61","targetHints":{"allow":["GET"]}}],"collection":[{"href":"https:\/\/rotasturisticas.jundiai.sp.gov.br\/uva\/wp-json\/wp\/v2\/pages"}],"about":[{"href":"https:\/\/rotasturisticas.jundiai.sp.gov.br\/uva\/wp-json\/wp\/v2\/types\/page"}],"author":[{"embeddable":true,"href":"https:\/\/rotasturisticas.jundiai.sp.gov.br\/uva\/wp-json\/wp\/v2\/users\/4"}],"replies":[{"embeddable":true,"href":"https:\/\/rotasturisticas.jundiai.sp.gov.br\/uva\/wp-json\/wp\/v2\/comments?post=61"}],"version-history":[{"count":2,"href":"https:\/\/rotasturisticas.jundiai.sp.gov.br\/uva\/wp-json\/wp\/v2\/pages\/61\/revisions"}],"predecessor-version":[{"id":509,"href":"https:\/\/rotasturisticas.jundiai.sp.gov.br\/uva\/wp-json\/wp\/v2\/pages\/61\/revisions\/509"}],"up":[{"embeddable":true,"href":"https:\/\/rotasturisticas.jundiai.sp.gov.br\/uva\/wp-json\/wp\/v2\/pages\/12"}],"wp:attachment":[{"href":"https:\/\/rotasturisticas.jundiai.sp.gov.br\/uva\/wp-json\/wp\/v2\/media?parent=61"}],"curies":[{"name":"wp","href":"https:\/\/api.w.org\/{rel}","templated":true}]}}