{"id":57,"date":"2016-03-18T17:25:38","date_gmt":"2016-03-18T20:25:38","guid":{"rendered":"http:\/\/rotasturisticas.jundiai.sp.gov.br\/uva\/?page_id=57"},"modified":"2023-09-19T11:45:15","modified_gmt":"2023-09-19T14:45:15","slug":"adega-martins","status":"publish","type":"page","link":"https:\/\/rotasturisticas.jundiai.sp.gov.br\/uva\/o-que-visitar\/adega-martins\/","title":{"rendered":"Adega Martins"},"content":{"rendered":"\n<div style=\"height:28px\" aria-hidden=\"true\" class=\"wp-block-spacer\"><\/div>\n\n\n\n<p><\/p>\n\n\n\n<p>A Adega Martins, com tradi\u00e7\u00e3o de mais de 50 anos na produ\u00e7\u00e3o de uvas, vinhos e derivados, guarda at\u00e9 hoje as caracter\u00edsticas da produ\u00e7\u00e3o artesanal para manter a qualidade de seus produtos.<br>Em meio a natureza, com seus parreirais ao lado da adega, os visitantes podem desfrutar de momentos inesquec\u00edveis.<br>A fam\u00edlia Martins recebe seus visitantes com muito carinho e aten\u00e7\u00e3o, transmitindo seus conhecimentos e contando um pouco de sua historia de vida. Esta fam\u00edlia guerreira dedicou varias d\u00e9cadas a um trabalho exemplar, fruto de muito suor, luta e, principalmente, muito amor .<br>Com vasta experi\u00eancia em produ\u00e7\u00e3o de bebidas, a fam\u00edlia Martins, atrav\u00e9s de sua segunda gera\u00e7\u00e3o, compartilha conhecimentos gerais na fabrica\u00e7\u00e3o de vinhos, sucos, licores, destilados e cervejas artesanais.<br>O visitante que chega \u00e0 Adega Martins tira suas duvidas, faz degusta\u00e7\u00f5es e leva pra casa os melhores produtos da regi\u00e3o.<br>\u201cDentro de cada garrafa n\u00e3o esta apenas uma bebida, mas uma linda hist\u00f3ria.\u201d<\/p>\n\n\n\n<p><strong>Tipos de vinhos produzidos:<\/strong><br>Moscatel (seco e suave), Niagara (seco e suave), Bord\u00f4 Ros\u00e9 (seco e suave), Bord\u00f4 (seco e suave), Isabel (suave), Corbina (seco), Merlot, Cabernet Sauvignon e Assemblage (cabernet, merlot e tannat)<\/p>\n\n\n\n<p><strong>Outras bebidas comercializadas:<\/strong>&nbsp;Vinagre (vinho e mel), Jeropinga, Fermentado de Laranja, Licores, Destilados, Cerveja artesanal<br><strong>Outros produtos comercializados:<\/strong>&nbsp;uvas, bolachas e p\u00e3es caseiros, doces em caldas<br><strong>Outros tipos de servi\u00e7os:<\/strong>&nbsp;Caf\u00e9 da manh\u00e3 (mediante agendamento)<\/p>\n\n\n\n<figure class=\"wp-block-gallery has-nested-images columns-default is-cropped wp-block-gallery-1 is-layout-flex wp-block-gallery-is-layout-flex\">\n<figure class=\"wp-block-image size-large\"><a href=\"https:\/\/turismo.jundiai.sp.gov.br\/wp-content\/uploads\/2021\/07\/WhatsApp-Image-2021-07-05-at-11.15.43-1-Silvia-Martins-680x907.jpeg\"><img decoding=\"async\" data-id=\"21694\" src=\"https:\/\/turismo.jundiai.sp.gov.br\/wp-content\/uploads\/2021\/07\/WhatsApp-Image-2021-07-05-at-11.15.43-1-Silvia-Martins-680x907.jpeg\" alt=\"\" class=\"wp-image-21694\" \/><\/a><\/figure>\n\n\n\n<figure class=\"wp-block-image size-large\"><a href=\"https:\/\/turismo.jundiai.sp.gov.br\/wp-content\/uploads\/2021\/07\/WhatsApp-Image-2021-07-05-at-11.15.43-2-Silvia-Martins-680x850.jpeg\"><img decoding=\"async\" data-id=\"21695\" src=\"https:\/\/turismo.jundiai.sp.gov.br\/wp-content\/uploads\/2021\/07\/WhatsApp-Image-2021-07-05-at-11.15.43-2-Silvia-Martins-680x850.jpeg\" alt=\"\" class=\"wp-image-21695\" \/><\/a><\/figure>\n\n\n\n<figure class=\"wp-block-image size-large\"><a href=\"https:\/\/turismo.jundiai.sp.gov.br\/wp-content\/uploads\/2021\/07\/WhatsApp-Image-2021-07-05-at-11.21.08-1-Silvia-Martins-680x510.jpeg\"><img decoding=\"async\" data-id=\"21696\" src=\"https:\/\/turismo.jundiai.sp.gov.br\/wp-content\/uploads\/2021\/07\/WhatsApp-Image-2021-07-05-at-11.21.08-1-Silvia-Martins-680x510.jpeg\" alt=\"\" class=\"wp-image-21696\" \/><\/a><\/figure>\n\n\n\n<figure class=\"wp-block-image size-large\"><a href=\"https:\/\/turismo.jundiai.sp.gov.br\/wp-content\/uploads\/2021\/07\/WhatsApp-Image-2021-07-05-at-11.24.33-Silvia-Martins-680x510.jpeg\"><img decoding=\"async\" data-id=\"21697\" src=\"https:\/\/turismo.jundiai.sp.gov.br\/wp-content\/uploads\/2021\/07\/WhatsApp-Image-2021-07-05-at-11.24.33-Silvia-Martins-680x510.jpeg\" alt=\"\" class=\"wp-image-21697\" \/><\/a><\/figure>\n\n\n\n<figure class=\"wp-block-image size-large\"><a href=\"https:\/\/turismo.jundiai.sp.gov.br\/wp-content\/uploads\/2021\/07\/WhatsApp-Image-2021-07-05-at-11.27.04-1-Silvia-Martins-680x510.jpeg\"><img decoding=\"async\" data-id=\"21698\" src=\"https:\/\/turismo.jundiai.sp.gov.br\/wp-content\/uploads\/2021\/07\/WhatsApp-Image-2021-07-05-at-11.27.04-1-Silvia-Martins-680x510.jpeg\" alt=\"\" class=\"wp-image-21698\" \/><\/a><\/figure>\n\n\n\n<figure class=\"wp-block-image size-large\"><a href=\"https:\/\/turismo.jundiai.sp.gov.br\/wp-content\/uploads\/2021\/07\/WhatsApp-Image-2021-07-05-at-11.29.31-Silvia-Martins-680x510.jpeg\"><img decoding=\"async\" data-id=\"21699\" src=\"https:\/\/turismo.jundiai.sp.gov.br\/wp-content\/uploads\/2021\/07\/WhatsApp-Image-2021-07-05-at-11.29.31-Silvia-Martins-680x510.jpeg\" alt=\"\" class=\"wp-image-21699\" \/><\/a><\/figure>\n\n\n\n<figure class=\"wp-block-image size-large\"><a href=\"https:\/\/turismo.jundiai.sp.gov.br\/wp-content\/uploads\/2021\/07\/Adega-Martins-2-Silvia-Martins-680x453.jpg\"><img decoding=\"async\" data-id=\"21700\" src=\"https:\/\/turismo.jundiai.sp.gov.br\/wp-content\/uploads\/2021\/07\/Adega-Martins-2-Silvia-Martins-680x453.jpg\" alt=\"\" class=\"wp-image-21700\" \/><\/a><\/figure>\n\n\n\n<figure class=\"wp-block-image size-large\"><a href=\"https:\/\/turismo.jundiai.sp.gov.br\/wp-content\/uploads\/2021\/07\/Adega-Martins-5-Silvia-Martins-640x960.jpg\"><img decoding=\"async\" data-id=\"21701\" src=\"https:\/\/turismo.jundiai.sp.gov.br\/wp-content\/uploads\/2021\/07\/Adega-Martins-5-Silvia-Martins-640x960.jpg\" alt=\"\" class=\"wp-image-21701\" \/><\/a><\/figure>\n\n\n\n<figure class=\"wp-block-image size-large\"><a href=\"https:\/\/turismo.jundiai.sp.gov.br\/wp-content\/uploads\/2021\/07\/162790875_3801478419942860_5866491633802311832_n-680x510.jpg\"><img decoding=\"async\" data-id=\"21707\" src=\"https:\/\/turismo.jundiai.sp.gov.br\/wp-content\/uploads\/2021\/07\/162790875_3801478419942860_5866491633802311832_n-680x510.jpg\" alt=\"\" class=\"wp-image-21707\" \/><\/a><\/figure>\n<\/figure>\n","protected":false},"excerpt":{"rendered":"<p>A Adega Martins, com tradi\u00e7\u00e3o de mais de 50 anos na produ\u00e7\u00e3o de uvas, vinhos e derivados, guarda at\u00e9 hoje as caracter\u00edsticas da produ\u00e7\u00e3o artesanal para manter a qualidade de seus produtos.Em meio a natureza, com seus parreirais ao lado da adega, os visitantes podem desfrutar de momentos inesquec\u00edveis.A fam\u00edlia Martins recebe seus visitantes com [&hellip;]<\/p>\n","protected":false},"author":4,"featured_media":0,"parent":12,"menu_order":0,"comment_status":"closed","ping_status":"closed","template":"page-local.php","meta":{"footnotes":""},"class_list":["post-57","page","type-page","status-publish","hentry"],"_links":{"self":[{"href":"https:\/\/rotasturisticas.jundiai.sp.gov.br\/uva\/wp-json\/wp\/v2\/pages\/57","targetHints":{"allow":["GET"]}}],"collection":[{"href":"https:\/\/rotasturisticas.jundiai.sp.gov.br\/uva\/wp-json\/wp\/v2\/pages"}],"about":[{"href":"https:\/\/rotasturisticas.jundiai.sp.gov.br\/uva\/wp-json\/wp\/v2\/types\/page"}],"author":[{"embeddable":true,"href":"https:\/\/rotasturisticas.jundiai.sp.gov.br\/uva\/wp-json\/wp\/v2\/users\/4"}],"replies":[{"embeddable":true,"href":"https:\/\/rotasturisticas.jundiai.sp.gov.br\/uva\/wp-json\/wp\/v2\/comments?post=57"}],"version-history":[{"count":5,"href":"https:\/\/rotasturisticas.jundiai.sp.gov.br\/uva\/wp-json\/wp\/v2\/pages\/57\/revisions"}],"predecessor-version":[{"id":576,"href":"https:\/\/rotasturisticas.jundiai.sp.gov.br\/uva\/wp-json\/wp\/v2\/pages\/57\/revisions\/576"}],"up":[{"embeddable":true,"href":"https:\/\/rotasturisticas.jundiai.sp.gov.br\/uva\/wp-json\/wp\/v2\/pages\/12"}],"wp:attachment":[{"href":"https:\/\/rotasturisticas.jundiai.sp.gov.br\/uva\/wp-json\/wp\/v2\/media?parent=57"}],"curies":[{"name":"wp","href":"https:\/\/api.w.org\/{rel}","templated":true}]}}