{"id":539,"date":"2023-07-12T13:32:23","date_gmt":"2023-07-12T16:32:23","guid":{"rendered":"https:\/\/rotasturisticas.jundiai.sp.gov.br\/uva\/?page_id=539"},"modified":"2023-07-12T13:38:26","modified_gmt":"2023-07-12T16:38:26","slug":"emporio-mingotti","status":"publish","type":"page","link":"https:\/\/rotasturisticas.jundiai.sp.gov.br\/uva\/lojas-especiais\/emporio-mingotti\/","title":{"rendered":"Emp\u00f3rio Mingotti"},"content":{"rendered":"\n<p>O Emp\u00f3rio Mingotti, surgiu com a ideia de servir a nossos clientes, os produtos da nossa terra querida Jundia\u00ed, al\u00e9m de proporcionar a eles uma sensa\u00e7\u00e3o maravilhosa de tomar aquele cafezinho da tarde na casa da nona.<\/p>\n\n\n\n<figure class=\"wp-block-gallery has-nested-images columns-default is-cropped wp-block-gallery-1 is-layout-flex wp-block-gallery-is-layout-flex\">\n<figure class=\"wp-block-image size-large\"><a href=\"https:\/\/rotasturisticas.jundiai.sp.gov.br\/uva\/wp-content\/uploads\/sites\/2\/2023\/07\/IMG_5565-Ricardo-Mingotti.jpg\"><img loading=\"lazy\" decoding=\"async\" width=\"712\" height=\"950\" data-id=\"550\" src=\"https:\/\/rotasturisticas.jundiai.sp.gov.br\/uva\/wp-content\/uploads\/sites\/2\/2023\/07\/IMG_5565-Ricardo-Mingotti-712x950.jpg\" alt=\"\" class=\"wp-image-550\" srcset=\"https:\/\/rotasturisticas.jundiai.sp.gov.br\/uva\/wp-content\/uploads\/sites\/2\/2023\/07\/IMG_5565-Ricardo-Mingotti-712x950.jpg 712w, https:\/\/rotasturisticas.jundiai.sp.gov.br\/uva\/wp-content\/uploads\/sites\/2\/2023\/07\/IMG_5565-Ricardo-Mingotti-768x1024.jpg 768w, https:\/\/rotasturisticas.jundiai.sp.gov.br\/uva\/wp-content\/uploads\/sites\/2\/2023\/07\/IMG_5565-Ricardo-Mingotti-1152x1536.jpg 1152w, https:\/\/rotasturisticas.jundiai.sp.gov.br\/uva\/wp-content\/uploads\/sites\/2\/2023\/07\/IMG_5565-Ricardo-Mingotti.jpg 1280w\" sizes=\"auto, (max-width: 712px) 100vw, 712px\" \/><\/a><\/figure>\n\n\n\n<figure class=\"wp-block-image size-large\"><a href=\"https:\/\/rotasturisticas.jundiai.sp.gov.br\/uva\/wp-content\/uploads\/sites\/2\/2023\/07\/WhatsApp-Image-2023-06-27-at-19.08.08-Ricardo-Mingotti.jpeg\"><img loading=\"lazy\" decoding=\"async\" width=\"428\" height=\"950\" data-id=\"541\" src=\"https:\/\/rotasturisticas.jundiai.sp.gov.br\/uva\/wp-content\/uploads\/sites\/2\/2023\/07\/WhatsApp-Image-2023-06-27-at-19.08.08-Ricardo-Mingotti-428x950.jpeg\" alt=\"\" class=\"wp-image-541\" srcset=\"https:\/\/rotasturisticas.jundiai.sp.gov.br\/uva\/wp-content\/uploads\/sites\/2\/2023\/07\/WhatsApp-Image-2023-06-27-at-19.08.08-Ricardo-Mingotti-428x950.jpeg 428w, https:\/\/rotasturisticas.jundiai.sp.gov.br\/uva\/wp-content\/uploads\/sites\/2\/2023\/07\/WhatsApp-Image-2023-06-27-at-19.08.08-Ricardo-Mingotti-691x1536.jpeg 691w, https:\/\/rotasturisticas.jundiai.sp.gov.br\/uva\/wp-content\/uploads\/sites\/2\/2023\/07\/WhatsApp-Image-2023-06-27-at-19.08.08-Ricardo-Mingotti.jpeg 720w\" sizes=\"auto, (max-width: 428px) 100vw, 428px\" \/><\/a><\/figure>\n\n\n\n<figure class=\"wp-block-image size-large\"><a href=\"https:\/\/rotasturisticas.jundiai.sp.gov.br\/uva\/wp-content\/uploads\/sites\/2\/2023\/07\/WhatsApp-Image-2023-06-27-at-19.08.22-Ricardo-Mingotti.jpeg\"><img loading=\"lazy\" decoding=\"async\" width=\"428\" height=\"950\" data-id=\"542\" src=\"https:\/\/rotasturisticas.jundiai.sp.gov.br\/uva\/wp-content\/uploads\/sites\/2\/2023\/07\/WhatsApp-Image-2023-06-27-at-19.08.22-Ricardo-Mingotti-428x950.jpeg\" alt=\"\" class=\"wp-image-542\" srcset=\"https:\/\/rotasturisticas.jundiai.sp.gov.br\/uva\/wp-content\/uploads\/sites\/2\/2023\/07\/WhatsApp-Image-2023-06-27-at-19.08.22-Ricardo-Mingotti-428x950.jpeg 428w, https:\/\/rotasturisticas.jundiai.sp.gov.br\/uva\/wp-content\/uploads\/sites\/2\/2023\/07\/WhatsApp-Image-2023-06-27-at-19.08.22-Ricardo-Mingotti-691x1536.jpeg 691w, https:\/\/rotasturisticas.jundiai.sp.gov.br\/uva\/wp-content\/uploads\/sites\/2\/2023\/07\/WhatsApp-Image-2023-06-27-at-19.08.22-Ricardo-Mingotti.jpeg 720w\" sizes=\"auto, (max-width: 428px) 100vw, 428px\" \/><\/a><\/figure>\n\n\n\n<figure class=\"wp-block-image size-large\"><a href=\"https:\/\/rotasturisticas.jundiai.sp.gov.br\/uva\/wp-content\/uploads\/sites\/2\/2023\/07\/WhatsApp-Image-2023-06-28-at-11.25.32-Ricardo-Mingotti.jpeg\"><img loading=\"lazy\" decoding=\"async\" width=\"428\" height=\"950\" data-id=\"544\" src=\"https:\/\/rotasturisticas.jundiai.sp.gov.br\/uva\/wp-content\/uploads\/sites\/2\/2023\/07\/WhatsApp-Image-2023-06-28-at-11.25.32-Ricardo-Mingotti-428x950.jpeg\" alt=\"\" class=\"wp-image-544\" srcset=\"https:\/\/rotasturisticas.jundiai.sp.gov.br\/uva\/wp-content\/uploads\/sites\/2\/2023\/07\/WhatsApp-Image-2023-06-28-at-11.25.32-Ricardo-Mingotti-428x950.jpeg 428w, https:\/\/rotasturisticas.jundiai.sp.gov.br\/uva\/wp-content\/uploads\/sites\/2\/2023\/07\/WhatsApp-Image-2023-06-28-at-11.25.32-Ricardo-Mingotti-691x1536.jpeg 691w, https:\/\/rotasturisticas.jundiai.sp.gov.br\/uva\/wp-content\/uploads\/sites\/2\/2023\/07\/WhatsApp-Image-2023-06-28-at-11.25.32-Ricardo-Mingotti.jpeg 720w\" sizes=\"auto, (max-width: 428px) 100vw, 428px\" \/><\/a><\/figure>\n\n\n\n<figure class=\"wp-block-image size-large\"><a href=\"https:\/\/rotasturisticas.jundiai.sp.gov.br\/uva\/wp-content\/uploads\/sites\/2\/2023\/07\/WhatsApp-Image-2023-06-28-at-11.31.50-Ricardo-Mingotti.jpeg\"><img loading=\"lazy\" decoding=\"async\" width=\"618\" height=\"675\" data-id=\"543\" src=\"https:\/\/rotasturisticas.jundiai.sp.gov.br\/uva\/wp-content\/uploads\/sites\/2\/2023\/07\/WhatsApp-Image-2023-06-28-at-11.31.50-Ricardo-Mingotti.jpeg\" alt=\"\" class=\"wp-image-543\" \/><\/a><\/figure>\n\n\n\n<figure class=\"wp-block-image size-large\"><a href=\"https:\/\/rotasturisticas.jundiai.sp.gov.br\/uva\/wp-content\/uploads\/sites\/2\/2023\/07\/DSC00021-Ricardo-Mingotti.jpg\"><img loading=\"lazy\" decoding=\"async\" width=\"1280\" height=\"717\" data-id=\"545\" src=\"https:\/\/rotasturisticas.jundiai.sp.gov.br\/uva\/wp-content\/uploads\/sites\/2\/2023\/07\/DSC00021-Ricardo-Mingotti.jpg\" alt=\"\" class=\"wp-image-545\" srcset=\"https:\/\/rotasturisticas.jundiai.sp.gov.br\/uva\/wp-content\/uploads\/sites\/2\/2023\/07\/DSC00021-Ricardo-Mingotti.jpg 1280w, https:\/\/rotasturisticas.jundiai.sp.gov.br\/uva\/wp-content\/uploads\/sites\/2\/2023\/07\/DSC00021-Ricardo-Mingotti-768x430.jpg 768w\" sizes=\"auto, (max-width: 1280px) 100vw, 1280px\" \/><\/a><\/figure>\n\n\n\n<figure class=\"wp-block-image size-large\"><a href=\"https:\/\/rotasturisticas.jundiai.sp.gov.br\/uva\/wp-content\/uploads\/sites\/2\/2023\/07\/DSC09892-Ricardo-Mingotti.jpg\"><img loading=\"lazy\" decoding=\"async\" width=\"1280\" height=\"717\" data-id=\"546\" src=\"https:\/\/rotasturisticas.jundiai.sp.gov.br\/uva\/wp-content\/uploads\/sites\/2\/2023\/07\/DSC09892-Ricardo-Mingotti.jpg\" alt=\"\" class=\"wp-image-546\" srcset=\"https:\/\/rotasturisticas.jundiai.sp.gov.br\/uva\/wp-content\/uploads\/sites\/2\/2023\/07\/DSC09892-Ricardo-Mingotti.jpg 1280w, https:\/\/rotasturisticas.jundiai.sp.gov.br\/uva\/wp-content\/uploads\/sites\/2\/2023\/07\/DSC09892-Ricardo-Mingotti-768x430.jpg 768w\" sizes=\"auto, (max-width: 1280px) 100vw, 1280px\" \/><\/a><\/figure>\n\n\n\n<figure class=\"wp-block-image size-large\"><a href=\"https:\/\/rotasturisticas.jundiai.sp.gov.br\/uva\/wp-content\/uploads\/sites\/2\/2023\/07\/DSC09977-Ricardo-Mingotti.jpg\"><img loading=\"lazy\" decoding=\"async\" width=\"1280\" height=\"717\" data-id=\"548\" src=\"https:\/\/rotasturisticas.jundiai.sp.gov.br\/uva\/wp-content\/uploads\/sites\/2\/2023\/07\/DSC09977-Ricardo-Mingotti.jpg\" alt=\"\" class=\"wp-image-548\" srcset=\"https:\/\/rotasturisticas.jundiai.sp.gov.br\/uva\/wp-content\/uploads\/sites\/2\/2023\/07\/DSC09977-Ricardo-Mingotti.jpg 1280w, https:\/\/rotasturisticas.jundiai.sp.gov.br\/uva\/wp-content\/uploads\/sites\/2\/2023\/07\/DSC09977-Ricardo-Mingotti-768x430.jpg 768w\" sizes=\"auto, (max-width: 1280px) 100vw, 1280px\" \/><\/a><\/figure>\n\n\n\n<figure class=\"wp-block-image size-large\"><a href=\"https:\/\/rotasturisticas.jundiai.sp.gov.br\/uva\/wp-content\/uploads\/sites\/2\/2023\/07\/DSC09995-Ricardo-Mingotti.jpg\"><img loading=\"lazy\" decoding=\"async\" width=\"1280\" height=\"717\" data-id=\"547\" src=\"https:\/\/rotasturisticas.jundiai.sp.gov.br\/uva\/wp-content\/uploads\/sites\/2\/2023\/07\/DSC09995-Ricardo-Mingotti.jpg\" alt=\"\" class=\"wp-image-547\" srcset=\"https:\/\/rotasturisticas.jundiai.sp.gov.br\/uva\/wp-content\/uploads\/sites\/2\/2023\/07\/DSC09995-Ricardo-Mingotti.jpg 1280w, https:\/\/rotasturisticas.jundiai.sp.gov.br\/uva\/wp-content\/uploads\/sites\/2\/2023\/07\/DSC09995-Ricardo-Mingotti-768x430.jpg 768w\" sizes=\"auto, (max-width: 1280px) 100vw, 1280px\" \/><\/a><\/figure>\n<\/figure>\n","protected":false},"excerpt":{"rendered":"<p>O Emp\u00f3rio Mingotti, surgiu com a ideia de servir a nossos clientes, os produtos da nossa terra querida Jundia\u00ed, al\u00e9m de proporcionar a eles uma sensa\u00e7\u00e3o maravilhosa de tomar aquele cafezinho da tarde na casa da nona.<\/p>\n","protected":false},"author":16,"featured_media":0,"parent":75,"menu_order":0,"comment_status":"closed","ping_status":"closed","template":"page-local.php","meta":{"footnotes":""},"class_list":["post-539","page","type-page","status-publish","hentry"],"_links":{"self":[{"href":"https:\/\/rotasturisticas.jundiai.sp.gov.br\/uva\/wp-json\/wp\/v2\/pages\/539","targetHints":{"allow":["GET"]}}],"collection":[{"href":"https:\/\/rotasturisticas.jundiai.sp.gov.br\/uva\/wp-json\/wp\/v2\/pages"}],"about":[{"href":"https:\/\/rotasturisticas.jundiai.sp.gov.br\/uva\/wp-json\/wp\/v2\/types\/page"}],"author":[{"embeddable":true,"href":"https:\/\/rotasturisticas.jundiai.sp.gov.br\/uva\/wp-json\/wp\/v2\/users\/16"}],"replies":[{"embeddable":true,"href":"https:\/\/rotasturisticas.jundiai.sp.gov.br\/uva\/wp-json\/wp\/v2\/comments?post=539"}],"version-history":[{"count":2,"href":"https:\/\/rotasturisticas.jundiai.sp.gov.br\/uva\/wp-json\/wp\/v2\/pages\/539\/revisions"}],"predecessor-version":[{"id":551,"href":"https:\/\/rotasturisticas.jundiai.sp.gov.br\/uva\/wp-json\/wp\/v2\/pages\/539\/revisions\/551"}],"up":[{"embeddable":true,"href":"https:\/\/rotasturisticas.jundiai.sp.gov.br\/uva\/wp-json\/wp\/v2\/pages\/75"}],"wp:attachment":[{"href":"https:\/\/rotasturisticas.jundiai.sp.gov.br\/uva\/wp-json\/wp\/v2\/media?parent=539"}],"curies":[{"name":"wp","href":"https:\/\/api.w.org\/{rel}","templated":true}]}}