{"id":50,"date":"2016-03-15T16:30:10","date_gmt":"2016-03-15T19:30:10","guid":{"rendered":"http:\/\/rotasturisticas.jundiai.sp.gov.br\/uva\/?page_id=50"},"modified":"2017-07-13T17:14:31","modified_gmt":"2017-07-13T20:14:31","slug":"adega-fontebasso","status":"publish","type":"page","link":"https:\/\/rotasturisticas.jundiai.sp.gov.br\/uva\/o-que-visitar\/adega-fontebasso\/","title":{"rendered":"Adega Fontebasso"},"content":{"rendered":"<p><strong>Endere\u00e7o:<\/strong><span class=\"Apple-converted-space\">\u00a0<\/span>Av. Humberto Cereser, 7405 &#8211; Caxambu<br \/>\n<strong>Telefone:<\/strong><span class=\"Apple-converted-space\">\u00a0<\/span>(11) 4584-3789<br \/>\n<strong>E-mail:\u00a0<\/strong>adegafontebasso@hotmail.com<br \/>\n<strong>Hor\u00e1rio de Funcionamento:<\/strong>\u00a0Segunda a sexta das 8h \u00e0s 18h. S\u00e1bado e domingo das 9h \u00e0s 16h.<\/p>\n<p style=\"text-align: justify;\">Adega familiar, com a produ\u00e7\u00e3o totalmente artesanal de 7 tipos de Vinhos, Jeropinga artesanal, massas caseiras, doces em conserva, pimenta em conserva, suco de uva integral, bagaceira artesanal, licor artesanal, caqui e uvas de mesa e pr\u00f3prias para vinho.<\/p>\n<div style=\"width: 310px\" class=\"wp-caption alignleft\"><a href=\"http:\/\/turismo.jundiai.sp.gov.br\/wp-content\/uploads\/2014\/04\/DSC01060-300x225.jpg\"><img loading=\"lazy\" decoding=\"async\" src=\"http:\/\/turismo.jundiai.sp.gov.br\/wp-content\/uploads\/2014\/04\/DSC01060-300x225.jpg\" alt=\"Adega Fontebasso\" width=\"300\" height=\"225\" \/><\/a><p class=\"wp-caption-text\">Adega Fontebasso<\/p><\/div>\n<div style=\"width: 310px\" class=\"wp-caption alignright\"><a href=\"http:\/\/turismo.jundiai.sp.gov.br\/wp-content\/uploads\/2014\/04\/Adega-Fontebasso-300x199.jpg\"><img loading=\"lazy\" decoding=\"async\" src=\"http:\/\/turismo.jundiai.sp.gov.br\/wp-content\/uploads\/2014\/04\/Adega-Fontebasso-300x199.jpg\" alt=\"Vinhos\" width=\"300\" height=\"199\" \/><\/a><p class=\"wp-caption-text\">Vinhos<\/p><\/div>\n<p>&nbsp;<\/p>\n<p>&nbsp;<\/p>\n<p>&nbsp;<\/p>\n<p>&nbsp;<\/p>\n<p>&nbsp;<\/p>\n<p>&nbsp;<\/p>\n<p>&nbsp;<\/p>\n<p>&nbsp;<\/p>\n<div style=\"width: 310px\" class=\"wp-caption alignleft\"><a href=\"http:\/\/turismo.jundiai.sp.gov.br\/wp-content\/uploads\/2014\/04\/44-300x225.jpg\"><img loading=\"lazy\" decoding=\"async\" src=\"http:\/\/turismo.jundiai.sp.gov.br\/wp-content\/uploads\/2014\/04\/44-300x225.jpg\" alt=\"Adega Fontebasso\" width=\"300\" height=\"225\" \/><\/a><p class=\"wp-caption-text\">Adega Fontebasso<\/p><\/div>\n<div style=\"width: 310px\" class=\"wp-caption alignright\"><a href=\"http:\/\/turismo.jundiai.sp.gov.br\/wp-content\/uploads\/2014\/04\/008-300x225.jpg\"><img loading=\"lazy\" decoding=\"async\" src=\"http:\/\/turismo.jundiai.sp.gov.br\/wp-content\/uploads\/2014\/04\/008-300x225.jpg\" alt=\"Produ\u00e7\u00e3o de Uvas da Adega Fontebasso\" width=\"300\" height=\"225\" \/><\/a><p class=\"wp-caption-text\">Produ\u00e7\u00e3o de Uvas da Adega Fontebasso<\/p><\/div>\n<p>&nbsp;<\/p>\n<p>&nbsp;<\/p>\n<p>&nbsp;<\/p>\n<p>&nbsp;<\/p>\n<p>&nbsp;<\/p>\n<p>&nbsp;<\/p>\n<p>&nbsp;<\/p>\n<p>&nbsp;<\/p>\n<div style=\"width: 310px\" class=\"wp-caption alignleft\"><a href=\"http:\/\/turismo.jundiai.sp.gov.br\/wp-content\/uploads\/2014\/04\/Adega-Fontebasso-1-300x199.jpg\"><img loading=\"lazy\" decoding=\"async\" src=\"http:\/\/turismo.jundiai.sp.gov.br\/wp-content\/uploads\/2014\/04\/Adega-Fontebasso-1-300x199.jpg\" alt=\"Adega Fontebasso\" width=\"300\" height=\"199\" \/><\/a><p class=\"wp-caption-text\">Adega Fontebasso<\/p><\/div>\n<div style=\"width: 310px\" class=\"wp-caption alignright\"><a href=\"http:\/\/turismo.jundiai.sp.gov.br\/wp-content\/uploads\/2014\/04\/Adega-Fontebasso-2-300x450.jpg\"><img loading=\"lazy\" decoding=\"async\" src=\"http:\/\/turismo.jundiai.sp.gov.br\/wp-content\/uploads\/2014\/04\/Adega-Fontebasso-2-300x450.jpg\" alt=\"Adega Fontebasso\" width=\"300\" height=\"450\" \/><\/a><p class=\"wp-caption-text\">Adega Fontebasso<\/p><\/div>\n","protected":false},"excerpt":{"rendered":"<p>Endere\u00e7o:\u00a0Av. Humberto Cereser, 7405 &#8211; Caxambu Telefone:\u00a0(11) 4584-3789 E-mail:\u00a0adegafontebasso@hotmail.com Hor\u00e1rio de Funcionamento:\u00a0Segunda a sexta das 8h \u00e0s 18h. S\u00e1bado e domingo das 9h \u00e0s 16h. Adega familiar, com a produ\u00e7\u00e3o totalmente artesanal de 7 tipos de Vinhos, Jeropinga artesanal, massas caseiras, doces em conserva, pimenta em conserva, suco de uva integral, bagaceira artesanal, licor artesanal, [&hellip;]<\/p>\n","protected":false},"author":4,"featured_media":0,"parent":12,"menu_order":0,"comment_status":"closed","ping_status":"closed","template":"","meta":{"footnotes":""},"class_list":["post-50","page","type-page","status-publish","hentry"],"_links":{"self":[{"href":"https:\/\/rotasturisticas.jundiai.sp.gov.br\/uva\/wp-json\/wp\/v2\/pages\/50","targetHints":{"allow":["GET"]}}],"collection":[{"href":"https:\/\/rotasturisticas.jundiai.sp.gov.br\/uva\/wp-json\/wp\/v2\/pages"}],"about":[{"href":"https:\/\/rotasturisticas.jundiai.sp.gov.br\/uva\/wp-json\/wp\/v2\/types\/page"}],"author":[{"embeddable":true,"href":"https:\/\/rotasturisticas.jundiai.sp.gov.br\/uva\/wp-json\/wp\/v2\/users\/4"}],"replies":[{"embeddable":true,"href":"https:\/\/rotasturisticas.jundiai.sp.gov.br\/uva\/wp-json\/wp\/v2\/comments?post=50"}],"version-history":[{"count":2,"href":"https:\/\/rotasturisticas.jundiai.sp.gov.br\/uva\/wp-json\/wp\/v2\/pages\/50\/revisions"}],"predecessor-version":[{"id":242,"href":"https:\/\/rotasturisticas.jundiai.sp.gov.br\/uva\/wp-json\/wp\/v2\/pages\/50\/revisions\/242"}],"up":[{"embeddable":true,"href":"https:\/\/rotasturisticas.jundiai.sp.gov.br\/uva\/wp-json\/wp\/v2\/pages\/12"}],"wp:attachment":[{"href":"https:\/\/rotasturisticas.jundiai.sp.gov.br\/uva\/wp-json\/wp\/v2\/media?parent=50"}],"curies":[{"name":"wp","href":"https:\/\/api.w.org\/{rel}","templated":true}]}}