{"id":45,"date":"2016-03-15T16:19:21","date_gmt":"2016-03-15T19:19:21","guid":{"rendered":"http:\/\/rotasturisticas.jundiai.sp.gov.br\/uva\/?page_id=45"},"modified":"2024-09-06T13:53:28","modified_gmt":"2024-09-06T16:53:28","slug":"adega-brunholi","status":"publish","type":"page","link":"https:\/\/rotasturisticas.jundiai.sp.gov.br\/uva\/o-que-visitar\/adega-brunholi\/","title":{"rendered":"Adega Brunholi"},"content":{"rendered":"\n<p>A Fam\u00edlia Brunholi teve origem no Brasil, quando o senhor Ant\u00f4nio Brunholi, fugindo da guerra chegou na cidade de Itatiba e come\u00e7ou a trabalhar nas lavouras de caf\u00e9. Depois de alguns anos conseguiu comprar um peda\u00e7o de terra em Jundia\u00ed (S\u00edtio Pinhanduva) onde come\u00e7ou com a sua planta\u00e7\u00e3o de uva. Foram v\u00e1rios anos e at\u00e9 hoje 4 gera\u00e7\u00f5es que deram continuidade ao seu sonho.<\/p>\n\n\n\n<p>Hoje o complexo Villa Brunholi, possui a F\u00e1brica de Vinhos, a Adega, o Restaurante, o Museu do Vinho e uma mini fazenda. Recebe por volta de 2000 pessoas em um final de semana passando por suas diversas atividades.<\/p>\n\n\n\n<p>A propriedade oferece degusta\u00e7\u00e3o de vinhos.<\/p>\n\n\n\n<figure class=\"wp-block-gallery has-nested-images columns-default is-cropped wp-block-gallery-1 is-layout-flex wp-block-gallery-is-layout-flex\">\n<figure class=\"wp-block-image size-large\"><img decoding=\"async\" data-id=\"25681\" src=\"https:\/\/turismo.jundiai.sp.gov.br\/wp-content\/uploads\/2023\/05\/Jundiai-Nova-Adega-Brunholi-3-Arquivo-Pessoal.jpg\" alt=\"\" class=\"wp-image-25681\" \/><\/figure>\n\n\n\n<figure class=\"wp-block-image size-large\"><img decoding=\"async\" data-id=\"25683\" src=\"https:\/\/turismo.jundiai.sp.gov.br\/wp-content\/uploads\/2023\/05\/Adega-Brunholi-1.jpg\" alt=\"\" class=\"wp-image-25683\" \/><\/figure>\n\n\n\n<figure class=\"wp-block-image size-large\"><img decoding=\"async\" data-id=\"25682\" src=\"https:\/\/turismo.jundiai.sp.gov.br\/wp-content\/uploads\/2023\/05\/Jundiai-Nova-Adega-Brunholi-1-Arquivo-Pessoal.jpg\" alt=\"\" class=\"wp-image-25682\" \/><\/figure>\n\n\n\n<figure class=\"wp-block-image size-large\"><img decoding=\"async\" data-id=\"25680\" src=\"https:\/\/turismo.jundiai.sp.gov.br\/wp-content\/uploads\/2023\/05\/Brunholi-5-300x201-1.jpg\" alt=\"\" class=\"wp-image-25680\" \/><\/figure>\n<\/figure>\n\n\n\n<p>\u00a0<\/p>\n","protected":false},"excerpt":{"rendered":"<p>A Fam\u00edlia Brunholi teve origem no Brasil, quando o senhor Ant\u00f4nio Brunholi, fugindo da guerra chegou na cidade de Itatiba e come\u00e7ou a trabalhar nas lavouras de caf\u00e9. Depois de alguns anos conseguiu comprar um peda\u00e7o de terra em Jundia\u00ed (S\u00edtio Pinhanduva) onde come\u00e7ou com a sua planta\u00e7\u00e3o de uva. Foram v\u00e1rios anos e at\u00e9 [&hellip;]<\/p>\n","protected":false},"author":4,"featured_media":603,"parent":12,"menu_order":0,"comment_status":"closed","ping_status":"closed","template":"page-local.php","meta":{"footnotes":""},"class_list":["post-45","page","type-page","status-publish","has-post-thumbnail","hentry"],"_links":{"self":[{"href":"https:\/\/rotasturisticas.jundiai.sp.gov.br\/uva\/wp-json\/wp\/v2\/pages\/45","targetHints":{"allow":["GET"]}}],"collection":[{"href":"https:\/\/rotasturisticas.jundiai.sp.gov.br\/uva\/wp-json\/wp\/v2\/pages"}],"about":[{"href":"https:\/\/rotasturisticas.jundiai.sp.gov.br\/uva\/wp-json\/wp\/v2\/types\/page"}],"author":[{"embeddable":true,"href":"https:\/\/rotasturisticas.jundiai.sp.gov.br\/uva\/wp-json\/wp\/v2\/users\/4"}],"replies":[{"embeddable":true,"href":"https:\/\/rotasturisticas.jundiai.sp.gov.br\/uva\/wp-json\/wp\/v2\/comments?post=45"}],"version-history":[{"count":4,"href":"https:\/\/rotasturisticas.jundiai.sp.gov.br\/uva\/wp-json\/wp\/v2\/pages\/45\/revisions"}],"predecessor-version":[{"id":602,"href":"https:\/\/rotasturisticas.jundiai.sp.gov.br\/uva\/wp-json\/wp\/v2\/pages\/45\/revisions\/602"}],"up":[{"embeddable":true,"href":"https:\/\/rotasturisticas.jundiai.sp.gov.br\/uva\/wp-json\/wp\/v2\/pages\/12"}],"wp:featuredmedia":[{"embeddable":true,"href":"https:\/\/rotasturisticas.jundiai.sp.gov.br\/uva\/wp-json\/wp\/v2\/media\/603"}],"wp:attachment":[{"href":"https:\/\/rotasturisticas.jundiai.sp.gov.br\/uva\/wp-json\/wp\/v2\/media?parent=45"}],"curies":[{"name":"wp","href":"https:\/\/api.w.org\/{rel}","templated":true}]}}