{"id":398,"date":"2020-11-26T14:03:13","date_gmt":"2020-11-26T17:03:13","guid":{"rendered":"http:\/\/rotasturisticas.jundiai.sp.gov.br\/uva\/?page_id=398"},"modified":"2020-11-26T14:03:13","modified_gmt":"2020-11-26T17:03:13","slug":"partie-chocolate-cafe","status":"publish","type":"page","link":"https:\/\/rotasturisticas.jundiai.sp.gov.br\/uva\/onde-comer\/partie-chocolate-cafe\/","title":{"rendered":"Parti\u00e8 Chocolate Caf\u00e9"},"content":{"rendered":"\n<p><strong>Endere\u00e7o:<\/strong>\u00a0Av. Humberto Cereser, n\u00b0 3530 \u2013 Caxambu<br><strong>Telefone:<\/strong>\u00a0(11) 4533-6350<br><strong>Whatsapp:<\/strong>\u00a0(11) 98674-9544<br><strong>E-mail:\u00a0<\/strong><a rel=\"noreferrer noopener\" href=\"mailto:partiechocolates@gmail.com\" target=\"_blank\">partiechocolates@gmail.com<\/a><br><strong>Site:<\/strong>\u00a0<a rel=\"noreferrer noopener\" href=\"http:\/\/www.chocolatespartie.com.br\/\" target=\"_blank\">www.chocolatespartie.com.br<\/a><br><strong>Instagram:<\/strong>\u00a0<a rel=\"noreferrer noopener\" href=\"https:\/\/instagram.com\/partie_chocolates_cafe?igshid=1qfvk0z05zhsc\" target=\"_blank\">partie_chocolates_cafe<\/a><br><strong>Hor\u00e1rio de funcionamento:<\/strong>\u00a0Ter\u00e7a a s\u00e1bado das 9h \u00e0s 18h. Domingo das 10h \u00e0s 17h.<br><strong>Acessibilidade:<\/strong>\u00a0possui rampas<br><strong>Pet Friendly:<\/strong>\u00a0N\u00e3o<br><strong>Estacionamento:<\/strong>\u00a0para autom\u00f3veis<\/p>\n\n\n\n<p><\/p>\n\n\n\n<figure class=\"wp-block-gallery columns-3 is-cropped wp-block-gallery-1 is-layout-flex wp-block-gallery-is-layout-flex\"><ul class=\"blocks-gallery-grid\"><li class=\"blocks-gallery-item\"><figure><img loading=\"lazy\" decoding=\"async\" width=\"920\" height=\"690\" src=\"https:\/\/rotasturisticas.jundiai.sp.gov.br\/uva\/wp-content\/uploads\/sites\/2\/2020\/11\/WhatsApp-Image-2020-11-26-at-13.22.19-2-920x690.jpeg\" alt=\"\" data-id=\"402\" data-link=\"https:\/\/rotasturisticas.jundiai.sp.gov.br\/uva\/?attachment_id=402\" class=\"wp-image-402\" srcset=\"https:\/\/rotasturisticas.jundiai.sp.gov.br\/uva\/wp-content\/uploads\/sites\/2\/2020\/11\/WhatsApp-Image-2020-11-26-at-13.22.19-2-920x690.jpeg 920w, https:\/\/rotasturisticas.jundiai.sp.gov.br\/uva\/wp-content\/uploads\/sites\/2\/2020\/11\/WhatsApp-Image-2020-11-26-at-13.22.19-2-300x225.jpeg 300w, https:\/\/rotasturisticas.jundiai.sp.gov.br\/uva\/wp-content\/uploads\/sites\/2\/2020\/11\/WhatsApp-Image-2020-11-26-at-13.22.19-2-768x576.jpeg 768w, https:\/\/rotasturisticas.jundiai.sp.gov.br\/uva\/wp-content\/uploads\/sites\/2\/2020\/11\/WhatsApp-Image-2020-11-26-at-13.22.19-2.jpeg 1280w\" sizes=\"auto, (max-width: 920px) 100vw, 920px\" \/><\/figure><\/li><li class=\"blocks-gallery-item\"><figure><img loading=\"lazy\" decoding=\"async\" width=\"920\" height=\"689\" src=\"https:\/\/rotasturisticas.jundiai.sp.gov.br\/uva\/wp-content\/uploads\/sites\/2\/2020\/11\/WhatsApp-Image-2020-11-26-at-13.22.19-1-920x689.jpeg\" alt=\"\" data-id=\"403\" data-link=\"https:\/\/rotasturisticas.jundiai.sp.gov.br\/uva\/?attachment_id=403\" class=\"wp-image-403\" srcset=\"https:\/\/rotasturisticas.jundiai.sp.gov.br\/uva\/wp-content\/uploads\/sites\/2\/2020\/11\/WhatsApp-Image-2020-11-26-at-13.22.19-1-920x689.jpeg 920w, https:\/\/rotasturisticas.jundiai.sp.gov.br\/uva\/wp-content\/uploads\/sites\/2\/2020\/11\/WhatsApp-Image-2020-11-26-at-13.22.19-1-300x225.jpeg 300w, https:\/\/rotasturisticas.jundiai.sp.gov.br\/uva\/wp-content\/uploads\/sites\/2\/2020\/11\/WhatsApp-Image-2020-11-26-at-13.22.19-1-768x575.jpeg 768w, https:\/\/rotasturisticas.jundiai.sp.gov.br\/uva\/wp-content\/uploads\/sites\/2\/2020\/11\/WhatsApp-Image-2020-11-26-at-13.22.19-1.jpeg 1280w\" sizes=\"auto, (max-width: 920px) 100vw, 920px\" \/><\/figure><\/li><li class=\"blocks-gallery-item\"><figure><img loading=\"lazy\" decoding=\"async\" width=\"720\" height=\"960\" src=\"https:\/\/rotasturisticas.jundiai.sp.gov.br\/uva\/wp-content\/uploads\/sites\/2\/2020\/11\/WhatsApp-Image-2020-11-26-at-13.22.23-1-720x960.jpeg\" alt=\"\" data-id=\"404\" data-link=\"https:\/\/rotasturisticas.jundiai.sp.gov.br\/uva\/?attachment_id=404\" class=\"wp-image-404\" srcset=\"https:\/\/rotasturisticas.jundiai.sp.gov.br\/uva\/wp-content\/uploads\/sites\/2\/2020\/11\/WhatsApp-Image-2020-11-26-at-13.22.23-1-720x960.jpeg 720w, https:\/\/rotasturisticas.jundiai.sp.gov.br\/uva\/wp-content\/uploads\/sites\/2\/2020\/11\/WhatsApp-Image-2020-11-26-at-13.22.23-1-300x400.jpeg 300w, https:\/\/rotasturisticas.jundiai.sp.gov.br\/uva\/wp-content\/uploads\/sites\/2\/2020\/11\/WhatsApp-Image-2020-11-26-at-13.22.23-1.jpeg 768w\" sizes=\"auto, (max-width: 720px) 100vw, 720px\" \/><\/figure><\/li><li class=\"blocks-gallery-item\"><figure><img loading=\"lazy\" decoding=\"async\" width=\"920\" height=\"489\" src=\"https:\/\/rotasturisticas.jundiai.sp.gov.br\/uva\/wp-content\/uploads\/sites\/2\/2020\/11\/WhatsApp-Image-2020-11-26-at-13.22.24-1-920x489.jpeg\" alt=\"\" data-id=\"405\" data-link=\"https:\/\/rotasturisticas.jundiai.sp.gov.br\/uva\/?attachment_id=405\" class=\"wp-image-405\" srcset=\"https:\/\/rotasturisticas.jundiai.sp.gov.br\/uva\/wp-content\/uploads\/sites\/2\/2020\/11\/WhatsApp-Image-2020-11-26-at-13.22.24-1-920x489.jpeg 920w, https:\/\/rotasturisticas.jundiai.sp.gov.br\/uva\/wp-content\/uploads\/sites\/2\/2020\/11\/WhatsApp-Image-2020-11-26-at-13.22.24-1-300x159.jpeg 300w, https:\/\/rotasturisticas.jundiai.sp.gov.br\/uva\/wp-content\/uploads\/sites\/2\/2020\/11\/WhatsApp-Image-2020-11-26-at-13.22.24-1-768x408.jpeg 768w, https:\/\/rotasturisticas.jundiai.sp.gov.br\/uva\/wp-content\/uploads\/sites\/2\/2020\/11\/WhatsApp-Image-2020-11-26-at-13.22.24-1.jpeg 1009w\" sizes=\"auto, (max-width: 920px) 100vw, 920px\" \/><\/figure><\/li><li class=\"blocks-gallery-item\"><figure><img loading=\"lazy\" decoding=\"async\" width=\"920\" height=\"518\" src=\"https:\/\/rotasturisticas.jundiai.sp.gov.br\/uva\/wp-content\/uploads\/sites\/2\/2020\/11\/WhatsApp-Image-2020-11-26-at-13.22.23-2-920x518.jpeg\" alt=\"\" data-id=\"406\" data-link=\"https:\/\/rotasturisticas.jundiai.sp.gov.br\/uva\/?attachment_id=406\" class=\"wp-image-406\" srcset=\"https:\/\/rotasturisticas.jundiai.sp.gov.br\/uva\/wp-content\/uploads\/sites\/2\/2020\/11\/WhatsApp-Image-2020-11-26-at-13.22.23-2-920x518.jpeg 920w, https:\/\/rotasturisticas.jundiai.sp.gov.br\/uva\/wp-content\/uploads\/sites\/2\/2020\/11\/WhatsApp-Image-2020-11-26-at-13.22.23-2-300x169.jpeg 300w, https:\/\/rotasturisticas.jundiai.sp.gov.br\/uva\/wp-content\/uploads\/sites\/2\/2020\/11\/WhatsApp-Image-2020-11-26-at-13.22.23-2-768x432.jpeg 768w, https:\/\/rotasturisticas.jundiai.sp.gov.br\/uva\/wp-content\/uploads\/sites\/2\/2020\/11\/WhatsApp-Image-2020-11-26-at-13.22.23-2.jpeg 1024w\" sizes=\"auto, (max-width: 920px) 100vw, 920px\" \/><\/figure><\/li><li class=\"blocks-gallery-item\"><figure><img loading=\"lazy\" decoding=\"async\" width=\"920\" height=\"591\" src=\"https:\/\/rotasturisticas.jundiai.sp.gov.br\/uva\/wp-content\/uploads\/sites\/2\/2020\/11\/WhatsApp-Image-2020-11-26-at-13.22.19-3-920x591.jpeg\" alt=\"\" data-id=\"407\" data-full-url=\"https:\/\/rotasturisticas.jundiai.sp.gov.br\/uva\/wp-content\/uploads\/sites\/2\/2020\/11\/WhatsApp-Image-2020-11-26-at-13.22.19-3.jpeg\" data-link=\"https:\/\/rotasturisticas.jundiai.sp.gov.br\/uva\/?attachment_id=407\" class=\"wp-image-407\" srcset=\"https:\/\/rotasturisticas.jundiai.sp.gov.br\/uva\/wp-content\/uploads\/sites\/2\/2020\/11\/WhatsApp-Image-2020-11-26-at-13.22.19-3-920x591.jpeg 920w, https:\/\/rotasturisticas.jundiai.sp.gov.br\/uva\/wp-content\/uploads\/sites\/2\/2020\/11\/WhatsApp-Image-2020-11-26-at-13.22.19-3-300x193.jpeg 300w, https:\/\/rotasturisticas.jundiai.sp.gov.br\/uva\/wp-content\/uploads\/sites\/2\/2020\/11\/WhatsApp-Image-2020-11-26-at-13.22.19-3-768x493.jpeg 768w, https:\/\/rotasturisticas.jundiai.sp.gov.br\/uva\/wp-content\/uploads\/sites\/2\/2020\/11\/WhatsApp-Image-2020-11-26-at-13.22.19-3.jpeg 1000w\" sizes=\"auto, (max-width: 920px) 100vw, 920px\" \/><\/figure><\/li><\/ul><\/figure>\n","protected":false},"excerpt":{"rendered":"<p>Endere\u00e7o:\u00a0Av. Humberto Cereser, n\u00b0 3530 \u2013 CaxambuTelefone:\u00a0(11) 4533-6350Whatsapp:\u00a0(11) 98674-9544E-mail:\u00a0partiechocolates@gmail.comSite:\u00a0www.chocolatespartie.com.brInstagram:\u00a0partie_chocolates_cafeHor\u00e1rio de funcionamento:\u00a0Ter\u00e7a a s\u00e1bado das 9h \u00e0s 18h. Domingo das 10h \u00e0s 17h.Acessibilidade:\u00a0possui rampasPet Friendly:\u00a0N\u00e3oEstacionamento:\u00a0para autom\u00f3veis<\/p>\n","protected":false},"author":16,"featured_media":0,"parent":14,"menu_order":0,"comment_status":"closed","ping_status":"closed","template":"","meta":{"footnotes":""},"class_list":["post-398","page","type-page","status-publish","hentry"],"_links":{"self":[{"href":"https:\/\/rotasturisticas.jundiai.sp.gov.br\/uva\/wp-json\/wp\/v2\/pages\/398","targetHints":{"allow":["GET"]}}],"collection":[{"href":"https:\/\/rotasturisticas.jundiai.sp.gov.br\/uva\/wp-json\/wp\/v2\/pages"}],"about":[{"href":"https:\/\/rotasturisticas.jundiai.sp.gov.br\/uva\/wp-json\/wp\/v2\/types\/page"}],"author":[{"embeddable":true,"href":"https:\/\/rotasturisticas.jundiai.sp.gov.br\/uva\/wp-json\/wp\/v2\/users\/16"}],"replies":[{"embeddable":true,"href":"https:\/\/rotasturisticas.jundiai.sp.gov.br\/uva\/wp-json\/wp\/v2\/comments?post=398"}],"version-history":[{"count":1,"href":"https:\/\/rotasturisticas.jundiai.sp.gov.br\/uva\/wp-json\/wp\/v2\/pages\/398\/revisions"}],"predecessor-version":[{"id":408,"href":"https:\/\/rotasturisticas.jundiai.sp.gov.br\/uva\/wp-json\/wp\/v2\/pages\/398\/revisions\/408"}],"up":[{"embeddable":true,"href":"https:\/\/rotasturisticas.jundiai.sp.gov.br\/uva\/wp-json\/wp\/v2\/pages\/14"}],"wp:attachment":[{"href":"https:\/\/rotasturisticas.jundiai.sp.gov.br\/uva\/wp-json\/wp\/v2\/media?parent=398"}],"curies":[{"name":"wp","href":"https:\/\/api.w.org\/{rel}","templated":true}]}}