{"id":369,"date":"2020-02-17T14:42:30","date_gmt":"2020-02-17T17:42:30","guid":{"rendered":"http:\/\/rotasturisticas.jundiai.sp.gov.br\/uva\/?page_id=369"},"modified":"2024-09-06T13:28:52","modified_gmt":"2024-09-06T16:28:52","slug":"quitanda-da-uva","status":"publish","type":"page","link":"https:\/\/rotasturisticas.jundiai.sp.gov.br\/uva\/lojas-especiais\/quitanda-da-uva\/","title":{"rendered":"Quitanda da Vila"},"content":{"rendered":"\n<p>A Quitanda da Vila surgiu de um sonho: que nossa fam\u00edlia tivesse um neg\u00f3cio pr\u00f3prio e lev\u00e1ssemos as pessoas frutas, legumes, verduras e produtos de qualidade com todo carinho e pre\u00e7o justo. Temos \u00e1gua mineral, \u00e1gua de coco, carv\u00e3o, bebidas, etc. Al\u00e9m disso, nossos morangos e uvas niagara s\u00e3o de plantio pr\u00f3prio, vindo de uma cultura familiar, de pai para filho, onde as pessoas v\u00eam em primeiro lugar. Venha conhecer nossa hist\u00f3ria e ter mais sa\u00fade.<\/p>\n\n\n\n<figure class=\"wp-block-gallery has-nested-images columns-default is-cropped wp-block-gallery-1 is-layout-flex wp-block-gallery-is-layout-flex\">\n<figure class=\"wp-block-image size-large\"><a href=\"https:\/\/rotasturisticas.jundiai.sp.gov.br\/uva\/wp-content\/uploads\/sites\/2\/2022\/09\/20200129_125255-e1581961128415-243x500-1.jpg\"><img loading=\"lazy\" decoding=\"async\" width=\"243\" height=\"500\" data-id=\"512\" src=\"https:\/\/rotasturisticas.jundiai.sp.gov.br\/uva\/wp-content\/uploads\/sites\/2\/2022\/09\/20200129_125255-e1581961128415-243x500-1.jpg\" alt=\"\" class=\"wp-image-512\" \/><\/a><\/figure>\n\n\n\n<figure class=\"wp-block-image size-large\"><a href=\"https:\/\/rotasturisticas.jundiai.sp.gov.br\/uva\/wp-content\/uploads\/sites\/2\/2022\/09\/20200129_125212-300x146-1.jpg\"><img loading=\"lazy\" decoding=\"async\" width=\"300\" height=\"146\" data-id=\"515\" src=\"https:\/\/rotasturisticas.jundiai.sp.gov.br\/uva\/wp-content\/uploads\/sites\/2\/2022\/09\/20200129_125212-300x146-1.jpg\" alt=\"\" class=\"wp-image-515\" \/><\/a><\/figure>\n\n\n\n<figure class=\"wp-block-image size-large\"><a href=\"https:\/\/rotasturisticas.jundiai.sp.gov.br\/uva\/wp-content\/uploads\/sites\/2\/2022\/09\/20200129_125234-300x146-1.jpg\"><img loading=\"lazy\" decoding=\"async\" width=\"300\" height=\"146\" data-id=\"514\" src=\"https:\/\/rotasturisticas.jundiai.sp.gov.br\/uva\/wp-content\/uploads\/sites\/2\/2022\/09\/20200129_125234-300x146-1.jpg\" alt=\"\" class=\"wp-image-514\" \/><\/a><\/figure>\n\n\n\n<figure class=\"wp-block-image size-large\"><a href=\"https:\/\/rotasturisticas.jundiai.sp.gov.br\/uva\/wp-content\/uploads\/sites\/2\/2022\/09\/20200129_124958-e1581961148960-243x500-1.jpg\"><img loading=\"lazy\" decoding=\"async\" width=\"243\" height=\"500\" data-id=\"513\" src=\"https:\/\/rotasturisticas.jundiai.sp.gov.br\/uva\/wp-content\/uploads\/sites\/2\/2022\/09\/20200129_124958-e1581961148960-243x500-1.jpg\" alt=\"\" class=\"wp-image-513\" \/><\/a><\/figure>\n\n\n\n<figure class=\"wp-block-image size-large\"><a href=\"https:\/\/rotasturisticas.jundiai.sp.gov.br\/uva\/wp-content\/uploads\/sites\/2\/2022\/09\/20200129_124942-e1581961113440-243x500-1.jpg\"><img loading=\"lazy\" decoding=\"async\" width=\"243\" height=\"500\" data-id=\"511\" src=\"https:\/\/rotasturisticas.jundiai.sp.gov.br\/uva\/wp-content\/uploads\/sites\/2\/2022\/09\/20200129_124942-e1581961113440-243x500-1.jpg\" alt=\"\" class=\"wp-image-511\" \/><\/a><\/figure>\n<\/figure>\n","protected":false},"excerpt":{"rendered":"<p>A Quitanda da Vila surgiu de um sonho: que nossa fam\u00edlia tivesse um neg\u00f3cio pr\u00f3prio e lev\u00e1ssemos as pessoas frutas, legumes, verduras e produtos de qualidade com todo carinho e pre\u00e7o justo. Temos \u00e1gua mineral, \u00e1gua de coco, carv\u00e3o, bebidas, etc. Al\u00e9m disso, nossos morangos e uvas niagara s\u00e3o de plantio pr\u00f3prio, vindo de uma [&hellip;]<\/p>\n","protected":false},"author":16,"featured_media":0,"parent":75,"menu_order":0,"comment_status":"closed","ping_status":"closed","template":"page-local.php","meta":{"footnotes":""},"class_list":["post-369","page","type-page","status-publish","hentry"],"_links":{"self":[{"href":"https:\/\/rotasturisticas.jundiai.sp.gov.br\/uva\/wp-json\/wp\/v2\/pages\/369","targetHints":{"allow":["GET"]}}],"collection":[{"href":"https:\/\/rotasturisticas.jundiai.sp.gov.br\/uva\/wp-json\/wp\/v2\/pages"}],"about":[{"href":"https:\/\/rotasturisticas.jundiai.sp.gov.br\/uva\/wp-json\/wp\/v2\/types\/page"}],"author":[{"embeddable":true,"href":"https:\/\/rotasturisticas.jundiai.sp.gov.br\/uva\/wp-json\/wp\/v2\/users\/16"}],"replies":[{"embeddable":true,"href":"https:\/\/rotasturisticas.jundiai.sp.gov.br\/uva\/wp-json\/wp\/v2\/comments?post=369"}],"version-history":[{"count":4,"href":"https:\/\/rotasturisticas.jundiai.sp.gov.br\/uva\/wp-json\/wp\/v2\/pages\/369\/revisions"}],"predecessor-version":[{"id":592,"href":"https:\/\/rotasturisticas.jundiai.sp.gov.br\/uva\/wp-json\/wp\/v2\/pages\/369\/revisions\/592"}],"up":[{"embeddable":true,"href":"https:\/\/rotasturisticas.jundiai.sp.gov.br\/uva\/wp-json\/wp\/v2\/pages\/75"}],"wp:attachment":[{"href":"https:\/\/rotasturisticas.jundiai.sp.gov.br\/uva\/wp-json\/wp\/v2\/media?parent=369"}],"curies":[{"name":"wp","href":"https:\/\/api.w.org\/{rel}","templated":true}]}}