{"id":347,"date":"2019-03-06T14:13:27","date_gmt":"2019-03-06T17:13:27","guid":{"rendered":"http:\/\/rotasturisticas.jundiai.sp.gov.br\/uva\/?page_id=347"},"modified":"2019-03-06T14:14:11","modified_gmt":"2019-03-06T17:14:11","slug":"restaurante-sitio-fontebasso","status":"publish","type":"page","link":"https:\/\/rotasturisticas.jundiai.sp.gov.br\/uva\/onde-comer\/restaurante-sitio-fontebasso\/","title":{"rendered":"Restaurante S\u00edtio Fontebasso"},"content":{"rendered":"\n<p><strong>Endere\u00e7o:<\/strong> Av. Humberto Cereser, 7405 &#8211; Caxambu<br><strong>Telefone:<\/strong>\u00a0 (11) 4584-3789 \/ 97205-2698<br><strong>E-mail:\u00a0<\/strong>sitiofontebasso@gmail.com<br><strong>Facebook:<\/strong>\u00a0<a rel=\"noreferrer noopener\" href=\"https:\/\/www.facebook.com\/pg\/sitiofontebasso\" target=\"_blank\">S\u00edtio Fontebasso<\/a><br><strong>Instagram:<\/strong>\u00a0<a rel=\"noreferrer noopener\" href=\"https:\/\/www.instagram.com\/sitiofontebasso\/?fbclid=IwAR14DPreYXsIs9av-4DesIxlsRZAprFJ9dpAvkBKL_dw8-CWG72BcLLuRIY\" target=\"_blank\">sitiofontebasso<\/a><br><strong>Hor\u00e1rio de funcionamento<\/strong>: S\u00e1bado, domingo e feriado das 11h30 \u00e0s 16h.\u00a0<\/p>\n\n\n\n<p><\/p>\n\n\n\n<p>O Restaurante S\u00edtio Fontebasso surgiu partir da ideia de criar um local para receber turistas, em que o amor da fam\u00edlia Fontebasso pelos vinhos e pelas uvas fosse tamb\u00e9m apresentado aos turistas em forma de culin\u00e1ria. Assim nasceu o Restaurante S\u00edtio Fontebasso, que foi inaugurado em 19 de Janeiro de 2019,\u00a0idealizado e comandado pelo Vitor Fontebasso.\u00a0\u00a0<\/p>\n\n\n\n<div class=\"wp-block-image\"><figure class=\"alignleft\"><img decoding=\"async\" src=\"http:\/\/turismo.jundiai.sp.gov.br\/wp-content\/uploads\/2019\/03\/Fontebasso-300x301.jpg\" alt=\"\" class=\"wp-image-17695\"\/><\/figure><\/div>\n\n\n\n<div class=\"wp-block-image\"><figure class=\"alignleft\"><img decoding=\"async\" src=\"http:\/\/turismo.jundiai.sp.gov.br\/wp-content\/uploads\/2019\/03\/fontebasso-3-300x400.jpg\" alt=\"\" class=\"wp-image-17693\"\/><\/figure><\/div>\n\n\n\n<div class=\"wp-block-image\"><figure class=\"aligncenter\"><img decoding=\"async\" src=\"http:\/\/turismo.jundiai.sp.gov.br\/wp-content\/uploads\/2019\/03\/fontebasso-5-300x225.jpg\" alt=\"\" class=\"wp-image-17694\"\/><\/figure><\/div>\n\n\n\n<div class=\"wp-block-image\"><figure class=\"alignright\"><img decoding=\"async\" src=\"http:\/\/turismo.jundiai.sp.gov.br\/wp-content\/uploads\/2019\/03\/Fontebasso1-300x400.jpg\" alt=\"\" class=\"wp-image-17696\"\/><\/figure><\/div>\n\n\n\n<figure class=\"wp-block-image\"><img decoding=\"async\" src=\"http:\/\/turismo.jundiai.sp.gov.br\/wp-content\/uploads\/2019\/03\/fotebasso-4-300x409.jpg\" alt=\"\" class=\"wp-image-17698\"\/><\/figure>\n","protected":false},"excerpt":{"rendered":"<p>Endere\u00e7o: Av. Humberto Cereser, 7405 &#8211; CaxambuTelefone:\u00a0 (11) 4584-3789 \/ 97205-2698E-mail:\u00a0sitiofontebasso@gmail.comFacebook:\u00a0S\u00edtio FontebassoInstagram:\u00a0sitiofontebassoHor\u00e1rio de funcionamento: S\u00e1bado, domingo e feriado das 11h30 \u00e0s 16h.\u00a0 O Restaurante S\u00edtio Fontebasso surgiu partir da ideia de criar um local para receber turistas, em que o amor da fam\u00edlia Fontebasso pelos vinhos e pelas uvas fosse tamb\u00e9m apresentado aos turistas em [&hellip;]<\/p>\n","protected":false},"author":10,"featured_media":0,"parent":14,"menu_order":0,"comment_status":"closed","ping_status":"closed","template":"","meta":{"footnotes":""},"class_list":["post-347","page","type-page","status-publish","hentry"],"_links":{"self":[{"href":"https:\/\/rotasturisticas.jundiai.sp.gov.br\/uva\/wp-json\/wp\/v2\/pages\/347","targetHints":{"allow":["GET"]}}],"collection":[{"href":"https:\/\/rotasturisticas.jundiai.sp.gov.br\/uva\/wp-json\/wp\/v2\/pages"}],"about":[{"href":"https:\/\/rotasturisticas.jundiai.sp.gov.br\/uva\/wp-json\/wp\/v2\/types\/page"}],"author":[{"embeddable":true,"href":"https:\/\/rotasturisticas.jundiai.sp.gov.br\/uva\/wp-json\/wp\/v2\/users\/10"}],"replies":[{"embeddable":true,"href":"https:\/\/rotasturisticas.jundiai.sp.gov.br\/uva\/wp-json\/wp\/v2\/comments?post=347"}],"version-history":[{"count":4,"href":"https:\/\/rotasturisticas.jundiai.sp.gov.br\/uva\/wp-json\/wp\/v2\/pages\/347\/revisions"}],"predecessor-version":[{"id":351,"href":"https:\/\/rotasturisticas.jundiai.sp.gov.br\/uva\/wp-json\/wp\/v2\/pages\/347\/revisions\/351"}],"up":[{"embeddable":true,"href":"https:\/\/rotasturisticas.jundiai.sp.gov.br\/uva\/wp-json\/wp\/v2\/pages\/14"}],"wp:attachment":[{"href":"https:\/\/rotasturisticas.jundiai.sp.gov.br\/uva\/wp-json\/wp\/v2\/media?parent=347"}],"curies":[{"name":"wp","href":"https:\/\/api.w.org\/{rel}","templated":true}]}}