{"id":322,"date":"2018-10-03T14:11:13","date_gmt":"2018-10-03T17:11:13","guid":{"rendered":"http:\/\/rotasturisticas.jundiai.sp.gov.br\/uva\/?page_id=322"},"modified":"2024-09-06T13:24:12","modified_gmt":"2024-09-06T16:24:12","slug":"hortifruti-miossi","status":"publish","type":"page","link":"https:\/\/rotasturisticas.jundiai.sp.gov.br\/uva\/lojas-especiais\/hortifruti-miossi\/","title":{"rendered":"Hortifruti Miossi"},"content":{"rendered":"\n<p>A satisfa\u00e7\u00e3o dos clientes \u00e9 nossa maior preocupa\u00e7\u00e3o, todos os dias mantemos o foco em atender com qualidade e muito empenho todos que nos preferem e optam por nossas mercadorias. A voc\u00ea, agradecemos profundamente!<\/p>\n\n\n\n<p>Estamos localizados aqui na esquina da entrada do bairro Roseira &#8211; Jundia\u00ed, com simpatia de sempre e o profissionalismo que nos caracteriza.<\/p>\n\n\n\n<p>Vem pro HORTIFRUTI MIOSSI voc\u00ea tamb\u00e9m, voc\u00ea encontrar\u00e1 diversas variedades, em frutas, verduras, legumes e muito mais.<\/p>\n\n\n\n<figure class=\"wp-block-gallery has-nested-images columns-default is-cropped wp-block-gallery-1 is-layout-flex wp-block-gallery-is-layout-flex\">\n<figure class=\"wp-block-image size-large\"><a href=\"https:\/\/rotasturisticas.jundiai.sp.gov.br\/uva\/wp-content\/uploads\/sites\/2\/2021\/02\/122050534_2503231069969512_7962059884803259661_n.jpg\"><img loading=\"lazy\" decoding=\"async\" width=\"741\" height=\"731\" data-id=\"412\" src=\"https:\/\/rotasturisticas.jundiai.sp.gov.br\/uva\/wp-content\/uploads\/sites\/2\/2021\/02\/122050534_2503231069969512_7962059884803259661_n.jpg\" alt=\"\" class=\"wp-image-412\" srcset=\"https:\/\/rotasturisticas.jundiai.sp.gov.br\/uva\/wp-content\/uploads\/sites\/2\/2021\/02\/122050534_2503231069969512_7962059884803259661_n.jpg 741w, https:\/\/rotasturisticas.jundiai.sp.gov.br\/uva\/wp-content\/uploads\/sites\/2\/2021\/02\/122050534_2503231069969512_7962059884803259661_n-300x296.jpg 300w\" sizes=\"auto, (max-width: 741px) 100vw, 741px\" \/><\/a><\/figure>\n\n\n\n<figure class=\"wp-block-image size-large\"><a href=\"https:\/\/rotasturisticas.jundiai.sp.gov.br\/uva\/wp-content\/uploads\/sites\/2\/2021\/02\/124342472_2522112061414746_3917089943340240394_o.jpg\"><img loading=\"lazy\" decoding=\"async\" width=\"540\" height=\"960\" data-id=\"413\" src=\"https:\/\/rotasturisticas.jundiai.sp.gov.br\/uva\/wp-content\/uploads\/sites\/2\/2021\/02\/124342472_2522112061414746_3917089943340240394_o-540x960.jpg\" alt=\"\" class=\"wp-image-413\" srcset=\"https:\/\/rotasturisticas.jundiai.sp.gov.br\/uva\/wp-content\/uploads\/sites\/2\/2021\/02\/124342472_2522112061414746_3917089943340240394_o-540x960.jpg 540w, https:\/\/rotasturisticas.jundiai.sp.gov.br\/uva\/wp-content\/uploads\/sites\/2\/2021\/02\/124342472_2522112061414746_3917089943340240394_o-281x500.jpg 281w, https:\/\/rotasturisticas.jundiai.sp.gov.br\/uva\/wp-content\/uploads\/sites\/2\/2021\/02\/124342472_2522112061414746_3917089943340240394_o.jpg 720w\" sizes=\"auto, (max-width: 540px) 100vw, 540px\" \/><\/a><\/figure>\n\n\n\n<figure class=\"wp-block-image size-large\"><a href=\"https:\/\/rotasturisticas.jundiai.sp.gov.br\/uva\/wp-content\/uploads\/sites\/2\/2021\/02\/130777432_2549277062031579_8035654319743903671_n.jpg\"><img loading=\"lazy\" decoding=\"async\" width=\"720\" height=\"720\" data-id=\"414\" src=\"https:\/\/rotasturisticas.jundiai.sp.gov.br\/uva\/wp-content\/uploads\/sites\/2\/2021\/02\/130777432_2549277062031579_8035654319743903671_n.jpg\" alt=\"\" class=\"wp-image-414\" srcset=\"https:\/\/rotasturisticas.jundiai.sp.gov.br\/uva\/wp-content\/uploads\/sites\/2\/2021\/02\/130777432_2549277062031579_8035654319743903671_n.jpg 720w, https:\/\/rotasturisticas.jundiai.sp.gov.br\/uva\/wp-content\/uploads\/sites\/2\/2021\/02\/130777432_2549277062031579_8035654319743903671_n-300x300.jpg 300w, https:\/\/rotasturisticas.jundiai.sp.gov.br\/uva\/wp-content\/uploads\/sites\/2\/2021\/02\/130777432_2549277062031579_8035654319743903671_n-150x150.jpg 150w\" sizes=\"auto, (max-width: 720px) 100vw, 720px\" \/><\/a><\/figure>\n\n\n\n<figure class=\"wp-block-image size-large\"><a href=\"https:\/\/rotasturisticas.jundiai.sp.gov.br\/uva\/wp-content\/uploads\/sites\/2\/2021\/02\/136652502_2566500240309261_4648629654022050716_o.jpg\"><img loading=\"lazy\" decoding=\"async\" width=\"540\" height=\"960\" data-id=\"415\" src=\"https:\/\/rotasturisticas.jundiai.sp.gov.br\/uva\/wp-content\/uploads\/sites\/2\/2021\/02\/136652502_2566500240309261_4648629654022050716_o-540x960.jpg\" alt=\"\" class=\"wp-image-415\" srcset=\"https:\/\/rotasturisticas.jundiai.sp.gov.br\/uva\/wp-content\/uploads\/sites\/2\/2021\/02\/136652502_2566500240309261_4648629654022050716_o-540x960.jpg 540w, https:\/\/rotasturisticas.jundiai.sp.gov.br\/uva\/wp-content\/uploads\/sites\/2\/2021\/02\/136652502_2566500240309261_4648629654022050716_o-281x500.jpg 281w, https:\/\/rotasturisticas.jundiai.sp.gov.br\/uva\/wp-content\/uploads\/sites\/2\/2021\/02\/136652502_2566500240309261_4648629654022050716_o.jpg 720w\" sizes=\"auto, (max-width: 540px) 100vw, 540px\" \/><\/a><\/figure>\n\n\n\n<figure class=\"wp-block-image size-large\"><a href=\"https:\/\/rotasturisticas.jundiai.sp.gov.br\/uva\/wp-content\/uploads\/sites\/2\/2021\/02\/139545599_2573443882948230_8642151832339903383_o.jpg\"><img loading=\"lazy\" decoding=\"async\" width=\"540\" height=\"960\" data-id=\"416\" src=\"https:\/\/rotasturisticas.jundiai.sp.gov.br\/uva\/wp-content\/uploads\/sites\/2\/2021\/02\/139545599_2573443882948230_8642151832339903383_o-540x960.jpg\" alt=\"\" class=\"wp-image-416\" srcset=\"https:\/\/rotasturisticas.jundiai.sp.gov.br\/uva\/wp-content\/uploads\/sites\/2\/2021\/02\/139545599_2573443882948230_8642151832339903383_o-540x960.jpg 540w, https:\/\/rotasturisticas.jundiai.sp.gov.br\/uva\/wp-content\/uploads\/sites\/2\/2021\/02\/139545599_2573443882948230_8642151832339903383_o-281x500.jpg 281w, https:\/\/rotasturisticas.jundiai.sp.gov.br\/uva\/wp-content\/uploads\/sites\/2\/2021\/02\/139545599_2573443882948230_8642151832339903383_o-768x1365.jpg 768w, https:\/\/rotasturisticas.jundiai.sp.gov.br\/uva\/wp-content\/uploads\/sites\/2\/2021\/02\/139545599_2573443882948230_8642151832339903383_o-864x1536.jpg 864w, https:\/\/rotasturisticas.jundiai.sp.gov.br\/uva\/wp-content\/uploads\/sites\/2\/2021\/02\/139545599_2573443882948230_8642151832339903383_o.jpg 1152w\" sizes=\"auto, (max-width: 540px) 100vw, 540px\" \/><\/a><\/figure>\n\n\n\n<figure class=\"wp-block-image size-large\"><a href=\"https:\/\/rotasturisticas.jundiai.sp.gov.br\/uva\/wp-content\/uploads\/sites\/2\/2021\/02\/141681782_2577589865866965_824502829821863553_o.jpg\"><img loading=\"lazy\" decoding=\"async\" width=\"540\" height=\"960\" data-id=\"417\" src=\"https:\/\/rotasturisticas.jundiai.sp.gov.br\/uva\/wp-content\/uploads\/sites\/2\/2021\/02\/141681782_2577589865866965_824502829821863553_o-540x960.jpg\" alt=\"\" class=\"wp-image-417\" srcset=\"https:\/\/rotasturisticas.jundiai.sp.gov.br\/uva\/wp-content\/uploads\/sites\/2\/2021\/02\/141681782_2577589865866965_824502829821863553_o-540x960.jpg 540w, https:\/\/rotasturisticas.jundiai.sp.gov.br\/uva\/wp-content\/uploads\/sites\/2\/2021\/02\/141681782_2577589865866965_824502829821863553_o-281x500.jpg 281w, https:\/\/rotasturisticas.jundiai.sp.gov.br\/uva\/wp-content\/uploads\/sites\/2\/2021\/02\/141681782_2577589865866965_824502829821863553_o.jpg 720w\" sizes=\"auto, (max-width: 540px) 100vw, 540px\" \/><\/a><\/figure>\n<\/figure>\n","protected":false},"excerpt":{"rendered":"<p>A satisfa\u00e7\u00e3o dos clientes \u00e9 nossa maior preocupa\u00e7\u00e3o, todos os dias mantemos o foco em atender com qualidade e muito empenho todos que nos preferem e optam por nossas mercadorias. A voc\u00ea, agradecemos profundamente! Estamos localizados aqui na esquina da entrada do bairro Roseira &#8211; Jundia\u00ed, com simpatia de sempre e o profissionalismo que nos [&hellip;]<\/p>\n","protected":false},"author":11,"featured_media":0,"parent":75,"menu_order":0,"comment_status":"closed","ping_status":"closed","template":"page-local.php","meta":{"footnotes":""},"class_list":["post-322","page","type-page","status-publish","hentry"],"_links":{"self":[{"href":"https:\/\/rotasturisticas.jundiai.sp.gov.br\/uva\/wp-json\/wp\/v2\/pages\/322","targetHints":{"allow":["GET"]}}],"collection":[{"href":"https:\/\/rotasturisticas.jundiai.sp.gov.br\/uva\/wp-json\/wp\/v2\/pages"}],"about":[{"href":"https:\/\/rotasturisticas.jundiai.sp.gov.br\/uva\/wp-json\/wp\/v2\/types\/page"}],"author":[{"embeddable":true,"href":"https:\/\/rotasturisticas.jundiai.sp.gov.br\/uva\/wp-json\/wp\/v2\/users\/11"}],"replies":[{"embeddable":true,"href":"https:\/\/rotasturisticas.jundiai.sp.gov.br\/uva\/wp-json\/wp\/v2\/comments?post=322"}],"version-history":[{"count":11,"href":"https:\/\/rotasturisticas.jundiai.sp.gov.br\/uva\/wp-json\/wp\/v2\/pages\/322\/revisions"}],"predecessor-version":[{"id":590,"href":"https:\/\/rotasturisticas.jundiai.sp.gov.br\/uva\/wp-json\/wp\/v2\/pages\/322\/revisions\/590"}],"up":[{"embeddable":true,"href":"https:\/\/rotasturisticas.jundiai.sp.gov.br\/uva\/wp-json\/wp\/v2\/pages\/75"}],"wp:attachment":[{"href":"https:\/\/rotasturisticas.jundiai.sp.gov.br\/uva\/wp-json\/wp\/v2\/media?parent=322"}],"curies":[{"name":"wp","href":"https:\/\/api.w.org\/{rel}","templated":true}]}}