{"id":320,"date":"2018-10-03T12:06:27","date_gmt":"2018-10-03T15:06:27","guid":{"rendered":"http:\/\/rotasturisticas.jundiai.sp.gov.br\/uva\/?page_id=320"},"modified":"2018-10-03T12:06:27","modified_gmt":"2018-10-03T15:06:27","slug":"museu-do-cafe-barao-da-serra-negra-fazenda-nossa-senhora-da-conceicao","status":"publish","type":"page","link":"https:\/\/rotasturisticas.jundiai.sp.gov.br\/uva\/o-que-visitar\/museu-do-cafe-barao-da-serra-negra-fazenda-nossa-senhora-da-conceicao\/","title":{"rendered":"Museu do Caf\u00e9 Bar\u00e3o da Serra Negra \u2013 Fazenda Nossa Senhora da Concei\u00e7\u00e3o"},"content":{"rendered":"<p><strong>Endere\u00e7o:<\/strong>\u00a0Rodovia Engenheiro Const\u00e2ncio Cintra\u00a0\u2013 km 72,5 \u2013 Mato Dentro<br \/>\n<strong>Telefone:<\/strong>\u00a0(11) 4535-1341<br \/>\n<strong>Site:<\/strong>\u00a0<a href=\"http:\/\/www.fnsc.com.br\/\" target=\"_blank\" rel=\"noopener\">www.fnsc.com.br<\/a><br \/>\n<strong>Email:<\/strong>\u00a0fazendadocafe@terra.com.br<br \/>\n<strong>Entrada:<\/strong>\u00a0Para passeios monitorados \u00e9 cobrado um valor sob consulta.<br \/>\n<strong>Hor\u00e1rio de funcionamento:<\/strong>\u00a0S\u00e1bado, domingo e feriado das 11h30 \u00e0s 15h30.<\/p>\n<p>A rica hist\u00f3ria do local iniciada em 1810 com o ciclo da cana-de-a\u00e7\u00facar, tamb\u00e9m passa pelo ciclo do caf\u00e9 e em 1882, com a chegada dos imigrantes italianos, inicia a cultura das vinhas. Com a queda do caf\u00e9, a vinicultura ganha espa\u00e7o e a fazenda torna-se uma das grandes produtoras de vinho do Estado de S\u00e3o Paulo, dando origem a novos bairros em Jundia\u00ed e Itatiba.<\/p>\n<p>Atualmente a fazenda dedica-se ao turismo rural e cultural e conta a hist\u00f3ria do ciclo do caf\u00e9, da escravid\u00e3o e da imigra\u00e7\u00e3o italiana atrav\u00e9s das constru\u00e7\u00f5es preservadas e de documentos da \u00e9poca.<\/p>\n<p>A Fazenda constru\u00edda em 1810, est\u00e1 instalada no bairro Mato Dentro e possui 34 alqueires.<\/p>\n<p>O Museu do Caf\u00e9\u00a0\u00e9 um dos roteiros do projeto de turismo cultural desenvolvido por monitores. Dentro do museu, os visitantes percorrem duas salas com exposi\u00e7\u00e3o de fotos e um rico acervo da fam\u00edlia Serra Negra, como a roupa de n\u00fapcias usada pelo filho do Bar\u00e3o, Jos\u00e9 da Concei\u00e7\u00e3o. Utens\u00edlios agr\u00edcolas, mesa de degusta\u00e7\u00e3o de caf\u00e9 e documentos hist\u00f3ricos tamb\u00e9m fazem parte do acervo, que ainda conta a hist\u00f3ria dos imigrantes.<\/p>\n<p><img loading=\"lazy\" decoding=\"async\" class=\"size-medium wp-image-16047 aligncenter\" src=\"http:\/\/turismo.jundiai.sp.gov.br\/wp-content\/uploads\/2018\/04\/1-2-300x300.jpg\" sizes=\"auto, (max-width: 300px) 100vw, 300px\" srcset=\"https:\/\/turismo.jundiai.sp.gov.br\/wp-content\/uploads\/2018\/04\/1-2-300x300.jpg 300w, https:\/\/turismo.jundiai.sp.gov.br\/wp-content\/uploads\/2018\/04\/1-2-768x768.jpg 768w, https:\/\/turismo.jundiai.sp.gov.br\/wp-content\/uploads\/2018\/04\/1-2-680x680.jpg 680w, https:\/\/turismo.jundiai.sp.gov.br\/wp-content\/uploads\/2018\/04\/1-2.jpg 806w\" alt=\"\" width=\"300\" height=\"300\" \/><\/p>\n","protected":false},"excerpt":{"rendered":"<p>Endere\u00e7o:\u00a0Rodovia Engenheiro Const\u00e2ncio Cintra\u00a0\u2013 km 72,5 \u2013 Mato Dentro Telefone:\u00a0(11) 4535-1341 Site:\u00a0www.fnsc.com.br Email:\u00a0fazendadocafe@terra.com.br Entrada:\u00a0Para passeios monitorados \u00e9 cobrado um valor sob consulta. Hor\u00e1rio de funcionamento:\u00a0S\u00e1bado, domingo e feriado das 11h30 \u00e0s 15h30. A rica hist\u00f3ria do local iniciada em 1810 com o ciclo da cana-de-a\u00e7\u00facar, tamb\u00e9m passa pelo ciclo do caf\u00e9 e em 1882, com [&hellip;]<\/p>\n","protected":false},"author":11,"featured_media":0,"parent":12,"menu_order":0,"comment_status":"closed","ping_status":"closed","template":"","meta":{"footnotes":""},"class_list":["post-320","page","type-page","status-publish","hentry"],"_links":{"self":[{"href":"https:\/\/rotasturisticas.jundiai.sp.gov.br\/uva\/wp-json\/wp\/v2\/pages\/320","targetHints":{"allow":["GET"]}}],"collection":[{"href":"https:\/\/rotasturisticas.jundiai.sp.gov.br\/uva\/wp-json\/wp\/v2\/pages"}],"about":[{"href":"https:\/\/rotasturisticas.jundiai.sp.gov.br\/uva\/wp-json\/wp\/v2\/types\/page"}],"author":[{"embeddable":true,"href":"https:\/\/rotasturisticas.jundiai.sp.gov.br\/uva\/wp-json\/wp\/v2\/users\/11"}],"replies":[{"embeddable":true,"href":"https:\/\/rotasturisticas.jundiai.sp.gov.br\/uva\/wp-json\/wp\/v2\/comments?post=320"}],"version-history":[{"count":1,"href":"https:\/\/rotasturisticas.jundiai.sp.gov.br\/uva\/wp-json\/wp\/v2\/pages\/320\/revisions"}],"predecessor-version":[{"id":321,"href":"https:\/\/rotasturisticas.jundiai.sp.gov.br\/uva\/wp-json\/wp\/v2\/pages\/320\/revisions\/321"}],"up":[{"embeddable":true,"href":"https:\/\/rotasturisticas.jundiai.sp.gov.br\/uva\/wp-json\/wp\/v2\/pages\/12"}],"wp:attachment":[{"href":"https:\/\/rotasturisticas.jundiai.sp.gov.br\/uva\/wp-json\/wp\/v2\/media?parent=320"}],"curies":[{"name":"wp","href":"https:\/\/api.w.org\/{rel}","templated":true}]}}