{"id":289,"date":"2018-08-13T11:57:12","date_gmt":"2018-08-13T14:57:12","guid":{"rendered":"http:\/\/rotasturisticas.jundiai.sp.gov.br\/uva\/?page_id=289"},"modified":"2018-08-13T11:57:12","modified_gmt":"2018-08-13T14:57:12","slug":"fazenda-nossa-senhora-da-conceicao","status":"publish","type":"page","link":"https:\/\/rotasturisticas.jundiai.sp.gov.br\/uva\/o-que-visitar\/fazenda-nossa-senhora-da-conceicao\/","title":{"rendered":"Fazenda Nossa Senhora da Concei\u00e7\u00e3o"},"content":{"rendered":"<p><strong>Endere\u00e7o:<\/strong>\u00a0Rodovia Eng. Const\u00e2ncio Cintra \u2013 km 72,5 \u2013 Mato Dentro<br \/>\n<strong>Telefone:<\/strong>\u00a0(11) 4535-1341 \/\u00a099744-0898<br \/>\n<strong>E-mail:<\/strong>\u00a0fazendadocafe@terra.com.br<br \/>\n<strong>Facebook:<\/strong>\u00a0Fazenda Nossa Senhora da Concei\u00e7\u00e3o<br \/>\n<strong>Site:\u00a0<\/strong><a href=\"http:\/\/www.fnsc.com.br\/\" target=\"_blank\" rel=\"noopener noreferrer\">www.fnsc.com.br<\/a><br \/>\n<strong>Hor\u00e1rio de funcionamento:<\/strong>\u00a0S\u00e1bados, domingos e feriados das 11h30 \u00e0s 15h30.<\/p>\n<p>A Fazenda Nossa Senhora da Concei\u00e7\u00e3o tem sua hist\u00f3ria iniciada em 1810 quando ali se cultivava a cana-de-a\u00e7\u00facar. Na d\u00e9cada de 1860, per\u00edodo em que o caf\u00e9 dominava as lavouras na prov\u00edncia de S\u00e3o Paulo, a fazenda passou a ser muito conhecida.<\/p>\n<p>A produ\u00e7\u00e3o de caf\u00e9 na regi\u00e3o foi a respons\u00e1vel direta pela constru\u00e7\u00e3o da primeira ferrovia paulista \u2013 The S\u00e3o Paulo Railway Company \u2013 que ligava Jundia\u00ed ao porto de Santos, entre 1856 e 1860. Em 1882 chegaram os primeiros imigrantes Italianos na fazenda. Motivados pelo clima da regi\u00e3o, trouxeram consigo a cultura das vinhas.<\/p>\n<p>S\u00e3o 30.000 metros quadrados de muita \u00e1rea verde, com lagos, trilhas, restaurante, loja de artesanato com doces, p\u00e3es, caf\u00e9 org\u00e2nico e vinhos caseiros, capela secular, passeios de trator e charrete, playground para crian\u00e7as at\u00e9 10 anos.<\/p>\n<p>A Fazenda N.S. da Concei\u00e7\u00e3o recebe, de segunda a sexta (exceto feriados), escolas em geral para estudo do meio, conduzidos por monitores especializados em hist\u00f3ria e com experi\u00eancia em trabalhos com grupos.<\/p>\n<p><a class=\"fancybox image\" href=\"http:\/\/turismo.jundiai.sp.gov.br\/wp-content\/uploads\/2014\/06\/Fazenda-Nossa-Senhora-da-Concei%C3%A7%C3%A3o.jpg\"><img loading=\"lazy\" decoding=\"async\" class=\"aligncenter wp-image-8602 size-full\" src=\"http:\/\/turismo.jundiai.sp.gov.br\/wp-content\/uploads\/2014\/06\/Fazenda-Nossa-Senhora-da-Concei%C3%A7%C3%A3o.jpg\" sizes=\"auto, (max-width: 422px) 100vw, 422px\" srcset=\"https:\/\/turismo.jundiai.sp.gov.br\/wp-content\/uploads\/2014\/06\/Fazenda-Nossa-Senhora-da-Concei\u00e7\u00e3o.jpg 422w, https:\/\/turismo.jundiai.sp.gov.br\/wp-content\/uploads\/2014\/06\/Fazenda-Nossa-Senhora-da-Concei\u00e7\u00e3o-300x455.jpg 300w\" alt=\"Fazenda Nossa Senhora da Concei\u00e7\u00e3o\" width=\"422\" height=\"640\" \/><\/a><\/p>\n<p>&nbsp;<\/p>\n<p><a class=\"fancybox image\" href=\"http:\/\/turismo.jundiai.sp.gov.br\/wp-content\/uploads\/2014\/04\/Faz-N-Senhora-Concei%C3%A7%C3%A3o-2.jpg\"><img loading=\"lazy\" decoding=\"async\" class=\"wp-image-6329 size-medium alignleft\" src=\"http:\/\/turismo.jundiai.sp.gov.br\/wp-content\/uploads\/2014\/04\/Faz-N-Senhora-Concei%C3%A7%C3%A3o-2-300x199.jpg\" sizes=\"auto, (max-width: 300px) 100vw, 300px\" srcset=\"https:\/\/turismo.jundiai.sp.gov.br\/wp-content\/uploads\/2014\/04\/Faz-N-Senhora-Concei\u00e7\u00e3o-2-300x199.jpg 300w, https:\/\/turismo.jundiai.sp.gov.br\/wp-content\/uploads\/2014\/04\/Faz-N-Senhora-Concei\u00e7\u00e3o-2-680x453.jpg 680w, https:\/\/turismo.jundiai.sp.gov.br\/wp-content\/uploads\/2014\/04\/Faz-N-Senhora-Concei\u00e7\u00e3o-2.jpg 1280w\" alt=\"Almo\u00e7o na Fazenda Nossa Senhora Concei\u00e7\u00e3o\" width=\"300\" height=\"199\" \/><\/a><\/p>\n<p><a class=\"fancybox image\" href=\"http:\/\/turismo.jundiai.sp.gov.br\/wp-content\/uploads\/2014\/04\/Faz-N-Senhora-Concei%C3%A7%C3%A3o-4.jpg\"><img loading=\"lazy\" decoding=\"async\" class=\"wp-image-6327 size-medium alignright\" src=\"http:\/\/turismo.jundiai.sp.gov.br\/wp-content\/uploads\/2014\/04\/Faz-N-Senhora-Concei%C3%A7%C3%A3o-4-300x450.jpg\" sizes=\"auto, (max-width: 200px) 100vw, 200px\" srcset=\"https:\/\/turismo.jundiai.sp.gov.br\/wp-content\/uploads\/2014\/04\/Faz-N-Senhora-Concei\u00e7\u00e3o-4-300x450.jpg 300w, https:\/\/turismo.jundiai.sp.gov.br\/wp-content\/uploads\/2014\/04\/Faz-N-Senhora-Concei\u00e7\u00e3o-4-640x960.jpg 640w, https:\/\/turismo.jundiai.sp.gov.br\/wp-content\/uploads\/2014\/04\/Faz-N-Senhora-Concei\u00e7\u00e3o-4.jpg 1280w\" alt=\"Caf\u00e9 da Manh\u00e3 na Fazenda Nossa Senhora Concei\u00e7\u00e3o\" width=\"200\" height=\"300\" \/><\/a><\/p>\n<p>&nbsp;<\/p>\n<p>&nbsp;<\/p>\n<p>&nbsp;<\/p>\n<p>&nbsp;<\/p>\n<p>&nbsp;<\/p>\n<p>&nbsp;<\/p>\n<p><a class=\"fancybox image\" href=\"http:\/\/turismo.jundiai.sp.gov.br\/wp-content\/uploads\/2014\/04\/Faz-N-Senhora-Concei%C3%A7%C3%A3o-7.jpg\"><img loading=\"lazy\" decoding=\"async\" class=\"wp-image-6328 size-medium aligncenter\" src=\"http:\/\/turismo.jundiai.sp.gov.br\/wp-content\/uploads\/2014\/04\/Faz-N-Senhora-Concei%C3%A7%C3%A3o-7-300x199.jpg\" sizes=\"auto, (max-width: 300px) 100vw, 300px\" srcset=\"https:\/\/turismo.jundiai.sp.gov.br\/wp-content\/uploads\/2014\/04\/Faz-N-Senhora-Concei\u00e7\u00e3o-7-300x199.jpg 300w, https:\/\/turismo.jundiai.sp.gov.br\/wp-content\/uploads\/2014\/04\/Faz-N-Senhora-Concei\u00e7\u00e3o-7-680x453.jpg 680w, https:\/\/turismo.jundiai.sp.gov.br\/wp-content\/uploads\/2014\/04\/Faz-N-Senhora-Concei\u00e7\u00e3o-7.jpg 1280w\" alt=\"Casar\u00e3o da Fazenda Nossa Senhora da Concei\u00e7\u00e3o\" width=\"300\" height=\"199\" \/><\/a><\/p>\n","protected":false},"excerpt":{"rendered":"<p>Endere\u00e7o:\u00a0Rodovia Eng. Const\u00e2ncio Cintra \u2013 km 72,5 \u2013 Mato Dentro Telefone:\u00a0(11) 4535-1341 \/\u00a099744-0898 E-mail:\u00a0fazendadocafe@terra.com.br Facebook:\u00a0Fazenda Nossa Senhora da Concei\u00e7\u00e3o Site:\u00a0www.fnsc.com.br Hor\u00e1rio de funcionamento:\u00a0S\u00e1bados, domingos e feriados das 11h30 \u00e0s 15h30. A Fazenda Nossa Senhora da Concei\u00e7\u00e3o tem sua hist\u00f3ria iniciada em 1810 quando ali se cultivava a cana-de-a\u00e7\u00facar. Na d\u00e9cada de 1860, per\u00edodo em que [&hellip;]<\/p>\n","protected":false},"author":11,"featured_media":0,"parent":12,"menu_order":0,"comment_status":"closed","ping_status":"closed","template":"","meta":{"footnotes":""},"class_list":["post-289","page","type-page","status-publish","hentry"],"_links":{"self":[{"href":"https:\/\/rotasturisticas.jundiai.sp.gov.br\/uva\/wp-json\/wp\/v2\/pages\/289","targetHints":{"allow":["GET"]}}],"collection":[{"href":"https:\/\/rotasturisticas.jundiai.sp.gov.br\/uva\/wp-json\/wp\/v2\/pages"}],"about":[{"href":"https:\/\/rotasturisticas.jundiai.sp.gov.br\/uva\/wp-json\/wp\/v2\/types\/page"}],"author":[{"embeddable":true,"href":"https:\/\/rotasturisticas.jundiai.sp.gov.br\/uva\/wp-json\/wp\/v2\/users\/11"}],"replies":[{"embeddable":true,"href":"https:\/\/rotasturisticas.jundiai.sp.gov.br\/uva\/wp-json\/wp\/v2\/comments?post=289"}],"version-history":[{"count":1,"href":"https:\/\/rotasturisticas.jundiai.sp.gov.br\/uva\/wp-json\/wp\/v2\/pages\/289\/revisions"}],"predecessor-version":[{"id":290,"href":"https:\/\/rotasturisticas.jundiai.sp.gov.br\/uva\/wp-json\/wp\/v2\/pages\/289\/revisions\/290"}],"up":[{"embeddable":true,"href":"https:\/\/rotasturisticas.jundiai.sp.gov.br\/uva\/wp-json\/wp\/v2\/pages\/12"}],"wp:attachment":[{"href":"https:\/\/rotasturisticas.jundiai.sp.gov.br\/uva\/wp-json\/wp\/v2\/media?parent=289"}],"curies":[{"name":"wp","href":"https:\/\/api.w.org\/{rel}","templated":true}]}}