{"id":260,"date":"2018-04-20T10:27:14","date_gmt":"2018-04-20T13:27:14","guid":{"rendered":"http:\/\/rotasturisticas.jundiai.sp.gov.br\/uva\/?page_id=260"},"modified":"2021-07-06T13:46:52","modified_gmt":"2021-07-06T16:46:52","slug":"open-tap","status":"publish","type":"page","link":"https:\/\/rotasturisticas.jundiai.sp.gov.br\/uva\/onde-comer\/open-tap\/","title":{"rendered":"Open Tap"},"content":{"rendered":"\n<p><strong>Endere\u00e7o:<\/strong>&nbsp;Rua Humberto Cereser, 2650 &#8211; Caxambu<br><strong>Telefone:<\/strong> (11) 95931-9758<br><strong>WhatsApp:<\/strong> (11) 95931-9758<br><strong>E-mail:<\/strong>&nbsp;contato@opentap.com.br<br><strong>Site:<\/strong> <a rel=\"noreferrer noopener\" href=\"http:\/\/www.opentapcraftbeer.com.br\" target=\"_blank\">www.opentapcraftbeer.com.br<\/a><br><strong>Hor\u00e1rio de funcionamento:<\/strong> Quarta a sexta das 18h \u00e0s 23h. S\u00e1bado das 14h \u00e0s 23h. Domingo das 14 \u00e0s 22h<\/p>\n\n\n\n<ul class=\"wp-block-social-links has-icon-color is-style-logos-only is-layout-flex wp-block-social-links-is-layout-flex\"><li style=\"color:#9b51e0;\" class=\"wp-social-link wp-social-link-facebook has-vivid-purple-color wp-block-social-link\"><a rel=\"noopener nofollow\" target=\"_blank\" href=\"https:\/\/www.facebook.com\/OpenTapCraftBeer\/\" class=\"wp-block-social-link-anchor\"><svg width=\"24\" height=\"24\" viewBox=\"0 0 24 24\" version=\"1.1\" xmlns=\"http:\/\/www.w3.org\/2000\/svg\" aria-hidden=\"true\" focusable=\"false\"><path d=\"M12 2C6.5 2 2 6.5 2 12c0 5 3.7 9.1 8.4 9.9v-7H7.9V12h2.5V9.8c0-2.5 1.5-3.9 3.8-3.9 1.1 0 2.2.2 2.2.2v2.5h-1.3c-1.2 0-1.6.8-1.6 1.6V12h2.8l-.4 2.9h-2.3v7C18.3 21.1 22 17 22 12c0-5.5-4.5-10-10-10z\"><\/path><\/svg><span class=\"wp-block-social-link-label screen-reader-text\">Facebook<\/span><\/a><\/li>\n\n<li style=\"color:#9b51e0;\" class=\"wp-social-link wp-social-link-instagram has-vivid-purple-color wp-block-social-link\"><a rel=\"noopener nofollow\" target=\"_blank\" href=\"https:\/\/www.instagram.com\/opentapcraftbeer\/\" class=\"wp-block-social-link-anchor\"><svg width=\"24\" height=\"24\" viewBox=\"0 0 24 24\" version=\"1.1\" xmlns=\"http:\/\/www.w3.org\/2000\/svg\" aria-hidden=\"true\" focusable=\"false\"><path d=\"M12,4.622c2.403,0,2.688,0.009,3.637,0.052c0.877,0.04,1.354,0.187,1.671,0.31c0.42,0.163,0.72,0.358,1.035,0.673 c0.315,0.315,0.51,0.615,0.673,1.035c0.123,0.317,0.27,0.794,0.31,1.671c0.043,0.949,0.052,1.234,0.052,3.637 s-0.009,2.688-0.052,3.637c-0.04,0.877-0.187,1.354-0.31,1.671c-0.163,0.42-0.358,0.72-0.673,1.035 c-0.315,0.315-0.615,0.51-1.035,0.673c-0.317,0.123-0.794,0.27-1.671,0.31c-0.949,0.043-1.233,0.052-3.637,0.052 s-2.688-0.009-3.637-0.052c-0.877-0.04-1.354-0.187-1.671-0.31c-0.42-0.163-0.72-0.358-1.035-0.673 c-0.315-0.315-0.51-0.615-0.673-1.035c-0.123-0.317-0.27-0.794-0.31-1.671C4.631,14.688,4.622,14.403,4.622,12 s0.009-2.688,0.052-3.637c0.04-0.877,0.187-1.354,0.31-1.671c0.163-0.42,0.358-0.72,0.673-1.035 c0.315-0.315,0.615-0.51,1.035-0.673c0.317-0.123,0.794-0.27,1.671-0.31C9.312,4.631,9.597,4.622,12,4.622 M12,3 C9.556,3,9.249,3.01,8.289,3.054C7.331,3.098,6.677,3.25,6.105,3.472C5.513,3.702,5.011,4.01,4.511,4.511 c-0.5,0.5-0.808,1.002-1.038,1.594C3.25,6.677,3.098,7.331,3.054,8.289C3.01,9.249,3,9.556,3,12c0,2.444,0.01,2.751,0.054,3.711 c0.044,0.958,0.196,1.612,0.418,2.185c0.23,0.592,0.538,1.094,1.038,1.594c0.5,0.5,1.002,0.808,1.594,1.038 c0.572,0.222,1.227,0.375,2.185,0.418C9.249,20.99,9.556,21,12,21s2.751-0.01,3.711-0.054c0.958-0.044,1.612-0.196,2.185-0.418 c0.592-0.23,1.094-0.538,1.594-1.038c0.5-0.5,0.808-1.002,1.038-1.594c0.222-0.572,0.375-1.227,0.418-2.185 C20.99,14.751,21,14.444,21,12s-0.01-2.751-0.054-3.711c-0.044-0.958-0.196-1.612-0.418-2.185c-0.23-0.592-0.538-1.094-1.038-1.594 c-0.5-0.5-1.002-0.808-1.594-1.038c-0.572-0.222-1.227-0.375-2.185-0.418C14.751,3.01,14.444,3,12,3L12,3z M12,7.378 c-2.552,0-4.622,2.069-4.622,4.622S9.448,16.622,12,16.622s4.622-2.069,4.622-4.622S14.552,7.378,12,7.378z M12,15 c-1.657,0-3-1.343-3-3s1.343-3,3-3s3,1.343,3,3S13.657,15,12,15z M16.804,6.116c-0.596,0-1.08,0.484-1.08,1.08 s0.484,1.08,1.08,1.08c0.596,0,1.08-0.484,1.08-1.08S17.401,6.116,16.804,6.116z\"><\/path><\/svg><span class=\"wp-block-social-link-label screen-reader-text\">Instagram<\/span><\/a><\/li><\/ul>\n\n\n\n<figure class=\"wp-block-table alignleft\"><table><tbody><tr><td>Possui wi-fi<\/td><td>Possui acessibilidade<\/td><td>Possui acesso pavimentado<\/td><td>Aceita pagamento em dinheiro<\/td><\/tr><tr><td>Aceita animais<\/td><td>Possui banheiro acess\u00edvel<\/td><td>Possui estacionamento para autom\u00f3veis<\/td><td>Aceita pagamento em cart\u00e3o de d\u00e9bito<\/td><\/tr><tr><td>Aceita reservas<\/td><td>Possui frald\u00e1rio ou trocador<\/td><td><\/td><td>Aceita pagamento em cart\u00e3o de cr\u00e9dito<\/td><\/tr><tr><td>Recebe grupos somente com agendamento<\/td><td><\/td><td><\/td><td><\/td><\/tr><\/tbody><\/table><\/figure>\n\n\n\n<div style=\"height:28px\" aria-hidden=\"true\" class=\"wp-block-spacer\"><\/div>\n\n\n\n<p>Imagine um lugar onde voc\u00ea n\u00e3o precisa de mesa e nem gar\u00e7om pra ser atendido, que voc\u00ea mesmo serve o seu chope, do seu jeito e sem medo de errar. Um lugar onde voc\u00ea vai com seus filhos e eles se divertem tanto quanto voc\u00ea. Sim, esse lugar existe. Seja parte dessa revolu\u00e7\u00e3o. Cheers!!<\/p>\n\n\n\n<figure class=\"wp-block-gallery columns-3 is-cropped wp-block-gallery-1 is-layout-flex wp-block-gallery-is-layout-flex\"><ul class=\"blocks-gallery-grid\"><li class=\"blocks-gallery-item\"><figure><a href=\"https:\/\/turismo.jundiai.sp.gov.br\/wp-content\/uploads\/2021\/07\/5DD2FD3E-C34C-4CD7-A259-62EC07385D83-Felipe-Colucci.jpeg\"><img decoding=\"async\" src=\"https:\/\/turismo.jundiai.sp.gov.br\/wp-content\/uploads\/2021\/07\/5DD2FD3E-C34C-4CD7-A259-62EC07385D83-Felipe-Colucci-641x960.jpeg\" alt=\"\" data-id=\"21759\" data-full-url=\"https:\/\/turismo.jundiai.sp.gov.br\/wp-content\/uploads\/2021\/07\/5DD2FD3E-C34C-4CD7-A259-62EC07385D83-Felipe-Colucci.jpeg\" data-link=\"https:\/\/turismo.jundiai.sp.gov.br\/gastronomia\/hamburguerias-lanches-e-pasteis\/open-tap-craft-beer-food\/5dd2fd3e-c34c-4cd7-a259-62ec07385d83-felipe-colucci\/\" class=\"wp-image-21759\"\/><\/a><\/figure><\/li><li class=\"blocks-gallery-item\"><figure><a href=\"https:\/\/turismo.jundiai.sp.gov.br\/wp-content\/uploads\/2021\/07\/B8E5ED2E-3C87-40F4-918E-20730D8C41C4-Felipe-Colucci.jpeg\"><img decoding=\"async\" src=\"https:\/\/turismo.jundiai.sp.gov.br\/wp-content\/uploads\/2021\/07\/B8E5ED2E-3C87-40F4-918E-20730D8C41C4-Felipe-Colucci-641x960.jpeg\" alt=\"\" data-id=\"21760\" data-full-url=\"https:\/\/turismo.jundiai.sp.gov.br\/wp-content\/uploads\/2021\/07\/B8E5ED2E-3C87-40F4-918E-20730D8C41C4-Felipe-Colucci.jpeg\" data-link=\"https:\/\/turismo.jundiai.sp.gov.br\/gastronomia\/hamburguerias-lanches-e-pasteis\/open-tap-craft-beer-food\/b8e5ed2e-3c87-40f4-918e-20730d8c41c4-felipe-colucci\/\" class=\"wp-image-21760\"\/><\/a><\/figure><\/li><li class=\"blocks-gallery-item\"><figure><a href=\"https:\/\/turismo.jundiai.sp.gov.br\/wp-content\/uploads\/2021\/07\/17792D31-E5DF-4E3C-84D2-A881D5456891-Felipe-Colucci.jpeg\"><img decoding=\"async\" src=\"https:\/\/turismo.jundiai.sp.gov.br\/wp-content\/uploads\/2021\/07\/17792D31-E5DF-4E3C-84D2-A881D5456891-Felipe-Colucci-680x454.jpeg\" alt=\"\" data-id=\"21761\" data-full-url=\"https:\/\/turismo.jundiai.sp.gov.br\/wp-content\/uploads\/2021\/07\/17792D31-E5DF-4E3C-84D2-A881D5456891-Felipe-Colucci.jpeg\" data-link=\"https:\/\/turismo.jundiai.sp.gov.br\/gastronomia\/hamburguerias-lanches-e-pasteis\/open-tap-craft-beer-food\/17792d31-e5df-4e3c-84d2-a881d5456891-felipe-colucci\/\" class=\"wp-image-21761\"\/><\/a><\/figure><\/li><li class=\"blocks-gallery-item\"><figure><a href=\"https:\/\/turismo.jundiai.sp.gov.br\/wp-content\/uploads\/2021\/07\/13E659F9-8570-42EA-A2BD-5C9BEB2C9CE5-Felipe-Colucci.jpeg\"><img decoding=\"async\" src=\"https:\/\/turismo.jundiai.sp.gov.br\/wp-content\/uploads\/2021\/07\/13E659F9-8570-42EA-A2BD-5C9BEB2C9CE5-Felipe-Colucci.jpeg\" alt=\"\" data-id=\"21762\" data-full-url=\"https:\/\/turismo.jundiai.sp.gov.br\/wp-content\/uploads\/2021\/07\/13E659F9-8570-42EA-A2BD-5C9BEB2C9CE5-Felipe-Colucci.jpeg\" data-link=\"https:\/\/turismo.jundiai.sp.gov.br\/gastronomia\/hamburguerias-lanches-e-pasteis\/open-tap-craft-beer-food\/13e659f9-8570-42ea-a2bd-5c9beb2c9ce5-felipe-colucci\/\" class=\"wp-image-21762\"\/><\/a><\/figure><\/li><li class=\"blocks-gallery-item\"><figure><a href=\"https:\/\/turismo.jundiai.sp.gov.br\/wp-content\/uploads\/2021\/07\/984764B6-7097-4FC2-93F2-237C139A4528-Felipe-Colucci.jpeg\"><img decoding=\"async\" src=\"https:\/\/turismo.jundiai.sp.gov.br\/wp-content\/uploads\/2021\/07\/984764B6-7097-4FC2-93F2-237C139A4528-Felipe-Colucci-680x680.jpeg\" alt=\"\" data-id=\"21763\" data-full-url=\"https:\/\/turismo.jundiai.sp.gov.br\/wp-content\/uploads\/2021\/07\/984764B6-7097-4FC2-93F2-237C139A4528-Felipe-Colucci.jpeg\" data-link=\"https:\/\/turismo.jundiai.sp.gov.br\/gastronomia\/hamburguerias-lanches-e-pasteis\/open-tap-craft-beer-food\/984764b6-7097-4fc2-93f2-237c139a4528-felipe-colucci\/\" class=\"wp-image-21763\"\/><\/a><\/figure><\/li><li class=\"blocks-gallery-item\"><figure><a href=\"https:\/\/turismo.jundiai.sp.gov.br\/wp-content\/uploads\/2021\/07\/E4C8411D-FE22-4983-A1E0-D7E0E5E628B9-Felipe-Colucci.jpeg\"><img decoding=\"async\" src=\"https:\/\/turismo.jundiai.sp.gov.br\/wp-content\/uploads\/2021\/07\/E4C8411D-FE22-4983-A1E0-D7E0E5E628B9-Felipe-Colucci-641x960.jpeg\" alt=\"\" data-id=\"21764\" data-full-url=\"https:\/\/turismo.jundiai.sp.gov.br\/wp-content\/uploads\/2021\/07\/E4C8411D-FE22-4983-A1E0-D7E0E5E628B9-Felipe-Colucci.jpeg\" data-link=\"https:\/\/turismo.jundiai.sp.gov.br\/gastronomia\/hamburguerias-lanches-e-pasteis\/open-tap-craft-beer-food\/e4c8411d-fe22-4983-a1e0-d7e0e5e628b9-felipe-colucci\/\" class=\"wp-image-21764\"\/><\/a><\/figure><\/li><li class=\"blocks-gallery-item\"><figure><a href=\"https:\/\/turismo.jundiai.sp.gov.br\/wp-content\/uploads\/2021\/07\/9C9DE9B0-FCA7-458A-B220-2A8B9BC73E30-Felipe-Colucci.jpeg\"><img decoding=\"async\" src=\"https:\/\/turismo.jundiai.sp.gov.br\/wp-content\/uploads\/2021\/07\/9C9DE9B0-FCA7-458A-B220-2A8B9BC73E30-Felipe-Colucci-680x510.jpeg\" alt=\"\" data-id=\"21766\" data-full-url=\"https:\/\/turismo.jundiai.sp.gov.br\/wp-content\/uploads\/2021\/07\/9C9DE9B0-FCA7-458A-B220-2A8B9BC73E30-Felipe-Colucci.jpeg\" data-link=\"https:\/\/turismo.jundiai.sp.gov.br\/gastronomia\/hamburguerias-lanches-e-pasteis\/open-tap-craft-beer-food\/9c9de9b0-fca7-458a-b220-2a8b9bc73e30-felipe-colucci\/\" class=\"wp-image-21766\"\/><\/a><\/figure><\/li><li class=\"blocks-gallery-item\"><figure><a href=\"https:\/\/turismo.jundiai.sp.gov.br\/wp-content\/uploads\/2021\/07\/FC9792E9-3FA7-4AA9-933B-9C0D2DA60637-Felipe-Colucci.jpeg\"><img decoding=\"async\" src=\"https:\/\/turismo.jundiai.sp.gov.br\/wp-content\/uploads\/2021\/07\/FC9792E9-3FA7-4AA9-933B-9C0D2DA60637-Felipe-Colucci-680x510.jpeg\" alt=\"\" data-id=\"21767\" data-full-url=\"https:\/\/turismo.jundiai.sp.gov.br\/wp-content\/uploads\/2021\/07\/FC9792E9-3FA7-4AA9-933B-9C0D2DA60637-Felipe-Colucci.jpeg\" data-link=\"https:\/\/turismo.jundiai.sp.gov.br\/gastronomia\/hamburguerias-lanches-e-pasteis\/open-tap-craft-beer-food\/fc9792e9-3fa7-4aa9-933b-9c0d2da60637-felipe-colucci\/\" class=\"wp-image-21767\"\/><\/a><\/figure><\/li><li class=\"blocks-gallery-item\"><figure><a href=\"https:\/\/turismo.jundiai.sp.gov.br\/wp-content\/uploads\/2021\/07\/56FFE50E-BB51-4110-9C64-A104A186E939-Felipe-Colucci.jpeg\"><img decoding=\"async\" src=\"https:\/\/turismo.jundiai.sp.gov.br\/wp-content\/uploads\/2021\/07\/56FFE50E-BB51-4110-9C64-A104A186E939-Felipe-Colucci-680x680.jpeg\" alt=\"\" data-id=\"21768\" data-full-url=\"https:\/\/turismo.jundiai.sp.gov.br\/wp-content\/uploads\/2021\/07\/56FFE50E-BB51-4110-9C64-A104A186E939-Felipe-Colucci.jpeg\" data-link=\"https:\/\/turismo.jundiai.sp.gov.br\/gastronomia\/hamburguerias-lanches-e-pasteis\/open-tap-craft-beer-food\/56ffe50e-bb51-4110-9c64-a104a186e939-felipe-colucci\/\" class=\"wp-image-21768\"\/><\/a><\/figure><\/li><\/ul><\/figure>\n","protected":false},"excerpt":{"rendered":"<p>Endere\u00e7o:&nbsp;Rua Humberto Cereser, 2650 &#8211; CaxambuTelefone: (11) 95931-9758WhatsApp: (11) 95931-9758E-mail:&nbsp;contato@opentap.com.brSite: www.opentapcraftbeer.com.brHor\u00e1rio de funcionamento: Quarta a sexta das 18h \u00e0s 23h. S\u00e1bado das 14h \u00e0s 23h. Domingo das 14 \u00e0s 22h Possui wi-fi Possui acessibilidade Possui acesso pavimentado Aceita pagamento em dinheiro Aceita animais Possui banheiro acess\u00edvel Possui estacionamento para autom\u00f3veis Aceita pagamento em cart\u00e3o de [&hellip;]<\/p>\n","protected":false},"author":11,"featured_media":0,"parent":14,"menu_order":0,"comment_status":"closed","ping_status":"closed","template":"","meta":{"footnotes":""},"class_list":["post-260","page","type-page","status-publish","hentry"],"_links":{"self":[{"href":"https:\/\/rotasturisticas.jundiai.sp.gov.br\/uva\/wp-json\/wp\/v2\/pages\/260","targetHints":{"allow":["GET"]}}],"collection":[{"href":"https:\/\/rotasturisticas.jundiai.sp.gov.br\/uva\/wp-json\/wp\/v2\/pages"}],"about":[{"href":"https:\/\/rotasturisticas.jundiai.sp.gov.br\/uva\/wp-json\/wp\/v2\/types\/page"}],"author":[{"embeddable":true,"href":"https:\/\/rotasturisticas.jundiai.sp.gov.br\/uva\/wp-json\/wp\/v2\/users\/11"}],"replies":[{"embeddable":true,"href":"https:\/\/rotasturisticas.jundiai.sp.gov.br\/uva\/wp-json\/wp\/v2\/comments?post=260"}],"version-history":[{"count":2,"href":"https:\/\/rotasturisticas.jundiai.sp.gov.br\/uva\/wp-json\/wp\/v2\/pages\/260\/revisions"}],"predecessor-version":[{"id":460,"href":"https:\/\/rotasturisticas.jundiai.sp.gov.br\/uva\/wp-json\/wp\/v2\/pages\/260\/revisions\/460"}],"up":[{"embeddable":true,"href":"https:\/\/rotasturisticas.jundiai.sp.gov.br\/uva\/wp-json\/wp\/v2\/pages\/14"}],"wp:attachment":[{"href":"https:\/\/rotasturisticas.jundiai.sp.gov.br\/uva\/wp-json\/wp\/v2\/media?parent=260"}],"curies":[{"name":"wp","href":"https:\/\/api.w.org\/{rel}","templated":true}]}}