{"id":258,"date":"2018-04-20T10:15:42","date_gmt":"2018-04-20T13:15:42","guid":{"rendered":"http:\/\/rotasturisticas.jundiai.sp.gov.br\/uva\/?page_id=258"},"modified":"2018-04-20T10:15:42","modified_gmt":"2018-04-20T13:15:42","slug":"danilo-picanha","status":"publish","type":"page","link":"https:\/\/rotasturisticas.jundiai.sp.gov.br\/uva\/onde-comer\/danilo-picanha\/","title":{"rendered":"Danilo Picanha"},"content":{"rendered":"<p><strong>Endere\u00e7o:<\/strong> Av. Humberto Cereser, 2720 &#8211; Caxambu<br \/>\n<strong>Telefone:<\/strong>\u00a0(11) 2709-0098<br \/>\n<strong>E-mail:<\/strong>\u00a0contato@danilopicanha.com.br<br \/>\n<strong>Facebook:<\/strong>\u00a0Danilo Picanha &#8211; Caxambu<br \/>\n<strong>Hor\u00e1rio de funcionamento:\u00a0<\/strong>Segunda a quinta das 11h \u00e0s 15h. Sexta e s\u00e1bado das 11h \u00e0s 23h. Domingo das 11h \u00e0s 16h30.<\/p>\n<p><img loading=\"lazy\" decoding=\"async\" class=\"size-medium wp-image-14858 alignleft\" src=\"http:\/\/turismo.jundiai.sp.gov.br\/wp-content\/uploads\/2014\/05\/2-300x300.jpg\" sizes=\"auto, (max-width: 300px) 100vw, 300px\" srcset=\"https:\/\/turismo.jundiai.sp.gov.br\/wp-content\/uploads\/2014\/05\/2-300x300.jpg 300w, https:\/\/turismo.jundiai.sp.gov.br\/wp-content\/uploads\/2014\/05\/2-768x768.jpg 768w, https:\/\/turismo.jundiai.sp.gov.br\/wp-content\/uploads\/2014\/05\/2-680x680.jpg 680w, https:\/\/turismo.jundiai.sp.gov.br\/wp-content\/uploads\/2014\/05\/2.jpg 960w\" alt=\"\" width=\"300\" height=\"300\" \/><\/p>\n<p><img loading=\"lazy\" decoding=\"async\" class=\"size-medium wp-image-16172 alignright\" src=\"http:\/\/turismo.jundiai.sp.gov.br\/wp-content\/uploads\/2018\/04\/60-1-300x114.jpg\" alt=\"\" width=\"300\" height=\"114\" \/><\/p>\n","protected":false},"excerpt":{"rendered":"<p>Endere\u00e7o: Av. Humberto Cereser, 2720 &#8211; Caxambu Telefone:\u00a0(11) 2709-0098 E-mail:\u00a0contato@danilopicanha.com.br Facebook:\u00a0Danilo Picanha &#8211; Caxambu Hor\u00e1rio de funcionamento:\u00a0Segunda a quinta das 11h \u00e0s 15h. Sexta e s\u00e1bado das 11h \u00e0s 23h. Domingo das 11h \u00e0s 16h30.<\/p>\n","protected":false},"author":11,"featured_media":0,"parent":14,"menu_order":0,"comment_status":"closed","ping_status":"closed","template":"","meta":{"footnotes":""},"class_list":["post-258","page","type-page","status-publish","hentry"],"_links":{"self":[{"href":"https:\/\/rotasturisticas.jundiai.sp.gov.br\/uva\/wp-json\/wp\/v2\/pages\/258","targetHints":{"allow":["GET"]}}],"collection":[{"href":"https:\/\/rotasturisticas.jundiai.sp.gov.br\/uva\/wp-json\/wp\/v2\/pages"}],"about":[{"href":"https:\/\/rotasturisticas.jundiai.sp.gov.br\/uva\/wp-json\/wp\/v2\/types\/page"}],"author":[{"embeddable":true,"href":"https:\/\/rotasturisticas.jundiai.sp.gov.br\/uva\/wp-json\/wp\/v2\/users\/11"}],"replies":[{"embeddable":true,"href":"https:\/\/rotasturisticas.jundiai.sp.gov.br\/uva\/wp-json\/wp\/v2\/comments?post=258"}],"version-history":[{"count":1,"href":"https:\/\/rotasturisticas.jundiai.sp.gov.br\/uva\/wp-json\/wp\/v2\/pages\/258\/revisions"}],"predecessor-version":[{"id":259,"href":"https:\/\/rotasturisticas.jundiai.sp.gov.br\/uva\/wp-json\/wp\/v2\/pages\/258\/revisions\/259"}],"up":[{"embeddable":true,"href":"https:\/\/rotasturisticas.jundiai.sp.gov.br\/uva\/wp-json\/wp\/v2\/pages\/14"}],"wp:attachment":[{"href":"https:\/\/rotasturisticas.jundiai.sp.gov.br\/uva\/wp-json\/wp\/v2\/media?parent=258"}],"curies":[{"name":"wp","href":"https:\/\/api.w.org\/{rel}","templated":true}]}}