{"id":250,"date":"2018-03-06T14:33:25","date_gmt":"2018-03-06T17:33:25","guid":{"rendered":"http:\/\/rotasturisticas.jundiai.sp.gov.br\/uva\/?page_id=250"},"modified":"2021-07-16T12:03:34","modified_gmt":"2021-07-16T15:03:34","slug":"adega-fratelli-di-bosquini","status":"publish","type":"page","link":"https:\/\/rotasturisticas.jundiai.sp.gov.br\/uva\/o-que-visitar\/adega-fratelli-di-bosquini\/","title":{"rendered":"Adega Fratelli di Boschini"},"content":{"rendered":"<p><strong>Endere\u00e7o:<\/strong>\u00a0Av. Comedador Ant\u00f4nio Borin, 5087 \u2013 Caxambu<br \/><strong>Telefone:<\/strong>\u00a0(11) 4584-5284<br \/><b>Facebook:\u00a0<\/b>Vinhos Fratelli<br \/><strong>Hor\u00e1rio de funcionamento:<\/strong>\u00a0Segunda a\u00a0sexta das 9h \u00e0s 18h. S\u00e1bado das 9h \u00e0s 16h. Domingo das 9h \u00e0s 13h.<\/p>\n<div dir=\"auto\">Localizada na regi\u00e3o do Caxambu, a adega Fratelli di Boschini, vem se renovando e se adaptando \u00e0s novas normas e tend\u00eancias no mercado do vinho.<\/div>\n<div dir=\"auto\">Com os tradicionais vinhos de uvas niagaras, mant\u00eam em sua linha de produtos, vest\u00edgios da sua hist\u00f3ria. Os vinhos finos e espumantes, hoje dividem os paladares mais variados.<\/div>\n<div dir=\"auto\">\u00a0<\/div>\n<p>\u00a0<\/p>\n\n\n<figure class=\"wp-block-gallery columns-3 is-cropped wp-block-gallery-1 is-layout-flex wp-block-gallery-is-layout-flex\"><ul class=\"blocks-gallery-grid\"><li class=\"blocks-gallery-item\"><figure><a href=\"https:\/\/rotasturisticas.jundiai.sp.gov.br\/uva\/wp-content\/uploads\/sites\/2\/2021\/07\/Boschini3-300x225-1.jpeg\"><img loading=\"lazy\" decoding=\"async\" width=\"300\" height=\"225\" src=\"https:\/\/rotasturisticas.jundiai.sp.gov.br\/uva\/wp-content\/uploads\/sites\/2\/2021\/07\/Boschini3-300x225-1.jpeg\" alt=\"\" data-id=\"463\" data-full-url=\"https:\/\/rotasturisticas.jundiai.sp.gov.br\/uva\/wp-content\/uploads\/sites\/2\/2021\/07\/Boschini3-300x225-1.jpeg\" data-link=\"https:\/\/rotasturisticas.jundiai.sp.gov.br\/uva\/o-que-visitar\/adega-fratelli-di-bosquini\/boschini3-300x225-1\/\" class=\"wp-image-463\"\/><\/a><\/figure><\/li><li class=\"blocks-gallery-item\"><figure><a href=\"https:\/\/rotasturisticas.jundiai.sp.gov.br\/uva\/wp-content\/uploads\/sites\/2\/2021\/07\/Boschini-300x225-1.jpeg\"><img loading=\"lazy\" decoding=\"async\" width=\"300\" height=\"225\" src=\"https:\/\/rotasturisticas.jundiai.sp.gov.br\/uva\/wp-content\/uploads\/sites\/2\/2021\/07\/Boschini-300x225-1.jpeg\" alt=\"\" data-id=\"464\" data-full-url=\"https:\/\/rotasturisticas.jundiai.sp.gov.br\/uva\/wp-content\/uploads\/sites\/2\/2021\/07\/Boschini-300x225-1.jpeg\" data-link=\"https:\/\/rotasturisticas.jundiai.sp.gov.br\/uva\/o-que-visitar\/adega-fratelli-di-bosquini\/boschini-300x225-1\/\" class=\"wp-image-464\"\/><\/a><\/figure><\/li><li class=\"blocks-gallery-item\"><figure><a href=\"https:\/\/rotasturisticas.jundiai.sp.gov.br\/uva\/wp-content\/uploads\/sites\/2\/2021\/07\/Boschini-2-300x225-1.jpeg\"><img loading=\"lazy\" decoding=\"async\" width=\"300\" height=\"225\" src=\"https:\/\/rotasturisticas.jundiai.sp.gov.br\/uva\/wp-content\/uploads\/sites\/2\/2021\/07\/Boschini-2-300x225-1.jpeg\" alt=\"\" data-id=\"465\" data-full-url=\"https:\/\/rotasturisticas.jundiai.sp.gov.br\/uva\/wp-content\/uploads\/sites\/2\/2021\/07\/Boschini-2-300x225-1.jpeg\" data-link=\"https:\/\/rotasturisticas.jundiai.sp.gov.br\/uva\/o-que-visitar\/adega-fratelli-di-bosquini\/boschini-2-300x225-1\/\" class=\"wp-image-465\"\/><\/a><\/figure><\/li><\/ul><\/figure>\n","protected":false},"excerpt":{"rendered":"<p>Endere\u00e7o:\u00a0Av. Comedador Ant\u00f4nio Borin, 5087 \u2013 CaxambuTelefone:\u00a0(11) 4584-5284Facebook:\u00a0Vinhos FratelliHor\u00e1rio de funcionamento:\u00a0Segunda a\u00a0sexta das 9h \u00e0s 18h. S\u00e1bado das 9h \u00e0s 16h. Domingo das 9h \u00e0s 13h. Localizada na regi\u00e3o do Caxambu, a adega Fratelli di Boschini, vem se renovando e se adaptando \u00e0s novas normas e tend\u00eancias no mercado do vinho. Com os tradicionais vinhos [&hellip;]<\/p>\n","protected":false},"author":11,"featured_media":0,"parent":12,"menu_order":0,"comment_status":"closed","ping_status":"closed","template":"","meta":{"footnotes":""},"class_list":["post-250","page","type-page","status-publish","hentry"],"_links":{"self":[{"href":"https:\/\/rotasturisticas.jundiai.sp.gov.br\/uva\/wp-json\/wp\/v2\/pages\/250","targetHints":{"allow":["GET"]}}],"collection":[{"href":"https:\/\/rotasturisticas.jundiai.sp.gov.br\/uva\/wp-json\/wp\/v2\/pages"}],"about":[{"href":"https:\/\/rotasturisticas.jundiai.sp.gov.br\/uva\/wp-json\/wp\/v2\/types\/page"}],"author":[{"embeddable":true,"href":"https:\/\/rotasturisticas.jundiai.sp.gov.br\/uva\/wp-json\/wp\/v2\/users\/11"}],"replies":[{"embeddable":true,"href":"https:\/\/rotasturisticas.jundiai.sp.gov.br\/uva\/wp-json\/wp\/v2\/comments?post=250"}],"version-history":[{"count":3,"href":"https:\/\/rotasturisticas.jundiai.sp.gov.br\/uva\/wp-json\/wp\/v2\/pages\/250\/revisions"}],"predecessor-version":[{"id":466,"href":"https:\/\/rotasturisticas.jundiai.sp.gov.br\/uva\/wp-json\/wp\/v2\/pages\/250\/revisions\/466"}],"up":[{"embeddable":true,"href":"https:\/\/rotasturisticas.jundiai.sp.gov.br\/uva\/wp-json\/wp\/v2\/pages\/12"}],"wp:attachment":[{"href":"https:\/\/rotasturisticas.jundiai.sp.gov.br\/uva\/wp-json\/wp\/v2\/media?parent=250"}],"curies":[{"name":"wp","href":"https:\/\/api.w.org\/{rel}","templated":true}]}}