{"id":131,"date":"2016-03-29T16:19:41","date_gmt":"2016-03-29T19:19:41","guid":{"rendered":"http:\/\/rotasturisticas.jundiai.sp.gov.br\/uva\/?page_id=131"},"modified":"2024-09-06T13:22:07","modified_gmt":"2024-09-06T16:22:07","slug":"casa-cereser-loja-de-fabrica","status":"publish","type":"page","link":"https:\/\/rotasturisticas.jundiai.sp.gov.br\/uva\/lojas-especiais\/casa-cereser-loja-de-fabrica\/","title":{"rendered":"Casa Cereser \u2013 Loja de F\u00e1brica"},"content":{"rendered":"\n<p><strong>Sobre a CRS BRANDS<\/strong><\/p>\n\n\n\n<p>Fundada em 1926 sob a denomina\u00e7\u00e3o F\u00e1brica de Vinhos Humberto Cereser, ao longo dos anos transformou-se em Viti-Vin\u00edcola Cereser e consagrou-se como uma das maiores fabricantes de bebidas alco\u00f3licas da Am\u00e9rica Latina. Em 2014, com o objetivo estrat\u00e9gico de separar a atua\u00e7\u00e3o da marca Cereser como produto l\u00edder na categoria Sidra do seu extenso portf\u00f3lio de produtos, passou a atuar como CRS BRANDS.<\/p>\n\n\n\n<p>Dona da maior linha de envase de espumantes do mundo, com capacidade para produzir cerca de 65 mil litros\/hora, e unidades fabris em Jundia\u00ed (SP) e no Complexo Industrial de Suape (PE), que juntas somam capacidade para armazenar at\u00e9 20 milh\u00f5es de litros de bebida, a empresa comercializa, al\u00e9m das sidras, vinhos, vermouths, vodkas, aguardentes, conhaques, ready-to-drink e outros destilados, que atendem diferentes perfis de consumidores de todas as regi\u00f5es do pa\u00eds e s\u00e3o exportados para mais de 40 pa\u00edses na Am\u00e9rica Latina, \u00c1frica e \u00c1sia.<\/p>\n\n\n\n<figure class=\"wp-block-gallery has-nested-images columns-default is-cropped wp-block-gallery-1 is-layout-flex wp-block-gallery-is-layout-flex\">\n<figure class=\"wp-block-image size-large\"><a href=\"https:\/\/rotasturisticas.jundiai.sp.gov.br\/uva\/wp-content\/uploads\/sites\/2\/2021\/08\/PHOTO-2020-04-03-17-50-22-6.jpg\"><img loading=\"lazy\" decoding=\"async\" width=\"920\" height=\"518\" data-id=\"478\" src=\"https:\/\/rotasturisticas.jundiai.sp.gov.br\/uva\/wp-content\/uploads\/sites\/2\/2021\/08\/PHOTO-2020-04-03-17-50-22-6-920x518.jpg\" alt=\"\" class=\"wp-image-478\" srcset=\"https:\/\/rotasturisticas.jundiai.sp.gov.br\/uva\/wp-content\/uploads\/sites\/2\/2021\/08\/PHOTO-2020-04-03-17-50-22-6-920x518.jpg 920w, https:\/\/rotasturisticas.jundiai.sp.gov.br\/uva\/wp-content\/uploads\/sites\/2\/2021\/08\/PHOTO-2020-04-03-17-50-22-6-300x169.jpg 300w, https:\/\/rotasturisticas.jundiai.sp.gov.br\/uva\/wp-content\/uploads\/sites\/2\/2021\/08\/PHOTO-2020-04-03-17-50-22-6-768x432.jpg 768w, https:\/\/rotasturisticas.jundiai.sp.gov.br\/uva\/wp-content\/uploads\/sites\/2\/2021\/08\/PHOTO-2020-04-03-17-50-22-6.jpg 1280w\" sizes=\"auto, (max-width: 920px) 100vw, 920px\" \/><\/a><\/figure>\n\n\n\n<figure class=\"wp-block-image size-large\"><a href=\"https:\/\/rotasturisticas.jundiai.sp.gov.br\/uva\/wp-content\/uploads\/sites\/2\/2021\/08\/PHOTO-2020-04-03-17-50-22-5.jpg\"><img loading=\"lazy\" decoding=\"async\" width=\"920\" height=\"518\" data-id=\"479\" src=\"https:\/\/rotasturisticas.jundiai.sp.gov.br\/uva\/wp-content\/uploads\/sites\/2\/2021\/08\/PHOTO-2020-04-03-17-50-22-5-920x518.jpg\" alt=\"\" class=\"wp-image-479\" srcset=\"https:\/\/rotasturisticas.jundiai.sp.gov.br\/uva\/wp-content\/uploads\/sites\/2\/2021\/08\/PHOTO-2020-04-03-17-50-22-5-920x518.jpg 920w, https:\/\/rotasturisticas.jundiai.sp.gov.br\/uva\/wp-content\/uploads\/sites\/2\/2021\/08\/PHOTO-2020-04-03-17-50-22-5-300x169.jpg 300w, https:\/\/rotasturisticas.jundiai.sp.gov.br\/uva\/wp-content\/uploads\/sites\/2\/2021\/08\/PHOTO-2020-04-03-17-50-22-5-768x432.jpg 768w, https:\/\/rotasturisticas.jundiai.sp.gov.br\/uva\/wp-content\/uploads\/sites\/2\/2021\/08\/PHOTO-2020-04-03-17-50-22-5.jpg 1280w\" sizes=\"auto, (max-width: 920px) 100vw, 920px\" \/><\/a><\/figure>\n\n\n\n<figure class=\"wp-block-image size-large\"><a href=\"https:\/\/rotasturisticas.jundiai.sp.gov.br\/uva\/wp-content\/uploads\/sites\/2\/2021\/08\/PHOTO-2020-04-03-17-50-22-3.jpg\"><img loading=\"lazy\" decoding=\"async\" width=\"920\" height=\"518\" data-id=\"480\" src=\"https:\/\/rotasturisticas.jundiai.sp.gov.br\/uva\/wp-content\/uploads\/sites\/2\/2021\/08\/PHOTO-2020-04-03-17-50-22-3-920x518.jpg\" alt=\"\" class=\"wp-image-480\" srcset=\"https:\/\/rotasturisticas.jundiai.sp.gov.br\/uva\/wp-content\/uploads\/sites\/2\/2021\/08\/PHOTO-2020-04-03-17-50-22-3-920x518.jpg 920w, https:\/\/rotasturisticas.jundiai.sp.gov.br\/uva\/wp-content\/uploads\/sites\/2\/2021\/08\/PHOTO-2020-04-03-17-50-22-3-300x169.jpg 300w, https:\/\/rotasturisticas.jundiai.sp.gov.br\/uva\/wp-content\/uploads\/sites\/2\/2021\/08\/PHOTO-2020-04-03-17-50-22-3-768x432.jpg 768w, https:\/\/rotasturisticas.jundiai.sp.gov.br\/uva\/wp-content\/uploads\/sites\/2\/2021\/08\/PHOTO-2020-04-03-17-50-22-3.jpg 1280w\" sizes=\"auto, (max-width: 920px) 100vw, 920px\" \/><\/a><\/figure>\n\n\n\n<figure class=\"wp-block-image size-large\"><a href=\"https:\/\/rotasturisticas.jundiai.sp.gov.br\/uva\/wp-content\/uploads\/sites\/2\/2021\/08\/PHOTO-2020-04-03-17-50-22-20.jpg\"><img loading=\"lazy\" decoding=\"async\" width=\"920\" height=\"518\" data-id=\"481\" src=\"https:\/\/rotasturisticas.jundiai.sp.gov.br\/uva\/wp-content\/uploads\/sites\/2\/2021\/08\/PHOTO-2020-04-03-17-50-22-20-920x518.jpg\" alt=\"\" class=\"wp-image-481\" srcset=\"https:\/\/rotasturisticas.jundiai.sp.gov.br\/uva\/wp-content\/uploads\/sites\/2\/2021\/08\/PHOTO-2020-04-03-17-50-22-20-920x518.jpg 920w, https:\/\/rotasturisticas.jundiai.sp.gov.br\/uva\/wp-content\/uploads\/sites\/2\/2021\/08\/PHOTO-2020-04-03-17-50-22-20-300x169.jpg 300w, https:\/\/rotasturisticas.jundiai.sp.gov.br\/uva\/wp-content\/uploads\/sites\/2\/2021\/08\/PHOTO-2020-04-03-17-50-22-20-768x432.jpg 768w, https:\/\/rotasturisticas.jundiai.sp.gov.br\/uva\/wp-content\/uploads\/sites\/2\/2021\/08\/PHOTO-2020-04-03-17-50-22-20.jpg 1280w\" sizes=\"auto, (max-width: 920px) 100vw, 920px\" \/><\/a><\/figure>\n\n\n\n<figure class=\"wp-block-image size-large\"><a href=\"https:\/\/rotasturisticas.jundiai.sp.gov.br\/uva\/wp-content\/uploads\/sites\/2\/2021\/08\/PHOTO-2020-04-03-17-50-22-18.jpg\"><img loading=\"lazy\" decoding=\"async\" width=\"920\" height=\"518\" data-id=\"482\" src=\"https:\/\/rotasturisticas.jundiai.sp.gov.br\/uva\/wp-content\/uploads\/sites\/2\/2021\/08\/PHOTO-2020-04-03-17-50-22-18-920x518.jpg\" alt=\"\" class=\"wp-image-482\" srcset=\"https:\/\/rotasturisticas.jundiai.sp.gov.br\/uva\/wp-content\/uploads\/sites\/2\/2021\/08\/PHOTO-2020-04-03-17-50-22-18-920x518.jpg 920w, https:\/\/rotasturisticas.jundiai.sp.gov.br\/uva\/wp-content\/uploads\/sites\/2\/2021\/08\/PHOTO-2020-04-03-17-50-22-18-300x169.jpg 300w, https:\/\/rotasturisticas.jundiai.sp.gov.br\/uva\/wp-content\/uploads\/sites\/2\/2021\/08\/PHOTO-2020-04-03-17-50-22-18-768x432.jpg 768w, https:\/\/rotasturisticas.jundiai.sp.gov.br\/uva\/wp-content\/uploads\/sites\/2\/2021\/08\/PHOTO-2020-04-03-17-50-22-18.jpg 1280w\" sizes=\"auto, (max-width: 920px) 100vw, 920px\" \/><\/a><\/figure>\n\n\n\n<figure class=\"wp-block-image size-large\"><a href=\"https:\/\/rotasturisticas.jundiai.sp.gov.br\/uva\/wp-content\/uploads\/sites\/2\/2021\/08\/PHOTO-2020-04-03-17-50-22-17.jpg\"><img loading=\"lazy\" decoding=\"async\" width=\"920\" height=\"518\" data-id=\"483\" src=\"https:\/\/rotasturisticas.jundiai.sp.gov.br\/uva\/wp-content\/uploads\/sites\/2\/2021\/08\/PHOTO-2020-04-03-17-50-22-17-920x518.jpg\" alt=\"\" class=\"wp-image-483\" srcset=\"https:\/\/rotasturisticas.jundiai.sp.gov.br\/uva\/wp-content\/uploads\/sites\/2\/2021\/08\/PHOTO-2020-04-03-17-50-22-17-920x518.jpg 920w, https:\/\/rotasturisticas.jundiai.sp.gov.br\/uva\/wp-content\/uploads\/sites\/2\/2021\/08\/PHOTO-2020-04-03-17-50-22-17-300x169.jpg 300w, https:\/\/rotasturisticas.jundiai.sp.gov.br\/uva\/wp-content\/uploads\/sites\/2\/2021\/08\/PHOTO-2020-04-03-17-50-22-17-768x432.jpg 768w, https:\/\/rotasturisticas.jundiai.sp.gov.br\/uva\/wp-content\/uploads\/sites\/2\/2021\/08\/PHOTO-2020-04-03-17-50-22-17.jpg 1280w\" sizes=\"auto, (max-width: 920px) 100vw, 920px\" \/><\/a><\/figure>\n\n\n\n<figure class=\"wp-block-image size-large\"><a href=\"https:\/\/rotasturisticas.jundiai.sp.gov.br\/uva\/wp-content\/uploads\/sites\/2\/2021\/08\/PHOTO-2020-04-03-17-50-22-16.jpg\"><img loading=\"lazy\" decoding=\"async\" width=\"920\" height=\"518\" data-id=\"484\" src=\"https:\/\/rotasturisticas.jundiai.sp.gov.br\/uva\/wp-content\/uploads\/sites\/2\/2021\/08\/PHOTO-2020-04-03-17-50-22-16-920x518.jpg\" alt=\"\" class=\"wp-image-484\" srcset=\"https:\/\/rotasturisticas.jundiai.sp.gov.br\/uva\/wp-content\/uploads\/sites\/2\/2021\/08\/PHOTO-2020-04-03-17-50-22-16-920x518.jpg 920w, https:\/\/rotasturisticas.jundiai.sp.gov.br\/uva\/wp-content\/uploads\/sites\/2\/2021\/08\/PHOTO-2020-04-03-17-50-22-16-300x169.jpg 300w, https:\/\/rotasturisticas.jundiai.sp.gov.br\/uva\/wp-content\/uploads\/sites\/2\/2021\/08\/PHOTO-2020-04-03-17-50-22-16-768x432.jpg 768w, https:\/\/rotasturisticas.jundiai.sp.gov.br\/uva\/wp-content\/uploads\/sites\/2\/2021\/08\/PHOTO-2020-04-03-17-50-22-16.jpg 1280w\" sizes=\"auto, (max-width: 920px) 100vw, 920px\" \/><\/a><\/figure>\n\n\n\n<figure class=\"wp-block-image size-large\"><a href=\"https:\/\/rotasturisticas.jundiai.sp.gov.br\/uva\/wp-content\/uploads\/sites\/2\/2021\/08\/PHOTO-2020-04-03-17-50-22-13.jpg\"><img loading=\"lazy\" decoding=\"async\" width=\"720\" height=\"960\" data-id=\"485\" src=\"https:\/\/rotasturisticas.jundiai.sp.gov.br\/uva\/wp-content\/uploads\/sites\/2\/2021\/08\/PHOTO-2020-04-03-17-50-22-13-720x960.jpg\" alt=\"\" class=\"wp-image-485\" srcset=\"https:\/\/rotasturisticas.jundiai.sp.gov.br\/uva\/wp-content\/uploads\/sites\/2\/2021\/08\/PHOTO-2020-04-03-17-50-22-13-720x960.jpg 720w, https:\/\/rotasturisticas.jundiai.sp.gov.br\/uva\/wp-content\/uploads\/sites\/2\/2021\/08\/PHOTO-2020-04-03-17-50-22-13-300x400.jpg 300w, https:\/\/rotasturisticas.jundiai.sp.gov.br\/uva\/wp-content\/uploads\/sites\/2\/2021\/08\/PHOTO-2020-04-03-17-50-22-13-768x1024.jpg 768w, https:\/\/rotasturisticas.jundiai.sp.gov.br\/uva\/wp-content\/uploads\/sites\/2\/2021\/08\/PHOTO-2020-04-03-17-50-22-13.jpg 960w\" sizes=\"auto, (max-width: 720px) 100vw, 720px\" \/><\/a><\/figure>\n\n\n\n<figure class=\"wp-block-image size-large\"><a href=\"https:\/\/rotasturisticas.jundiai.sp.gov.br\/uva\/wp-content\/uploads\/sites\/2\/2021\/08\/PHOTO-2020-04-03-17-50-22-12.jpg\"><img loading=\"lazy\" decoding=\"async\" width=\"920\" height=\"518\" data-id=\"487\" src=\"https:\/\/rotasturisticas.jundiai.sp.gov.br\/uva\/wp-content\/uploads\/sites\/2\/2021\/08\/PHOTO-2020-04-03-17-50-22-12-920x518.jpg\" alt=\"\" class=\"wp-image-487\" srcset=\"https:\/\/rotasturisticas.jundiai.sp.gov.br\/uva\/wp-content\/uploads\/sites\/2\/2021\/08\/PHOTO-2020-04-03-17-50-22-12-920x518.jpg 920w, https:\/\/rotasturisticas.jundiai.sp.gov.br\/uva\/wp-content\/uploads\/sites\/2\/2021\/08\/PHOTO-2020-04-03-17-50-22-12-300x169.jpg 300w, https:\/\/rotasturisticas.jundiai.sp.gov.br\/uva\/wp-content\/uploads\/sites\/2\/2021\/08\/PHOTO-2020-04-03-17-50-22-12-768x432.jpg 768w, https:\/\/rotasturisticas.jundiai.sp.gov.br\/uva\/wp-content\/uploads\/sites\/2\/2021\/08\/PHOTO-2020-04-03-17-50-22-12.jpg 1280w\" sizes=\"auto, (max-width: 920px) 100vw, 920px\" \/><\/a><\/figure>\n<\/figure>\n","protected":false},"excerpt":{"rendered":"<p>Sobre a CRS BRANDS Fundada em 1926 sob a denomina\u00e7\u00e3o F\u00e1brica de Vinhos Humberto Cereser, ao longo dos anos transformou-se em Viti-Vin\u00edcola Cereser e consagrou-se como uma das maiores fabricantes de bebidas alco\u00f3licas da Am\u00e9rica Latina. Em 2014, com o objetivo estrat\u00e9gico de separar a atua\u00e7\u00e3o da marca Cereser como produto l\u00edder na categoria Sidra [&hellip;]<\/p>\n","protected":false},"author":4,"featured_media":0,"parent":75,"menu_order":0,"comment_status":"closed","ping_status":"closed","template":"page-local.php","meta":{"footnotes":""},"class_list":["post-131","page","type-page","status-publish","hentry"],"_links":{"self":[{"href":"https:\/\/rotasturisticas.jundiai.sp.gov.br\/uva\/wp-json\/wp\/v2\/pages\/131","targetHints":{"allow":["GET"]}}],"collection":[{"href":"https:\/\/rotasturisticas.jundiai.sp.gov.br\/uva\/wp-json\/wp\/v2\/pages"}],"about":[{"href":"https:\/\/rotasturisticas.jundiai.sp.gov.br\/uva\/wp-json\/wp\/v2\/types\/page"}],"author":[{"embeddable":true,"href":"https:\/\/rotasturisticas.jundiai.sp.gov.br\/uva\/wp-json\/wp\/v2\/users\/4"}],"replies":[{"embeddable":true,"href":"https:\/\/rotasturisticas.jundiai.sp.gov.br\/uva\/wp-json\/wp\/v2\/comments?post=131"}],"version-history":[{"count":8,"href":"https:\/\/rotasturisticas.jundiai.sp.gov.br\/uva\/wp-json\/wp\/v2\/pages\/131\/revisions"}],"predecessor-version":[{"id":587,"href":"https:\/\/rotasturisticas.jundiai.sp.gov.br\/uva\/wp-json\/wp\/v2\/pages\/131\/revisions\/587"}],"up":[{"embeddable":true,"href":"https:\/\/rotasturisticas.jundiai.sp.gov.br\/uva\/wp-json\/wp\/v2\/pages\/75"}],"wp:attachment":[{"href":"https:\/\/rotasturisticas.jundiai.sp.gov.br\/uva\/wp-json\/wp\/v2\/media?parent=131"}],"curies":[{"name":"wp","href":"https:\/\/api.w.org\/{rel}","templated":true}]}}