{"id":12,"date":"2015-08-13T15:34:45","date_gmt":"2015-08-13T18:34:45","guid":{"rendered":"http:\/\/rotasturisticas.jundiai.sp.gov.br\/uva\/?page_id=12"},"modified":"2023-03-13T11:26:23","modified_gmt":"2023-03-13T14:26:23","slug":"o-que-visitar","status":"publish","type":"page","link":"https:\/\/rotasturisticas.jundiai.sp.gov.br\/uva\/o-que-visitar\/","title":{"rendered":"O Que Visitar"},"content":{"rendered":"<p style=\"text-align: justify\"><a href=\"http:\/\/turismo.jundiai.sp.gov.br\/wp-content\/uploads\/2013\/10\/DSC_0760-300x198.jpg\"><img loading=\"lazy\" decoding=\"async\" class=\"alignright\" src=\"http:\/\/turismo.jundiai.sp.gov.br\/wp-content\/uploads\/2013\/10\/DSC_0760-300x198.jpg\" alt=\"Adegas\" width=\"300\" height=\"198\"><\/a><\/p>\n<p style=\"text-align: justify\">A cidade de Jundia\u00ed, atualmente, possui 14&nbsp;adegas produtoras de vinho, sendo 12 na regi\u00e3o da Rota da Uva. S\u00e3o diferentes tipos de vinho muitos deles produzidos tradicionalmente h\u00e1 mais de 100 anos.<\/p>\n<p style=\"text-align: justify\">A produ\u00e7\u00e3o de vinho chegou \u00e0 cidade na bagagem dos imigrantes italianos que aqui se instalaram no final do s\u00e9culo XIX. A produ\u00e7\u00e3o artesanal, que inicialmente acontecia para o pr\u00f3prio consumo das fam\u00edlias foi sendo ampliada e reconhecida em toda a regi\u00e3o.<\/p>\n<p style=\"text-align: justify\">Atualmente, as adegas recebem visitantes de todo o pa\u00eds e do exterior para provarem os vinhos produzidos em terras jundiaienses.<\/p>\n<p style=\"text-align: justify\">A proje\u00e7\u00e3o internacional tamb\u00e9m se deu por terem sido vinhos de Jundia\u00ed servidos aos Papas Bento XVI e ao Papa Francisco em suas visitas ao Brasil.<\/p>\n<p style=\"text-align: justify\">Tintos, brancos, roses, secos, suaves, frizantes. A variedade \u00e9 imensa e cada adega tem se especializado cada vez mais em oferecer produtos diferenciados! Deguste! Conhe\u00e7a nossas adegas:<\/p>\n","protected":false},"excerpt":{"rendered":"<p>A cidade de Jundia\u00ed, atualmente, possui 14&nbsp;adegas produtoras de vinho, sendo 12 na regi\u00e3o da Rota da Uva. S\u00e3o diferentes tipos de vinho muitos deles produzidos tradicionalmente h\u00e1 mais de 100 anos. A produ\u00e7\u00e3o de vinho chegou \u00e0 cidade na bagagem dos imigrantes italianos que aqui se instalaram no final do s\u00e9culo XIX. A produ\u00e7\u00e3o [&hellip;]<\/p>\n","protected":false},"author":2,"featured_media":89,"parent":0,"menu_order":0,"comment_status":"closed","ping_status":"closed","template":"","meta":{"footnotes":""},"class_list":["post-12","page","type-page","status-publish","has-post-thumbnail","hentry"],"_links":{"self":[{"href":"https:\/\/rotasturisticas.jundiai.sp.gov.br\/uva\/wp-json\/wp\/v2\/pages\/12","targetHints":{"allow":["GET"]}}],"collection":[{"href":"https:\/\/rotasturisticas.jundiai.sp.gov.br\/uva\/wp-json\/wp\/v2\/pages"}],"about":[{"href":"https:\/\/rotasturisticas.jundiai.sp.gov.br\/uva\/wp-json\/wp\/v2\/types\/page"}],"author":[{"embeddable":true,"href":"https:\/\/rotasturisticas.jundiai.sp.gov.br\/uva\/wp-json\/wp\/v2\/users\/2"}],"replies":[{"embeddable":true,"href":"https:\/\/rotasturisticas.jundiai.sp.gov.br\/uva\/wp-json\/wp\/v2\/comments?post=12"}],"version-history":[{"count":4,"href":"https:\/\/rotasturisticas.jundiai.sp.gov.br\/uva\/wp-json\/wp\/v2\/pages\/12\/revisions"}],"predecessor-version":[{"id":525,"href":"https:\/\/rotasturisticas.jundiai.sp.gov.br\/uva\/wp-json\/wp\/v2\/pages\/12\/revisions\/525"}],"wp:featuredmedia":[{"embeddable":true,"href":"https:\/\/rotasturisticas.jundiai.sp.gov.br\/uva\/wp-json\/wp\/v2\/media\/89"}],"wp:attachment":[{"href":"https:\/\/rotasturisticas.jundiai.sp.gov.br\/uva\/wp-json\/wp\/v2\/media?parent=12"}],"curies":[{"name":"wp","href":"https:\/\/api.w.org\/{rel}","templated":true}]}}