{"id":119,"date":"2016-03-29T11:16:50","date_gmt":"2016-03-29T14:16:50","guid":{"rendered":"http:\/\/rotasturisticas.jundiai.sp.gov.br\/uva\/?page_id=119"},"modified":"2016-03-29T11:16:50","modified_gmt":"2016-03-29T14:16:50","slug":"restaurante-spiandorello","status":"publish","type":"page","link":"https:\/\/rotasturisticas.jundiai.sp.gov.br\/uva\/onde-comer\/restaurante-spiandorello\/","title":{"rendered":"Restaurante Spiandorello"},"content":{"rendered":"<p style=\"text-align: justify\"><strong>Endere\u00e7o<\/strong>: Av. Humberto Cereser, 6245 \u2013 Caxambu<br \/>\n<strong>Telefone<\/strong>: (11) 4584-0712<br \/>\n<strong>Email<\/strong>:\u00a0<a href=\"http:\/\/restaurante.spiandorello@yahoo.com.br%20\/\">restaurante.spiandorello@yahoo.com.br\u00a0<\/a><br \/>\n<strong>Facebook:<\/strong><span class=\"Apple-converted-space\">\u00a0<\/span>Restaurante Spiandorello<br \/>\n<strong>Hor\u00e1rio\u00a0de funcionamento:<\/strong>\u00a0Diariamente das 11h \u00e0s 16h.<\/p>\n<p style=\"text-align: justify\">O Restaurante Spiandorello est\u00e1 localizado em uma \u00e1rea muito agrad\u00e1vel de Jundia\u00ed. Possui bosque em volta do lago, mesas internas e externas, um lugar para fam\u00edlia e \u00f3timo para todas as idades. Bom mesmo \u00e9 aproveitar todo esse cen\u00e1rio enquanto desfruta de uma comida caseira, simples e deliciosa.<\/p>\n<div style=\"width: 310px\" class=\"wp-caption alignleft\"><a href=\"http:\/\/turismo.jundiai.sp.gov.br\/wp-content\/uploads\/2014\/06\/Spiandorello-2-300x450.jpg\"><img loading=\"lazy\" decoding=\"async\" src=\"http:\/\/turismo.jundiai.sp.gov.br\/wp-content\/uploads\/2014\/06\/Spiandorello-2-300x450.jpg\" alt=\"Culin\u00e1ria T\u00edpica Italiana no Spiandorello em Jundia\u00ed\" width=\"300\" height=\"450\" \/><\/a><p class=\"wp-caption-text\">Culin\u00e1ria T\u00edpica Italiana no Spiandorello em Jundia\u00ed<\/p><\/div>\n<div style=\"width: 310px\" class=\"wp-caption alignright\"><a href=\"http:\/\/turismo.jundiai.sp.gov.br\/wp-content\/uploads\/2014\/06\/Spiandorello-1-300x199.jpg\"><img loading=\"lazy\" decoding=\"async\" src=\"http:\/\/turismo.jundiai.sp.gov.br\/wp-content\/uploads\/2014\/06\/Spiandorello-1-300x199.jpg\" alt=\"Risoto de Mi\u00fados de Frango, Polenta, Frango Frito e Salada\" width=\"300\" height=\"199\" \/><\/a><p class=\"wp-caption-text\">Risoto de Mi\u00fados de Frango, Polenta, Frango Frito e Salada<\/p><\/div>\n","protected":false},"excerpt":{"rendered":"<p>Endere\u00e7o: Av. Humberto Cereser, 6245 \u2013 Caxambu Telefone: (11) 4584-0712 Email:\u00a0restaurante.spiandorello@yahoo.com.br\u00a0 Facebook:\u00a0Restaurante Spiandorello Hor\u00e1rio\u00a0de funcionamento:\u00a0Diariamente das 11h \u00e0s 16h. O Restaurante Spiandorello est\u00e1 localizado em uma \u00e1rea muito agrad\u00e1vel de Jundia\u00ed. Possui bosque em volta do lago, mesas internas e externas, um lugar para fam\u00edlia e \u00f3timo para todas as idades. Bom mesmo \u00e9 aproveitar [&hellip;]<\/p>\n","protected":false},"author":4,"featured_media":0,"parent":14,"menu_order":0,"comment_status":"closed","ping_status":"closed","template":"","meta":{"footnotes":""},"class_list":["post-119","page","type-page","status-publish","hentry"],"_links":{"self":[{"href":"https:\/\/rotasturisticas.jundiai.sp.gov.br\/uva\/wp-json\/wp\/v2\/pages\/119","targetHints":{"allow":["GET"]}}],"collection":[{"href":"https:\/\/rotasturisticas.jundiai.sp.gov.br\/uva\/wp-json\/wp\/v2\/pages"}],"about":[{"href":"https:\/\/rotasturisticas.jundiai.sp.gov.br\/uva\/wp-json\/wp\/v2\/types\/page"}],"author":[{"embeddable":true,"href":"https:\/\/rotasturisticas.jundiai.sp.gov.br\/uva\/wp-json\/wp\/v2\/users\/4"}],"replies":[{"embeddable":true,"href":"https:\/\/rotasturisticas.jundiai.sp.gov.br\/uva\/wp-json\/wp\/v2\/comments?post=119"}],"version-history":[{"count":1,"href":"https:\/\/rotasturisticas.jundiai.sp.gov.br\/uva\/wp-json\/wp\/v2\/pages\/119\/revisions"}],"predecessor-version":[{"id":120,"href":"https:\/\/rotasturisticas.jundiai.sp.gov.br\/uva\/wp-json\/wp\/v2\/pages\/119\/revisions\/120"}],"up":[{"embeddable":true,"href":"https:\/\/rotasturisticas.jundiai.sp.gov.br\/uva\/wp-json\/wp\/v2\/pages\/14"}],"wp:attachment":[{"href":"https:\/\/rotasturisticas.jundiai.sp.gov.br\/uva\/wp-json\/wp\/v2\/media?parent=119"}],"curies":[{"name":"wp","href":"https:\/\/api.w.org\/{rel}","templated":true}]}}