{"id":102,"date":"2016-03-28T17:01:00","date_gmt":"2016-03-28T20:01:00","guid":{"rendered":"http:\/\/rotasturisticas.jundiai.sp.gov.br\/uva\/?page_id=102"},"modified":"2018-10-23T14:57:03","modified_gmt":"2018-10-23T16:57:03","slug":"familia-brunholi-restaurante","status":"publish","type":"page","link":"https:\/\/rotasturisticas.jundiai.sp.gov.br\/uva\/onde-comer\/familia-brunholi-restaurante\/","title":{"rendered":"Fam\u00edlia Brunholi Restaurante"},"content":{"rendered":"<p><strong>Endere\u00e7o<\/strong>: Av. Humberto Cereser, 5900 \u2013 Caxambu<br \/>\n<strong>Telefone<\/strong>: (11) 4584-1219 \/ 4584-7619<br \/>\n<strong>E-mail:<\/strong>\u00a0restaurante@brunholi.com.br\u00a0<strong><br \/>\nSite<\/strong>:\u00a0<a href=\"http:\/\/www.brunholi.com.br\/\" target=\"_blank\" rel=\"noopener noreferrer\">www.brunholi.com.br<\/a><br \/>\n<strong>Facebook:<\/strong>\u00a0Villa Brunholi\u00a0<strong><br \/>\nHor\u00e1rio de funcionamento<\/strong>: Ter\u00e7a a quinta e domingo 11h30 \u00e0s 16h. Sexta das 11h30 \u00e0s 16h e das 19h30 \u00e0s 23h. S\u00e1bado das 11h30 \u00e0s 23h.<\/p>\n<p style=\"text-align: justify;\">Ao se deliciar com um de nossos pratos, voc\u00ea est\u00e1 consumindo alimentos selecionados e de alta qualidade. Sabe por que? O molho de tomate \u00e9 elaborado unicamente de tomates frescos. N\u00e3o se usa polpas, extratos ou molhos prontos. S\u00e3o quase 2 toneladas ao m\u00eas do fruto fresco selecionado.\u00a0As massas seguem a antiga receita da fam\u00edlia, utilizando apenas farinha de trigo grano duro, semolina e ovos. Em n\u00fameros, s\u00e3o utilizados 1 tonelada de trigo e mais de 8 mil ovos, por m\u00eas. Ainda s\u00e3o 600 quilos para o famoso frango a passarinho, incluindo as asinhas que s\u00e3o servidas toda sexta no rod\u00edzio de massas. E o melhor parmegiana do Brasil?? S\u00e3o 500 quilos de filet mignon. Tudo regado ao famoso vinho, elaborado pela fam\u00edlia h\u00e1 3 gera\u00e7\u00f5es. N\u00e3o \u00e9 um simples prato, \u00e9 uma comida elaborada com dedica\u00e7\u00e3o e principalmente amor, f\u00f3rmula de sucesso de nossa fam\u00edlia.<\/p>\n<div style=\"width: 310px\" class=\"wp-caption alignleft\"><a href=\"http:\/\/turismo.jundiai.sp.gov.br\/wp-content\/uploads\/2014\/06\/Familia_Brunholi_Rest_A_15-300x199.jpg\"><img loading=\"lazy\" decoding=\"async\" src=\"http:\/\/turismo.jundiai.sp.gov.br\/wp-content\/uploads\/2014\/06\/Familia_Brunholi_Rest_A_15-300x199.jpg\" alt=\"Prato Trilogia Italiana do Caxambu\" width=\"300\" height=\"199\" \/><\/a><p class=\"wp-caption-text\">Prato Trilogia Italiana do Caxambu<\/p><\/div>\n<div style=\"width: 310px\" class=\"wp-caption alignright\"><a href=\"http:\/\/turismo.jundiai.sp.gov.br\/wp-content\/uploads\/2014\/06\/Brunholi_A_25-300x199.jpg\"><img loading=\"lazy\" decoding=\"async\" src=\"http:\/\/turismo.jundiai.sp.gov.br\/wp-content\/uploads\/2014\/06\/Brunholi_A_25-300x199.jpg\" alt=\"Sobremesas do Brunholi\" width=\"300\" height=\"199\" \/><\/a><p class=\"wp-caption-text\">Sobremesas do Brunholi<\/p><\/div>\n<p>&nbsp;<\/p>\n<p>&nbsp;<\/p>\n<p>&nbsp;<\/p>\n<p>&nbsp;<\/p>\n<p>&nbsp;<\/p>\n<p>&nbsp;<\/p>\n<p>&nbsp;<\/p>\n<div style=\"width: 310px\" class=\"wp-caption alignleft\"><a href=\"http:\/\/turismo.jundiai.sp.gov.br\/wp-content\/uploads\/2014\/06\/Familia-Brunholi-Restaurante-2-300x450.jpg\"><img loading=\"lazy\" decoding=\"async\" src=\"http:\/\/turismo.jundiai.sp.gov.br\/wp-content\/uploads\/2014\/06\/Familia-Brunholi-Restaurante-2-300x450.jpg\" alt=\"Almo\u00e7o no Restaurante Fam\u00edlia Brunholi\" width=\"300\" height=\"450\" \/><\/a><p class=\"wp-caption-text\">Almo\u00e7o no Restaurante Fam\u00edlia Brunholi<\/p><\/div>\n<div style=\"width: 210px\" class=\"wp-caption alignright\"><a href=\"http:\/\/turismo.jundiai.sp.gov.br\/wp-content\/uploads\/2014\/06\/Festival_SP_A_19-200x300.jpg\"><img loading=\"lazy\" decoding=\"async\" src=\"http:\/\/turismo.jundiai.sp.gov.br\/wp-content\/uploads\/2014\/06\/Festival_SP_A_19-200x300.jpg\" alt=\"Tortei de Ab\u00f3bora no Fam\u00edlia Brunholi\" width=\"200\" height=\"300\" \/><\/a><p class=\"wp-caption-text\">Tortei de Ab\u00f3bora no Fam\u00edlia Brunholi<\/p><\/div>\n","protected":false},"excerpt":{"rendered":"<p>Endere\u00e7o: Av. Humberto Cereser, 5900 \u2013 Caxambu Telefone: (11) 4584-1219 \/ 4584-7619 E-mail:\u00a0restaurante@brunholi.com.br\u00a0 Site:\u00a0www.brunholi.com.br Facebook:\u00a0Villa Brunholi\u00a0 Hor\u00e1rio de funcionamento: Ter\u00e7a a quinta e domingo 11h30 \u00e0s 16h. Sexta das 11h30 \u00e0s 16h e das 19h30 \u00e0s 23h. S\u00e1bado das 11h30 \u00e0s 23h. Ao se deliciar com um de nossos pratos, voc\u00ea est\u00e1 consumindo alimentos selecionados [&hellip;]<\/p>\n","protected":false},"author":4,"featured_media":0,"parent":14,"menu_order":0,"comment_status":"closed","ping_status":"closed","template":"","meta":{"footnotes":""},"class_list":["post-102","page","type-page","status-publish","hentry"],"_links":{"self":[{"href":"https:\/\/rotasturisticas.jundiai.sp.gov.br\/uva\/wp-json\/wp\/v2\/pages\/102","targetHints":{"allow":["GET"]}}],"collection":[{"href":"https:\/\/rotasturisticas.jundiai.sp.gov.br\/uva\/wp-json\/wp\/v2\/pages"}],"about":[{"href":"https:\/\/rotasturisticas.jundiai.sp.gov.br\/uva\/wp-json\/wp\/v2\/types\/page"}],"author":[{"embeddable":true,"href":"https:\/\/rotasturisticas.jundiai.sp.gov.br\/uva\/wp-json\/wp\/v2\/users\/4"}],"replies":[{"embeddable":true,"href":"https:\/\/rotasturisticas.jundiai.sp.gov.br\/uva\/wp-json\/wp\/v2\/comments?post=102"}],"version-history":[{"count":3,"href":"https:\/\/rotasturisticas.jundiai.sp.gov.br\/uva\/wp-json\/wp\/v2\/pages\/102\/revisions"}],"predecessor-version":[{"id":337,"href":"https:\/\/rotasturisticas.jundiai.sp.gov.br\/uva\/wp-json\/wp\/v2\/pages\/102\/revisions\/337"}],"up":[{"embeddable":true,"href":"https:\/\/rotasturisticas.jundiai.sp.gov.br\/uva\/wp-json\/wp\/v2\/pages\/14"}],"wp:attachment":[{"href":"https:\/\/rotasturisticas.jundiai.sp.gov.br\/uva\/wp-json\/wp\/v2\/media?parent=102"}],"curies":[{"name":"wp","href":"https:\/\/api.w.org\/{rel}","templated":true}]}}