{"id":92,"date":"2016-04-05T18:06:09","date_gmt":"2016-04-05T21:06:09","guid":{"rendered":"http:\/\/rotasturisticas.jundiai.sp.gov.br\/terranova\/?page_id=92"},"modified":"2019-03-27T16:27:30","modified_gmt":"2019-03-27T19:27:30","slug":"rancho-restaurante","status":"publish","type":"page","link":"https:\/\/rotasturisticas.jundiai.sp.gov.br\/terranova\/onde-comer\/rancho-restaurante\/","title":{"rendered":"Rancho Restaurante"},"content":{"rendered":"<p><strong>Endere\u00e7o:<\/strong>\u00a0Av. Engenheiro Tasso Pinheiro, 1301 \u2013 Terra Nova<br \/>\n<strong>Telefone:<\/strong> (11) 4537-2579<strong><br \/>\nE-mail:<\/strong>\u00a0contato@ranchojundiai.com.br\u00a0<strong><br \/>\nSite:<\/strong>\u00a0<a href=\"http:\/\/www.ranchojundiai.com.br\/\" target=\"_blank\" rel=\"noopener noreferrer\">www.ranchojundiai.com.br<\/a><br \/>\n<strong>Facebook:<\/strong>\u00a0<a href=\"https:\/\/www.facebook.com\/ranchojundiai\/\" target=\"_blank\" rel=\"noopener noreferrer\">Rancho Jundia\u00ed<\/a><br \/>\n<strong>Hor\u00e1rio\u00a0de funcionamento:<\/strong> Segunda das 19h \u00e0s 24h. S\u00e1bado das 12h \u00e0s 16h. Domingo das 11h \u00e0s 15h30.<\/p>\n<div>\n<p>No\u00a0in\u00edcio de 1997 o RANCHO iniciava suas atividades como um restaurante de destaque na cidade, com uma praticidade s\u00f3 dele, situado a 10 minutos do centro de Jundia\u00ed e com f\u00e1cil acesso as principais rodovias, trouxe o estilo e gosto do campo para a cidade.<\/p>\n<p>O RANCHO oferece\u00a0 refei\u00e7\u00f5es elaboradas por donas de casa com temperos bem caseiros, tornando a comida irresist\u00edvel e com sabor inigual\u00e1vel.<\/p>\n<p>Sua tradi\u00e7\u00e3o vem da m\u00fasica sertaneja boa e de qualidade na regi\u00e3o. Entre v\u00e1rios artistas e bandas que se apresentaram no RANCHO, se destacam Milion\u00e1rio e Jos\u00e9 Rico, Edson e Hudson, S\u00e9rgio Reis, Z\u00e9 Henrirque e Gabriel, Gian e Giovani, Mauricio e Mauri, Teodoro e Sampaio, Planta e Raiz, Ventania, Maskavo, Natiruts,\u00a0 Tribo de Jah, Mato Seco, Salva\u00e7\u00e3o, Dudu Nobre, Soweto, Negritude Jr., Marcelo Nova, Velhas Virgens, etc.<\/p>\n<p><u><\/u><u><\/u>Hoje al\u00e9m de eventos durante a semana e s\u00e1bado a noite, o Rancho conta com porco no rolete \u00e0s segundas, feijoada no s\u00e1bado a tarde e almo\u00e7o com a melhor comida caseira da regi\u00e3o aos domingos.<u><\/u><u><\/u><\/p>\n<p>O RANCHO \u00e9 uma refer\u00eancia de lazer, divers\u00e3o e comida boa.<\/p>\n<p><img loading=\"lazy\" decoding=\"async\" class=\"size-medium wp-image-17065 aligncenter\" src=\"http:\/\/turismo.jundiai.sp.gov.br\/wp-content\/uploads\/2018\/06\/2-300x300.jpg\" sizes=\"auto, (max-width: 300px) 100vw, 300px\" srcset=\"https:\/\/turismo.jundiai.sp.gov.br\/wp-content\/uploads\/2018\/06\/2-300x300.jpg 300w, https:\/\/turismo.jundiai.sp.gov.br\/wp-content\/uploads\/2018\/06\/2-768x768.jpg 768w, https:\/\/turismo.jundiai.sp.gov.br\/wp-content\/uploads\/2018\/06\/2-680x680.jpg 680w, https:\/\/turismo.jundiai.sp.gov.br\/wp-content\/uploads\/2018\/06\/2.jpg 960w\" alt=\"\" width=\"300\" height=\"300\" \/><\/p>\n<p><img loading=\"lazy\" decoding=\"async\" class=\"size-medium wp-image-17064 alignleft\" src=\"http:\/\/turismo.jundiai.sp.gov.br\/wp-content\/uploads\/2018\/06\/1-300x113.jpg\" sizes=\"auto, (max-width: 300px) 100vw, 300px\" srcset=\"https:\/\/turismo.jundiai.sp.gov.br\/wp-content\/uploads\/2018\/06\/1-300x113.jpg 300w, https:\/\/turismo.jundiai.sp.gov.br\/wp-content\/uploads\/2018\/06\/1-768x290.jpg 768w, https:\/\/turismo.jundiai.sp.gov.br\/wp-content\/uploads\/2018\/06\/1-680x257.jpg 680w, https:\/\/turismo.jundiai.sp.gov.br\/wp-content\/uploads\/2018\/06\/1.jpg 960w\" alt=\"\" width=\"300\" height=\"113\" \/><\/p>\n<p><img loading=\"lazy\" decoding=\"async\" class=\"size-medium wp-image-17068 alignright\" src=\"http:\/\/turismo.jundiai.sp.gov.br\/wp-content\/uploads\/2018\/06\/5-300x200.jpg\" sizes=\"auto, (max-width: 300px) 100vw, 300px\" srcset=\"https:\/\/turismo.jundiai.sp.gov.br\/wp-content\/uploads\/2018\/06\/5-300x200.jpg 300w, https:\/\/turismo.jundiai.sp.gov.br\/wp-content\/uploads\/2018\/06\/5-768x512.jpg 768w, https:\/\/turismo.jundiai.sp.gov.br\/wp-content\/uploads\/2018\/06\/5-680x454.jpg 680w, https:\/\/turismo.jundiai.sp.gov.br\/wp-content\/uploads\/2018\/06\/5.jpg 850w\" alt=\"\" width=\"300\" height=\"200\" \/><\/p>\n<p><img loading=\"lazy\" decoding=\"async\" class=\"size-medium wp-image-17067 alignleft\" src=\"http:\/\/turismo.jundiai.sp.gov.br\/wp-content\/uploads\/2018\/06\/4-300x200.jpg\" sizes=\"auto, (max-width: 300px) 100vw, 300px\" srcset=\"https:\/\/turismo.jundiai.sp.gov.br\/wp-content\/uploads\/2018\/06\/4-300x200.jpg 300w, https:\/\/turismo.jundiai.sp.gov.br\/wp-content\/uploads\/2018\/06\/4-768x512.jpg 768w, https:\/\/turismo.jundiai.sp.gov.br\/wp-content\/uploads\/2018\/06\/4-680x454.jpg 680w, https:\/\/turismo.jundiai.sp.gov.br\/wp-content\/uploads\/2018\/06\/4.jpg 850w\" alt=\"\" width=\"300\" height=\"200\" \/><\/p>\n<p><img loading=\"lazy\" decoding=\"async\" class=\"size-medium wp-image-17066 alignright\" src=\"http:\/\/turismo.jundiai.sp.gov.br\/wp-content\/uploads\/2018\/06\/3-1-300x200.jpg\" sizes=\"auto, (max-width: 300px) 100vw, 300px\" srcset=\"https:\/\/turismo.jundiai.sp.gov.br\/wp-content\/uploads\/2018\/06\/3-1-300x200.jpg 300w, https:\/\/turismo.jundiai.sp.gov.br\/wp-content\/uploads\/2018\/06\/3-1-768x512.jpg 768w, https:\/\/turismo.jundiai.sp.gov.br\/wp-content\/uploads\/2018\/06\/3-1-680x454.jpg 680w, https:\/\/turismo.jundiai.sp.gov.br\/wp-content\/uploads\/2018\/06\/3-1.jpg 850w\" alt=\"\" width=\"300\" height=\"200\" \/><\/p>\n<\/div>\n","protected":false},"excerpt":{"rendered":"<p>Endere\u00e7o:\u00a0Av. Engenheiro Tasso Pinheiro, 1301 \u2013 Terra Nova Telefone: (11) 4537-2579 E-mail:\u00a0contato@ranchojundiai.com.br\u00a0 Site:\u00a0www.ranchojundiai.com.br Facebook:\u00a0Rancho Jundia\u00ed Hor\u00e1rio\u00a0de funcionamento: Segunda das 19h \u00e0s 24h. S\u00e1bado das 12h \u00e0s 16h. Domingo das 11h \u00e0s 15h30. No\u00a0in\u00edcio de 1997 o RANCHO iniciava suas atividades como um restaurante de destaque na cidade, com uma praticidade s\u00f3 dele, situado a 10 [&hellip;]<\/p>\n","protected":false},"author":4,"featured_media":0,"parent":13,"menu_order":0,"comment_status":"closed","ping_status":"closed","template":"","meta":{"footnotes":""},"class_list":["post-92","page","type-page","status-publish","hentry"],"_links":{"self":[{"href":"https:\/\/rotasturisticas.jundiai.sp.gov.br\/terranova\/wp-json\/wp\/v2\/pages\/92","targetHints":{"allow":["GET"]}}],"collection":[{"href":"https:\/\/rotasturisticas.jundiai.sp.gov.br\/terranova\/wp-json\/wp\/v2\/pages"}],"about":[{"href":"https:\/\/rotasturisticas.jundiai.sp.gov.br\/terranova\/wp-json\/wp\/v2\/types\/page"}],"author":[{"embeddable":true,"href":"https:\/\/rotasturisticas.jundiai.sp.gov.br\/terranova\/wp-json\/wp\/v2\/users\/4"}],"replies":[{"embeddable":true,"href":"https:\/\/rotasturisticas.jundiai.sp.gov.br\/terranova\/wp-json\/wp\/v2\/comments?post=92"}],"version-history":[{"count":15,"href":"https:\/\/rotasturisticas.jundiai.sp.gov.br\/terranova\/wp-json\/wp\/v2\/pages\/92\/revisions"}],"predecessor-version":[{"id":408,"href":"https:\/\/rotasturisticas.jundiai.sp.gov.br\/terranova\/wp-json\/wp\/v2\/pages\/92\/revisions\/408"}],"up":[{"embeddable":true,"href":"https:\/\/rotasturisticas.jundiai.sp.gov.br\/terranova\/wp-json\/wp\/v2\/pages\/13"}],"wp:attachment":[{"href":"https:\/\/rotasturisticas.jundiai.sp.gov.br\/terranova\/wp-json\/wp\/v2\/media?parent=92"}],"curies":[{"name":"wp","href":"https:\/\/api.w.org\/{rel}","templated":true}]}}