{"id":87,"date":"2016-04-05T18:00:14","date_gmt":"2016-04-05T21:00:14","guid":{"rendered":"http:\/\/rotasturisticas.jundiai.sp.gov.br\/terranova\/?page_id=87"},"modified":"2023-02-13T16:03:10","modified_gmt":"2023-02-13T19:03:10","slug":"fazenda-japiape","status":"publish","type":"page","link":"https:\/\/rotasturisticas.jundiai.sp.gov.br\/terranova\/onde-comer\/fazenda-japiape\/","title":{"rendered":"Fazenda Japiap\u00e9"},"content":{"rendered":"\n<p><strong>Endere\u00e7o:<\/strong> Estrada Francisco Miss\u00e9, 6000 \u2013 Jundia\u00ed\/Cajamar<br><strong>Telefone:<\/strong> (11) 97200-2549<br><strong>E-mail<\/strong>: contato@japiape.com.br<br><strong>Site:<\/strong>&nbsp;<a href=\"http:\/\/www.japiape.com.br\/\" target=\"_blank\" rel=\"noopener noreferrer\">www.japiape.com.br<\/a><br><strong>Facebook:<\/strong>&nbsp;<a href=\"https:\/\/www.facebook.com\/japiape\/\" target=\"_blank\" rel=\"noopener noreferrer\">Japiap\u00e9 Restaurante e Turismo<\/a><br><strong>Hor\u00e1rio de funcionamento:<\/strong>&nbsp;S\u00e1bado e domingo das 11h30 \u00e0s 15h30.<\/p>\n\n\n\n<p>H\u00e1 15 anos,&nbsp;o Japiap\u00e9 dedica-se a atender visitantes que buscam sair da rotina e procuram passar momentos agrad\u00e1veis junto \u00e0 Natureza.<\/p>\n\n\n\n<p>Conta um excelente restaurante aos finais de semana, de comida t\u00edpica caipira, em ambiente rural e muito aconchegante. E oferece aos seus visitantes op\u00e7\u00f5es de lazer, aventura e educa\u00e7\u00e3o ambiental.<\/p>\n\n\n\n<p>Entre as atividades est\u00e3o: Trilhas Ecol\u00f3gicas de Aventura, Tirolesa e Espa\u00e7o das Crian\u00e7as.<\/p>\n\n\n\n<figure class=\"wp-block-gallery has-nested-images columns-default is-cropped wp-block-gallery-1 is-layout-flex wp-block-gallery-is-layout-flex\">\n<figure class=\"wp-block-image size-large\"><a href=\"https:\/\/rotasturisticas.jundiai.sp.gov.br\/terranova\/wp-content\/uploads\/sites\/3\/2023\/02\/Japiape-2.jpg\"><img loading=\"lazy\" decoding=\"async\" width=\"960\" height=\"720\" data-id=\"621\" src=\"https:\/\/rotasturisticas.jundiai.sp.gov.br\/terranova\/wp-content\/uploads\/sites\/3\/2023\/02\/Japiape-2.jpg\" alt=\"\" class=\"wp-image-621\" srcset=\"https:\/\/rotasturisticas.jundiai.sp.gov.br\/terranova\/wp-content\/uploads\/sites\/3\/2023\/02\/Japiape-2.jpg 960w, https:\/\/rotasturisticas.jundiai.sp.gov.br\/terranova\/wp-content\/uploads\/sites\/3\/2023\/02\/Japiape-2-300x225.jpg 300w, https:\/\/rotasturisticas.jundiai.sp.gov.br\/terranova\/wp-content\/uploads\/sites\/3\/2023\/02\/Japiape-2-768x576.jpg 768w\" sizes=\"auto, (max-width: 960px) 100vw, 960px\" \/><\/a><\/figure>\n\n\n\n<figure class=\"wp-block-image size-large\"><a href=\"https:\/\/rotasturisticas.jundiai.sp.gov.br\/terranova\/wp-content\/uploads\/sites\/3\/2023\/02\/Japiape-11.jpg\"><img loading=\"lazy\" decoding=\"async\" width=\"720\" height=\"720\" data-id=\"622\" src=\"https:\/\/rotasturisticas.jundiai.sp.gov.br\/terranova\/wp-content\/uploads\/sites\/3\/2023\/02\/Japiape-11.jpg\" alt=\"\" class=\"wp-image-622\" srcset=\"https:\/\/rotasturisticas.jundiai.sp.gov.br\/terranova\/wp-content\/uploads\/sites\/3\/2023\/02\/Japiape-11.jpg 720w, https:\/\/rotasturisticas.jundiai.sp.gov.br\/terranova\/wp-content\/uploads\/sites\/3\/2023\/02\/Japiape-11-100x100.jpg 100w\" sizes=\"auto, (max-width: 720px) 100vw, 720px\" \/><\/a><\/figure>\n\n\n\n<figure class=\"wp-block-image size-large\"><a href=\"https:\/\/rotasturisticas.jundiai.sp.gov.br\/terranova\/wp-content\/uploads\/sites\/3\/2023\/02\/Japiape-6.jpg\"><img loading=\"lazy\" decoding=\"async\" width=\"523\" height=\"950\" data-id=\"624\" src=\"https:\/\/rotasturisticas.jundiai.sp.gov.br\/terranova\/wp-content\/uploads\/sites\/3\/2023\/02\/Japiape-6-523x950.jpg\" alt=\"\" class=\"wp-image-624\" srcset=\"https:\/\/rotasturisticas.jundiai.sp.gov.br\/terranova\/wp-content\/uploads\/sites\/3\/2023\/02\/Japiape-6-523x950.jpg 523w, https:\/\/rotasturisticas.jundiai.sp.gov.br\/terranova\/wp-content\/uploads\/sites\/3\/2023\/02\/Japiape-6.jpg 528w\" sizes=\"auto, (max-width: 523px) 100vw, 523px\" \/><\/a><\/figure>\n\n\n\n<figure class=\"wp-block-image size-large\"><a href=\"https:\/\/rotasturisticas.jundiai.sp.gov.br\/terranova\/wp-content\/uploads\/sites\/3\/2023\/02\/Japiape-7.jpg\"><img loading=\"lazy\" decoding=\"async\" width=\"528\" height=\"950\" data-id=\"627\" src=\"https:\/\/rotasturisticas.jundiai.sp.gov.br\/terranova\/wp-content\/uploads\/sites\/3\/2023\/02\/Japiape-7-528x950.jpg\" alt=\"\" class=\"wp-image-627\" srcset=\"https:\/\/rotasturisticas.jundiai.sp.gov.br\/terranova\/wp-content\/uploads\/sites\/3\/2023\/02\/Japiape-7-528x950.jpg 528w, https:\/\/rotasturisticas.jundiai.sp.gov.br\/terranova\/wp-content\/uploads\/sites\/3\/2023\/02\/Japiape-7-768x1382.jpg 768w, https:\/\/rotasturisticas.jundiai.sp.gov.br\/terranova\/wp-content\/uploads\/sites\/3\/2023\/02\/Japiape-7.jpg 800w\" sizes=\"auto, (max-width: 528px) 100vw, 528px\" \/><\/a><\/figure>\n\n\n\n<figure class=\"wp-block-image size-large\"><a href=\"https:\/\/rotasturisticas.jundiai.sp.gov.br\/terranova\/wp-content\/uploads\/sites\/3\/2023\/02\/WhatsApp-Image-2023-02-13-at-15.35.54-2.jpeg\"><img loading=\"lazy\" decoding=\"async\" width=\"1267\" height=\"950\" data-id=\"637\" src=\"https:\/\/rotasturisticas.jundiai.sp.gov.br\/terranova\/wp-content\/uploads\/sites\/3\/2023\/02\/WhatsApp-Image-2023-02-13-at-15.35.54-2-1267x950.jpeg\" alt=\"\" class=\"wp-image-637\" srcset=\"https:\/\/rotasturisticas.jundiai.sp.gov.br\/terranova\/wp-content\/uploads\/sites\/3\/2023\/02\/WhatsApp-Image-2023-02-13-at-15.35.54-2-1267x950.jpeg 1267w, https:\/\/rotasturisticas.jundiai.sp.gov.br\/terranova\/wp-content\/uploads\/sites\/3\/2023\/02\/WhatsApp-Image-2023-02-13-at-15.35.54-2-300x225.jpeg 300w, https:\/\/rotasturisticas.jundiai.sp.gov.br\/terranova\/wp-content\/uploads\/sites\/3\/2023\/02\/WhatsApp-Image-2023-02-13-at-15.35.54-2-768x576.jpeg 768w, https:\/\/rotasturisticas.jundiai.sp.gov.br\/terranova\/wp-content\/uploads\/sites\/3\/2023\/02\/WhatsApp-Image-2023-02-13-at-15.35.54-2.jpeg 1280w\" sizes=\"auto, (max-width: 1267px) 100vw, 1267px\" \/><\/a><\/figure>\n\n\n\n<figure class=\"wp-block-image size-large\"><a href=\"https:\/\/rotasturisticas.jundiai.sp.gov.br\/terranova\/wp-content\/uploads\/sites\/3\/2023\/02\/WhatsApp-Image-2023-02-13-at-15.35.55-2.jpeg\"><img loading=\"lazy\" decoding=\"async\" width=\"1267\" height=\"950\" data-id=\"633\" src=\"https:\/\/rotasturisticas.jundiai.sp.gov.br\/terranova\/wp-content\/uploads\/sites\/3\/2023\/02\/WhatsApp-Image-2023-02-13-at-15.35.55-2-1267x950.jpeg\" alt=\"\" class=\"wp-image-633\" srcset=\"https:\/\/rotasturisticas.jundiai.sp.gov.br\/terranova\/wp-content\/uploads\/sites\/3\/2023\/02\/WhatsApp-Image-2023-02-13-at-15.35.55-2-1267x950.jpeg 1267w, https:\/\/rotasturisticas.jundiai.sp.gov.br\/terranova\/wp-content\/uploads\/sites\/3\/2023\/02\/WhatsApp-Image-2023-02-13-at-15.35.55-2-300x225.jpeg 300w, https:\/\/rotasturisticas.jundiai.sp.gov.br\/terranova\/wp-content\/uploads\/sites\/3\/2023\/02\/WhatsApp-Image-2023-02-13-at-15.35.55-2-768x576.jpeg 768w, https:\/\/rotasturisticas.jundiai.sp.gov.br\/terranova\/wp-content\/uploads\/sites\/3\/2023\/02\/WhatsApp-Image-2023-02-13-at-15.35.55-2.jpeg 1280w\" sizes=\"auto, (max-width: 1267px) 100vw, 1267px\" \/><\/a><\/figure>\n\n\n\n<figure class=\"wp-block-image size-large\"><a href=\"https:\/\/rotasturisticas.jundiai.sp.gov.br\/terranova\/wp-content\/uploads\/sites\/3\/2023\/02\/WhatsApp-Image-2023-02-13-at-15.35.56-2.jpeg\"><img loading=\"lazy\" decoding=\"async\" width=\"1267\" height=\"950\" data-id=\"634\" src=\"https:\/\/rotasturisticas.jundiai.sp.gov.br\/terranova\/wp-content\/uploads\/sites\/3\/2023\/02\/WhatsApp-Image-2023-02-13-at-15.35.56-2-1267x950.jpeg\" alt=\"\" class=\"wp-image-634\" srcset=\"https:\/\/rotasturisticas.jundiai.sp.gov.br\/terranova\/wp-content\/uploads\/sites\/3\/2023\/02\/WhatsApp-Image-2023-02-13-at-15.35.56-2-1267x950.jpeg 1267w, https:\/\/rotasturisticas.jundiai.sp.gov.br\/terranova\/wp-content\/uploads\/sites\/3\/2023\/02\/WhatsApp-Image-2023-02-13-at-15.35.56-2-300x225.jpeg 300w, https:\/\/rotasturisticas.jundiai.sp.gov.br\/terranova\/wp-content\/uploads\/sites\/3\/2023\/02\/WhatsApp-Image-2023-02-13-at-15.35.56-2-768x576.jpeg 768w, https:\/\/rotasturisticas.jundiai.sp.gov.br\/terranova\/wp-content\/uploads\/sites\/3\/2023\/02\/WhatsApp-Image-2023-02-13-at-15.35.56-2.jpeg 1280w\" sizes=\"auto, (max-width: 1267px) 100vw, 1267px\" \/><\/a><\/figure>\n\n\n\n<figure class=\"wp-block-image size-large\"><a href=\"https:\/\/rotasturisticas.jundiai.sp.gov.br\/terranova\/wp-content\/uploads\/sites\/3\/2023\/02\/WhatsApp-Image-2023-02-13-at-15.35.56-1.jpeg\"><img loading=\"lazy\" decoding=\"async\" width=\"1267\" height=\"950\" data-id=\"642\" src=\"https:\/\/rotasturisticas.jundiai.sp.gov.br\/terranova\/wp-content\/uploads\/sites\/3\/2023\/02\/WhatsApp-Image-2023-02-13-at-15.35.56-1-1267x950.jpeg\" alt=\"\" class=\"wp-image-642\" srcset=\"https:\/\/rotasturisticas.jundiai.sp.gov.br\/terranova\/wp-content\/uploads\/sites\/3\/2023\/02\/WhatsApp-Image-2023-02-13-at-15.35.56-1-1267x950.jpeg 1267w, https:\/\/rotasturisticas.jundiai.sp.gov.br\/terranova\/wp-content\/uploads\/sites\/3\/2023\/02\/WhatsApp-Image-2023-02-13-at-15.35.56-1-300x225.jpeg 300w, https:\/\/rotasturisticas.jundiai.sp.gov.br\/terranova\/wp-content\/uploads\/sites\/3\/2023\/02\/WhatsApp-Image-2023-02-13-at-15.35.56-1-768x576.jpeg 768w, https:\/\/rotasturisticas.jundiai.sp.gov.br\/terranova\/wp-content\/uploads\/sites\/3\/2023\/02\/WhatsApp-Image-2023-02-13-at-15.35.56-1.jpeg 1280w\" sizes=\"auto, (max-width: 1267px) 100vw, 1267px\" \/><\/a><\/figure>\n\n\n\n<figure class=\"wp-block-image size-large\"><a href=\"https:\/\/rotasturisticas.jundiai.sp.gov.br\/terranova\/wp-content\/uploads\/sites\/3\/2023\/02\/WhatsApp-Image-2023-02-13-at-15.35.53.jpeg\"><img loading=\"lazy\" decoding=\"async\" width=\"1267\" height=\"950\" data-id=\"635\" src=\"https:\/\/rotasturisticas.jundiai.sp.gov.br\/terranova\/wp-content\/uploads\/sites\/3\/2023\/02\/WhatsApp-Image-2023-02-13-at-15.35.53-1267x950.jpeg\" alt=\"\" class=\"wp-image-635\" srcset=\"https:\/\/rotasturisticas.jundiai.sp.gov.br\/terranova\/wp-content\/uploads\/sites\/3\/2023\/02\/WhatsApp-Image-2023-02-13-at-15.35.53-1267x950.jpeg 1267w, https:\/\/rotasturisticas.jundiai.sp.gov.br\/terranova\/wp-content\/uploads\/sites\/3\/2023\/02\/WhatsApp-Image-2023-02-13-at-15.35.53-300x225.jpeg 300w, https:\/\/rotasturisticas.jundiai.sp.gov.br\/terranova\/wp-content\/uploads\/sites\/3\/2023\/02\/WhatsApp-Image-2023-02-13-at-15.35.53-768x576.jpeg 768w, https:\/\/rotasturisticas.jundiai.sp.gov.br\/terranova\/wp-content\/uploads\/sites\/3\/2023\/02\/WhatsApp-Image-2023-02-13-at-15.35.53.jpeg 1280w\" sizes=\"auto, (max-width: 1267px) 100vw, 1267px\" \/><\/a><\/figure>\n<\/figure>\n","protected":false},"excerpt":{"rendered":"<p>Endere\u00e7o: Estrada Francisco Miss\u00e9, 6000 \u2013 Jundia\u00ed\/CajamarTelefone: (11) 97200-2549E-mail: contato@japiape.com.brSite:&nbsp;www.japiape.com.brFacebook:&nbsp;Japiap\u00e9 Restaurante e TurismoHor\u00e1rio de funcionamento:&nbsp;S\u00e1bado e domingo das 11h30 \u00e0s 15h30. H\u00e1 15 anos,&nbsp;o Japiap\u00e9 dedica-se a atender visitantes que buscam sair da rotina e procuram passar momentos agrad\u00e1veis junto \u00e0 Natureza. Conta um excelente restaurante aos finais de semana, de comida t\u00edpica caipira, em [&hellip;]<\/p>\n","protected":false},"author":4,"featured_media":621,"parent":13,"menu_order":0,"comment_status":"closed","ping_status":"closed","template":"","meta":{"footnotes":""},"class_list":["post-87","page","type-page","status-publish","has-post-thumbnail","hentry"],"_links":{"self":[{"href":"https:\/\/rotasturisticas.jundiai.sp.gov.br\/terranova\/wp-json\/wp\/v2\/pages\/87","targetHints":{"allow":["GET"]}}],"collection":[{"href":"https:\/\/rotasturisticas.jundiai.sp.gov.br\/terranova\/wp-json\/wp\/v2\/pages"}],"about":[{"href":"https:\/\/rotasturisticas.jundiai.sp.gov.br\/terranova\/wp-json\/wp\/v2\/types\/page"}],"author":[{"embeddable":true,"href":"https:\/\/rotasturisticas.jundiai.sp.gov.br\/terranova\/wp-json\/wp\/v2\/users\/4"}],"replies":[{"embeddable":true,"href":"https:\/\/rotasturisticas.jundiai.sp.gov.br\/terranova\/wp-json\/wp\/v2\/comments?post=87"}],"version-history":[{"count":11,"href":"https:\/\/rotasturisticas.jundiai.sp.gov.br\/terranova\/wp-json\/wp\/v2\/pages\/87\/revisions"}],"predecessor-version":[{"id":690,"href":"https:\/\/rotasturisticas.jundiai.sp.gov.br\/terranova\/wp-json\/wp\/v2\/pages\/87\/revisions\/690"}],"up":[{"embeddable":true,"href":"https:\/\/rotasturisticas.jundiai.sp.gov.br\/terranova\/wp-json\/wp\/v2\/pages\/13"}],"wp:featuredmedia":[{"embeddable":true,"href":"https:\/\/rotasturisticas.jundiai.sp.gov.br\/terranova\/wp-json\/wp\/v2\/media\/621"}],"wp:attachment":[{"href":"https:\/\/rotasturisticas.jundiai.sp.gov.br\/terranova\/wp-json\/wp\/v2\/media?parent=87"}],"curies":[{"name":"wp","href":"https:\/\/api.w.org\/{rel}","templated":true}]}}