{"id":789,"date":"2024-12-17T15:39:54","date_gmt":"2024-12-17T18:39:54","guid":{"rendered":"https:\/\/rotasturisticas.jundiai.sp.gov.br\/terranova\/?page_id=789"},"modified":"2024-12-17T16:26:30","modified_gmt":"2024-12-17T19:26:30","slug":"canto-dos-passaros","status":"publish","type":"page","link":"https:\/\/rotasturisticas.jundiai.sp.gov.br\/terranova\/lojas-especiais\/canto-dos-passaros\/","title":{"rendered":"Canto dos P\u00e1ssaros"},"content":{"rendered":"\n<p>A produ\u00e7\u00e3o de vinho come\u00e7ou por uma necessidade pessoal: criar um vinho sem aditivos que fosse complementar \u00e0 geleia desenvolvida pela Etec Benedito Storani em 2016.<\/p>\n\n\n\n<p>Inicialmente, essa receita foi produzida pela empresa da minha fam\u00edlia. Como descendentes de italianos e com uma longa tradi\u00e7\u00e3o na produ\u00e7\u00e3o de vinhos, minha esposa e eu e o filhos decidimos iniciar uma pequena produ\u00e7\u00e3o voltada para a fabrica\u00e7\u00e3o da geleia. Atualmente, al\u00e9m dos vinhos de mesa, tamb\u00e9m elaboro vinhos finos de forma totalmente natural, sem qualquer adi\u00e7\u00e3o de aditivos. Cada garrafa que produzo carrega as caracter\u00edsticas e a hist\u00f3ria de nossas fam\u00edlias, resultando em vinhos diferenciados e aut\u00eanticos.<\/p>\n\n\n\n<figure class=\"wp-block-gallery has-nested-images columns-default is-cropped wp-block-gallery-1 is-layout-flex wp-block-gallery-is-layout-flex\">\n<figure class=\"wp-block-image size-large\"><img loading=\"lazy\" decoding=\"async\" width=\"713\" height=\"950\" data-id=\"796\" src=\"https:\/\/rotasturisticas.jundiai.sp.gov.br\/terranova\/wp-content\/uploads\/sites\/3\/2024\/12\/6edd3344-519d-49b0-b9b4-caada50a54bb-Marcos-Antonio-Pavan-1-713x950.jpg\" alt=\"\" class=\"wp-image-796\" srcset=\"https:\/\/rotasturisticas.jundiai.sp.gov.br\/terranova\/wp-content\/uploads\/sites\/3\/2024\/12\/6edd3344-519d-49b0-b9b4-caada50a54bb-Marcos-Antonio-Pavan-1-713x950.jpg 713w, https:\/\/rotasturisticas.jundiai.sp.gov.br\/terranova\/wp-content\/uploads\/sites\/3\/2024\/12\/6edd3344-519d-49b0-b9b4-caada50a54bb-Marcos-Antonio-Pavan-1-768x1024.jpg 768w, https:\/\/rotasturisticas.jundiai.sp.gov.br\/terranova\/wp-content\/uploads\/sites\/3\/2024\/12\/6edd3344-519d-49b0-b9b4-caada50a54bb-Marcos-Antonio-Pavan-1-1152x1536.jpg 1152w, https:\/\/rotasturisticas.jundiai.sp.gov.br\/terranova\/wp-content\/uploads\/sites\/3\/2024\/12\/6edd3344-519d-49b0-b9b4-caada50a54bb-Marcos-Antonio-Pavan-1.jpg 1200w\" sizes=\"auto, (max-width: 713px) 100vw, 713px\" \/><\/figure>\n\n\n\n<figure class=\"wp-block-image size-large\"><img decoding=\"async\" data-id=\"27443\" src=\"https:\/\/turismo.jundiai.sp.gov.br\/wp-content\/uploads\/2024\/12\/7fac6836-9c80-494e-b8a5-888dfae467fc-Marcos-Antonio-Pavan-1267x950.jpg\" alt=\"\" class=\"wp-image-27443\"\/><\/figure>\n\n\n\n<figure class=\"wp-block-image size-large\"><img decoding=\"async\" data-id=\"27442\" src=\"https:\/\/turismo.jundiai.sp.gov.br\/wp-content\/uploads\/2024\/12\/25fb2c20-1ed7-4891-b017-853f60fb06a7-Marcos-Antonio-Pavan-713x950.jpg\" alt=\"\" class=\"wp-image-27442\"\/><\/figure>\n\n\n\n<figure class=\"wp-block-image size-large\"><img decoding=\"async\" data-id=\"27446\" src=\"https:\/\/turismo.jundiai.sp.gov.br\/wp-content\/uploads\/2024\/12\/52b2293e-892d-4d43-9324-11f68207331e-Marcos-Antonio-Pavan-713x950.jpg\" alt=\"\" class=\"wp-image-27446\"\/><\/figure>\n\n\n\n<figure class=\"wp-block-image size-large\"><img decoding=\"async\" data-id=\"27444\" src=\"https:\/\/turismo.jundiai.sp.gov.br\/wp-content\/uploads\/2024\/12\/60fb4339-9505-4571-a291-1ce31a4c05f8-Marcos-Antonio-Pavan-713x950.jpg\" alt=\"\" class=\"wp-image-27444\"\/><\/figure>\n\n\n\n<figure class=\"wp-block-image size-large\"><img decoding=\"async\" data-id=\"27447\" src=\"https:\/\/turismo.jundiai.sp.gov.br\/wp-content\/uploads\/2024\/12\/0cc8e752-91bd-4b9d-9f7d-cc422d54d5c1-Marcos-Antonio-Pavan-713x950.jpg\" alt=\"\" class=\"wp-image-27447\"\/><\/figure>\n\n\n\n<figure class=\"wp-block-image size-large\"><img decoding=\"async\" data-id=\"27448\" src=\"https:\/\/turismo.jundiai.sp.gov.br\/wp-content\/uploads\/2024\/12\/0d657c78-d24c-4550-af8c-8556ea3d6b9a-Marcos-Antonio-Pavan-713x950.jpg\" alt=\"\" class=\"wp-image-27448\"\/><\/figure>\n\n\n\n<figure class=\"wp-block-image size-large\"><img decoding=\"async\" data-id=\"27449\" src=\"https:\/\/turismo.jundiai.sp.gov.br\/wp-content\/uploads\/2024\/12\/1a84e226-c30e-4197-89ff-bfc3de87547e-Marcos-Antonio-Pavan-713x950.jpg\" alt=\"\" class=\"wp-image-27449\"\/><\/figure>\n\n\n\n<figure class=\"wp-block-image size-large\"><img decoding=\"async\" data-id=\"27445\" src=\"https:\/\/turismo.jundiai.sp.gov.br\/wp-content\/uploads\/2024\/12\/3f53cf1b-c620-4809-8074-477b2a2a3144-Marcos-Antonio-Pavan-713x950.jpg\" alt=\"\" class=\"wp-image-27445\"\/><\/figure>\n<\/figure>\n","protected":false},"excerpt":{"rendered":"<p>A produ\u00e7\u00e3o de vinho come\u00e7ou por uma necessidade pessoal: criar um vinho sem aditivos que fosse complementar \u00e0 geleia desenvolvida pela Etec Benedito Storani em 2016. Inicialmente, essa receita foi produzida pela empresa da minha fam\u00edlia. Como descendentes de italianos e com uma longa tradi\u00e7\u00e3o na produ\u00e7\u00e3o de vinhos, minha esposa e eu e o [&hellip;]<\/p>\n","protected":false},"author":22,"featured_media":0,"parent":15,"menu_order":0,"comment_status":"closed","ping_status":"closed","template":"page-local.php","meta":{"footnotes":""},"class_list":["post-789","page","type-page","status-publish","hentry"],"_links":{"self":[{"href":"https:\/\/rotasturisticas.jundiai.sp.gov.br\/terranova\/wp-json\/wp\/v2\/pages\/789","targetHints":{"allow":["GET"]}}],"collection":[{"href":"https:\/\/rotasturisticas.jundiai.sp.gov.br\/terranova\/wp-json\/wp\/v2\/pages"}],"about":[{"href":"https:\/\/rotasturisticas.jundiai.sp.gov.br\/terranova\/wp-json\/wp\/v2\/types\/page"}],"author":[{"embeddable":true,"href":"https:\/\/rotasturisticas.jundiai.sp.gov.br\/terranova\/wp-json\/wp\/v2\/users\/22"}],"replies":[{"embeddable":true,"href":"https:\/\/rotasturisticas.jundiai.sp.gov.br\/terranova\/wp-json\/wp\/v2\/comments?post=789"}],"version-history":[{"count":3,"href":"https:\/\/rotasturisticas.jundiai.sp.gov.br\/terranova\/wp-json\/wp\/v2\/pages\/789\/revisions"}],"predecessor-version":[{"id":797,"href":"https:\/\/rotasturisticas.jundiai.sp.gov.br\/terranova\/wp-json\/wp\/v2\/pages\/789\/revisions\/797"}],"up":[{"embeddable":true,"href":"https:\/\/rotasturisticas.jundiai.sp.gov.br\/terranova\/wp-json\/wp\/v2\/pages\/15"}],"wp:attachment":[{"href":"https:\/\/rotasturisticas.jundiai.sp.gov.br\/terranova\/wp-json\/wp\/v2\/media?parent=789"}],"curies":[{"name":"wp","href":"https:\/\/api.w.org\/{rel}","templated":true}]}}