{"id":75,"date":"2016-04-05T17:42:52","date_gmt":"2016-04-05T20:42:52","guid":{"rendered":"http:\/\/rotasturisticas.jundiai.sp.gov.br\/terranova\/?page_id=75"},"modified":"2024-10-23T10:23:29","modified_gmt":"2024-10-23T13:23:29","slug":"igreja-santa-rosa-de-lima-comunidade-bom-jesus","status":"publish","type":"page","link":"https:\/\/rotasturisticas.jundiai.sp.gov.br\/terranova\/o-que-visitar\/igreja-santa-rosa-de-lima-comunidade-bom-jesus\/","title":{"rendered":"Igreja Bom Jesus da Pedra Fria"},"content":{"rendered":"\n<p>A Igreja Bom Jesus da Pedra Fria \u00e9 um atrativo \u00e0 parte na Rota da Terra Nova. <\/p>\n\n\n\n<p>Com mais de 50 anos, a Igreja, que faz parte da Par\u00f3quia Santa Rosa de Lima, tem uma curiosidade: al\u00e9m de ser muito simp\u00e1tica, possui uma imagem do Bom Jesus sentado.<\/p>\n\n\n\n<p>A imagem do BOM JESUS DA PEDRA FRIA retrata o Bom Jesus no momento em que Pilatos o fez sentar no tribunal, apresentando-o ao povo:&nbsp;<em>\u201cEis o vosso rei\u201d. <\/em>(Jo 19, 14). A imagem simboliza o momento em que Jesus aguardou, pacientemente, a injusta senten\u00e7a de condena\u00e7\u00e3o \u00e0 morte.<\/p>\n\n\n\n<p>Tamb\u00e9m conhecida como &#8220;Bom Jesus da Paci\u00eancia&#8221;, a imagem retrata uma das passagens da Paix\u00e3o de Cristo, coroado com espinhos e coberto com o manto vermelho, como tantas vezes retratado nas cenas da Paix\u00e3o.<\/p>\n\n\n\n<p>A Igreja comp\u00f5e uma das paradas da Rota dos Romeiros que v\u00e3o \u00e0 Pirapora do Bom Jesus e \u00e9 um excelente lugar para a reflex\u00e3o, pela calma que o espa\u00e7o evoca em seu pitoresco entorno.<\/p>\n\n\n\n<figure class=\"wp-block-gallery has-nested-images columns-default is-cropped wp-block-gallery-1 is-layout-flex wp-block-gallery-is-layout-flex\">\n<figure class=\"wp-block-image size-large\"><a href=\"https:\/\/rotasturisticas.jundiai.sp.gov.br\/terranova\/wp-content\/uploads\/sites\/3\/2024\/10\/13585001_531561220377407_1265985274833973498_o-1.jpg\"><img loading=\"lazy\" decoding=\"async\" width=\"534\" height=\"950\" data-id=\"743\" src=\"https:\/\/rotasturisticas.jundiai.sp.gov.br\/terranova\/wp-content\/uploads\/sites\/3\/2024\/10\/13585001_531561220377407_1265985274833973498_o-1-534x950.jpg\" alt=\"\" class=\"wp-image-743\" srcset=\"https:\/\/rotasturisticas.jundiai.sp.gov.br\/terranova\/wp-content\/uploads\/sites\/3\/2024\/10\/13585001_531561220377407_1265985274833973498_o-1-534x950.jpg 534w, https:\/\/rotasturisticas.jundiai.sp.gov.br\/terranova\/wp-content\/uploads\/sites\/3\/2024\/10\/13585001_531561220377407_1265985274833973498_o-1-768x1365.jpg 768w, https:\/\/rotasturisticas.jundiai.sp.gov.br\/terranova\/wp-content\/uploads\/sites\/3\/2024\/10\/13585001_531561220377407_1265985274833973498_o-1-864x1536.jpg 864w, https:\/\/rotasturisticas.jundiai.sp.gov.br\/terranova\/wp-content\/uploads\/sites\/3\/2024\/10\/13585001_531561220377407_1265985274833973498_o-1.jpg 1152w\" sizes=\"auto, (max-width: 534px) 100vw, 534px\" \/><\/a><\/figure>\n\n\n\n<figure class=\"wp-block-image size-large\"><a href=\"https:\/\/rotasturisticas.jundiai.sp.gov.br\/terranova\/wp-content\/uploads\/sites\/3\/2024\/10\/13585039_531560833710779_8343753557593710183_o-1.jpg\"><img loading=\"lazy\" decoding=\"async\" width=\"534\" height=\"950\" data-id=\"744\" src=\"https:\/\/rotasturisticas.jundiai.sp.gov.br\/terranova\/wp-content\/uploads\/sites\/3\/2024\/10\/13585039_531560833710779_8343753557593710183_o-1-534x950.jpg\" alt=\"\" class=\"wp-image-744\" srcset=\"https:\/\/rotasturisticas.jundiai.sp.gov.br\/terranova\/wp-content\/uploads\/sites\/3\/2024\/10\/13585039_531560833710779_8343753557593710183_o-1-534x950.jpg 534w, https:\/\/rotasturisticas.jundiai.sp.gov.br\/terranova\/wp-content\/uploads\/sites\/3\/2024\/10\/13585039_531560833710779_8343753557593710183_o-1-768x1365.jpg 768w, https:\/\/rotasturisticas.jundiai.sp.gov.br\/terranova\/wp-content\/uploads\/sites\/3\/2024\/10\/13585039_531560833710779_8343753557593710183_o-1-864x1536.jpg 864w, https:\/\/rotasturisticas.jundiai.sp.gov.br\/terranova\/wp-content\/uploads\/sites\/3\/2024\/10\/13585039_531560833710779_8343753557593710183_o-1.jpg 1152w\" sizes=\"auto, (max-width: 534px) 100vw, 534px\" \/><\/a><\/figure>\n\n\n\n<figure class=\"wp-block-image size-large\"><a href=\"https:\/\/rotasturisticas.jundiai.sp.gov.br\/terranova\/wp-content\/uploads\/sites\/3\/2024\/10\/2-2.jpg\"><img loading=\"lazy\" decoding=\"async\" width=\"1267\" height=\"950\" data-id=\"746\" src=\"https:\/\/rotasturisticas.jundiai.sp.gov.br\/terranova\/wp-content\/uploads\/sites\/3\/2024\/10\/2-2-1267x950.jpg\" alt=\"\" class=\"wp-image-746\" srcset=\"https:\/\/rotasturisticas.jundiai.sp.gov.br\/terranova\/wp-content\/uploads\/sites\/3\/2024\/10\/2-2-1267x950.jpg 1267w, https:\/\/rotasturisticas.jundiai.sp.gov.br\/terranova\/wp-content\/uploads\/sites\/3\/2024\/10\/2-2-300x225.jpg 300w, https:\/\/rotasturisticas.jundiai.sp.gov.br\/terranova\/wp-content\/uploads\/sites\/3\/2024\/10\/2-2-768x576.jpg 768w, https:\/\/rotasturisticas.jundiai.sp.gov.br\/terranova\/wp-content\/uploads\/sites\/3\/2024\/10\/2-2.jpg 1280w\" sizes=\"auto, (max-width: 1267px) 100vw, 1267px\" \/><\/a><\/figure>\n<\/figure>\n\n\n\n<p>&nbsp;<\/p>\n","protected":false},"excerpt":{"rendered":"<p>A Igreja Bom Jesus da Pedra Fria \u00e9 um atrativo \u00e0 parte na Rota da Terra Nova. Com mais de 50 anos, a Igreja, que faz parte da Par\u00f3quia Santa Rosa de Lima, tem uma curiosidade: al\u00e9m de ser muito simp\u00e1tica, possui uma imagem do Bom Jesus sentado. A imagem do BOM JESUS DA PEDRA [&hellip;]<\/p>\n","protected":false},"author":4,"featured_media":0,"parent":11,"menu_order":0,"comment_status":"closed","ping_status":"closed","template":"page-local.php","meta":{"footnotes":""},"class_list":["post-75","page","type-page","status-publish","hentry"],"_links":{"self":[{"href":"https:\/\/rotasturisticas.jundiai.sp.gov.br\/terranova\/wp-json\/wp\/v2\/pages\/75","targetHints":{"allow":["GET"]}}],"collection":[{"href":"https:\/\/rotasturisticas.jundiai.sp.gov.br\/terranova\/wp-json\/wp\/v2\/pages"}],"about":[{"href":"https:\/\/rotasturisticas.jundiai.sp.gov.br\/terranova\/wp-json\/wp\/v2\/types\/page"}],"author":[{"embeddable":true,"href":"https:\/\/rotasturisticas.jundiai.sp.gov.br\/terranova\/wp-json\/wp\/v2\/users\/4"}],"replies":[{"embeddable":true,"href":"https:\/\/rotasturisticas.jundiai.sp.gov.br\/terranova\/wp-json\/wp\/v2\/comments?post=75"}],"version-history":[{"count":18,"href":"https:\/\/rotasturisticas.jundiai.sp.gov.br\/terranova\/wp-json\/wp\/v2\/pages\/75\/revisions"}],"predecessor-version":[{"id":747,"href":"https:\/\/rotasturisticas.jundiai.sp.gov.br\/terranova\/wp-json\/wp\/v2\/pages\/75\/revisions\/747"}],"up":[{"embeddable":true,"href":"https:\/\/rotasturisticas.jundiai.sp.gov.br\/terranova\/wp-json\/wp\/v2\/pages\/11"}],"wp:attachment":[{"href":"https:\/\/rotasturisticas.jundiai.sp.gov.br\/terranova\/wp-json\/wp\/v2\/media?parent=75"}],"curies":[{"name":"wp","href":"https:\/\/api.w.org\/{rel}","templated":true}]}}