{"id":72,"date":"2016-04-05T16:45:37","date_gmt":"2016-04-05T19:45:37","guid":{"rendered":"http:\/\/rotasturisticas.jundiai.sp.gov.br\/terranova\/?page_id=72"},"modified":"2023-02-13T15:44:42","modified_gmt":"2023-02-13T18:44:42","slug":"haras-terra-nova","status":"publish","type":"page","link":"https:\/\/rotasturisticas.jundiai.sp.gov.br\/terranova\/o-que-visitar\/haras-terra-nova\/","title":{"rendered":"Haras Terra Nova"},"content":{"rendered":"\n<p><strong>Endere\u00e7o:<\/strong> Av. Engenheiro Tasso Pinheiro, 3523 &#8211; Terra Nova<br><strong>Telefones:<\/strong> (11) 96487-9837<br><strong>E-mail:<\/strong> <a href=\"http:\/\/www.harasterranovasite.wordpress.com\">www.harasterranovasite.wordpress.com<\/a><br><strong>Facebook: <\/strong><a href=\"https:\/\/www.facebook.com\/harasterranovajundiai\/\" target=\"_blank\" rel=\"noopener noreferrer\">Haras Terra Nova Jundia\u00ed<\/a><br><strong>Hor\u00e1rio de funcionamento: <\/strong>Ter\u00e7a a domingo das 9h \u00e0s 18h.<\/p>\n\n\n\n<p>Tudo come\u00e7ou em 1992 em um pequeno espa\u00e7o no bairro Terra Nova chamado Cocheira do Val. Em 1997 quando o senhor Dorival Franco de Moraes (Val) arrendou uma pequena parte das Terras da Pedreira Tavares Pinheiro (10 alqueires), o local passou a chamar Haras Vida Nova.<\/p>\n\n\n\n<p>Os propriet\u00e1rios do Haras para homenagear o bairro Terra Nova que tamb\u00e9m evolu\u00eda com a chegada do asfalto, ilumina\u00e7\u00e3o, com\u00e9rcio e festividades sempre atuantes e reconhecidas pela popula\u00e7\u00e3o local, mudaram enfim o nome para Haras Terra Nova.<\/p>\n\n\n\n<p>Em todos esses anos, foram feitas muitas mudan\u00e7as no local para adequar os espa\u00e7os de acordo com as atividades equinas tais como: baias para acomodar os cavalos, redondel para a doma do potro, pista para manejo dos cavalos e pr\u00e1tica das aulas de equita\u00e7\u00e3o, local para armazenagem do feno e ra\u00e7\u00e3o, sala para os equipamentos de montaria e outros espa\u00e7os como o piquete para os cavalos tomarem sol, correr durante algumas horas do dia.<\/p>\n\n\n\n<p>Hoje a pista \u00e9 coberta para que em dias de chuva n\u00e3o atrapalhe o trabalho com os cavalos e as aulas.<\/p>\n\n\n\n<p>Na vers\u00e3o contempor\u00e2nea do Haras Terra Nova, contamos com o Bookaf\u00e9 que veio agregar e impulsionar o nosso crescimento que conta sempre com novas mudan\u00e7as.<\/p>\n\n\n\n<p>Hoje nossas principais atividades s\u00e3o os passeios que ocorrem principalmente nas trilhas ecol\u00f3gicas, seguras e sempre com um guia acompanhando o grupo. Importante lembrar que para passear \u00e9 preciso saber andar a cavalo. Por isso oferecemos aulas avulsas e mensais de equita\u00e7\u00e3o para adultos e crian\u00e7as.<\/p>\n\n\n\n<p>Aqui no Haras Terra Nova os clientes t\u00eam a oportunidade de adquirir um amigo equino de sela, pois oferecemos a doma de cavalo.<\/p>\n\n\n\n<p>O Haras tamb\u00e9m oferece pens\u00e3o para cavalos.<\/p>\n\n\n\n<p>Nosso intuito \u00e9 oferecer uma \u00f3tima conviv\u00eancia entre voc\u00ea e seu cavalo.<\/p>\n\n\n\n<p>Sejam bem-vindos ao Haras Terra Nova!<\/p>\n\n\n\n<figure class=\"wp-block-gallery has-nested-images columns-default is-cropped wp-block-gallery-1 is-layout-flex wp-block-gallery-is-layout-flex\">\n<figure class=\"wp-block-image size-large\"><a href=\"https:\/\/rotasturisticas.jundiai.sp.gov.br\/terranova\/wp-content\/uploads\/sites\/3\/2023\/02\/Haras-Terra-Nova-25.jpeg\"><img loading=\"lazy\" decoding=\"async\" width=\"462\" height=\"950\" data-id=\"648\" src=\"https:\/\/rotasturisticas.jundiai.sp.gov.br\/terranova\/wp-content\/uploads\/sites\/3\/2023\/02\/Haras-Terra-Nova-25-462x950.jpeg\" alt=\"\" class=\"wp-image-648\" srcset=\"https:\/\/rotasturisticas.jundiai.sp.gov.br\/terranova\/wp-content\/uploads\/sites\/3\/2023\/02\/Haras-Terra-Nova-25-462x950.jpeg 462w, https:\/\/rotasturisticas.jundiai.sp.gov.br\/terranova\/wp-content\/uploads\/sites\/3\/2023\/02\/Haras-Terra-Nova-25-768x1580.jpeg 768w, https:\/\/rotasturisticas.jundiai.sp.gov.br\/terranova\/wp-content\/uploads\/sites\/3\/2023\/02\/Haras-Terra-Nova-25-746x1536.jpeg 746w, https:\/\/rotasturisticas.jundiai.sp.gov.br\/terranova\/wp-content\/uploads\/sites\/3\/2023\/02\/Haras-Terra-Nova-25.jpeg 777w\" sizes=\"auto, (max-width: 462px) 100vw, 462px\" \/><\/a><\/figure>\n\n\n\n<figure class=\"wp-block-image size-large\"><a href=\"https:\/\/rotasturisticas.jundiai.sp.gov.br\/terranova\/wp-content\/uploads\/sites\/3\/2023\/02\/Haras-Terra-Nova-23.jpeg\"><img loading=\"lazy\" decoding=\"async\" width=\"462\" height=\"950\" data-id=\"649\" src=\"https:\/\/rotasturisticas.jundiai.sp.gov.br\/terranova\/wp-content\/uploads\/sites\/3\/2023\/02\/Haras-Terra-Nova-23-462x950.jpeg\" alt=\"\" class=\"wp-image-649\" srcset=\"https:\/\/rotasturisticas.jundiai.sp.gov.br\/terranova\/wp-content\/uploads\/sites\/3\/2023\/02\/Haras-Terra-Nova-23-462x950.jpeg 462w, https:\/\/rotasturisticas.jundiai.sp.gov.br\/terranova\/wp-content\/uploads\/sites\/3\/2023\/02\/Haras-Terra-Nova-23-768x1580.jpeg 768w, https:\/\/rotasturisticas.jundiai.sp.gov.br\/terranova\/wp-content\/uploads\/sites\/3\/2023\/02\/Haras-Terra-Nova-23-746x1536.jpeg 746w, https:\/\/rotasturisticas.jundiai.sp.gov.br\/terranova\/wp-content\/uploads\/sites\/3\/2023\/02\/Haras-Terra-Nova-23.jpeg 777w\" sizes=\"auto, (max-width: 462px) 100vw, 462px\" \/><\/a><\/figure>\n\n\n\n<figure class=\"wp-block-image size-large\"><a href=\"https:\/\/rotasturisticas.jundiai.sp.gov.br\/terranova\/wp-content\/uploads\/sites\/3\/2023\/02\/Haras-Terra-Nova-24.jpeg\"><img loading=\"lazy\" decoding=\"async\" width=\"1280\" height=\"622\" data-id=\"656\" src=\"https:\/\/rotasturisticas.jundiai.sp.gov.br\/terranova\/wp-content\/uploads\/sites\/3\/2023\/02\/Haras-Terra-Nova-24.jpeg\" alt=\"\" class=\"wp-image-656\" srcset=\"https:\/\/rotasturisticas.jundiai.sp.gov.br\/terranova\/wp-content\/uploads\/sites\/3\/2023\/02\/Haras-Terra-Nova-24.jpeg 1280w, https:\/\/rotasturisticas.jundiai.sp.gov.br\/terranova\/wp-content\/uploads\/sites\/3\/2023\/02\/Haras-Terra-Nova-24-768x373.jpeg 768w\" sizes=\"auto, (max-width: 1280px) 100vw, 1280px\" \/><\/a><\/figure>\n\n\n\n<figure class=\"wp-block-image size-large\"><a href=\"https:\/\/rotasturisticas.jundiai.sp.gov.br\/terranova\/wp-content\/uploads\/sites\/3\/2023\/02\/Haras-Terra-Nova-26.jpeg\"><img loading=\"lazy\" decoding=\"async\" width=\"557\" height=\"950\" data-id=\"670\" src=\"https:\/\/rotasturisticas.jundiai.sp.gov.br\/terranova\/wp-content\/uploads\/sites\/3\/2023\/02\/Haras-Terra-Nova-26-557x950.jpeg\" alt=\"\" class=\"wp-image-670\" srcset=\"https:\/\/rotasturisticas.jundiai.sp.gov.br\/terranova\/wp-content\/uploads\/sites\/3\/2023\/02\/Haras-Terra-Nova-26-557x950.jpeg 557w, https:\/\/rotasturisticas.jundiai.sp.gov.br\/terranova\/wp-content\/uploads\/sites\/3\/2023\/02\/Haras-Terra-Nova-26-768x1311.jpeg 768w, https:\/\/rotasturisticas.jundiai.sp.gov.br\/terranova\/wp-content\/uploads\/sites\/3\/2023\/02\/Haras-Terra-Nova-26-900x1536.jpeg 900w, https:\/\/rotasturisticas.jundiai.sp.gov.br\/terranova\/wp-content\/uploads\/sites\/3\/2023\/02\/Haras-Terra-Nova-26.jpeg 937w\" sizes=\"auto, (max-width: 557px) 100vw, 557px\" \/><\/a><\/figure>\n\n\n\n<figure class=\"wp-block-image size-large\"><a href=\"https:\/\/rotasturisticas.jundiai.sp.gov.br\/terranova\/wp-content\/uploads\/sites\/3\/2023\/02\/Haras-Terra-Nova-1.jpeg\"><img loading=\"lazy\" decoding=\"async\" width=\"534\" height=\"950\" data-id=\"667\" src=\"https:\/\/rotasturisticas.jundiai.sp.gov.br\/terranova\/wp-content\/uploads\/sites\/3\/2023\/02\/Haras-Terra-Nova-1-534x950.jpeg\" alt=\"\" class=\"wp-image-667\" srcset=\"https:\/\/rotasturisticas.jundiai.sp.gov.br\/terranova\/wp-content\/uploads\/sites\/3\/2023\/02\/Haras-Terra-Nova-1-534x950.jpeg 534w, https:\/\/rotasturisticas.jundiai.sp.gov.br\/terranova\/wp-content\/uploads\/sites\/3\/2023\/02\/Haras-Terra-Nova-1.jpeg 720w\" sizes=\"auto, (max-width: 534px) 100vw, 534px\" \/><\/a><\/figure>\n\n\n\n<figure class=\"wp-block-image size-large\"><a href=\"https:\/\/rotasturisticas.jundiai.sp.gov.br\/terranova\/wp-content\/uploads\/sites\/3\/2023\/02\/Haras-Terra-Nova-1.jpg\"><img loading=\"lazy\" decoding=\"async\" width=\"1280\" height=\"853\" data-id=\"677\" src=\"https:\/\/rotasturisticas.jundiai.sp.gov.br\/terranova\/wp-content\/uploads\/sites\/3\/2023\/02\/Haras-Terra-Nova-1.jpg\" alt=\"\" class=\"wp-image-677\" srcset=\"https:\/\/rotasturisticas.jundiai.sp.gov.br\/terranova\/wp-content\/uploads\/sites\/3\/2023\/02\/Haras-Terra-Nova-1.jpg 1280w, https:\/\/rotasturisticas.jundiai.sp.gov.br\/terranova\/wp-content\/uploads\/sites\/3\/2023\/02\/Haras-Terra-Nova-1-768x512.jpg 768w\" sizes=\"auto, (max-width: 1280px) 100vw, 1280px\" \/><\/a><\/figure>\n\n\n\n<figure class=\"wp-block-image size-large\"><a href=\"https:\/\/rotasturisticas.jundiai.sp.gov.br\/terranova\/wp-content\/uploads\/sites\/3\/2023\/02\/Haras-Terra-Nova-2.jpeg\"><img loading=\"lazy\" decoding=\"async\" width=\"462\" height=\"950\" data-id=\"654\" src=\"https:\/\/rotasturisticas.jundiai.sp.gov.br\/terranova\/wp-content\/uploads\/sites\/3\/2023\/02\/Haras-Terra-Nova-2-462x950.jpeg\" alt=\"\" class=\"wp-image-654\" srcset=\"https:\/\/rotasturisticas.jundiai.sp.gov.br\/terranova\/wp-content\/uploads\/sites\/3\/2023\/02\/Haras-Terra-Nova-2-462x950.jpeg 462w, https:\/\/rotasturisticas.jundiai.sp.gov.br\/terranova\/wp-content\/uploads\/sites\/3\/2023\/02\/Haras-Terra-Nova-2-768x1580.jpeg 768w, https:\/\/rotasturisticas.jundiai.sp.gov.br\/terranova\/wp-content\/uploads\/sites\/3\/2023\/02\/Haras-Terra-Nova-2-746x1536.jpeg 746w, https:\/\/rotasturisticas.jundiai.sp.gov.br\/terranova\/wp-content\/uploads\/sites\/3\/2023\/02\/Haras-Terra-Nova-2.jpeg 777w\" sizes=\"auto, (max-width: 462px) 100vw, 462px\" \/><\/a><\/figure>\n\n\n\n<figure class=\"wp-block-image size-large\"><a href=\"https:\/\/rotasturisticas.jundiai.sp.gov.br\/terranova\/wp-content\/uploads\/sites\/3\/2023\/02\/Haras-Terra-Nova-2.jpg\"><img loading=\"lazy\" decoding=\"async\" width=\"1280\" height=\"854\" data-id=\"655\" src=\"https:\/\/rotasturisticas.jundiai.sp.gov.br\/terranova\/wp-content\/uploads\/sites\/3\/2023\/02\/Haras-Terra-Nova-2.jpg\" alt=\"\" class=\"wp-image-655\" srcset=\"https:\/\/rotasturisticas.jundiai.sp.gov.br\/terranova\/wp-content\/uploads\/sites\/3\/2023\/02\/Haras-Terra-Nova-2.jpg 1280w, https:\/\/rotasturisticas.jundiai.sp.gov.br\/terranova\/wp-content\/uploads\/sites\/3\/2023\/02\/Haras-Terra-Nova-2-768x512.jpg 768w\" sizes=\"auto, (max-width: 1280px) 100vw, 1280px\" \/><\/a><\/figure>\n\n\n\n<figure class=\"wp-block-image size-large\"><a href=\"https:\/\/rotasturisticas.jundiai.sp.gov.br\/terranova\/wp-content\/uploads\/sites\/3\/2023\/02\/Haras-Terra-Nova-3.jpeg\"><img loading=\"lazy\" decoding=\"async\" width=\"711\" height=\"950\" data-id=\"657\" src=\"https:\/\/rotasturisticas.jundiai.sp.gov.br\/terranova\/wp-content\/uploads\/sites\/3\/2023\/02\/Haras-Terra-Nova-3-711x950.jpeg\" alt=\"\" class=\"wp-image-657\" srcset=\"https:\/\/rotasturisticas.jundiai.sp.gov.br\/terranova\/wp-content\/uploads\/sites\/3\/2023\/02\/Haras-Terra-Nova-3-711x950.jpeg 711w, https:\/\/rotasturisticas.jundiai.sp.gov.br\/terranova\/wp-content\/uploads\/sites\/3\/2023\/02\/Haras-Terra-Nova-3-768x1026.jpeg 768w, https:\/\/rotasturisticas.jundiai.sp.gov.br\/terranova\/wp-content\/uploads\/sites\/3\/2023\/02\/Haras-Terra-Nova-3.jpeg 958w\" sizes=\"auto, (max-width: 711px) 100vw, 711px\" \/><\/a><\/figure>\n\n\n\n<figure class=\"wp-block-image size-large\"><a href=\"https:\/\/rotasturisticas.jundiai.sp.gov.br\/terranova\/wp-content\/uploads\/sites\/3\/2023\/02\/Haras-Terra-Nova-3.jpg\"><img loading=\"lazy\" decoding=\"async\" width=\"1064\" height=\"592\" data-id=\"653\" src=\"https:\/\/rotasturisticas.jundiai.sp.gov.br\/terranova\/wp-content\/uploads\/sites\/3\/2023\/02\/Haras-Terra-Nova-3.jpg\" alt=\"\" class=\"wp-image-653\" srcset=\"https:\/\/rotasturisticas.jundiai.sp.gov.br\/terranova\/wp-content\/uploads\/sites\/3\/2023\/02\/Haras-Terra-Nova-3.jpg 1064w, https:\/\/rotasturisticas.jundiai.sp.gov.br\/terranova\/wp-content\/uploads\/sites\/3\/2023\/02\/Haras-Terra-Nova-3-768x427.jpg 768w\" sizes=\"auto, (max-width: 1064px) 100vw, 1064px\" \/><\/a><\/figure>\n\n\n\n<figure class=\"wp-block-image size-large\"><a href=\"https:\/\/rotasturisticas.jundiai.sp.gov.br\/terranova\/wp-content\/uploads\/sites\/3\/2023\/02\/Haras-Terra-Nova-4.jpg\"><img loading=\"lazy\" decoding=\"async\" width=\"1078\" height=\"607\" data-id=\"650\" src=\"https:\/\/rotasturisticas.jundiai.sp.gov.br\/terranova\/wp-content\/uploads\/sites\/3\/2023\/02\/Haras-Terra-Nova-4.jpg\" alt=\"\" class=\"wp-image-650\" srcset=\"https:\/\/rotasturisticas.jundiai.sp.gov.br\/terranova\/wp-content\/uploads\/sites\/3\/2023\/02\/Haras-Terra-Nova-4.jpg 1078w, https:\/\/rotasturisticas.jundiai.sp.gov.br\/terranova\/wp-content\/uploads\/sites\/3\/2023\/02\/Haras-Terra-Nova-4-768x432.jpg 768w\" sizes=\"auto, (max-width: 1078px) 100vw, 1078px\" \/><\/a><\/figure>\n\n\n\n<figure class=\"wp-block-image size-large\"><a href=\"https:\/\/rotasturisticas.jundiai.sp.gov.br\/terranova\/wp-content\/uploads\/sites\/3\/2023\/02\/Haras-Terra-Nova-5.jpeg\"><img loading=\"lazy\" decoding=\"async\" width=\"711\" height=\"950\" data-id=\"664\" src=\"https:\/\/rotasturisticas.jundiai.sp.gov.br\/terranova\/wp-content\/uploads\/sites\/3\/2023\/02\/Haras-Terra-Nova-5-711x950.jpeg\" alt=\"\" class=\"wp-image-664\" srcset=\"https:\/\/rotasturisticas.jundiai.sp.gov.br\/terranova\/wp-content\/uploads\/sites\/3\/2023\/02\/Haras-Terra-Nova-5-711x950.jpeg 711w, https:\/\/rotasturisticas.jundiai.sp.gov.br\/terranova\/wp-content\/uploads\/sites\/3\/2023\/02\/Haras-Terra-Nova-5-768x1026.jpeg 768w, https:\/\/rotasturisticas.jundiai.sp.gov.br\/terranova\/wp-content\/uploads\/sites\/3\/2023\/02\/Haras-Terra-Nova-5.jpeg 958w\" sizes=\"auto, (max-width: 711px) 100vw, 711px\" \/><\/a><\/figure>\n\n\n\n<figure class=\"wp-block-image size-large\"><a href=\"https:\/\/rotasturisticas.jundiai.sp.gov.br\/terranova\/wp-content\/uploads\/sites\/3\/2023\/02\/Haras-Terra-Nova-5.jpg\"><img loading=\"lazy\" decoding=\"async\" width=\"1080\" height=\"617\" data-id=\"651\" src=\"https:\/\/rotasturisticas.jundiai.sp.gov.br\/terranova\/wp-content\/uploads\/sites\/3\/2023\/02\/Haras-Terra-Nova-5.jpg\" alt=\"\" class=\"wp-image-651\" srcset=\"https:\/\/rotasturisticas.jundiai.sp.gov.br\/terranova\/wp-content\/uploads\/sites\/3\/2023\/02\/Haras-Terra-Nova-5.jpg 1080w, https:\/\/rotasturisticas.jundiai.sp.gov.br\/terranova\/wp-content\/uploads\/sites\/3\/2023\/02\/Haras-Terra-Nova-5-768x439.jpg 768w\" sizes=\"auto, (max-width: 1080px) 100vw, 1080px\" \/><\/a><\/figure>\n\n\n\n<figure class=\"wp-block-image size-large\"><a href=\"https:\/\/rotasturisticas.jundiai.sp.gov.br\/terranova\/wp-content\/uploads\/sites\/3\/2023\/02\/Haras-Terra-Nova-6.jpg\"><img loading=\"lazy\" decoding=\"async\" width=\"1280\" height=\"720\" data-id=\"678\" src=\"https:\/\/rotasturisticas.jundiai.sp.gov.br\/terranova\/wp-content\/uploads\/sites\/3\/2023\/02\/Haras-Terra-Nova-6.jpg\" alt=\"\" class=\"wp-image-678\" srcset=\"https:\/\/rotasturisticas.jundiai.sp.gov.br\/terranova\/wp-content\/uploads\/sites\/3\/2023\/02\/Haras-Terra-Nova-6.jpg 1280w, https:\/\/rotasturisticas.jundiai.sp.gov.br\/terranova\/wp-content\/uploads\/sites\/3\/2023\/02\/Haras-Terra-Nova-6-768x432.jpg 768w\" sizes=\"auto, (max-width: 1280px) 100vw, 1280px\" \/><\/a><\/figure>\n\n\n\n<figure class=\"wp-block-image size-large\"><a href=\"https:\/\/rotasturisticas.jundiai.sp.gov.br\/terranova\/wp-content\/uploads\/sites\/3\/2023\/02\/Haras-Terra-Nova-8.jpeg\"><img loading=\"lazy\" decoding=\"async\" width=\"1152\" height=\"560\" data-id=\"662\" src=\"https:\/\/rotasturisticas.jundiai.sp.gov.br\/terranova\/wp-content\/uploads\/sites\/3\/2023\/02\/Haras-Terra-Nova-8.jpeg\" alt=\"\" class=\"wp-image-662\" srcset=\"https:\/\/rotasturisticas.jundiai.sp.gov.br\/terranova\/wp-content\/uploads\/sites\/3\/2023\/02\/Haras-Terra-Nova-8.jpeg 1152w, https:\/\/rotasturisticas.jundiai.sp.gov.br\/terranova\/wp-content\/uploads\/sites\/3\/2023\/02\/Haras-Terra-Nova-8-768x373.jpeg 768w\" sizes=\"auto, (max-width: 1152px) 100vw, 1152px\" \/><\/a><\/figure>\n\n\n\n<figure class=\"wp-block-image size-large\"><a href=\"https:\/\/rotasturisticas.jundiai.sp.gov.br\/terranova\/wp-content\/uploads\/sites\/3\/2023\/02\/Haras-Terra-Nova-10.jpeg\"><img loading=\"lazy\" decoding=\"async\" width=\"950\" height=\"950\" data-id=\"679\" src=\"https:\/\/rotasturisticas.jundiai.sp.gov.br\/terranova\/wp-content\/uploads\/sites\/3\/2023\/02\/Haras-Terra-Nova-10-950x950.jpeg\" alt=\"\" class=\"wp-image-679\" srcset=\"https:\/\/rotasturisticas.jundiai.sp.gov.br\/terranova\/wp-content\/uploads\/sites\/3\/2023\/02\/Haras-Terra-Nova-10-950x950.jpeg 950w, https:\/\/rotasturisticas.jundiai.sp.gov.br\/terranova\/wp-content\/uploads\/sites\/3\/2023\/02\/Haras-Terra-Nova-10-100x100.jpeg 100w, https:\/\/rotasturisticas.jundiai.sp.gov.br\/terranova\/wp-content\/uploads\/sites\/3\/2023\/02\/Haras-Terra-Nova-10-768x768.jpeg 768w, https:\/\/rotasturisticas.jundiai.sp.gov.br\/terranova\/wp-content\/uploads\/sites\/3\/2023\/02\/Haras-Terra-Nova-10.jpeg 1280w\" sizes=\"auto, (max-width: 950px) 100vw, 950px\" \/><\/a><\/figure>\n\n\n\n<figure class=\"wp-block-image size-large\"><a href=\"https:\/\/rotasturisticas.jundiai.sp.gov.br\/terranova\/wp-content\/uploads\/sites\/3\/2023\/02\/Haras-Terra-Nova-15.jpeg\"><img loading=\"lazy\" decoding=\"async\" width=\"462\" height=\"950\" data-id=\"675\" src=\"https:\/\/rotasturisticas.jundiai.sp.gov.br\/terranova\/wp-content\/uploads\/sites\/3\/2023\/02\/Haras-Terra-Nova-15-462x950.jpeg\" alt=\"\" class=\"wp-image-675\" srcset=\"https:\/\/rotasturisticas.jundiai.sp.gov.br\/terranova\/wp-content\/uploads\/sites\/3\/2023\/02\/Haras-Terra-Nova-15-462x950.jpeg 462w, https:\/\/rotasturisticas.jundiai.sp.gov.br\/terranova\/wp-content\/uploads\/sites\/3\/2023\/02\/Haras-Terra-Nova-15-768x1580.jpeg 768w, https:\/\/rotasturisticas.jundiai.sp.gov.br\/terranova\/wp-content\/uploads\/sites\/3\/2023\/02\/Haras-Terra-Nova-15-746x1536.jpeg 746w, https:\/\/rotasturisticas.jundiai.sp.gov.br\/terranova\/wp-content\/uploads\/sites\/3\/2023\/02\/Haras-Terra-Nova-15.jpeg 777w\" sizes=\"auto, (max-width: 462px) 100vw, 462px\" \/><\/a><\/figure>\n\n\n\n<figure class=\"wp-block-image size-large\"><a href=\"https:\/\/rotasturisticas.jundiai.sp.gov.br\/terranova\/wp-content\/uploads\/sites\/3\/2023\/02\/Haras-Terra-Nova-16.jpeg\"><img loading=\"lazy\" decoding=\"async\" width=\"462\" height=\"950\" data-id=\"668\" src=\"https:\/\/rotasturisticas.jundiai.sp.gov.br\/terranova\/wp-content\/uploads\/sites\/3\/2023\/02\/Haras-Terra-Nova-16-462x950.jpeg\" alt=\"\" class=\"wp-image-668\" srcset=\"https:\/\/rotasturisticas.jundiai.sp.gov.br\/terranova\/wp-content\/uploads\/sites\/3\/2023\/02\/Haras-Terra-Nova-16-462x950.jpeg 462w, https:\/\/rotasturisticas.jundiai.sp.gov.br\/terranova\/wp-content\/uploads\/sites\/3\/2023\/02\/Haras-Terra-Nova-16-768x1580.jpeg 768w, https:\/\/rotasturisticas.jundiai.sp.gov.br\/terranova\/wp-content\/uploads\/sites\/3\/2023\/02\/Haras-Terra-Nova-16-746x1536.jpeg 746w, https:\/\/rotasturisticas.jundiai.sp.gov.br\/terranova\/wp-content\/uploads\/sites\/3\/2023\/02\/Haras-Terra-Nova-16.jpeg 777w\" sizes=\"auto, (max-width: 462px) 100vw, 462px\" \/><\/a><\/figure>\n\n\n\n<figure class=\"wp-block-image size-large\"><a href=\"https:\/\/rotasturisticas.jundiai.sp.gov.br\/terranova\/wp-content\/uploads\/sites\/3\/2023\/02\/Haras-Terra-Nova-19.jpeg\"><img loading=\"lazy\" decoding=\"async\" width=\"462\" height=\"950\" data-id=\"660\" src=\"https:\/\/rotasturisticas.jundiai.sp.gov.br\/terranova\/wp-content\/uploads\/sites\/3\/2023\/02\/Haras-Terra-Nova-19-462x950.jpeg\" alt=\"\" class=\"wp-image-660\" srcset=\"https:\/\/rotasturisticas.jundiai.sp.gov.br\/terranova\/wp-content\/uploads\/sites\/3\/2023\/02\/Haras-Terra-Nova-19-462x950.jpeg 462w, https:\/\/rotasturisticas.jundiai.sp.gov.br\/terranova\/wp-content\/uploads\/sites\/3\/2023\/02\/Haras-Terra-Nova-19.jpeg 560w\" sizes=\"auto, (max-width: 462px) 100vw, 462px\" \/><\/a><\/figure>\n\n\n\n<figure class=\"wp-block-image size-large\"><a href=\"https:\/\/rotasturisticas.jundiai.sp.gov.br\/terranova\/wp-content\/uploads\/sites\/3\/2023\/02\/Haras-Terra-Nova-20.jpeg\"><img loading=\"lazy\" decoding=\"async\" width=\"462\" height=\"950\" data-id=\"674\" src=\"https:\/\/rotasturisticas.jundiai.sp.gov.br\/terranova\/wp-content\/uploads\/sites\/3\/2023\/02\/Haras-Terra-Nova-20-462x950.jpeg\" alt=\"\" class=\"wp-image-674\" srcset=\"https:\/\/rotasturisticas.jundiai.sp.gov.br\/terranova\/wp-content\/uploads\/sites\/3\/2023\/02\/Haras-Terra-Nova-20-462x950.jpeg 462w, https:\/\/rotasturisticas.jundiai.sp.gov.br\/terranova\/wp-content\/uploads\/sites\/3\/2023\/02\/Haras-Terra-Nova-20-768x1580.jpeg 768w, https:\/\/rotasturisticas.jundiai.sp.gov.br\/terranova\/wp-content\/uploads\/sites\/3\/2023\/02\/Haras-Terra-Nova-20-746x1536.jpeg 746w, https:\/\/rotasturisticas.jundiai.sp.gov.br\/terranova\/wp-content\/uploads\/sites\/3\/2023\/02\/Haras-Terra-Nova-20.jpeg 777w\" sizes=\"auto, (max-width: 462px) 100vw, 462px\" \/><\/a><\/figure>\n\n\n\n<figure class=\"wp-block-image size-large\"><a href=\"https:\/\/rotasturisticas.jundiai.sp.gov.br\/terranova\/wp-content\/uploads\/sites\/3\/2023\/02\/Haras-Terra-Nova-21.jpeg\"><img loading=\"lazy\" decoding=\"async\" width=\"462\" height=\"950\" data-id=\"676\" src=\"https:\/\/rotasturisticas.jundiai.sp.gov.br\/terranova\/wp-content\/uploads\/sites\/3\/2023\/02\/Haras-Terra-Nova-21-462x950.jpeg\" alt=\"\" class=\"wp-image-676\" srcset=\"https:\/\/rotasturisticas.jundiai.sp.gov.br\/terranova\/wp-content\/uploads\/sites\/3\/2023\/02\/Haras-Terra-Nova-21-462x950.jpeg 462w, https:\/\/rotasturisticas.jundiai.sp.gov.br\/terranova\/wp-content\/uploads\/sites\/3\/2023\/02\/Haras-Terra-Nova-21-768x1580.jpeg 768w, https:\/\/rotasturisticas.jundiai.sp.gov.br\/terranova\/wp-content\/uploads\/sites\/3\/2023\/02\/Haras-Terra-Nova-21-746x1536.jpeg 746w, https:\/\/rotasturisticas.jundiai.sp.gov.br\/terranova\/wp-content\/uploads\/sites\/3\/2023\/02\/Haras-Terra-Nova-21.jpeg 777w\" sizes=\"auto, (max-width: 462px) 100vw, 462px\" \/><\/a><\/figure>\n<\/figure>\n","protected":false},"excerpt":{"rendered":"<p>Endere\u00e7o: Av. Engenheiro Tasso Pinheiro, 3523 &#8211; Terra NovaTelefones: (11) 96487-9837E-mail: www.harasterranovasite.wordpress.comFacebook: Haras Terra Nova Jundia\u00edHor\u00e1rio de funcionamento: Ter\u00e7a a domingo das 9h \u00e0s 18h. Tudo come\u00e7ou em 1992 em um pequeno espa\u00e7o no bairro Terra Nova chamado Cocheira do Val. Em 1997 quando o senhor Dorival Franco de Moraes (Val) arrendou uma pequena parte [&hellip;]<\/p>\n","protected":false},"author":4,"featured_media":655,"parent":11,"menu_order":0,"comment_status":"closed","ping_status":"closed","template":"","meta":{"footnotes":""},"class_list":["post-72","page","type-page","status-publish","has-post-thumbnail","hentry"],"_links":{"self":[{"href":"https:\/\/rotasturisticas.jundiai.sp.gov.br\/terranova\/wp-json\/wp\/v2\/pages\/72","targetHints":{"allow":["GET"]}}],"collection":[{"href":"https:\/\/rotasturisticas.jundiai.sp.gov.br\/terranova\/wp-json\/wp\/v2\/pages"}],"about":[{"href":"https:\/\/rotasturisticas.jundiai.sp.gov.br\/terranova\/wp-json\/wp\/v2\/types\/page"}],"author":[{"embeddable":true,"href":"https:\/\/rotasturisticas.jundiai.sp.gov.br\/terranova\/wp-json\/wp\/v2\/users\/4"}],"replies":[{"embeddable":true,"href":"https:\/\/rotasturisticas.jundiai.sp.gov.br\/terranova\/wp-json\/wp\/v2\/comments?post=72"}],"version-history":[{"count":17,"href":"https:\/\/rotasturisticas.jundiai.sp.gov.br\/terranova\/wp-json\/wp\/v2\/pages\/72\/revisions"}],"predecessor-version":[{"id":681,"href":"https:\/\/rotasturisticas.jundiai.sp.gov.br\/terranova\/wp-json\/wp\/v2\/pages\/72\/revisions\/681"}],"up":[{"embeddable":true,"href":"https:\/\/rotasturisticas.jundiai.sp.gov.br\/terranova\/wp-json\/wp\/v2\/pages\/11"}],"wp:featuredmedia":[{"embeddable":true,"href":"https:\/\/rotasturisticas.jundiai.sp.gov.br\/terranova\/wp-json\/wp\/v2\/media\/655"}],"wp:attachment":[{"href":"https:\/\/rotasturisticas.jundiai.sp.gov.br\/terranova\/wp-json\/wp\/v2\/media?parent=72"}],"curies":[{"name":"wp","href":"https:\/\/api.w.org\/{rel}","templated":true}]}}