{"id":708,"date":"2024-02-19T10:15:42","date_gmt":"2024-02-19T13:15:42","guid":{"rendered":"https:\/\/rotasturisticas.jundiai.sp.gov.br\/terranova\/?page_id=708"},"modified":"2024-02-19T10:16:07","modified_gmt":"2024-02-19T13:16:07","slug":"vila-japi","status":"publish","type":"page","link":"https:\/\/rotasturisticas.jundiai.sp.gov.br\/terranova\/onde-comer\/vila-japi\/","title":{"rendered":"Vila Japi"},"content":{"rendered":"\n<p>Uma churrascaria com toque texano, trazendo muito sabor em nossos pratos.<br>Contato com a natureza em um ambiente r\u00fastico e extremamente charmoso. As Crian\u00e7as tem divers\u00e3o garantida em nosso Parquinho e os Pets s\u00e3o bem vindos em nosso Espa\u00e7o!<\/p>\n\n\n\n<figure class=\"wp-block-gallery has-nested-images columns-default is-cropped wp-block-gallery-1 is-layout-flex wp-block-gallery-is-layout-flex\">\n<figure class=\"wp-block-image size-large\"><a href=\"https:\/\/rotasturisticas.jundiai.sp.gov.br\/terranova\/wp-content\/uploads\/sites\/3\/2024\/02\/IMG-20230618-WA0044-Alcimari-Franco-Bueno.jpg\"><img loading=\"lazy\" decoding=\"async\" width=\"758\" height=\"950\" data-id=\"710\" src=\"https:\/\/rotasturisticas.jundiai.sp.gov.br\/terranova\/wp-content\/uploads\/sites\/3\/2024\/02\/IMG-20230618-WA0044-Alcimari-Franco-Bueno-758x950.jpg\" alt=\"\" class=\"wp-image-710\" srcset=\"https:\/\/rotasturisticas.jundiai.sp.gov.br\/terranova\/wp-content\/uploads\/sites\/3\/2024\/02\/IMG-20230618-WA0044-Alcimari-Franco-Bueno-758x950.jpg 758w, https:\/\/rotasturisticas.jundiai.sp.gov.br\/terranova\/wp-content\/uploads\/sites\/3\/2024\/02\/IMG-20230618-WA0044-Alcimari-Franco-Bueno-768x963.jpg 768w, https:\/\/rotasturisticas.jundiai.sp.gov.br\/terranova\/wp-content\/uploads\/sites\/3\/2024\/02\/IMG-20230618-WA0044-Alcimari-Franco-Bueno.jpg 1021w\" sizes=\"auto, (max-width: 758px) 100vw, 758px\" \/><\/a><\/figure>\n\n\n\n<figure class=\"wp-block-image size-large\"><a href=\"https:\/\/rotasturisticas.jundiai.sp.gov.br\/terranova\/wp-content\/uploads\/sites\/3\/2024\/02\/IMG-20230618-WA0045-Alcimari-Franco-Bueno.jpg\"><img loading=\"lazy\" decoding=\"async\" width=\"762\" height=\"950\" data-id=\"709\" src=\"https:\/\/rotasturisticas.jundiai.sp.gov.br\/terranova\/wp-content\/uploads\/sites\/3\/2024\/02\/IMG-20230618-WA0045-Alcimari-Franco-Bueno-762x950.jpg\" alt=\"\" class=\"wp-image-709\" srcset=\"https:\/\/rotasturisticas.jundiai.sp.gov.br\/terranova\/wp-content\/uploads\/sites\/3\/2024\/02\/IMG-20230618-WA0045-Alcimari-Franco-Bueno-762x950.jpg 762w, https:\/\/rotasturisticas.jundiai.sp.gov.br\/terranova\/wp-content\/uploads\/sites\/3\/2024\/02\/IMG-20230618-WA0045-Alcimari-Franco-Bueno-768x957.jpg 768w, https:\/\/rotasturisticas.jundiai.sp.gov.br\/terranova\/wp-content\/uploads\/sites\/3\/2024\/02\/IMG-20230618-WA0045-Alcimari-Franco-Bueno.jpg 1027w\" sizes=\"auto, (max-width: 762px) 100vw, 762px\" \/><\/a><\/figure>\n\n\n\n<figure class=\"wp-block-image size-large\"><a href=\"https:\/\/rotasturisticas.jundiai.sp.gov.br\/terranova\/wp-content\/uploads\/sites\/3\/2024\/02\/IMG-20231012-WA0039-Alcimari-Franco-Bueno.jpg\"><img loading=\"lazy\" decoding=\"async\" width=\"713\" height=\"950\" data-id=\"713\" src=\"https:\/\/rotasturisticas.jundiai.sp.gov.br\/terranova\/wp-content\/uploads\/sites\/3\/2024\/02\/IMG-20231012-WA0039-Alcimari-Franco-Bueno-713x950.jpg\" alt=\"\" class=\"wp-image-713\" srcset=\"https:\/\/rotasturisticas.jundiai.sp.gov.br\/terranova\/wp-content\/uploads\/sites\/3\/2024\/02\/IMG-20231012-WA0039-Alcimari-Franco-Bueno-713x950.jpg 713w, https:\/\/rotasturisticas.jundiai.sp.gov.br\/terranova\/wp-content\/uploads\/sites\/3\/2024\/02\/IMG-20231012-WA0039-Alcimari-Franco-Bueno-768x1024.jpg 768w, https:\/\/rotasturisticas.jundiai.sp.gov.br\/terranova\/wp-content\/uploads\/sites\/3\/2024\/02\/IMG-20231012-WA0039-Alcimari-Franco-Bueno-1152x1536.jpg 1152w, https:\/\/rotasturisticas.jundiai.sp.gov.br\/terranova\/wp-content\/uploads\/sites\/3\/2024\/02\/IMG-20231012-WA0039-Alcimari-Franco-Bueno.jpg 1200w\" sizes=\"auto, (max-width: 713px) 100vw, 713px\" \/><\/a><\/figure>\n\n\n\n<figure class=\"wp-block-image size-large\"><a href=\"https:\/\/rotasturisticas.jundiai.sp.gov.br\/terranova\/wp-content\/uploads\/sites\/3\/2024\/02\/IMG-20231104-WA0044-Alcimari-Franco-Bueno.jpg\"><img loading=\"lazy\" decoding=\"async\" width=\"1267\" height=\"950\" data-id=\"714\" src=\"https:\/\/rotasturisticas.jundiai.sp.gov.br\/terranova\/wp-content\/uploads\/sites\/3\/2024\/02\/IMG-20231104-WA0044-Alcimari-Franco-Bueno-1267x950.jpg\" alt=\"\" class=\"wp-image-714\" srcset=\"https:\/\/rotasturisticas.jundiai.sp.gov.br\/terranova\/wp-content\/uploads\/sites\/3\/2024\/02\/IMG-20231104-WA0044-Alcimari-Franco-Bueno-1267x950.jpg 1267w, https:\/\/rotasturisticas.jundiai.sp.gov.br\/terranova\/wp-content\/uploads\/sites\/3\/2024\/02\/IMG-20231104-WA0044-Alcimari-Franco-Bueno-300x225.jpg 300w, https:\/\/rotasturisticas.jundiai.sp.gov.br\/terranova\/wp-content\/uploads\/sites\/3\/2024\/02\/IMG-20231104-WA0044-Alcimari-Franco-Bueno-768x576.jpg 768w, https:\/\/rotasturisticas.jundiai.sp.gov.br\/terranova\/wp-content\/uploads\/sites\/3\/2024\/02\/IMG-20231104-WA0044-Alcimari-Franco-Bueno.jpg 1280w\" sizes=\"auto, (max-width: 1267px) 100vw, 1267px\" \/><\/a><\/figure>\n\n\n\n<figure class=\"wp-block-image size-large\"><a href=\"https:\/\/rotasturisticas.jundiai.sp.gov.br\/terranova\/wp-content\/uploads\/sites\/3\/2024\/02\/IMG-20230618-WA0042-Alcimari-Franco-Bueno.jpg\"><img loading=\"lazy\" decoding=\"async\" width=\"760\" height=\"950\" data-id=\"711\" src=\"https:\/\/rotasturisticas.jundiai.sp.gov.br\/terranova\/wp-content\/uploads\/sites\/3\/2024\/02\/IMG-20230618-WA0042-Alcimari-Franco-Bueno-760x950.jpg\" alt=\"\" class=\"wp-image-711\" srcset=\"https:\/\/rotasturisticas.jundiai.sp.gov.br\/terranova\/wp-content\/uploads\/sites\/3\/2024\/02\/IMG-20230618-WA0042-Alcimari-Franco-Bueno-760x950.jpg 760w, https:\/\/rotasturisticas.jundiai.sp.gov.br\/terranova\/wp-content\/uploads\/sites\/3\/2024\/02\/IMG-20230618-WA0042-Alcimari-Franco-Bueno-768x960.jpg 768w, https:\/\/rotasturisticas.jundiai.sp.gov.br\/terranova\/wp-content\/uploads\/sites\/3\/2024\/02\/IMG-20230618-WA0042-Alcimari-Franco-Bueno.jpg 1024w\" sizes=\"auto, (max-width: 760px) 100vw, 760px\" \/><\/a><\/figure>\n\n\n\n<figure class=\"wp-block-image size-large\"><a href=\"https:\/\/rotasturisticas.jundiai.sp.gov.br\/terranova\/wp-content\/uploads\/sites\/3\/2024\/02\/IMG-20230618-WA0043-Alcimari-Franco-Bueno.jpg\"><img loading=\"lazy\" decoding=\"async\" width=\"757\" height=\"950\" data-id=\"712\" src=\"https:\/\/rotasturisticas.jundiai.sp.gov.br\/terranova\/wp-content\/uploads\/sites\/3\/2024\/02\/IMG-20230618-WA0043-Alcimari-Franco-Bueno-757x950.jpg\" alt=\"\" class=\"wp-image-712\" srcset=\"https:\/\/rotasturisticas.jundiai.sp.gov.br\/terranova\/wp-content\/uploads\/sites\/3\/2024\/02\/IMG-20230618-WA0043-Alcimari-Franco-Bueno-757x950.jpg 757w, https:\/\/rotasturisticas.jundiai.sp.gov.br\/terranova\/wp-content\/uploads\/sites\/3\/2024\/02\/IMG-20230618-WA0043-Alcimari-Franco-Bueno-768x964.jpg 768w, https:\/\/rotasturisticas.jundiai.sp.gov.br\/terranova\/wp-content\/uploads\/sites\/3\/2024\/02\/IMG-20230618-WA0043-Alcimari-Franco-Bueno.jpg 1020w\" sizes=\"auto, (max-width: 757px) 100vw, 757px\" \/><\/a><\/figure>\n<\/figure>\n","protected":false},"excerpt":{"rendered":"<p>Uma churrascaria com toque texano, trazendo muito sabor em nossos pratos.Contato com a natureza em um ambiente r\u00fastico e extremamente charmoso. As Crian\u00e7as tem divers\u00e3o garantida em nosso Parquinho e os Pets s\u00e3o bem vindos em nosso Espa\u00e7o!<\/p>\n","protected":false},"author":16,"featured_media":0,"parent":13,"menu_order":0,"comment_status":"closed","ping_status":"closed","template":"page-local.php","meta":{"footnotes":""},"class_list":["post-708","page","type-page","status-publish","hentry"],"_links":{"self":[{"href":"https:\/\/rotasturisticas.jundiai.sp.gov.br\/terranova\/wp-json\/wp\/v2\/pages\/708","targetHints":{"allow":["GET"]}}],"collection":[{"href":"https:\/\/rotasturisticas.jundiai.sp.gov.br\/terranova\/wp-json\/wp\/v2\/pages"}],"about":[{"href":"https:\/\/rotasturisticas.jundiai.sp.gov.br\/terranova\/wp-json\/wp\/v2\/types\/page"}],"author":[{"embeddable":true,"href":"https:\/\/rotasturisticas.jundiai.sp.gov.br\/terranova\/wp-json\/wp\/v2\/users\/16"}],"replies":[{"embeddable":true,"href":"https:\/\/rotasturisticas.jundiai.sp.gov.br\/terranova\/wp-json\/wp\/v2\/comments?post=708"}],"version-history":[{"count":1,"href":"https:\/\/rotasturisticas.jundiai.sp.gov.br\/terranova\/wp-json\/wp\/v2\/pages\/708\/revisions"}],"predecessor-version":[{"id":715,"href":"https:\/\/rotasturisticas.jundiai.sp.gov.br\/terranova\/wp-json\/wp\/v2\/pages\/708\/revisions\/715"}],"up":[{"embeddable":true,"href":"https:\/\/rotasturisticas.jundiai.sp.gov.br\/terranova\/wp-json\/wp\/v2\/pages\/13"}],"wp:attachment":[{"href":"https:\/\/rotasturisticas.jundiai.sp.gov.br\/terranova\/wp-json\/wp\/v2\/media?parent=708"}],"curies":[{"name":"wp","href":"https:\/\/api.w.org\/{rel}","templated":true}]}}