{"id":698,"date":"2023-08-01T17:03:05","date_gmt":"2023-08-01T20:03:05","guid":{"rendered":"https:\/\/rotasturisticas.jundiai.sp.gov.br\/terranova\/?page_id=698"},"modified":"2023-08-01T17:07:45","modified_gmt":"2023-08-01T20:07:45","slug":"japiapesca-turismo-e-lazer","status":"publish","type":"page","link":"https:\/\/rotasturisticas.jundiai.sp.gov.br\/terranova\/o-que-visitar\/japiapesca-turismo-e-lazer\/","title":{"rendered":"Japiapesca Turismo e Lazer"},"content":{"rendered":"\n<p>O Japiapesca Turismo e a Lazer foi fundado em novembro de 2012 inicialmente como Pesqueiro Japiapesca. Depois de alguns anos de trabalho na Serra do Japi n\u00f3s percebemos que somos muito mais que um pesqueiro e temos muito \u00e0 oferecer para os visitantes da nossa lind\u00edssima Serra do Japi.<br>Estamos localizados dentro da Fazenda Japiap\u00e9, 50 metros para frente do nosso Restaurante Japiap\u00e9 que atende o p\u00fablico desde 1999 com uma comida caseira deliciosa.<\/p>\n\n\n\n<p>Nosso fundador o Fernando, mais conhecido como Fer Japi, desde 1999 como bom trilheiro de moto, vendo a necessidade dos amigos de trilha de terem uma pista fechada e segura para treinarem, criou uma Pista Cross Country dentro do Japiapesca Turismo e Lazer.<br>Ela tem 8km de extens\u00e3o e \u00e9 sucesso por aqui. Hoje al\u00e9m de motos ela tamb\u00e9m recebe grupos de caminhada e corrida, Jeeps, UTVs e quadriciclos.<\/p>\n\n\n\n<p>O Japiapesca Turismo e Lazer trabalha com um card\u00e1pio de por\u00e7\u00f5es e acompanhamentos. Nosso carro-chefe \u00e9 a Por\u00e7\u00e3o de Til\u00e1pia acompanhada de an\u00e9is de cebola e para os amantes de carne, temos as carnes \u00e0 bafo todo final de semana.<\/p>\n\n\n\n<p>Nossa estrutura oferece estacionamento seguro e gratuito para os visitantes, banheiros e chuveiro.<br>Possu\u00edmos 2 lagos com peixes para pr\u00e1tica de Pesca Esportiva.<br><br>Recebemos grupos de turismo e disponibilizamos um card\u00e1pio especial e personalizado para cada grupo com op\u00e7\u00f5es de com caf\u00e9 -da- manh\u00e3 e tamb\u00e9m refei\u00e7\u00f5es.<\/p>\n\n\n\n<p>Somos refer\u00eancia em ponto de apoio e parada dentro da Serra e nossa localiza\u00e7\u00e3o privilegiada facilita muito para os turistas que vem para explorar as trilhas e cachoeiras da nossa regi\u00e3o.<\/p>\n\n\n\n<figure class=\"wp-block-gallery has-nested-images columns-default is-cropped wp-block-gallery-1 is-layout-flex wp-block-gallery-is-layout-flex\">\n<figure class=\"wp-block-image size-large\"><a href=\"https:\/\/turismo.jundiai.sp.gov.br\/wp-content\/uploads\/2023\/08\/IMG_20230730_134721_911-Carol-Cardoso.webp\"><img decoding=\"async\" data-id=\"26032\" src=\"https:\/\/turismo.jundiai.sp.gov.br\/wp-content\/uploads\/2023\/08\/IMG_20230730_134721_911-Carol-Cardoso-950x950.webp\" alt=\"\" class=\"wp-image-26032\" \/><\/a><\/figure>\n\n\n\n<figure class=\"wp-block-image size-large\"><img decoding=\"async\" data-id=\"26035\" src=\"https:\/\/turismo.jundiai.sp.gov.br\/wp-content\/uploads\/2023\/08\/Screenshot_20230801-125452-938-Carol-Cardoso-945x950.png\" alt=\"\" class=\"wp-image-26035\" \/><\/figure>\n\n\n\n<figure class=\"wp-block-image size-large\"><a href=\"https:\/\/turismo.jundiai.sp.gov.br\/wp-content\/uploads\/2023\/08\/IMG_20230730_134720_550-Carol-Cardoso.webp\"><img decoding=\"async\" data-id=\"26031\" src=\"https:\/\/turismo.jundiai.sp.gov.br\/wp-content\/uploads\/2023\/08\/IMG_20230730_134720_550-Carol-Cardoso.webp\" alt=\"\" class=\"wp-image-26031\" \/><\/a><\/figure>\n\n\n\n<figure class=\"wp-block-image size-large\"><a href=\"https:\/\/turismo.jundiai.sp.gov.br\/wp-content\/uploads\/2023\/08\/IMG_20230730_134721_792-Carol-Cardoso.webp\"><img decoding=\"async\" data-id=\"26033\" src=\"https:\/\/turismo.jundiai.sp.gov.br\/wp-content\/uploads\/2023\/08\/IMG_20230730_134721_792-Carol-Cardoso-950x950.webp\" alt=\"\" class=\"wp-image-26033\" \/><\/a><\/figure>\n\n\n\n<figure class=\"wp-block-image size-large\"><img decoding=\"async\" data-id=\"26034\" src=\"https:\/\/turismo.jundiai.sp.gov.br\/wp-content\/uploads\/2023\/08\/Screenshot_20230801-124857-047-Carol-Cardoso-875x950.png\" alt=\"\" class=\"wp-image-26034\" \/><\/figure>\n<\/figure>\n","protected":false},"excerpt":{"rendered":"<p>O Japiapesca Turismo e a Lazer foi fundado em novembro de 2012 inicialmente como Pesqueiro Japiapesca. Depois de alguns anos de trabalho na Serra do Japi n\u00f3s percebemos que somos muito mais que um pesqueiro e temos muito \u00e0 oferecer para os visitantes da nossa lind\u00edssima Serra do Japi.Estamos localizados dentro da Fazenda Japiap\u00e9, 50 [&hellip;]<\/p>\n","protected":false},"author":16,"featured_media":0,"parent":11,"menu_order":0,"comment_status":"closed","ping_status":"closed","template":"page-local.php","meta":{"footnotes":""},"class_list":["post-698","page","type-page","status-publish","hentry"],"_links":{"self":[{"href":"https:\/\/rotasturisticas.jundiai.sp.gov.br\/terranova\/wp-json\/wp\/v2\/pages\/698","targetHints":{"allow":["GET"]}}],"collection":[{"href":"https:\/\/rotasturisticas.jundiai.sp.gov.br\/terranova\/wp-json\/wp\/v2\/pages"}],"about":[{"href":"https:\/\/rotasturisticas.jundiai.sp.gov.br\/terranova\/wp-json\/wp\/v2\/types\/page"}],"author":[{"embeddable":true,"href":"https:\/\/rotasturisticas.jundiai.sp.gov.br\/terranova\/wp-json\/wp\/v2\/users\/16"}],"replies":[{"embeddable":true,"href":"https:\/\/rotasturisticas.jundiai.sp.gov.br\/terranova\/wp-json\/wp\/v2\/comments?post=698"}],"version-history":[{"count":2,"href":"https:\/\/rotasturisticas.jundiai.sp.gov.br\/terranova\/wp-json\/wp\/v2\/pages\/698\/revisions"}],"predecessor-version":[{"id":707,"href":"https:\/\/rotasturisticas.jundiai.sp.gov.br\/terranova\/wp-json\/wp\/v2\/pages\/698\/revisions\/707"}],"up":[{"embeddable":true,"href":"https:\/\/rotasturisticas.jundiai.sp.gov.br\/terranova\/wp-json\/wp\/v2\/pages\/11"}],"wp:attachment":[{"href":"https:\/\/rotasturisticas.jundiai.sp.gov.br\/terranova\/wp-json\/wp\/v2\/media?parent=698"}],"curies":[{"name":"wp","href":"https:\/\/api.w.org\/{rel}","templated":true}]}}