{"id":340,"date":"2018-08-01T11:47:39","date_gmt":"2018-08-01T14:47:39","guid":{"rendered":"http:\/\/rotasturisticas.jundiai.sp.gov.br\/terranova\/?page_id=340"},"modified":"2024-10-23T10:55:55","modified_gmt":"2024-10-23T13:55:55","slug":"padaria-e-mercearia-caminho-da-serra","status":"publish","type":"page","link":"https:\/\/rotasturisticas.jundiai.sp.gov.br\/terranova\/lojas-especiais\/padaria-e-mercearia-caminho-da-serra\/","title":{"rendered":"Padaria e Mercearia Caminho da Serra"},"content":{"rendered":"\n<p>Localizada aos p\u00e9s da Serra do Japi, no bairro Terra Nova, na cidade de Jundia\u00ed, a Padaria e Mercearia Caminho da Serra foi fundada em 01 de agosto de 2015.<\/p>\n\n\n\n<p>O nome surgiu por ser rota para ciclistas, motoqueiros e romeiros chegarem a Serra do Japi e a Pirapora do Bom Jesus.<\/p>\n\n\n\n<p>O com\u00e9rcio trabalha para atender os clientes com servi\u00e7os diversos de padaria e mercearia em geral. Aos domingos, tamb\u00e9m temos frango assado com batatas.<\/p>\n\n\n\n<figure class=\"wp-block-gallery has-nested-images columns-default is-cropped wp-block-gallery-1 is-layout-flex wp-block-gallery-is-layout-flex\">\n<figure class=\"wp-block-image size-large\"><a href=\"https:\/\/rotasturisticas.jundiai.sp.gov.br\/terranova\/wp-content\/uploads\/sites\/3\/2024\/10\/IMG_2848.jpg\"><img loading=\"lazy\" decoding=\"async\" width=\"640\" height=\"444\" data-id=\"750\" src=\"https:\/\/rotasturisticas.jundiai.sp.gov.br\/terranova\/wp-content\/uploads\/sites\/3\/2024\/10\/IMG_2848.jpg\" alt=\"\" class=\"wp-image-750\" \/><\/a><\/figure>\n\n\n\n<figure class=\"wp-block-image size-large\"><a href=\"https:\/\/rotasturisticas.jundiai.sp.gov.br\/terranova\/wp-content\/uploads\/sites\/3\/2024\/10\/IMG_2852.jpg\"><img loading=\"lazy\" decoding=\"async\" width=\"640\" height=\"480\" data-id=\"752\" src=\"https:\/\/rotasturisticas.jundiai.sp.gov.br\/terranova\/wp-content\/uploads\/sites\/3\/2024\/10\/IMG_2852.jpg\" alt=\"\" class=\"wp-image-752\" srcset=\"https:\/\/rotasturisticas.jundiai.sp.gov.br\/terranova\/wp-content\/uploads\/sites\/3\/2024\/10\/IMG_2852.jpg 640w, https:\/\/rotasturisticas.jundiai.sp.gov.br\/terranova\/wp-content\/uploads\/sites\/3\/2024\/10\/IMG_2852-300x225.jpg 300w\" sizes=\"auto, (max-width: 640px) 100vw, 640px\" \/><\/a><\/figure>\n\n\n\n<figure class=\"wp-block-image size-large\"><a href=\"https:\/\/rotasturisticas.jundiai.sp.gov.br\/terranova\/wp-content\/uploads\/sites\/3\/2024\/10\/IMG_2853.jpg\"><img loading=\"lazy\" decoding=\"async\" width=\"640\" height=\"480\" data-id=\"751\" src=\"https:\/\/rotasturisticas.jundiai.sp.gov.br\/terranova\/wp-content\/uploads\/sites\/3\/2024\/10\/IMG_2853.jpg\" alt=\"\" class=\"wp-image-751\" srcset=\"https:\/\/rotasturisticas.jundiai.sp.gov.br\/terranova\/wp-content\/uploads\/sites\/3\/2024\/10\/IMG_2853.jpg 640w, https:\/\/rotasturisticas.jundiai.sp.gov.br\/terranova\/wp-content\/uploads\/sites\/3\/2024\/10\/IMG_2853-300x225.jpg 300w\" sizes=\"auto, (max-width: 640px) 100vw, 640px\" \/><\/a><\/figure>\n<\/figure>\n","protected":false},"excerpt":{"rendered":"<p>Localizada aos p\u00e9s da Serra do Japi, no bairro Terra Nova, na cidade de Jundia\u00ed, a Padaria e Mercearia Caminho da Serra foi fundada em 01 de agosto de 2015. O nome surgiu por ser rota para ciclistas, motoqueiros e romeiros chegarem a Serra do Japi e a Pirapora do Bom Jesus. O com\u00e9rcio trabalha [&hellip;]<\/p>\n","protected":false},"author":11,"featured_media":333,"parent":15,"menu_order":0,"comment_status":"closed","ping_status":"closed","template":"page-local.php","meta":{"footnotes":""},"class_list":["post-340","page","type-page","status-publish","has-post-thumbnail","hentry"],"_links":{"self":[{"href":"https:\/\/rotasturisticas.jundiai.sp.gov.br\/terranova\/wp-json\/wp\/v2\/pages\/340","targetHints":{"allow":["GET"]}}],"collection":[{"href":"https:\/\/rotasturisticas.jundiai.sp.gov.br\/terranova\/wp-json\/wp\/v2\/pages"}],"about":[{"href":"https:\/\/rotasturisticas.jundiai.sp.gov.br\/terranova\/wp-json\/wp\/v2\/types\/page"}],"author":[{"embeddable":true,"href":"https:\/\/rotasturisticas.jundiai.sp.gov.br\/terranova\/wp-json\/wp\/v2\/users\/11"}],"replies":[{"embeddable":true,"href":"https:\/\/rotasturisticas.jundiai.sp.gov.br\/terranova\/wp-json\/wp\/v2\/comments?post=340"}],"version-history":[{"count":7,"href":"https:\/\/rotasturisticas.jundiai.sp.gov.br\/terranova\/wp-json\/wp\/v2\/pages\/340\/revisions"}],"predecessor-version":[{"id":754,"href":"https:\/\/rotasturisticas.jundiai.sp.gov.br\/terranova\/wp-json\/wp\/v2\/pages\/340\/revisions\/754"}],"up":[{"embeddable":true,"href":"https:\/\/rotasturisticas.jundiai.sp.gov.br\/terranova\/wp-json\/wp\/v2\/pages\/15"}],"wp:featuredmedia":[{"embeddable":true,"href":"https:\/\/rotasturisticas.jundiai.sp.gov.br\/terranova\/wp-json\/wp\/v2\/media\/333"}],"wp:attachment":[{"href":"https:\/\/rotasturisticas.jundiai.sp.gov.br\/terranova\/wp-json\/wp\/v2\/media?parent=340"}],"curies":[{"name":"wp","href":"https:\/\/api.w.org\/{rel}","templated":true}]}}