{"id":305,"date":"2018-06-21T16:18:05","date_gmt":"2018-06-21T19:18:05","guid":{"rendered":"http:\/\/rotasturisticas.jundiai.sp.gov.br\/terranova\/?page_id=305"},"modified":"2021-03-08T16:50:06","modified_gmt":"2021-03-08T19:50:06","slug":"restaurante-terra-nova","status":"publish","type":"page","link":"https:\/\/rotasturisticas.jundiai.sp.gov.br\/terranova\/onde-comer\/restaurante-terra-nova\/","title":{"rendered":"Restaurante Terra Nova"},"content":{"rendered":"<p><strong>Endere\u00e7o:<\/strong> Av. Aristides Carra, 650 &#8211; Terra Nova<br \/><strong>Telefone:<\/strong> (11) 4599-9030<strong><br \/>WhatsApp:<\/strong> (11)99818-4221<strong><br \/>E-mail: <\/strong>rodrigopesq@hotmail.com<strong><br \/><\/strong><strong>Hor\u00e1rio de funcionamento:<\/strong> Sexta a domingo e feriado das 8h \u00e0s 18h.<\/p>\n<p>O Restaurante Terra Nova possui espa\u00e7o para lazer, com lagos para pesca esportiva, cavalos para passeios no s\u00edtio. H\u00e1 mesas ao ar livre para apreciar a paisagem rural durante o almo\u00e7o.<\/p>\n\n\n<figure class=\"wp-block-gallery columns-3 is-cropped wp-block-gallery-1 is-layout-flex wp-block-gallery-is-layout-flex\"><ul class=\"blocks-gallery-grid\"><li class=\"blocks-gallery-item\"><figure><a href=\"https:\/\/rotasturisticas.jundiai.sp.gov.br\/terranova\/wp-content\/uploads\/sites\/3\/2021\/03\/2018-05-31-PHOTO-00000140-300x197-1.jpg\"><img loading=\"lazy\" decoding=\"async\" width=\"300\" height=\"197\" src=\"https:\/\/rotasturisticas.jundiai.sp.gov.br\/terranova\/wp-content\/uploads\/sites\/3\/2021\/03\/2018-05-31-PHOTO-00000140-300x197-1.jpg\" alt=\"\" data-id=\"540\" data-link=\"https:\/\/rotasturisticas.jundiai.sp.gov.br\/terranova\/onde-comer\/restaurante-terra-nova\/2018-05-31-photo-00000140-300x197-1\/\" class=\"wp-image-540\"\/><\/a><\/figure><\/li><li class=\"blocks-gallery-item\"><figure><a href=\"https:\/\/rotasturisticas.jundiai.sp.gov.br\/terranova\/wp-content\/uploads\/sites\/3\/2021\/03\/19060026_1299269486835143_996228574853893550_n-1.jpg\"><img loading=\"lazy\" decoding=\"async\" width=\"574\" height=\"574\" src=\"https:\/\/rotasturisticas.jundiai.sp.gov.br\/terranova\/wp-content\/uploads\/sites\/3\/2021\/03\/19060026_1299269486835143_996228574853893550_n-1.jpg\" alt=\"\" data-id=\"541\" data-link=\"https:\/\/rotasturisticas.jundiai.sp.gov.br\/terranova\/onde-comer\/restaurante-terra-nova\/19060026_1299269486835143_996228574853893550_n-1\/\" class=\"wp-image-541\" srcset=\"https:\/\/rotasturisticas.jundiai.sp.gov.br\/terranova\/wp-content\/uploads\/sites\/3\/2021\/03\/19060026_1299269486835143_996228574853893550_n-1.jpg 574w, https:\/\/rotasturisticas.jundiai.sp.gov.br\/terranova\/wp-content\/uploads\/sites\/3\/2021\/03\/19060026_1299269486835143_996228574853893550_n-1-300x300.jpg 300w, https:\/\/rotasturisticas.jundiai.sp.gov.br\/terranova\/wp-content\/uploads\/sites\/3\/2021\/03\/19060026_1299269486835143_996228574853893550_n-1-150x150.jpg 150w\" sizes=\"auto, (max-width: 574px) 100vw, 574px\" \/><\/a><\/figure><\/li><li class=\"blocks-gallery-item\"><figure><a href=\"https:\/\/rotasturisticas.jundiai.sp.gov.br\/terranova\/wp-content\/uploads\/sites\/3\/2021\/03\/19247964_1300016296760462_3687084064672114845_n-1.jpg\"><img loading=\"lazy\" decoding=\"async\" width=\"720\" height=\"418\" src=\"https:\/\/rotasturisticas.jundiai.sp.gov.br\/terranova\/wp-content\/uploads\/sites\/3\/2021\/03\/19247964_1300016296760462_3687084064672114845_n-1.jpg\" alt=\"\" data-id=\"542\" data-link=\"https:\/\/rotasturisticas.jundiai.sp.gov.br\/terranova\/onde-comer\/restaurante-terra-nova\/19247964_1300016296760462_3687084064672114845_n-1\/\" class=\"wp-image-542\" srcset=\"https:\/\/rotasturisticas.jundiai.sp.gov.br\/terranova\/wp-content\/uploads\/sites\/3\/2021\/03\/19247964_1300016296760462_3687084064672114845_n-1.jpg 720w, https:\/\/rotasturisticas.jundiai.sp.gov.br\/terranova\/wp-content\/uploads\/sites\/3\/2021\/03\/19247964_1300016296760462_3687084064672114845_n-1-300x174.jpg 300w\" sizes=\"auto, (max-width: 720px) 100vw, 720px\" \/><\/a><\/figure><\/li><li class=\"blocks-gallery-item\"><figure><a href=\"https:\/\/rotasturisticas.jundiai.sp.gov.br\/terranova\/wp-content\/uploads\/sites\/3\/2021\/03\/26992258_1487743604654396_3680383780715107564_n-1.jpg\"><img loading=\"lazy\" decoding=\"async\" width=\"540\" height=\"960\" src=\"https:\/\/rotasturisticas.jundiai.sp.gov.br\/terranova\/wp-content\/uploads\/sites\/3\/2021\/03\/26992258_1487743604654396_3680383780715107564_n-1.jpg\" alt=\"\" data-id=\"546\" data-full-url=\"https:\/\/rotasturisticas.jundiai.sp.gov.br\/terranova\/wp-content\/uploads\/sites\/3\/2021\/03\/26992258_1487743604654396_3680383780715107564_n-1.jpg\" data-link=\"https:\/\/rotasturisticas.jundiai.sp.gov.br\/terranova\/onde-comer\/restaurante-terra-nova\/26992258_1487743604654396_3680383780715107564_n-1\/\" class=\"wp-image-546\" srcset=\"https:\/\/rotasturisticas.jundiai.sp.gov.br\/terranova\/wp-content\/uploads\/sites\/3\/2021\/03\/26992258_1487743604654396_3680383780715107564_n-1.jpg 540w, https:\/\/rotasturisticas.jundiai.sp.gov.br\/terranova\/wp-content\/uploads\/sites\/3\/2021\/03\/26992258_1487743604654396_3680383780715107564_n-1-281x500.jpg 281w\" sizes=\"auto, (max-width: 540px) 100vw, 540px\" \/><\/a><\/figure><\/li><li class=\"blocks-gallery-item\"><figure><a href=\"https:\/\/rotasturisticas.jundiai.sp.gov.br\/terranova\/wp-content\/uploads\/sites\/3\/2021\/03\/26733745_1487743434654413_3218551950080156547_n-1.jpg\"><img loading=\"lazy\" decoding=\"async\" width=\"540\" height=\"960\" src=\"https:\/\/rotasturisticas.jundiai.sp.gov.br\/terranova\/wp-content\/uploads\/sites\/3\/2021\/03\/26733745_1487743434654413_3218551950080156547_n-1.jpg\" alt=\"\" data-id=\"547\" data-full-url=\"https:\/\/rotasturisticas.jundiai.sp.gov.br\/terranova\/wp-content\/uploads\/sites\/3\/2021\/03\/26733745_1487743434654413_3218551950080156547_n-1.jpg\" data-link=\"https:\/\/rotasturisticas.jundiai.sp.gov.br\/terranova\/onde-comer\/restaurante-terra-nova\/26733745_1487743434654413_3218551950080156547_n-1\/\" class=\"wp-image-547\" srcset=\"https:\/\/rotasturisticas.jundiai.sp.gov.br\/terranova\/wp-content\/uploads\/sites\/3\/2021\/03\/26733745_1487743434654413_3218551950080156547_n-1.jpg 540w, https:\/\/rotasturisticas.jundiai.sp.gov.br\/terranova\/wp-content\/uploads\/sites\/3\/2021\/03\/26733745_1487743434654413_3218551950080156547_n-1-281x500.jpg 281w\" sizes=\"auto, (max-width: 540px) 100vw, 540px\" \/><\/a><\/figure><\/li><li class=\"blocks-gallery-item\"><figure><a href=\"https:\/\/rotasturisticas.jundiai.sp.gov.br\/terranova\/wp-content\/uploads\/sites\/3\/2021\/03\/26196277_1487743844654372_6900007667163997417_n-1.jpg\"><img loading=\"lazy\" decoding=\"async\" width=\"920\" height=\"518\" src=\"https:\/\/rotasturisticas.jundiai.sp.gov.br\/terranova\/wp-content\/uploads\/sites\/3\/2021\/03\/26196277_1487743844654372_6900007667163997417_n-1-920x518.jpg\" alt=\"\" data-id=\"548\" data-full-url=\"https:\/\/rotasturisticas.jundiai.sp.gov.br\/terranova\/wp-content\/uploads\/sites\/3\/2021\/03\/26196277_1487743844654372_6900007667163997417_n-1.jpg\" data-link=\"https:\/\/rotasturisticas.jundiai.sp.gov.br\/terranova\/onde-comer\/restaurante-terra-nova\/26196277_1487743844654372_6900007667163997417_n-1\/\" class=\"wp-image-548\" srcset=\"https:\/\/rotasturisticas.jundiai.sp.gov.br\/terranova\/wp-content\/uploads\/sites\/3\/2021\/03\/26196277_1487743844654372_6900007667163997417_n-1-920x518.jpg 920w, https:\/\/rotasturisticas.jundiai.sp.gov.br\/terranova\/wp-content\/uploads\/sites\/3\/2021\/03\/26196277_1487743844654372_6900007667163997417_n-1-300x169.jpg 300w, https:\/\/rotasturisticas.jundiai.sp.gov.br\/terranova\/wp-content\/uploads\/sites\/3\/2021\/03\/26196277_1487743844654372_6900007667163997417_n-1-768x432.jpg 768w, https:\/\/rotasturisticas.jundiai.sp.gov.br\/terranova\/wp-content\/uploads\/sites\/3\/2021\/03\/26196277_1487743844654372_6900007667163997417_n-1.jpg 960w\" sizes=\"auto, (max-width: 920px) 100vw, 920px\" \/><\/a><\/figure><\/li><\/ul><\/figure>\n","protected":false},"excerpt":{"rendered":"<p>Endere\u00e7o: Av. Aristides Carra, 650 &#8211; Terra NovaTelefone: (11) 4599-9030WhatsApp: (11)99818-4221E-mail: rodrigopesq@hotmail.comHor\u00e1rio de funcionamento: Sexta a domingo e feriado das 8h \u00e0s 18h. O Restaurante Terra Nova possui espa\u00e7o para lazer, com lagos para pesca esportiva, cavalos para passeios no s\u00edtio. H\u00e1 mesas ao ar livre para apreciar a paisagem rural durante o almo\u00e7o.<\/p>\n","protected":false},"author":11,"featured_media":0,"parent":13,"menu_order":0,"comment_status":"closed","ping_status":"closed","template":"","meta":{"footnotes":""},"class_list":["post-305","page","type-page","status-publish","hentry"],"_links":{"self":[{"href":"https:\/\/rotasturisticas.jundiai.sp.gov.br\/terranova\/wp-json\/wp\/v2\/pages\/305","targetHints":{"allow":["GET"]}}],"collection":[{"href":"https:\/\/rotasturisticas.jundiai.sp.gov.br\/terranova\/wp-json\/wp\/v2\/pages"}],"about":[{"href":"https:\/\/rotasturisticas.jundiai.sp.gov.br\/terranova\/wp-json\/wp\/v2\/types\/page"}],"author":[{"embeddable":true,"href":"https:\/\/rotasturisticas.jundiai.sp.gov.br\/terranova\/wp-json\/wp\/v2\/users\/11"}],"replies":[{"embeddable":true,"href":"https:\/\/rotasturisticas.jundiai.sp.gov.br\/terranova\/wp-json\/wp\/v2\/comments?post=305"}],"version-history":[{"count":13,"href":"https:\/\/rotasturisticas.jundiai.sp.gov.br\/terranova\/wp-json\/wp\/v2\/pages\/305\/revisions"}],"predecessor-version":[{"id":554,"href":"https:\/\/rotasturisticas.jundiai.sp.gov.br\/terranova\/wp-json\/wp\/v2\/pages\/305\/revisions\/554"}],"up":[{"embeddable":true,"href":"https:\/\/rotasturisticas.jundiai.sp.gov.br\/terranova\/wp-json\/wp\/v2\/pages\/13"}],"wp:attachment":[{"href":"https:\/\/rotasturisticas.jundiai.sp.gov.br\/terranova\/wp-json\/wp\/v2\/media?parent=305"}],"curies":[{"name":"wp","href":"https:\/\/api.w.org\/{rel}","templated":true}]}}