{"id":123,"date":"2016-04-06T16:47:52","date_gmt":"2016-04-06T19:47:52","guid":{"rendered":"http:\/\/rotasturisticas.jundiai.sp.gov.br\/terranova\/?page_id=123"},"modified":"2020-05-26T15:30:03","modified_gmt":"2020-05-26T18:30:03","slug":"pavan-boutique-do-porco","status":"publish","type":"page","link":"https:\/\/rotasturisticas.jundiai.sp.gov.br\/terranova\/lojas-especiais\/pavan-boutique-do-porco\/","title":{"rendered":"Pavan \u2013 Boutique do Porco"},"content":{"rendered":"<p><strong>Endere\u00e7o<\/strong>: Av. Engenheiro Tasso Pinheiro, 920 \u2013 Terra Nova<br \/>\n<strong>Telefones<\/strong>: (11) 4537-3850 \/ 4537-1528<br \/>\n<strong>E-mail<\/strong>: contato@pavanboutiquedoporco.com.br<br \/>\n<strong>Site:<\/strong> <a href=\"http:\/\/www.pavanboutiquedoporco.com.br\/\" target=\"_blank\" rel=\"noopener noreferrer\">www.pavanboutiquedoporco.com.br<\/a><br \/>\n<strong>Facebook:<\/strong>\u00a0<a class=\"_64-f\" href=\"https:\/\/www.facebook.com\/pavanboutiquedoporco\/\" target=\"_blank\" rel=\"noopener noreferrer\">Pavan- Boutique Do PORCO<\/a><br \/>\n<strong>Instagram:\u00a0<\/strong><a href=\"https:\/\/www.instagram.com\/pavan_boutique_do_porco\/\" target=\"_blank\" rel=\"noopener noreferrer\">pavan_boutique_do_porco<\/a><br \/>\n<strong>Hor\u00e1rio de Atendimento:<\/strong>\u00a0Ter\u00e7a a s\u00e1bado das 8h \u00e0s 18h. Domingo e feriado das 8h30 \u00e0s 12h30.<\/p>\n<p style=\"text-align: justify;\">Localizado no Bairro da Terra Nova, o empreendimento funciona em um s\u00edtio com estrutura familiar e produ\u00e7\u00e3o artesanal. Descendente de italianos e espanh\u00f3is e com experi\u00eancia familiar em cria\u00e7\u00e3o de su\u00ednos desde 1939, Ant\u00f4nio Pavan utilizou seus conhecimentos para dar in\u00edcio ao neg\u00f3cio da fam\u00edlia. Incentivou seus filhos, ainda crian\u00e7as, a compreenderem a import\u00e2ncia deste trabalho e o valor da tradi\u00e7\u00e3o familiar. Em meados da d\u00e9cada de 80, junto com os filhos, iniciou a produ\u00e7\u00e3o de lingui\u00e7as e cortes su\u00ednos, comercializando no pr\u00f3prio s\u00edtio. Em 1991, para atender a necessidade dos clientes, participou de um curso de processamento e aproveitamento racional de su\u00ednos junto \u00e0 Secretaria da Agricultura e Abastecimento em S\u00e3o Paulo, para aperfei\u00e7oamento e aprendizagem sobre defuma\u00e7\u00e3o e cozimento, salsichas e mortadelas, tempero de carnes e outros fatores que afetam a qualidade das carnes. Transmitiu o conhecimento aos filhos e juntos produzem, at\u00e9 os dias atuais, uma variedade de produtos defumados, lingui\u00e7as, carne su\u00edna, cordeiro, chouri\u00e7o, codeguim, etc, mantendo assim a cultura familiar que j\u00e1 est\u00e1 na quarta gera\u00e7\u00e3o.<\/p>\n<p style=\"text-align: justify;\">O Pavan Boutique do Porco, comercializa produtos vinculados aos conceitos de turismo rural, caracterizando-se, predominantemente pelo processamento artesanal. Al\u00e9m disso, disp\u00f5e de outros produtos artesanais como doces, queijos, vinhos, etc.<\/p>\n<p style=\"text-align: justify;\"><img loading=\"lazy\" decoding=\"async\" class=\"size-medium wp-image-220 alignleft\" src=\"http:\/\/rotasturisticas.jundiai.sp.gov.br\/terranova\/wp-content\/uploads\/sites\/3\/2016\/04\/sitio1-300x200.jpg\" alt=\"\" width=\"300\" height=\"200\" srcset=\"https:\/\/rotasturisticas.jundiai.sp.gov.br\/terranova\/wp-content\/uploads\/sites\/3\/2016\/04\/sitio1-300x200.jpg 300w, https:\/\/rotasturisticas.jundiai.sp.gov.br\/terranova\/wp-content\/uploads\/sites\/3\/2016\/04\/sitio1-768x512.jpg 768w, https:\/\/rotasturisticas.jundiai.sp.gov.br\/terranova\/wp-content\/uploads\/sites\/3\/2016\/04\/sitio1-920x613.jpg 920w, https:\/\/rotasturisticas.jundiai.sp.gov.br\/terranova\/wp-content\/uploads\/sites\/3\/2016\/04\/sitio1.jpg 1280w\" sizes=\"auto, (max-width: 300px) 100vw, 300px\" \/><\/p>\n<p><img loading=\"lazy\" decoding=\"async\" class=\" wp-image-224 alignright\" style=\"text-align: justify;\" src=\"http:\/\/rotasturisticas.jundiai.sp.gov.br\/terranova\/wp-content\/uploads\/sites\/3\/2016\/04\/costela-barbecue-300x200.jpg\" alt=\"\" width=\"295\" height=\"196\" srcset=\"https:\/\/rotasturisticas.jundiai.sp.gov.br\/terranova\/wp-content\/uploads\/sites\/3\/2016\/04\/costela-barbecue-300x200.jpg 300w, https:\/\/rotasturisticas.jundiai.sp.gov.br\/terranova\/wp-content\/uploads\/sites\/3\/2016\/04\/costela-barbecue-768x512.jpg 768w, https:\/\/rotasturisticas.jundiai.sp.gov.br\/terranova\/wp-content\/uploads\/sites\/3\/2016\/04\/costela-barbecue-920x613.jpg 920w, https:\/\/rotasturisticas.jundiai.sp.gov.br\/terranova\/wp-content\/uploads\/sites\/3\/2016\/04\/costela-barbecue.jpg 1280w\" sizes=\"auto, (max-width: 295px) 100vw, 295px\" \/><\/p>\n<p>&nbsp;<\/p>\n<p>&nbsp;<\/p>\n<p>&nbsp;<\/p>\n<p>&nbsp;<\/p>\n<p>&nbsp;<\/p>\n<p><img loading=\"lazy\" decoding=\"async\" class=\"wp-image-225 aligncenter\" src=\"http:\/\/rotasturisticas.jundiai.sp.gov.br\/terranova\/wp-content\/uploads\/sites\/3\/2016\/04\/ling.rucula-300x200.jpg\" alt=\"\" width=\"287\" height=\"191\" srcset=\"https:\/\/rotasturisticas.jundiai.sp.gov.br\/terranova\/wp-content\/uploads\/sites\/3\/2016\/04\/ling.rucula-300x200.jpg 300w, https:\/\/rotasturisticas.jundiai.sp.gov.br\/terranova\/wp-content\/uploads\/sites\/3\/2016\/04\/ling.rucula-768x512.jpg 768w, https:\/\/rotasturisticas.jundiai.sp.gov.br\/terranova\/wp-content\/uploads\/sites\/3\/2016\/04\/ling.rucula-920x613.jpg 920w, https:\/\/rotasturisticas.jundiai.sp.gov.br\/terranova\/wp-content\/uploads\/sites\/3\/2016\/04\/ling.rucula.jpg 1280w\" sizes=\"auto, (max-width: 287px) 100vw, 287px\" \/><\/p>\n<p style=\"text-align: justify;\"><img loading=\"lazy\" decoding=\"async\" class=\"size-medium wp-image-221 alignright\" src=\"http:\/\/rotasturisticas.jundiai.sp.gov.br\/terranova\/wp-content\/uploads\/sites\/3\/2016\/04\/loja1-300x200.jpg\" alt=\"\" width=\"300\" height=\"200\" srcset=\"https:\/\/rotasturisticas.jundiai.sp.gov.br\/terranova\/wp-content\/uploads\/sites\/3\/2016\/04\/loja1-300x200.jpg 300w, https:\/\/rotasturisticas.jundiai.sp.gov.br\/terranova\/wp-content\/uploads\/sites\/3\/2016\/04\/loja1-768x512.jpg 768w, https:\/\/rotasturisticas.jundiai.sp.gov.br\/terranova\/wp-content\/uploads\/sites\/3\/2016\/04\/loja1-920x613.jpg 920w, https:\/\/rotasturisticas.jundiai.sp.gov.br\/terranova\/wp-content\/uploads\/sites\/3\/2016\/04\/loja1.jpg 1280w\" sizes=\"auto, (max-width: 300px) 100vw, 300px\" \/><\/p>\n<p style=\"text-align: justify;\"><img loading=\"lazy\" decoding=\"async\" class=\"size-medium wp-image-223 alignleft\" src=\"http:\/\/rotasturisticas.jundiai.sp.gov.br\/terranova\/wp-content\/uploads\/sites\/3\/2016\/04\/tender-semiosso-300x200.jpg\" alt=\"\" width=\"300\" height=\"200\" srcset=\"https:\/\/rotasturisticas.jundiai.sp.gov.br\/terranova\/wp-content\/uploads\/sites\/3\/2016\/04\/tender-semiosso-300x200.jpg 300w, https:\/\/rotasturisticas.jundiai.sp.gov.br\/terranova\/wp-content\/uploads\/sites\/3\/2016\/04\/tender-semiosso-768x512.jpg 768w, https:\/\/rotasturisticas.jundiai.sp.gov.br\/terranova\/wp-content\/uploads\/sites\/3\/2016\/04\/tender-semiosso-920x613.jpg 920w, https:\/\/rotasturisticas.jundiai.sp.gov.br\/terranova\/wp-content\/uploads\/sites\/3\/2016\/04\/tender-semiosso.jpg 1280w\" sizes=\"auto, (max-width: 300px) 100vw, 300px\" \/><\/p>\n<p>&nbsp;<\/p>\n<p style=\"text-align: justify;\">\n","protected":false},"excerpt":{"rendered":"<p>Endere\u00e7o: Av. Engenheiro Tasso Pinheiro, 920 \u2013 Terra Nova Telefones: (11) 4537-3850 \/ 4537-1528 E-mail: contato@pavanboutiquedoporco.com.br Site: www.pavanboutiquedoporco.com.br Facebook:\u00a0Pavan- Boutique Do PORCO Instagram:\u00a0pavan_boutique_do_porco Hor\u00e1rio de Atendimento:\u00a0Ter\u00e7a a s\u00e1bado das 8h \u00e0s 18h. Domingo e feriado das 8h30 \u00e0s 12h30. Localizado no Bairro da Terra Nova, o empreendimento funciona em um s\u00edtio com estrutura familiar e [&hellip;]<\/p>\n","protected":false},"author":4,"featured_media":0,"parent":15,"menu_order":0,"comment_status":"closed","ping_status":"closed","template":"","meta":{"footnotes":""},"class_list":["post-123","page","type-page","status-publish","hentry"],"_links":{"self":[{"href":"https:\/\/rotasturisticas.jundiai.sp.gov.br\/terranova\/wp-json\/wp\/v2\/pages\/123","targetHints":{"allow":["GET"]}}],"collection":[{"href":"https:\/\/rotasturisticas.jundiai.sp.gov.br\/terranova\/wp-json\/wp\/v2\/pages"}],"about":[{"href":"https:\/\/rotasturisticas.jundiai.sp.gov.br\/terranova\/wp-json\/wp\/v2\/types\/page"}],"author":[{"embeddable":true,"href":"https:\/\/rotasturisticas.jundiai.sp.gov.br\/terranova\/wp-json\/wp\/v2\/users\/4"}],"replies":[{"embeddable":true,"href":"https:\/\/rotasturisticas.jundiai.sp.gov.br\/terranova\/wp-json\/wp\/v2\/comments?post=123"}],"version-history":[{"count":16,"href":"https:\/\/rotasturisticas.jundiai.sp.gov.br\/terranova\/wp-json\/wp\/v2\/pages\/123\/revisions"}],"predecessor-version":[{"id":477,"href":"https:\/\/rotasturisticas.jundiai.sp.gov.br\/terranova\/wp-json\/wp\/v2\/pages\/123\/revisions\/477"}],"up":[{"embeddable":true,"href":"https:\/\/rotasturisticas.jundiai.sp.gov.br\/terranova\/wp-json\/wp\/v2\/pages\/15"}],"wp:attachment":[{"href":"https:\/\/rotasturisticas.jundiai.sp.gov.br\/terranova\/wp-json\/wp\/v2\/media?parent=123"}],"curies":[{"name":"wp","href":"https:\/\/api.w.org\/{rel}","templated":true}]}}