{"id":85,"date":"2025-05-19T11:24:18","date_gmt":"2025-05-19T14:24:18","guid":{"rendered":"https:\/\/rotasturisticas.jundiai.sp.gov.br\/sabores\/?page_id=85"},"modified":"2025-06-03T10:55:15","modified_gmt":"2025-06-03T13:55:15","slug":"quinta-dos-alves","status":"publish","type":"page","link":"https:\/\/rotasturisticas.jundiai.sp.gov.br\/sabores\/onde-comer\/quinta-dos-alves\/","title":{"rendered":"Quinta dos Alves"},"content":{"rendered":"\n<p>Quinta dos Alves \u2013 O Sabor da Tradi\u00e7\u00e3o em um Ref\u00fagio Natural!<br>Se voc\u00ea busca uma experi\u00eancia gastron\u00f4mica \u00fanica, venha conhecer a Quinta dos Alves! Um restaurante acolhedor, localizado em um lindo s\u00edtio familiar, onde a natureza, o sabor e a tradi\u00e7\u00e3o se encontram.<br>Comece seu dia com um delicioso caf\u00e9 da manh\u00e3 colonial, repleto de p\u00e3es caseiros, bolos fresquinhos, sucos, geleias, queijos da regi\u00e3o e muito mais. Tudo preparado com carinho para trazer aquele gostinho do sitio que encanta a todos.<br>Conforto e Agilidade no Atendimento!<br>Na Quinta dos Alves, voc\u00ea aproveita um ambiente amplo e acolhedor, com grande capacidade de atendimento. Gra\u00e7as ao nosso espa\u00e7o generoso, \u00e9 raro encontrar filas de espera, garantindo mais conforto e rapidez para voc\u00ea curtir cada momento sem pressa!<br>Al\u00e9m da comida irresist\u00edvel, aqui voc\u00ea encontra uma mini fazendinha, perfeita para um passeio em fam\u00edlia, e uma loja de artesanato e produtos regionais, onde voc\u00ea pode levar um pedacinho desse encanto para casa.<br>Voc\u00ea tamb\u00e9m tem a possibilidade de realizar eventos corporativos conosco e tamb\u00e9m celebra\u00e7\u00e3o de casamentos, bodas, anivers\u00e1rios, etc.<br>Com uma ampla \u00e1rea verde e um ambiente tranquilo, a Quinta dos Alves \u00e9 o lugar ideal para relaxar, aproveitar bons momentos e se conectar com a simplicidade e beleza do campo.<br>Venha viver essa experi\u00eancia! Estamos esperando por voc\u00ea!<\/p>\n\n\n\n<figure class=\"wp-block-gallery has-nested-images columns-default is-cropped wp-block-gallery-1 is-layout-flex wp-block-gallery-is-layout-flex\">\n<figure class=\"wp-block-image size-large\"><img loading=\"lazy\" decoding=\"async\" width=\"713\" height=\"950\" data-id=\"398\" src=\"https:\/\/rotasturisticas.jundiai.sp.gov.br\/sabores\/wp-content\/uploads\/sites\/12\/2025\/05\/WhatsApp-Image-2025-03-19-at-21.54.49-Luciana-Alves-3-713x950.jpeg\" alt=\"\" class=\"wp-image-398\" srcset=\"https:\/\/rotasturisticas.jundiai.sp.gov.br\/sabores\/wp-content\/uploads\/sites\/12\/2025\/05\/WhatsApp-Image-2025-03-19-at-21.54.49-Luciana-Alves-3-713x950.jpeg 713w, https:\/\/rotasturisticas.jundiai.sp.gov.br\/sabores\/wp-content\/uploads\/sites\/12\/2025\/05\/WhatsApp-Image-2025-03-19-at-21.54.49-Luciana-Alves-3-768x1024.jpeg 768w, https:\/\/rotasturisticas.jundiai.sp.gov.br\/sabores\/wp-content\/uploads\/sites\/12\/2025\/05\/WhatsApp-Image-2025-03-19-at-21.54.49-Luciana-Alves-3-1152x1536.jpeg 1152w, https:\/\/rotasturisticas.jundiai.sp.gov.br\/sabores\/wp-content\/uploads\/sites\/12\/2025\/05\/WhatsApp-Image-2025-03-19-at-21.54.49-Luciana-Alves-3.jpeg 1200w\" sizes=\"auto, (max-width: 713px) 100vw, 713px\" \/><\/figure>\n\n\n\n<figure class=\"wp-block-image size-large\"><img loading=\"lazy\" decoding=\"async\" width=\"713\" height=\"950\" data-id=\"399\" src=\"https:\/\/rotasturisticas.jundiai.sp.gov.br\/sabores\/wp-content\/uploads\/sites\/12\/2025\/05\/WhatsApp-Image-2025-03-19-at-21.54.49-1-Luciana-Alves-2-713x950.jpeg\" alt=\"\" class=\"wp-image-399\" srcset=\"https:\/\/rotasturisticas.jundiai.sp.gov.br\/sabores\/wp-content\/uploads\/sites\/12\/2025\/05\/WhatsApp-Image-2025-03-19-at-21.54.49-1-Luciana-Alves-2-713x950.jpeg 713w, https:\/\/rotasturisticas.jundiai.sp.gov.br\/sabores\/wp-content\/uploads\/sites\/12\/2025\/05\/WhatsApp-Image-2025-03-19-at-21.54.49-1-Luciana-Alves-2-768x1024.jpeg 768w, https:\/\/rotasturisticas.jundiai.sp.gov.br\/sabores\/wp-content\/uploads\/sites\/12\/2025\/05\/WhatsApp-Image-2025-03-19-at-21.54.49-1-Luciana-Alves-2-1152x1536.jpeg 1152w, https:\/\/rotasturisticas.jundiai.sp.gov.br\/sabores\/wp-content\/uploads\/sites\/12\/2025\/05\/WhatsApp-Image-2025-03-19-at-21.54.49-1-Luciana-Alves-2.jpeg 1200w\" sizes=\"auto, (max-width: 713px) 100vw, 713px\" \/><\/figure>\n\n\n\n<figure class=\"wp-block-image size-large\"><img loading=\"lazy\" decoding=\"async\" width=\"713\" height=\"950\" data-id=\"400\" src=\"https:\/\/rotasturisticas.jundiai.sp.gov.br\/sabores\/wp-content\/uploads\/sites\/12\/2025\/05\/WhatsApp-Image-2025-03-19-at-21.54.49-2-Luciana-Alves-2-713x950.jpeg\" alt=\"\" class=\"wp-image-400\" srcset=\"https:\/\/rotasturisticas.jundiai.sp.gov.br\/sabores\/wp-content\/uploads\/sites\/12\/2025\/05\/WhatsApp-Image-2025-03-19-at-21.54.49-2-Luciana-Alves-2-713x950.jpeg 713w, https:\/\/rotasturisticas.jundiai.sp.gov.br\/sabores\/wp-content\/uploads\/sites\/12\/2025\/05\/WhatsApp-Image-2025-03-19-at-21.54.49-2-Luciana-Alves-2-768x1024.jpeg 768w, https:\/\/rotasturisticas.jundiai.sp.gov.br\/sabores\/wp-content\/uploads\/sites\/12\/2025\/05\/WhatsApp-Image-2025-03-19-at-21.54.49-2-Luciana-Alves-2-1152x1536.jpeg 1152w, https:\/\/rotasturisticas.jundiai.sp.gov.br\/sabores\/wp-content\/uploads\/sites\/12\/2025\/05\/WhatsApp-Image-2025-03-19-at-21.54.49-2-Luciana-Alves-2.jpeg 1200w\" sizes=\"auto, (max-width: 713px) 100vw, 713px\" \/><\/figure>\n\n\n\n<figure class=\"wp-block-image size-large\"><img loading=\"lazy\" decoding=\"async\" width=\"713\" height=\"950\" data-id=\"402\" src=\"https:\/\/rotasturisticas.jundiai.sp.gov.br\/sabores\/wp-content\/uploads\/sites\/12\/2025\/05\/WhatsApp-Image-2025-03-19-at-21.54.50-Luciana-Alves-2-713x950.jpeg\" alt=\"\" class=\"wp-image-402\" srcset=\"https:\/\/rotasturisticas.jundiai.sp.gov.br\/sabores\/wp-content\/uploads\/sites\/12\/2025\/05\/WhatsApp-Image-2025-03-19-at-21.54.50-Luciana-Alves-2-713x950.jpeg 713w, https:\/\/rotasturisticas.jundiai.sp.gov.br\/sabores\/wp-content\/uploads\/sites\/12\/2025\/05\/WhatsApp-Image-2025-03-19-at-21.54.50-Luciana-Alves-2-768x1024.jpeg 768w, https:\/\/rotasturisticas.jundiai.sp.gov.br\/sabores\/wp-content\/uploads\/sites\/12\/2025\/05\/WhatsApp-Image-2025-03-19-at-21.54.50-Luciana-Alves-2-1152x1536.jpeg 1152w, https:\/\/rotasturisticas.jundiai.sp.gov.br\/sabores\/wp-content\/uploads\/sites\/12\/2025\/05\/WhatsApp-Image-2025-03-19-at-21.54.50-Luciana-Alves-2.jpeg 1200w\" sizes=\"auto, (max-width: 713px) 100vw, 713px\" \/><\/figure>\n\n\n\n<figure class=\"wp-block-image size-large\"><img loading=\"lazy\" decoding=\"async\" width=\"713\" height=\"950\" data-id=\"401\" src=\"https:\/\/rotasturisticas.jundiai.sp.gov.br\/sabores\/wp-content\/uploads\/sites\/12\/2025\/05\/WhatsApp-Image-2025-03-19-at-21.54.50-1-Luciana-Alves-3-713x950.jpeg\" alt=\"\" class=\"wp-image-401\" srcset=\"https:\/\/rotasturisticas.jundiai.sp.gov.br\/sabores\/wp-content\/uploads\/sites\/12\/2025\/05\/WhatsApp-Image-2025-03-19-at-21.54.50-1-Luciana-Alves-3-713x950.jpeg 713w, https:\/\/rotasturisticas.jundiai.sp.gov.br\/sabores\/wp-content\/uploads\/sites\/12\/2025\/05\/WhatsApp-Image-2025-03-19-at-21.54.50-1-Luciana-Alves-3-768x1024.jpeg 768w, https:\/\/rotasturisticas.jundiai.sp.gov.br\/sabores\/wp-content\/uploads\/sites\/12\/2025\/05\/WhatsApp-Image-2025-03-19-at-21.54.50-1-Luciana-Alves-3-1152x1536.jpeg 1152w, https:\/\/rotasturisticas.jundiai.sp.gov.br\/sabores\/wp-content\/uploads\/sites\/12\/2025\/05\/WhatsApp-Image-2025-03-19-at-21.54.50-1-Luciana-Alves-3.jpeg 1200w\" sizes=\"auto, (max-width: 713px) 100vw, 713px\" \/><\/figure>\n\n\n\n<figure class=\"wp-block-image size-large\"><img loading=\"lazy\" decoding=\"async\" width=\"713\" height=\"950\" data-id=\"404\" src=\"https:\/\/rotasturisticas.jundiai.sp.gov.br\/sabores\/wp-content\/uploads\/sites\/12\/2025\/05\/WhatsApp-Image-2025-03-19-at-21.54.50-2-Luciana-Alves-1-713x950.jpeg\" alt=\"\" class=\"wp-image-404\" srcset=\"https:\/\/rotasturisticas.jundiai.sp.gov.br\/sabores\/wp-content\/uploads\/sites\/12\/2025\/05\/WhatsApp-Image-2025-03-19-at-21.54.50-2-Luciana-Alves-1-713x950.jpeg 713w, https:\/\/rotasturisticas.jundiai.sp.gov.br\/sabores\/wp-content\/uploads\/sites\/12\/2025\/05\/WhatsApp-Image-2025-03-19-at-21.54.50-2-Luciana-Alves-1-768x1024.jpeg 768w, https:\/\/rotasturisticas.jundiai.sp.gov.br\/sabores\/wp-content\/uploads\/sites\/12\/2025\/05\/WhatsApp-Image-2025-03-19-at-21.54.50-2-Luciana-Alves-1-1152x1536.jpeg 1152w, https:\/\/rotasturisticas.jundiai.sp.gov.br\/sabores\/wp-content\/uploads\/sites\/12\/2025\/05\/WhatsApp-Image-2025-03-19-at-21.54.50-2-Luciana-Alves-1.jpeg 1200w\" sizes=\"auto, (max-width: 713px) 100vw, 713px\" \/><\/figure>\n\n\n\n<figure class=\"wp-block-image size-full\"><img loading=\"lazy\" decoding=\"async\" width=\"1200\" height=\"1600\" data-id=\"403\" src=\"https:\/\/rotasturisticas.jundiai.sp.gov.br\/sabores\/wp-content\/uploads\/sites\/12\/2025\/05\/WhatsApp-Image-2025-03-19-at-21.54.50-3-Luciana-Alves-1.jpeg\" alt=\"\" class=\"wp-image-403\" srcset=\"https:\/\/rotasturisticas.jundiai.sp.gov.br\/sabores\/wp-content\/uploads\/sites\/12\/2025\/05\/WhatsApp-Image-2025-03-19-at-21.54.50-3-Luciana-Alves-1.jpeg 1200w, https:\/\/rotasturisticas.jundiai.sp.gov.br\/sabores\/wp-content\/uploads\/sites\/12\/2025\/05\/WhatsApp-Image-2025-03-19-at-21.54.50-3-Luciana-Alves-1-713x950.jpeg 713w, https:\/\/rotasturisticas.jundiai.sp.gov.br\/sabores\/wp-content\/uploads\/sites\/12\/2025\/05\/WhatsApp-Image-2025-03-19-at-21.54.50-3-Luciana-Alves-1-768x1024.jpeg 768w, https:\/\/rotasturisticas.jundiai.sp.gov.br\/sabores\/wp-content\/uploads\/sites\/12\/2025\/05\/WhatsApp-Image-2025-03-19-at-21.54.50-3-Luciana-Alves-1-1152x1536.jpeg 1152w\" sizes=\"auto, (max-width: 1200px) 100vw, 1200px\" \/><\/figure>\n\n\n\n<figure class=\"wp-block-image size-large\"><img loading=\"lazy\" decoding=\"async\" width=\"713\" height=\"950\" data-id=\"405\" src=\"https:\/\/rotasturisticas.jundiai.sp.gov.br\/sabores\/wp-content\/uploads\/sites\/12\/2025\/05\/WhatsApp-Image-2025-03-19-at-21.54.50-4-Luciana-Alves-1-713x950.jpeg\" alt=\"\" class=\"wp-image-405\" srcset=\"https:\/\/rotasturisticas.jundiai.sp.gov.br\/sabores\/wp-content\/uploads\/sites\/12\/2025\/05\/WhatsApp-Image-2025-03-19-at-21.54.50-4-Luciana-Alves-1-713x950.jpeg 713w, https:\/\/rotasturisticas.jundiai.sp.gov.br\/sabores\/wp-content\/uploads\/sites\/12\/2025\/05\/WhatsApp-Image-2025-03-19-at-21.54.50-4-Luciana-Alves-1-768x1024.jpeg 768w, https:\/\/rotasturisticas.jundiai.sp.gov.br\/sabores\/wp-content\/uploads\/sites\/12\/2025\/05\/WhatsApp-Image-2025-03-19-at-21.54.50-4-Luciana-Alves-1-1152x1536.jpeg 1152w, https:\/\/rotasturisticas.jundiai.sp.gov.br\/sabores\/wp-content\/uploads\/sites\/12\/2025\/05\/WhatsApp-Image-2025-03-19-at-21.54.50-4-Luciana-Alves-1.jpeg 1200w\" sizes=\"auto, (max-width: 713px) 100vw, 713px\" \/><\/figure>\n\n\n\n<figure class=\"wp-block-image size-large\"><img loading=\"lazy\" decoding=\"async\" width=\"713\" height=\"950\" data-id=\"407\" src=\"https:\/\/rotasturisticas.jundiai.sp.gov.br\/sabores\/wp-content\/uploads\/sites\/12\/2025\/05\/WhatsApp-Image-2025-03-19-at-21.54.51-Luciana-Alves-1-713x950.jpeg\" alt=\"\" class=\"wp-image-407\" srcset=\"https:\/\/rotasturisticas.jundiai.sp.gov.br\/sabores\/wp-content\/uploads\/sites\/12\/2025\/05\/WhatsApp-Image-2025-03-19-at-21.54.51-Luciana-Alves-1-713x950.jpeg 713w, https:\/\/rotasturisticas.jundiai.sp.gov.br\/sabores\/wp-content\/uploads\/sites\/12\/2025\/05\/WhatsApp-Image-2025-03-19-at-21.54.51-Luciana-Alves-1-768x1024.jpeg 768w, https:\/\/rotasturisticas.jundiai.sp.gov.br\/sabores\/wp-content\/uploads\/sites\/12\/2025\/05\/WhatsApp-Image-2025-03-19-at-21.54.51-Luciana-Alves-1-1152x1536.jpeg 1152w, https:\/\/rotasturisticas.jundiai.sp.gov.br\/sabores\/wp-content\/uploads\/sites\/12\/2025\/05\/WhatsApp-Image-2025-03-19-at-21.54.51-Luciana-Alves-1.jpeg 1200w\" sizes=\"auto, (max-width: 713px) 100vw, 713px\" \/><\/figure>\n\n\n\n<figure class=\"wp-block-image size-large\"><img loading=\"lazy\" decoding=\"async\" width=\"713\" height=\"950\" data-id=\"406\" src=\"https:\/\/rotasturisticas.jundiai.sp.gov.br\/sabores\/wp-content\/uploads\/sites\/12\/2025\/05\/WhatsApp-Image-2025-03-19-at-21.55.00-Luciana-Alves-1-713x950.jpeg\" alt=\"\" class=\"wp-image-406\" srcset=\"https:\/\/rotasturisticas.jundiai.sp.gov.br\/sabores\/wp-content\/uploads\/sites\/12\/2025\/05\/WhatsApp-Image-2025-03-19-at-21.55.00-Luciana-Alves-1-713x950.jpeg 713w, https:\/\/rotasturisticas.jundiai.sp.gov.br\/sabores\/wp-content\/uploads\/sites\/12\/2025\/05\/WhatsApp-Image-2025-03-19-at-21.55.00-Luciana-Alves-1-768x1024.jpeg 768w, https:\/\/rotasturisticas.jundiai.sp.gov.br\/sabores\/wp-content\/uploads\/sites\/12\/2025\/05\/WhatsApp-Image-2025-03-19-at-21.55.00-Luciana-Alves-1-1152x1536.jpeg 1152w, https:\/\/rotasturisticas.jundiai.sp.gov.br\/sabores\/wp-content\/uploads\/sites\/12\/2025\/05\/WhatsApp-Image-2025-03-19-at-21.55.00-Luciana-Alves-1.jpeg 1200w\" sizes=\"auto, (max-width: 713px) 100vw, 713px\" \/><\/figure>\n<\/figure>\n\n\n\n<figure class=\"wp-block-gallery has-nested-images columns-default is-cropped wp-block-gallery-2 is-layout-flex wp-block-gallery-is-layout-flex\"><\/figure>\n\n\n\n<figure class=\"wp-block-gallery has-nested-images columns-default is-cropped wp-block-gallery-3 is-layout-flex wp-block-gallery-is-layout-flex\"><\/figure>\n\n\n\n<figure class=\"wp-block-gallery has-nested-images columns-default is-cropped wp-block-gallery-4 is-layout-flex wp-block-gallery-is-layout-flex\"><\/figure>\n\n\n\n<figure class=\"wp-block-gallery has-nested-images columns-default is-cropped wp-block-gallery-5 is-layout-flex wp-block-gallery-is-layout-flex\"><\/figure>\n\n\n\n<figure class=\"wp-block-gallery has-nested-images columns-default is-cropped wp-block-gallery-6 is-layout-flex wp-block-gallery-is-layout-flex\"><\/figure>\n","protected":false},"excerpt":{"rendered":"<p>Quinta dos Alves \u2013 O Sabor da Tradi\u00e7\u00e3o em um Ref\u00fagio Natural!Se voc\u00ea busca uma experi\u00eancia gastron\u00f4mica \u00fanica, venha conhecer a Quinta dos Alves! Um restaurante acolhedor, localizado em um lindo s\u00edtio familiar, onde a natureza, o sabor e a tradi\u00e7\u00e3o se encontram.Comece seu dia com um delicioso caf\u00e9 da manh\u00e3 colonial, repleto de p\u00e3es [&hellip;]<\/p>\n","protected":false},"author":23,"featured_media":403,"parent":12,"menu_order":0,"comment_status":"closed","ping_status":"closed","template":"page-local.php","meta":{"footnotes":""},"class_list":["post-85","page","type-page","status-publish","has-post-thumbnail","hentry"],"_links":{"self":[{"href":"https:\/\/rotasturisticas.jundiai.sp.gov.br\/sabores\/wp-json\/wp\/v2\/pages\/85","targetHints":{"allow":["GET"]}}],"collection":[{"href":"https:\/\/rotasturisticas.jundiai.sp.gov.br\/sabores\/wp-json\/wp\/v2\/pages"}],"about":[{"href":"https:\/\/rotasturisticas.jundiai.sp.gov.br\/sabores\/wp-json\/wp\/v2\/types\/page"}],"author":[{"embeddable":true,"href":"https:\/\/rotasturisticas.jundiai.sp.gov.br\/sabores\/wp-json\/wp\/v2\/users\/23"}],"replies":[{"embeddable":true,"href":"https:\/\/rotasturisticas.jundiai.sp.gov.br\/sabores\/wp-json\/wp\/v2\/comments?post=85"}],"version-history":[{"count":3,"href":"https:\/\/rotasturisticas.jundiai.sp.gov.br\/sabores\/wp-json\/wp\/v2\/pages\/85\/revisions"}],"predecessor-version":[{"id":420,"href":"https:\/\/rotasturisticas.jundiai.sp.gov.br\/sabores\/wp-json\/wp\/v2\/pages\/85\/revisions\/420"}],"up":[{"embeddable":true,"href":"https:\/\/rotasturisticas.jundiai.sp.gov.br\/sabores\/wp-json\/wp\/v2\/pages\/12"}],"wp:featuredmedia":[{"embeddable":true,"href":"https:\/\/rotasturisticas.jundiai.sp.gov.br\/sabores\/wp-json\/wp\/v2\/media\/403"}],"wp:attachment":[{"href":"https:\/\/rotasturisticas.jundiai.sp.gov.br\/sabores\/wp-json\/wp\/v2\/media?parent=85"}],"curies":[{"name":"wp","href":"https:\/\/api.w.org\/{rel}","templated":true}]}}