{"id":504,"date":"2025-07-07T15:37:26","date_gmt":"2025-07-07T18:37:26","guid":{"rendered":"https:\/\/rotasturisticas.jundiai.sp.gov.br\/sabores\/?page_id=504"},"modified":"2025-07-08T10:32:26","modified_gmt":"2025-07-08T13:32:26","slug":"massas-farfalle","status":"publish","type":"page","link":"https:\/\/rotasturisticas.jundiai.sp.gov.br\/sabores\/lojas-especiais\/massas-farfalle\/","title":{"rendered":"Massas Farfalle"},"content":{"rendered":"\n<p>Massas Farfalle Jundia\u00ed<br>Tradi\u00e7\u00e3o Artesanal, Sabor de Verdade<\/p>\n\n\n\n<p>A Massas Farfalle nasceu em Jundia\u00ed com um prop\u00f3sito simples e apaixonado: levar para as mesas dos nossos clientes o verdadeiro sabor da massa artesanal, com qualidade, carinho e aquele toque caseiro que transforma qualquer refei\u00e7\u00e3o em um momento especial.<\/p>\n\n\n\n<p>Inspirados pela tradi\u00e7\u00e3o italiana e pela riqueza gastron\u00f4mica do interior paulista, produzimos massas frescas e secas com ingredientes selecionados, sem conservantes e com todo o cuidado que o processo artesanal exige.<\/p>\n\n\n\n<p>Nosso portf\u00f3lio inclui desde cl\u00e1ssicos como tagliatelle, parpadelle e talharim, at\u00e9 massas recheadas, cortes especiais e linhas desenvolvidas sob medida para o food service e o varejo premium.<\/p>\n\n\n\n<p>Diferenciais Farfalle<br>\u2714 Produ\u00e7\u00e3o local em Jundia\u00ed, com rigoroso controle de qualidade.<br>\u2714 Massa com textura e sabor diferenciados, perfeita para alta gastronomia ou o dia a dia.<br>\u2714 Linha exclusiva para restaurantes, emp\u00f3rios e supermercados.<br>\u2714 Desenvolvimento de produtos personalizados para parceiros.<\/p>\n\n\n\n<p>Nossa Ess\u00eancia<br>Valorizamos o trabalho manual, o respeito ao alimento e o cuidado em cada detalhe. Mais do que produzir massas, queremos criar experi\u00eancias, fortalecer parcerias e levar \u00e0 sua mesa o que h\u00e1 de melhor na tradi\u00e7\u00e3o da massa artesanal.<\/p>\n\n\n\n<p>Massas Farfalle Jundia\u00ed \u2013 Sinta o sabor, perceba a diferen\u00e7a.<\/p>\n\n\n\n<figure class=\"wp-block-gallery has-nested-images columns-default is-cropped wp-block-gallery-1 is-layout-flex wp-block-gallery-is-layout-flex\">\n<figure class=\"wp-block-image size-large\"><img loading=\"lazy\" decoding=\"async\" width=\"385\" height=\"530\" data-id=\"507\" src=\"https:\/\/rotasturisticas.jundiai.sp.gov.br\/sabores\/wp-content\/uploads\/sites\/12\/2025\/07\/Espaguete-Site.png\" alt=\"\" class=\"wp-image-507\" \/><\/figure>\n\n\n\n<figure class=\"wp-block-image size-large\"><img loading=\"lazy\" decoding=\"async\" width=\"768\" height=\"526\" data-id=\"506\" src=\"https:\/\/rotasturisticas.jundiai.sp.gov.br\/sabores\/wp-content\/uploads\/sites\/12\/2025\/07\/MG_2551-as-Smart-Object-1-copy-768x526-1.jpg\" alt=\"\" class=\"wp-image-506\" \/><\/figure>\n\n\n\n<figure class=\"wp-block-image size-large\"><img loading=\"lazy\" decoding=\"async\" width=\"768\" height=\"643\" data-id=\"508\" src=\"https:\/\/rotasturisticas.jundiai.sp.gov.br\/sabores\/wp-content\/uploads\/sites\/12\/2025\/07\/MG_2552-as-Smart-Object-1-copy-768x643-1.jpg\" alt=\"\" class=\"wp-image-508\" \/><\/figure>\n\n\n\n<figure class=\"wp-block-image size-large\"><img loading=\"lazy\" decoding=\"async\" width=\"768\" height=\"552\" data-id=\"509\" src=\"https:\/\/rotasturisticas.jundiai.sp.gov.br\/sabores\/wp-content\/uploads\/sites\/12\/2025\/07\/MG_2555-as-Smart-Object-1-copy-768x552-1.jpg\" alt=\"\" class=\"wp-image-509\" \/><\/figure>\n\n\n\n<figure class=\"wp-block-image size-large\"><img loading=\"lazy\" decoding=\"async\" width=\"768\" height=\"477\" data-id=\"511\" src=\"https:\/\/rotasturisticas.jundiai.sp.gov.br\/sabores\/wp-content\/uploads\/sites\/12\/2025\/07\/Nhoque-Site-768x477-1.png\" alt=\"\" class=\"wp-image-511\" \/><\/figure>\n\n\n\n<figure class=\"wp-block-image size-large\"><img loading=\"lazy\" decoding=\"async\" width=\"358\" height=\"493\" data-id=\"510\" src=\"https:\/\/rotasturisticas.jundiai.sp.gov.br\/sabores\/wp-content\/uploads\/sites\/12\/2025\/07\/PalhaFenoSite.png\" alt=\"\" class=\"wp-image-510\" \/><\/figure>\n\n\n\n<figure class=\"wp-block-image size-large\"><img loading=\"lazy\" decoding=\"async\" width=\"377\" height=\"521\" data-id=\"513\" src=\"https:\/\/rotasturisticas.jundiai.sp.gov.br\/sabores\/wp-content\/uploads\/sites\/12\/2025\/07\/PapardelleIntegral-Site.png\" alt=\"\" class=\"wp-image-513\" \/><\/figure>\n\n\n\n<figure class=\"wp-block-image size-large\"><img loading=\"lazy\" decoding=\"async\" width=\"401\" height=\"552\" data-id=\"514\" src=\"https:\/\/rotasturisticas.jundiai.sp.gov.br\/sabores\/wp-content\/uploads\/sites\/12\/2025\/07\/PapardelleSite.png\" alt=\"\" class=\"wp-image-514\" \/><\/figure>\n\n\n\n<figure class=\"wp-block-image size-large\"><img loading=\"lazy\" decoding=\"async\" width=\"277\" height=\"384\" data-id=\"512\" src=\"https:\/\/rotasturisticas.jundiai.sp.gov.br\/sabores\/wp-content\/uploads\/sites\/12\/2025\/07\/TalharineEspinafre-Site.png\" alt=\"\" class=\"wp-image-512\" \/><\/figure>\n<\/figure>\n","protected":false},"excerpt":{"rendered":"<p>Massas Farfalle Jundia\u00edTradi\u00e7\u00e3o Artesanal, Sabor de Verdade A Massas Farfalle nasceu em Jundia\u00ed com um prop\u00f3sito simples e apaixonado: levar para as mesas dos nossos clientes o verdadeiro sabor da massa artesanal, com qualidade, carinho e aquele toque caseiro que transforma qualquer refei\u00e7\u00e3o em um momento especial. Inspirados pela tradi\u00e7\u00e3o italiana e pela riqueza gastron\u00f4mica [&hellip;]<\/p>\n","protected":false},"author":23,"featured_media":0,"parent":20,"menu_order":0,"comment_status":"closed","ping_status":"closed","template":"page-local.php","meta":{"footnotes":""},"class_list":["post-504","page","type-page","status-publish","hentry"],"_links":{"self":[{"href":"https:\/\/rotasturisticas.jundiai.sp.gov.br\/sabores\/wp-json\/wp\/v2\/pages\/504","targetHints":{"allow":["GET"]}}],"collection":[{"href":"https:\/\/rotasturisticas.jundiai.sp.gov.br\/sabores\/wp-json\/wp\/v2\/pages"}],"about":[{"href":"https:\/\/rotasturisticas.jundiai.sp.gov.br\/sabores\/wp-json\/wp\/v2\/types\/page"}],"author":[{"embeddable":true,"href":"https:\/\/rotasturisticas.jundiai.sp.gov.br\/sabores\/wp-json\/wp\/v2\/users\/23"}],"replies":[{"embeddable":true,"href":"https:\/\/rotasturisticas.jundiai.sp.gov.br\/sabores\/wp-json\/wp\/v2\/comments?post=504"}],"version-history":[{"count":2,"href":"https:\/\/rotasturisticas.jundiai.sp.gov.br\/sabores\/wp-json\/wp\/v2\/pages\/504\/revisions"}],"predecessor-version":[{"id":516,"href":"https:\/\/rotasturisticas.jundiai.sp.gov.br\/sabores\/wp-json\/wp\/v2\/pages\/504\/revisions\/516"}],"up":[{"embeddable":true,"href":"https:\/\/rotasturisticas.jundiai.sp.gov.br\/sabores\/wp-json\/wp\/v2\/pages\/20"}],"wp:attachment":[{"href":"https:\/\/rotasturisticas.jundiai.sp.gov.br\/sabores\/wp-json\/wp\/v2\/media?parent=504"}],"curies":[{"name":"wp","href":"https:\/\/api.w.org\/{rel}","templated":true}]}}