{"id":335,"date":"2025-05-28T14:59:50","date_gmt":"2025-05-28T17:59:50","guid":{"rendered":"https:\/\/rotasturisticas.jundiai.sp.gov.br\/sabores\/?page_id=335"},"modified":"2025-06-03T11:02:15","modified_gmt":"2025-06-03T14:02:15","slug":"pe-na-horta","status":"publish","type":"page","link":"https:\/\/rotasturisticas.jundiai.sp.gov.br\/sabores\/lojas-especiais\/pe-na-horta\/","title":{"rendered":"P\u00e9 na Horta"},"content":{"rendered":"\n<p>O P\u00e9 na Horta \u00e9 um s\u00edtio familiar localizado em Jundia\u00ed, onde a terra \u00e9 cultivada com respeito, dedica\u00e7\u00e3o e afeto.<br>Mais do que produzir hortali\u00e7as frescas, nosso prop\u00f3sito \u00e9 resgatar a conex\u00e3o com o que \u00e9 simples, saud\u00e1vel e verdadeiro.<\/p>\n\n\n\n<p>Aqui, o tempo segue o ritmo da natureza. Cada folha, raiz ou fruto \u00e9 resultado do cuidado di\u00e1rio e da rela\u00e7\u00e3o direta com o solo \u2014 sem excessos, sem pressa, com presen\u00e7a e prop\u00f3sito.<\/p>\n\n\n\n<p>Acreditamos que a agricultura familiar \u00e9 essencial para um futuro mais justo, sustent\u00e1vel e humano.<br>E \u00e9 com orgulho que seguimos plantando, colhendo e compartilhando o melhor que a terra pode oferecer.<\/p>\n\n\n\n<figure class=\"wp-block-gallery has-nested-images columns-default is-cropped wp-block-gallery-1 is-layout-flex wp-block-gallery-is-layout-flex\">\n<figure class=\"wp-block-image size-large\"><img loading=\"lazy\" decoding=\"async\" width=\"1267\" height=\"950\" data-id=\"336\" src=\"https:\/\/rotasturisticas.jundiai.sp.gov.br\/sabores\/wp-content\/uploads\/sites\/12\/2025\/05\/IMG-20250526-WA0008-Carlos-Diniz-1-1267x950.jpg\" alt=\"\" class=\"wp-image-336\" srcset=\"https:\/\/rotasturisticas.jundiai.sp.gov.br\/sabores\/wp-content\/uploads\/sites\/12\/2025\/05\/IMG-20250526-WA0008-Carlos-Diniz-1-1267x950.jpg 1267w, https:\/\/rotasturisticas.jundiai.sp.gov.br\/sabores\/wp-content\/uploads\/sites\/12\/2025\/05\/IMG-20250526-WA0008-Carlos-Diniz-1-300x225.jpg 300w, https:\/\/rotasturisticas.jundiai.sp.gov.br\/sabores\/wp-content\/uploads\/sites\/12\/2025\/05\/IMG-20250526-WA0008-Carlos-Diniz-1-768x576.jpg 768w, https:\/\/rotasturisticas.jundiai.sp.gov.br\/sabores\/wp-content\/uploads\/sites\/12\/2025\/05\/IMG-20250526-WA0008-Carlos-Diniz-1.jpg 1280w\" sizes=\"auto, (max-width: 1267px) 100vw, 1267px\" \/><\/figure>\n\n\n\n<figure class=\"wp-block-image size-large\"><img loading=\"lazy\" decoding=\"async\" width=\"1267\" height=\"950\" data-id=\"337\" src=\"https:\/\/rotasturisticas.jundiai.sp.gov.br\/sabores\/wp-content\/uploads\/sites\/12\/2025\/05\/IMG-20250526-WA0009-Carlos-Diniz-1-1267x950.jpg\" alt=\"\" class=\"wp-image-337\" srcset=\"https:\/\/rotasturisticas.jundiai.sp.gov.br\/sabores\/wp-content\/uploads\/sites\/12\/2025\/05\/IMG-20250526-WA0009-Carlos-Diniz-1-1267x950.jpg 1267w, https:\/\/rotasturisticas.jundiai.sp.gov.br\/sabores\/wp-content\/uploads\/sites\/12\/2025\/05\/IMG-20250526-WA0009-Carlos-Diniz-1-300x225.jpg 300w, https:\/\/rotasturisticas.jundiai.sp.gov.br\/sabores\/wp-content\/uploads\/sites\/12\/2025\/05\/IMG-20250526-WA0009-Carlos-Diniz-1-768x576.jpg 768w, https:\/\/rotasturisticas.jundiai.sp.gov.br\/sabores\/wp-content\/uploads\/sites\/12\/2025\/05\/IMG-20250526-WA0009-Carlos-Diniz-1.jpg 1280w\" sizes=\"auto, (max-width: 1267px) 100vw, 1267px\" \/><\/figure>\n\n\n\n<figure class=\"wp-block-image size-large\"><img loading=\"lazy\" decoding=\"async\" width=\"1267\" height=\"950\" data-id=\"338\" src=\"https:\/\/rotasturisticas.jundiai.sp.gov.br\/sabores\/wp-content\/uploads\/sites\/12\/2025\/05\/IMG-20250526-WA0010-Carlos-Diniz-1-1267x950.jpg\" alt=\"\" class=\"wp-image-338\" srcset=\"https:\/\/rotasturisticas.jundiai.sp.gov.br\/sabores\/wp-content\/uploads\/sites\/12\/2025\/05\/IMG-20250526-WA0010-Carlos-Diniz-1-1267x950.jpg 1267w, https:\/\/rotasturisticas.jundiai.sp.gov.br\/sabores\/wp-content\/uploads\/sites\/12\/2025\/05\/IMG-20250526-WA0010-Carlos-Diniz-1-300x225.jpg 300w, https:\/\/rotasturisticas.jundiai.sp.gov.br\/sabores\/wp-content\/uploads\/sites\/12\/2025\/05\/IMG-20250526-WA0010-Carlos-Diniz-1-768x576.jpg 768w, https:\/\/rotasturisticas.jundiai.sp.gov.br\/sabores\/wp-content\/uploads\/sites\/12\/2025\/05\/IMG-20250526-WA0010-Carlos-Diniz-1.jpg 1280w\" sizes=\"auto, (max-width: 1267px) 100vw, 1267px\" \/><\/figure>\n\n\n\n<figure class=\"wp-block-image size-large\"><img loading=\"lazy\" decoding=\"async\" width=\"1267\" height=\"950\" data-id=\"339\" src=\"https:\/\/rotasturisticas.jundiai.sp.gov.br\/sabores\/wp-content\/uploads\/sites\/12\/2025\/05\/IMG-20250526-WA0011-Carlos-Diniz-1-1267x950.jpg\" alt=\"\" class=\"wp-image-339\" srcset=\"https:\/\/rotasturisticas.jundiai.sp.gov.br\/sabores\/wp-content\/uploads\/sites\/12\/2025\/05\/IMG-20250526-WA0011-Carlos-Diniz-1-1267x950.jpg 1267w, https:\/\/rotasturisticas.jundiai.sp.gov.br\/sabores\/wp-content\/uploads\/sites\/12\/2025\/05\/IMG-20250526-WA0011-Carlos-Diniz-1-300x225.jpg 300w, https:\/\/rotasturisticas.jundiai.sp.gov.br\/sabores\/wp-content\/uploads\/sites\/12\/2025\/05\/IMG-20250526-WA0011-Carlos-Diniz-1-768x576.jpg 768w, https:\/\/rotasturisticas.jundiai.sp.gov.br\/sabores\/wp-content\/uploads\/sites\/12\/2025\/05\/IMG-20250526-WA0011-Carlos-Diniz-1.jpg 1280w\" sizes=\"auto, (max-width: 1267px) 100vw, 1267px\" \/><\/figure>\n\n\n\n<figure class=\"wp-block-image size-large\"><img loading=\"lazy\" decoding=\"async\" width=\"1267\" height=\"950\" data-id=\"340\" src=\"https:\/\/rotasturisticas.jundiai.sp.gov.br\/sabores\/wp-content\/uploads\/sites\/12\/2025\/05\/IMG-20250526-WA0012-Carlos-Diniz-1-1267x950.jpg\" alt=\"\" class=\"wp-image-340\" srcset=\"https:\/\/rotasturisticas.jundiai.sp.gov.br\/sabores\/wp-content\/uploads\/sites\/12\/2025\/05\/IMG-20250526-WA0012-Carlos-Diniz-1-1267x950.jpg 1267w, https:\/\/rotasturisticas.jundiai.sp.gov.br\/sabores\/wp-content\/uploads\/sites\/12\/2025\/05\/IMG-20250526-WA0012-Carlos-Diniz-1-300x225.jpg 300w, https:\/\/rotasturisticas.jundiai.sp.gov.br\/sabores\/wp-content\/uploads\/sites\/12\/2025\/05\/IMG-20250526-WA0012-Carlos-Diniz-1-768x576.jpg 768w, https:\/\/rotasturisticas.jundiai.sp.gov.br\/sabores\/wp-content\/uploads\/sites\/12\/2025\/05\/IMG-20250526-WA0012-Carlos-Diniz-1.jpg 1280w\" sizes=\"auto, (max-width: 1267px) 100vw, 1267px\" \/><\/figure>\n\n\n\n<figure class=\"wp-block-image size-large\"><img loading=\"lazy\" decoding=\"async\" width=\"1267\" height=\"950\" data-id=\"341\" src=\"https:\/\/rotasturisticas.jundiai.sp.gov.br\/sabores\/wp-content\/uploads\/sites\/12\/2025\/05\/IMG-20250526-WA0013-Carlos-Diniz-1-1267x950.jpg\" alt=\"\" class=\"wp-image-341\" srcset=\"https:\/\/rotasturisticas.jundiai.sp.gov.br\/sabores\/wp-content\/uploads\/sites\/12\/2025\/05\/IMG-20250526-WA0013-Carlos-Diniz-1-1267x950.jpg 1267w, https:\/\/rotasturisticas.jundiai.sp.gov.br\/sabores\/wp-content\/uploads\/sites\/12\/2025\/05\/IMG-20250526-WA0013-Carlos-Diniz-1-300x225.jpg 300w, https:\/\/rotasturisticas.jundiai.sp.gov.br\/sabores\/wp-content\/uploads\/sites\/12\/2025\/05\/IMG-20250526-WA0013-Carlos-Diniz-1-768x576.jpg 768w, https:\/\/rotasturisticas.jundiai.sp.gov.br\/sabores\/wp-content\/uploads\/sites\/12\/2025\/05\/IMG-20250526-WA0013-Carlos-Diniz-1.jpg 1280w\" sizes=\"auto, (max-width: 1267px) 100vw, 1267px\" \/><\/figure>\n\n\n\n<figure class=\"wp-block-image size-large\"><img loading=\"lazy\" decoding=\"async\" width=\"1267\" height=\"950\" data-id=\"342\" src=\"https:\/\/rotasturisticas.jundiai.sp.gov.br\/sabores\/wp-content\/uploads\/sites\/12\/2025\/05\/IMG-20250526-WA0014-Carlos-Diniz-1-1267x950.jpg\" alt=\"\" class=\"wp-image-342\" srcset=\"https:\/\/rotasturisticas.jundiai.sp.gov.br\/sabores\/wp-content\/uploads\/sites\/12\/2025\/05\/IMG-20250526-WA0014-Carlos-Diniz-1-1267x950.jpg 1267w, https:\/\/rotasturisticas.jundiai.sp.gov.br\/sabores\/wp-content\/uploads\/sites\/12\/2025\/05\/IMG-20250526-WA0014-Carlos-Diniz-1-300x225.jpg 300w, https:\/\/rotasturisticas.jundiai.sp.gov.br\/sabores\/wp-content\/uploads\/sites\/12\/2025\/05\/IMG-20250526-WA0014-Carlos-Diniz-1-768x576.jpg 768w, https:\/\/rotasturisticas.jundiai.sp.gov.br\/sabores\/wp-content\/uploads\/sites\/12\/2025\/05\/IMG-20250526-WA0014-Carlos-Diniz-1.jpg 1280w\" sizes=\"auto, (max-width: 1267px) 100vw, 1267px\" \/><\/figure>\n\n\n\n<figure class=\"wp-block-image size-large\"><img loading=\"lazy\" decoding=\"async\" width=\"1267\" height=\"950\" data-id=\"343\" src=\"https:\/\/rotasturisticas.jundiai.sp.gov.br\/sabores\/wp-content\/uploads\/sites\/12\/2025\/05\/IMG-20250526-WA0015-Carlos-Diniz-1-1267x950.jpg\" alt=\"\" class=\"wp-image-343\" srcset=\"https:\/\/rotasturisticas.jundiai.sp.gov.br\/sabores\/wp-content\/uploads\/sites\/12\/2025\/05\/IMG-20250526-WA0015-Carlos-Diniz-1-1267x950.jpg 1267w, https:\/\/rotasturisticas.jundiai.sp.gov.br\/sabores\/wp-content\/uploads\/sites\/12\/2025\/05\/IMG-20250526-WA0015-Carlos-Diniz-1-300x225.jpg 300w, https:\/\/rotasturisticas.jundiai.sp.gov.br\/sabores\/wp-content\/uploads\/sites\/12\/2025\/05\/IMG-20250526-WA0015-Carlos-Diniz-1-768x576.jpg 768w, https:\/\/rotasturisticas.jundiai.sp.gov.br\/sabores\/wp-content\/uploads\/sites\/12\/2025\/05\/IMG-20250526-WA0015-Carlos-Diniz-1.jpg 1280w\" sizes=\"auto, (max-width: 1267px) 100vw, 1267px\" \/><\/figure>\n\n\n\n<figure class=\"wp-block-image size-large\"><img loading=\"lazy\" decoding=\"async\" width=\"713\" height=\"950\" data-id=\"344\" src=\"https:\/\/rotasturisticas.jundiai.sp.gov.br\/sabores\/wp-content\/uploads\/sites\/12\/2025\/05\/IMG-20250526-WA0016-Carlos-Diniz-1-713x950.jpg\" alt=\"\" class=\"wp-image-344\" srcset=\"https:\/\/rotasturisticas.jundiai.sp.gov.br\/sabores\/wp-content\/uploads\/sites\/12\/2025\/05\/IMG-20250526-WA0016-Carlos-Diniz-1-713x950.jpg 713w, https:\/\/rotasturisticas.jundiai.sp.gov.br\/sabores\/wp-content\/uploads\/sites\/12\/2025\/05\/IMG-20250526-WA0016-Carlos-Diniz-1-768x1024.jpg 768w, https:\/\/rotasturisticas.jundiai.sp.gov.br\/sabores\/wp-content\/uploads\/sites\/12\/2025\/05\/IMG-20250526-WA0016-Carlos-Diniz-1.jpg 960w\" sizes=\"auto, (max-width: 713px) 100vw, 713px\" \/><\/figure>\n\n\n\n<figure class=\"wp-block-image size-large\"><img loading=\"lazy\" decoding=\"async\" width=\"1267\" height=\"950\" data-id=\"345\" src=\"https:\/\/rotasturisticas.jundiai.sp.gov.br\/sabores\/wp-content\/uploads\/sites\/12\/2025\/05\/IMG-20250526-WA0017-Carlos-Diniz-1-1267x950.jpg\" alt=\"\" class=\"wp-image-345\" srcset=\"https:\/\/rotasturisticas.jundiai.sp.gov.br\/sabores\/wp-content\/uploads\/sites\/12\/2025\/05\/IMG-20250526-WA0017-Carlos-Diniz-1-1267x950.jpg 1267w, https:\/\/rotasturisticas.jundiai.sp.gov.br\/sabores\/wp-content\/uploads\/sites\/12\/2025\/05\/IMG-20250526-WA0017-Carlos-Diniz-1-300x225.jpg 300w, https:\/\/rotasturisticas.jundiai.sp.gov.br\/sabores\/wp-content\/uploads\/sites\/12\/2025\/05\/IMG-20250526-WA0017-Carlos-Diniz-1-768x576.jpg 768w, https:\/\/rotasturisticas.jundiai.sp.gov.br\/sabores\/wp-content\/uploads\/sites\/12\/2025\/05\/IMG-20250526-WA0017-Carlos-Diniz-1.jpg 1280w\" sizes=\"auto, (max-width: 1267px) 100vw, 1267px\" \/><\/figure>\n<\/figure>\n","protected":false},"excerpt":{"rendered":"<p>O P\u00e9 na Horta \u00e9 um s\u00edtio familiar localizado em Jundia\u00ed, onde a terra \u00e9 cultivada com respeito, dedica\u00e7\u00e3o e afeto.Mais do que produzir hortali\u00e7as frescas, nosso prop\u00f3sito \u00e9 resgatar a conex\u00e3o com o que \u00e9 simples, saud\u00e1vel e verdadeiro. Aqui, o tempo segue o ritmo da natureza. Cada folha, raiz ou fruto \u00e9 resultado [&hellip;]<\/p>\n","protected":false},"author":23,"featured_media":330,"parent":20,"menu_order":0,"comment_status":"closed","ping_status":"closed","template":"page-local.php","meta":{"footnotes":""},"class_list":["post-335","page","type-page","status-publish","has-post-thumbnail","hentry"],"_links":{"self":[{"href":"https:\/\/rotasturisticas.jundiai.sp.gov.br\/sabores\/wp-json\/wp\/v2\/pages\/335","targetHints":{"allow":["GET"]}}],"collection":[{"href":"https:\/\/rotasturisticas.jundiai.sp.gov.br\/sabores\/wp-json\/wp\/v2\/pages"}],"about":[{"href":"https:\/\/rotasturisticas.jundiai.sp.gov.br\/sabores\/wp-json\/wp\/v2\/types\/page"}],"author":[{"embeddable":true,"href":"https:\/\/rotasturisticas.jundiai.sp.gov.br\/sabores\/wp-json\/wp\/v2\/users\/23"}],"replies":[{"embeddable":true,"href":"https:\/\/rotasturisticas.jundiai.sp.gov.br\/sabores\/wp-json\/wp\/v2\/comments?post=335"}],"version-history":[{"count":1,"href":"https:\/\/rotasturisticas.jundiai.sp.gov.br\/sabores\/wp-json\/wp\/v2\/pages\/335\/revisions"}],"predecessor-version":[{"id":347,"href":"https:\/\/rotasturisticas.jundiai.sp.gov.br\/sabores\/wp-json\/wp\/v2\/pages\/335\/revisions\/347"}],"up":[{"embeddable":true,"href":"https:\/\/rotasturisticas.jundiai.sp.gov.br\/sabores\/wp-json\/wp\/v2\/pages\/20"}],"wp:featuredmedia":[{"embeddable":true,"href":"https:\/\/rotasturisticas.jundiai.sp.gov.br\/sabores\/wp-json\/wp\/v2\/media\/330"}],"wp:attachment":[{"href":"https:\/\/rotasturisticas.jundiai.sp.gov.br\/sabores\/wp-json\/wp\/v2\/media?parent=335"}],"curies":[{"name":"wp","href":"https:\/\/api.w.org\/{rel}","templated":true}]}}