{"id":254,"date":"2025-05-23T14:34:05","date_gmt":"2025-05-23T17:34:05","guid":{"rendered":"https:\/\/rotasturisticas.jundiai.sp.gov.br\/sabores\/?page_id=254"},"modified":"2025-05-28T11:00:02","modified_gmt":"2025-05-28T14:00:02","slug":"quinta-da-paz-br","status":"publish","type":"page","link":"https:\/\/rotasturisticas.jundiai.sp.gov.br\/sabores\/o-que-visitar\/quinta-da-paz-br\/","title":{"rendered":"Quinta da Paz BR"},"content":{"rendered":"\n<p>A Quinta da Paz BR \u00e9 um s\u00edtio rural com adequa\u00e7\u00f5es para receber grupos de pessoas que por agendamento pr\u00e9vio queiram usufruir dos espa\u00e7os e suas infraestrutura para diferentes programas de conviv\u00eancia.<br>Treinamentos, palestras, reuni\u00f5es corporativas e institucionais, conv\u00edvios familiares, \u201cday-camps\u201d, gincanas, trilha, acampamentos, caf\u00e9s-da-manh\u00e3, refei\u00e7\u00f5es e at\u00e9 mesmo cerim\u00f4nias Crist\u00e3s conservadoras est\u00e3o entre as atividades poss\u00edveis de avalia\u00e7\u00e3o para o pr\u00e9vio agendamento.<br>Por outro lado, atendendo a atividade agr\u00edcola que t\u00eam desde sempre a QPBR produz uma variedade de frutos vermelhos em cultivo protegido, tais como morangos, amoras, framboesas, mirtilos, hibiscos, jabuticabas e tamb\u00e9m produz uma variedade de produtos hortifruti sendo que com estes ingredientes produzimos geleias e conservas a moda artesanal incluindo o uso de fog\u00e3o a lenha.<br>Assim sendo, tamb\u00e9m \u00e9 poss\u00edvel agendar sess\u00f5es de colhe-pague e de aquisi\u00e7\u00e3o dos produtos artesanais Da Quinta.<br>Entre em contato e juntos vamos configurar como melhor atender a sua vontade ou necessidade.<\/p>\n\n\n\n<figure class=\"wp-block-gallery has-nested-images columns-default is-cropped wp-block-gallery-1 is-layout-flex wp-block-gallery-is-layout-flex\">\n<figure class=\"wp-block-image size-large\"><img loading=\"lazy\" decoding=\"async\" width=\"1280\" height=\"592\" data-id=\"259\" src=\"https:\/\/rotasturisticas.jundiai.sp.gov.br\/sabores\/wp-content\/uploads\/sites\/12\/2025\/05\/20230225_080626-W-G-De-Campos-1.jpg\" alt=\"\" class=\"wp-image-259\" srcset=\"https:\/\/rotasturisticas.jundiai.sp.gov.br\/sabores\/wp-content\/uploads\/sites\/12\/2025\/05\/20230225_080626-W-G-De-Campos-1.jpg 1280w, https:\/\/rotasturisticas.jundiai.sp.gov.br\/sabores\/wp-content\/uploads\/sites\/12\/2025\/05\/20230225_080626-W-G-De-Campos-1-768x355.jpg 768w\" sizes=\"auto, (max-width: 1280px) 100vw, 1280px\" \/><\/figure>\n\n\n\n<figure class=\"wp-block-image size-large\"><img loading=\"lazy\" decoding=\"async\" width=\"1280\" height=\"592\" data-id=\"258\" src=\"https:\/\/rotasturisticas.jundiai.sp.gov.br\/sabores\/wp-content\/uploads\/sites\/12\/2025\/05\/20230403_172848-W-G-De-Campos-1.jpg\" alt=\"\" class=\"wp-image-258\" srcset=\"https:\/\/rotasturisticas.jundiai.sp.gov.br\/sabores\/wp-content\/uploads\/sites\/12\/2025\/05\/20230403_172848-W-G-De-Campos-1.jpg 1280w, https:\/\/rotasturisticas.jundiai.sp.gov.br\/sabores\/wp-content\/uploads\/sites\/12\/2025\/05\/20230403_172848-W-G-De-Campos-1-768x355.jpg 768w\" sizes=\"auto, (max-width: 1280px) 100vw, 1280px\" \/><\/figure>\n\n\n\n<figure class=\"wp-block-image size-large\"><img loading=\"lazy\" decoding=\"async\" width=\"1280\" height=\"592\" data-id=\"263\" src=\"https:\/\/rotasturisticas.jundiai.sp.gov.br\/sabores\/wp-content\/uploads\/sites\/12\/2025\/05\/20231115_141742-W-G-De-Campos-1.jpg\" alt=\"\" class=\"wp-image-263\" srcset=\"https:\/\/rotasturisticas.jundiai.sp.gov.br\/sabores\/wp-content\/uploads\/sites\/12\/2025\/05\/20231115_141742-W-G-De-Campos-1.jpg 1280w, https:\/\/rotasturisticas.jundiai.sp.gov.br\/sabores\/wp-content\/uploads\/sites\/12\/2025\/05\/20231115_141742-W-G-De-Campos-1-768x355.jpg 768w\" sizes=\"auto, (max-width: 1280px) 100vw, 1280px\" \/><\/figure>\n\n\n\n<figure class=\"wp-block-image size-large\"><img loading=\"lazy\" decoding=\"async\" width=\"1280\" height=\"592\" data-id=\"261\" src=\"https:\/\/rotasturisticas.jundiai.sp.gov.br\/sabores\/wp-content\/uploads\/sites\/12\/2025\/05\/20240305_103451-W-G-De-Campos-1.jpg\" alt=\"\" class=\"wp-image-261\" srcset=\"https:\/\/rotasturisticas.jundiai.sp.gov.br\/sabores\/wp-content\/uploads\/sites\/12\/2025\/05\/20240305_103451-W-G-De-Campos-1.jpg 1280w, https:\/\/rotasturisticas.jundiai.sp.gov.br\/sabores\/wp-content\/uploads\/sites\/12\/2025\/05\/20240305_103451-W-G-De-Campos-1-768x355.jpg 768w\" sizes=\"auto, (max-width: 1280px) 100vw, 1280px\" \/><\/figure>\n\n\n\n<figure class=\"wp-block-image size-large\"><img loading=\"lazy\" decoding=\"async\" width=\"1280\" height=\"592\" data-id=\"262\" src=\"https:\/\/rotasturisticas.jundiai.sp.gov.br\/sabores\/wp-content\/uploads\/sites\/12\/2025\/05\/20240314_175907-W-G-De-Campos-1.jpg\" alt=\"\" class=\"wp-image-262\" srcset=\"https:\/\/rotasturisticas.jundiai.sp.gov.br\/sabores\/wp-content\/uploads\/sites\/12\/2025\/05\/20240314_175907-W-G-De-Campos-1.jpg 1280w, https:\/\/rotasturisticas.jundiai.sp.gov.br\/sabores\/wp-content\/uploads\/sites\/12\/2025\/05\/20240314_175907-W-G-De-Campos-1-768x355.jpg 768w\" sizes=\"auto, (max-width: 1280px) 100vw, 1280px\" \/><\/figure>\n\n\n\n<figure class=\"wp-block-image size-large\"><img loading=\"lazy\" decoding=\"async\" width=\"1280\" height=\"592\" data-id=\"260\" src=\"https:\/\/rotasturisticas.jundiai.sp.gov.br\/sabores\/wp-content\/uploads\/sites\/12\/2025\/05\/20240320_083355-W-G-De-Campos-1.jpg\" alt=\"\" class=\"wp-image-260\" srcset=\"https:\/\/rotasturisticas.jundiai.sp.gov.br\/sabores\/wp-content\/uploads\/sites\/12\/2025\/05\/20240320_083355-W-G-De-Campos-1.jpg 1280w, https:\/\/rotasturisticas.jundiai.sp.gov.br\/sabores\/wp-content\/uploads\/sites\/12\/2025\/05\/20240320_083355-W-G-De-Campos-1-768x355.jpg 768w\" sizes=\"auto, (max-width: 1280px) 100vw, 1280px\" \/><\/figure>\n\n\n\n<figure class=\"wp-block-image size-large\"><img loading=\"lazy\" decoding=\"async\" width=\"841\" height=\"950\" data-id=\"257\" src=\"https:\/\/rotasturisticas.jundiai.sp.gov.br\/sabores\/wp-content\/uploads\/sites\/12\/2025\/05\/fotopromocional-W-G-De-Campos-1-841x950.jpg\" alt=\"\" class=\"wp-image-257\" srcset=\"https:\/\/rotasturisticas.jundiai.sp.gov.br\/sabores\/wp-content\/uploads\/sites\/12\/2025\/05\/fotopromocional-W-G-De-Campos-1-841x950.jpg 841w, https:\/\/rotasturisticas.jundiai.sp.gov.br\/sabores\/wp-content\/uploads\/sites\/12\/2025\/05\/fotopromocional-W-G-De-Campos-1-768x868.jpg 768w, https:\/\/rotasturisticas.jundiai.sp.gov.br\/sabores\/wp-content\/uploads\/sites\/12\/2025\/05\/fotopromocional-W-G-De-Campos-1.jpg 1126w\" sizes=\"auto, (max-width: 841px) 100vw, 841px\" \/><figcaption class=\"wp-element-caption\">banner feira do giordano 10 08 2024<\/figcaption><\/figure>\n\n\n\n<figure class=\"wp-block-image size-large\"><img loading=\"lazy\" decoding=\"async\" width=\"935\" height=\"950\" data-id=\"255\" src=\"https:\/\/rotasturisticas.jundiai.sp.gov.br\/sabores\/wp-content\/uploads\/sites\/12\/2025\/05\/logotipo-W-G-De-Campos-1-935x950.jpeg\" alt=\"\" class=\"wp-image-255\" srcset=\"https:\/\/rotasturisticas.jundiai.sp.gov.br\/sabores\/wp-content\/uploads\/sites\/12\/2025\/05\/logotipo-W-G-De-Campos-1-935x950.jpeg 935w, https:\/\/rotasturisticas.jundiai.sp.gov.br\/sabores\/wp-content\/uploads\/sites\/12\/2025\/05\/logotipo-W-G-De-Campos-1-768x781.jpeg 768w, https:\/\/rotasturisticas.jundiai.sp.gov.br\/sabores\/wp-content\/uploads\/sites\/12\/2025\/05\/logotipo-W-G-De-Campos-1.jpeg 1280w\" sizes=\"auto, (max-width: 935px) 100vw, 935px\" \/><\/figure>\n\n\n\n<figure class=\"wp-block-image size-large\"><img loading=\"lazy\" decoding=\"async\" width=\"1280\" height=\"720\" data-id=\"256\" src=\"https:\/\/rotasturisticas.jundiai.sp.gov.br\/sabores\/wp-content\/uploads\/sites\/12\/2025\/05\/plateiaaoarlivre-W-G-De-Campos-1.jpeg\" alt=\"\" class=\"wp-image-256\" srcset=\"https:\/\/rotasturisticas.jundiai.sp.gov.br\/sabores\/wp-content\/uploads\/sites\/12\/2025\/05\/plateiaaoarlivre-W-G-De-Campos-1.jpeg 1280w, https:\/\/rotasturisticas.jundiai.sp.gov.br\/sabores\/wp-content\/uploads\/sites\/12\/2025\/05\/plateiaaoarlivre-W-G-De-Campos-1-768x432.jpeg 768w\" sizes=\"auto, (max-width: 1280px) 100vw, 1280px\" \/><\/figure>\n<\/figure>\n","protected":false},"excerpt":{"rendered":"<p>A Quinta da Paz BR \u00e9 um s\u00edtio rural com adequa\u00e7\u00f5es para receber grupos de pessoas que por agendamento pr\u00e9vio queiram usufruir dos espa\u00e7os e suas infraestrutura para diferentes programas de conviv\u00eancia.Treinamentos, palestras, reuni\u00f5es corporativas e institucionais, conv\u00edvios familiares, \u201cday-camps\u201d, gincanas, trilha, acampamentos, caf\u00e9s-da-manh\u00e3, refei\u00e7\u00f5es e at\u00e9 mesmo cerim\u00f4nias Crist\u00e3s conservadoras est\u00e3o entre as atividades [&hellip;]<\/p>\n","protected":false},"author":23,"featured_media":0,"parent":10,"menu_order":0,"comment_status":"closed","ping_status":"closed","template":"page-local.php","meta":{"footnotes":""},"class_list":["post-254","page","type-page","status-publish","hentry"],"_links":{"self":[{"href":"https:\/\/rotasturisticas.jundiai.sp.gov.br\/sabores\/wp-json\/wp\/v2\/pages\/254","targetHints":{"allow":["GET"]}}],"collection":[{"href":"https:\/\/rotasturisticas.jundiai.sp.gov.br\/sabores\/wp-json\/wp\/v2\/pages"}],"about":[{"href":"https:\/\/rotasturisticas.jundiai.sp.gov.br\/sabores\/wp-json\/wp\/v2\/types\/page"}],"author":[{"embeddable":true,"href":"https:\/\/rotasturisticas.jundiai.sp.gov.br\/sabores\/wp-json\/wp\/v2\/users\/23"}],"replies":[{"embeddable":true,"href":"https:\/\/rotasturisticas.jundiai.sp.gov.br\/sabores\/wp-json\/wp\/v2\/comments?post=254"}],"version-history":[{"count":1,"href":"https:\/\/rotasturisticas.jundiai.sp.gov.br\/sabores\/wp-json\/wp\/v2\/pages\/254\/revisions"}],"predecessor-version":[{"id":264,"href":"https:\/\/rotasturisticas.jundiai.sp.gov.br\/sabores\/wp-json\/wp\/v2\/pages\/254\/revisions\/264"}],"up":[{"embeddable":true,"href":"https:\/\/rotasturisticas.jundiai.sp.gov.br\/sabores\/wp-json\/wp\/v2\/pages\/10"}],"wp:attachment":[{"href":"https:\/\/rotasturisticas.jundiai.sp.gov.br\/sabores\/wp-json\/wp\/v2\/media?parent=254"}],"curies":[{"name":"wp","href":"https:\/\/api.w.org\/{rel}","templated":true}]}}