{"id":246,"date":"2025-05-23T14:21:09","date_gmt":"2025-05-23T17:21:09","guid":{"rendered":"https:\/\/rotasturisticas.jundiai.sp.gov.br\/sabores\/?page_id=246"},"modified":"2025-06-03T11:01:37","modified_gmt":"2025-06-03T14:01:37","slug":"vinicola-oliveira","status":"publish","type":"page","link":"https:\/\/rotasturisticas.jundiai.sp.gov.br\/sabores\/o-que-visitar\/vinicola-oliveira\/","title":{"rendered":"Vin\u00edcola Oliveira"},"content":{"rendered":"\n<p>Nossa hist\u00f3ria come\u00e7a quando o Sr Joaquim Augusto de Oliveira chega em Jundia\u00ed e compra uma propriedade rural em 1922. Localizada no bairro Champirra; endere\u00e7o onde estamos at\u00e9 hoje com nossa fam\u00edlia. \u00c9 um orgulho imensur\u00e1vel, em dizer que somos centen\u00e1rios no bairro. Come\u00e7amos como a grande maioria dos imigrantes com a planta\u00e7\u00e3o de caf\u00e9 e em meados da d\u00e9cada de 40, passamos a produzir uva Ni\u00e1gara rosada. A qual, temos sua produ\u00e7\u00e3o at\u00e9 os dias atuais.<br>Em 1984, um menino de 12 anos, ent\u00e3o herdeiro da fam\u00edlia, resolve aprender a fazer vinho, com a ajuda de um tio materno. Era um sonho dessa crian\u00e7a. A partir da\u00ed, iniciou-se uma jornada de conhecimento, aprimoramento, crescimento e muito amor e dedica\u00e7\u00e3o.<br>Em 2007, o que era um hobby, ganha maior destaque e passa a ser neg\u00f3cio. Nasce a Vin\u00edcola Oliveira, atrav\u00e9s das m\u00e3os que cresceram e tornaram o jovem produtor de vinhos Ivan Lucio de Oliveira.<br>Hoje, temos toda a nossa fam\u00edlia que se formou nesses \u00faltimos 18 anos, colaborando para que o amor e a dedica\u00e7\u00e3o sejam parte de cada vinho engarrafado.<br>Te convido \u00e0 vir conhecer e desfrutar das experi\u00eancias da Vin\u00edcola Oliveira.<\/p>\n\n\n\n<figure class=\"wp-block-gallery has-nested-images columns-default is-cropped wp-block-gallery-1 is-layout-flex wp-block-gallery-is-layout-flex\">\n<figure class=\"wp-block-image size-large\"><img loading=\"lazy\" decoding=\"async\" width=\"1280\" height=\"853\" data-id=\"248\" src=\"https:\/\/rotasturisticas.jundiai.sp.gov.br\/sabores\/wp-content\/uploads\/sites\/12\/2025\/05\/0103_Adega-Oliveira-Mirian-dos-Santos-Oliveira-2.jpg\" alt=\"\" class=\"wp-image-248\" srcset=\"https:\/\/rotasturisticas.jundiai.sp.gov.br\/sabores\/wp-content\/uploads\/sites\/12\/2025\/05\/0103_Adega-Oliveira-Mirian-dos-Santos-Oliveira-2.jpg 1280w, https:\/\/rotasturisticas.jundiai.sp.gov.br\/sabores\/wp-content\/uploads\/sites\/12\/2025\/05\/0103_Adega-Oliveira-Mirian-dos-Santos-Oliveira-2-768x512.jpg 768w\" sizes=\"auto, (max-width: 1280px) 100vw, 1280px\" \/><\/figure>\n\n\n\n<figure class=\"wp-block-image size-large\"><img loading=\"lazy\" decoding=\"async\" width=\"1280\" height=\"853\" data-id=\"250\" src=\"https:\/\/rotasturisticas.jundiai.sp.gov.br\/sabores\/wp-content\/uploads\/sites\/12\/2025\/05\/0119_Adega-Oliveira-Mirian-dos-Santos-Oliveira-3.jpg\" alt=\"\" class=\"wp-image-250\" srcset=\"https:\/\/rotasturisticas.jundiai.sp.gov.br\/sabores\/wp-content\/uploads\/sites\/12\/2025\/05\/0119_Adega-Oliveira-Mirian-dos-Santos-Oliveira-3.jpg 1280w, https:\/\/rotasturisticas.jundiai.sp.gov.br\/sabores\/wp-content\/uploads\/sites\/12\/2025\/05\/0119_Adega-Oliveira-Mirian-dos-Santos-Oliveira-3-768x512.jpg 768w\" sizes=\"auto, (max-width: 1280px) 100vw, 1280px\" \/><\/figure>\n\n\n\n<figure class=\"wp-block-image size-large\"><img loading=\"lazy\" decoding=\"async\" width=\"428\" height=\"950\" data-id=\"251\" src=\"https:\/\/rotasturisticas.jundiai.sp.gov.br\/sabores\/wp-content\/uploads\/sites\/12\/2025\/05\/20240615_134615-Mirian-dos-Santos-Oliveira-2-428x950.jpg\" alt=\"\" class=\"wp-image-251\" srcset=\"https:\/\/rotasturisticas.jundiai.sp.gov.br\/sabores\/wp-content\/uploads\/sites\/12\/2025\/05\/20240615_134615-Mirian-dos-Santos-Oliveira-2-428x950.jpg 428w, https:\/\/rotasturisticas.jundiai.sp.gov.br\/sabores\/wp-content\/uploads\/sites\/12\/2025\/05\/20240615_134615-Mirian-dos-Santos-Oliveira-2-768x1705.jpg 768w, https:\/\/rotasturisticas.jundiai.sp.gov.br\/sabores\/wp-content\/uploads\/sites\/12\/2025\/05\/20240615_134615-Mirian-dos-Santos-Oliveira-2-692x1536.jpg 692w, https:\/\/rotasturisticas.jundiai.sp.gov.br\/sabores\/wp-content\/uploads\/sites\/12\/2025\/05\/20240615_134615-Mirian-dos-Santos-Oliveira-2-922x2048.jpg 922w, https:\/\/rotasturisticas.jundiai.sp.gov.br\/sabores\/wp-content\/uploads\/sites\/12\/2025\/05\/20240615_134615-Mirian-dos-Santos-Oliveira-2-scaled.jpg 1153w\" sizes=\"auto, (max-width: 428px) 100vw, 428px\" \/><\/figure>\n\n\n\n<figure class=\"wp-block-image size-large\"><img loading=\"lazy\" decoding=\"async\" width=\"428\" height=\"950\" data-id=\"252\" src=\"https:\/\/rotasturisticas.jundiai.sp.gov.br\/sabores\/wp-content\/uploads\/sites\/12\/2025\/05\/20240615_150924-Mirian-dos-Santos-Oliveira-2-428x950.jpg\" alt=\"\" class=\"wp-image-252\" srcset=\"https:\/\/rotasturisticas.jundiai.sp.gov.br\/sabores\/wp-content\/uploads\/sites\/12\/2025\/05\/20240615_150924-Mirian-dos-Santos-Oliveira-2-428x950.jpg 428w, https:\/\/rotasturisticas.jundiai.sp.gov.br\/sabores\/wp-content\/uploads\/sites\/12\/2025\/05\/20240615_150924-Mirian-dos-Santos-Oliveira-2-768x1705.jpg 768w, https:\/\/rotasturisticas.jundiai.sp.gov.br\/sabores\/wp-content\/uploads\/sites\/12\/2025\/05\/20240615_150924-Mirian-dos-Santos-Oliveira-2-692x1536.jpg 692w, https:\/\/rotasturisticas.jundiai.sp.gov.br\/sabores\/wp-content\/uploads\/sites\/12\/2025\/05\/20240615_150924-Mirian-dos-Santos-Oliveira-2-922x2048.jpg 922w, https:\/\/rotasturisticas.jundiai.sp.gov.br\/sabores\/wp-content\/uploads\/sites\/12\/2025\/05\/20240615_150924-Mirian-dos-Santos-Oliveira-2-scaled.jpg 1153w\" sizes=\"auto, (max-width: 428px) 100vw, 428px\" \/><\/figure>\n\n\n\n<figure class=\"wp-block-image size-large\"><img loading=\"lazy\" decoding=\"async\" width=\"534\" height=\"950\" data-id=\"247\" src=\"https:\/\/rotasturisticas.jundiai.sp.gov.br\/sabores\/wp-content\/uploads\/sites\/12\/2025\/05\/IMG_20240908_100251_272-Mirian-dos-Santos-Oliveira-2-534x950.png\" alt=\"\" class=\"wp-image-247\" srcset=\"https:\/\/rotasturisticas.jundiai.sp.gov.br\/sabores\/wp-content\/uploads\/sites\/12\/2025\/05\/IMG_20240908_100251_272-Mirian-dos-Santos-Oliveira-2-534x950.png 534w, https:\/\/rotasturisticas.jundiai.sp.gov.br\/sabores\/wp-content\/uploads\/sites\/12\/2025\/05\/IMG_20240908_100251_272-Mirian-dos-Santos-Oliveira-2-768x1365.png 768w, https:\/\/rotasturisticas.jundiai.sp.gov.br\/sabores\/wp-content\/uploads\/sites\/12\/2025\/05\/IMG_20240908_100251_272-Mirian-dos-Santos-Oliveira-2-864x1536.png 864w, https:\/\/rotasturisticas.jundiai.sp.gov.br\/sabores\/wp-content\/uploads\/sites\/12\/2025\/05\/IMG_20240908_100251_272-Mirian-dos-Santos-Oliveira-2.png 1080w\" sizes=\"auto, (max-width: 534px) 100vw, 534px\" \/><\/figure>\n\n\n\n<figure class=\"wp-block-image size-large\"><img loading=\"lazy\" decoding=\"async\" width=\"534\" height=\"950\" data-id=\"249\" src=\"https:\/\/rotasturisticas.jundiai.sp.gov.br\/sabores\/wp-content\/uploads\/sites\/12\/2025\/05\/IMG_20240908_102116_971-Mirian-dos-Santos-Oliveira-534x950.png\" alt=\"\" class=\"wp-image-249\" srcset=\"https:\/\/rotasturisticas.jundiai.sp.gov.br\/sabores\/wp-content\/uploads\/sites\/12\/2025\/05\/IMG_20240908_102116_971-Mirian-dos-Santos-Oliveira-534x950.png 534w, https:\/\/rotasturisticas.jundiai.sp.gov.br\/sabores\/wp-content\/uploads\/sites\/12\/2025\/05\/IMG_20240908_102116_971-Mirian-dos-Santos-Oliveira-768x1365.png 768w, https:\/\/rotasturisticas.jundiai.sp.gov.br\/sabores\/wp-content\/uploads\/sites\/12\/2025\/05\/IMG_20240908_102116_971-Mirian-dos-Santos-Oliveira-864x1536.png 864w, https:\/\/rotasturisticas.jundiai.sp.gov.br\/sabores\/wp-content\/uploads\/sites\/12\/2025\/05\/IMG_20240908_102116_971-Mirian-dos-Santos-Oliveira.png 1080w\" sizes=\"auto, (max-width: 534px) 100vw, 534px\" \/><\/figure>\n<\/figure>\n","protected":false},"excerpt":{"rendered":"<p>Nossa hist\u00f3ria come\u00e7a quando o Sr Joaquim Augusto de Oliveira chega em Jundia\u00ed e compra uma propriedade rural em 1922. Localizada no bairro Champirra; endere\u00e7o onde estamos at\u00e9 hoje com nossa fam\u00edlia. \u00c9 um orgulho imensur\u00e1vel, em dizer que somos centen\u00e1rios no bairro. Come\u00e7amos como a grande maioria dos imigrantes com a planta\u00e7\u00e3o de caf\u00e9 [&hellip;]<\/p>\n","protected":false},"author":23,"featured_media":111,"parent":10,"menu_order":0,"comment_status":"closed","ping_status":"closed","template":"page-local.php","meta":{"footnotes":""},"class_list":["post-246","page","type-page","status-publish","has-post-thumbnail","hentry"],"_links":{"self":[{"href":"https:\/\/rotasturisticas.jundiai.sp.gov.br\/sabores\/wp-json\/wp\/v2\/pages\/246","targetHints":{"allow":["GET"]}}],"collection":[{"href":"https:\/\/rotasturisticas.jundiai.sp.gov.br\/sabores\/wp-json\/wp\/v2\/pages"}],"about":[{"href":"https:\/\/rotasturisticas.jundiai.sp.gov.br\/sabores\/wp-json\/wp\/v2\/types\/page"}],"author":[{"embeddable":true,"href":"https:\/\/rotasturisticas.jundiai.sp.gov.br\/sabores\/wp-json\/wp\/v2\/users\/23"}],"replies":[{"embeddable":true,"href":"https:\/\/rotasturisticas.jundiai.sp.gov.br\/sabores\/wp-json\/wp\/v2\/comments?post=246"}],"version-history":[{"count":1,"href":"https:\/\/rotasturisticas.jundiai.sp.gov.br\/sabores\/wp-json\/wp\/v2\/pages\/246\/revisions"}],"predecessor-version":[{"id":253,"href":"https:\/\/rotasturisticas.jundiai.sp.gov.br\/sabores\/wp-json\/wp\/v2\/pages\/246\/revisions\/253"}],"up":[{"embeddable":true,"href":"https:\/\/rotasturisticas.jundiai.sp.gov.br\/sabores\/wp-json\/wp\/v2\/pages\/10"}],"wp:featuredmedia":[{"embeddable":true,"href":"https:\/\/rotasturisticas.jundiai.sp.gov.br\/sabores\/wp-json\/wp\/v2\/media\/111"}],"wp:attachment":[{"href":"https:\/\/rotasturisticas.jundiai.sp.gov.br\/sabores\/wp-json\/wp\/v2\/media?parent=246"}],"curies":[{"name":"wp","href":"https:\/\/api.w.org\/{rel}","templated":true}]}}